{"id":10188,"date":"2025-09-29T14:58:29","date_gmt":"2025-09-29T14:58:29","guid":{"rendered":"https:\/\/dersuessestopp.com\/?post_type=product&#038;p=10188"},"modified":"2025-10-09T00:49:50","modified_gmt":"2025-10-09T00:49:50","slug":"prigrizek-3200-tn-z-alzatino","status":"publish","type":"product","link":"https:\/\/dersuessestopp.com\/sl\/product\/snack-3200-tn-con-alzatina\/","title":{"rendered":"PRIGRIZEK 3200 TNF S SPLASHBACK"},"content":{"rendered":"<p><img decoding=\"async\" src=\"https:\/\/customer.klimaitalia.it\/api\/file\/image\/6887\" \/><\/p>\n<p>&nbsp;<\/p>\n<h2>Opis izdelka<\/h2>\n<p data-start=\"241\" data-end=\"841\">Spletna stran <strong data-start=\"245\" data-end=\"263\">SNACK 3200 TNF<\/strong> je profesionalni <strong data-start=\"282\" data-end=\"328\">trivratni prezra\u010devani hladilni pult<\/strong> s spletno stranjo . <strong data-start=\"334\" data-end=\"353\">zadnja stranska stranica<\/strong>, zasnovan za restavracije, bare in gostinske kuhinje. V celoti izdelan iz <strong data-start=\"430\" data-end=\"458\">AISI 304 nerjave\u010de jeklo<\/strong>, zagotavlja izjemno vzdr\u017eljivost, higieno in enostavno \u010di\u0161\u010denje. Deluje v okviru <strong data-start=\"544\" data-end=\"581\">temperaturno obmo\u010dje od -2 \u00b0C do +8 \u00b0C<\/strong>, ta model zagotavlja zanesljivo hlajenje sve\u017eih sestavin, pija\u010d in \u017eivil, pripravljenih za serviranje. Odlikuje ga <strong data-start=\"695\" data-end=\"720\">elektronski termostat<\/strong>, <strong data-start=\"722\" data-end=\"744\">vrata z mehkim zapiranjem<\/strong>, in <strong data-start=\"750\" data-end=\"780\">samodejno elektri\u010dno odmrzovanje<\/strong> za dosledno delovanje in energetsko u\u010dinkovito delovanje.<\/p>\n<p data-start=\"843\" data-end=\"862\"><strong data-start=\"843\" data-end=\"860\">Klju\u010dne lastnosti:<\/strong><\/p>\n<ul data-start=\"863\" data-end=\"1262\">\n<li data-start=\"863\" data-end=\"902\">\n<p data-start=\"865\" data-end=\"902\"><strong data-start=\"865\" data-end=\"887\">Temperaturno obmo\u010dje:<\/strong> -2 \u00b0C do +8 \u00b0C<\/p>\n<\/li>\n<li data-start=\"903\" data-end=\"957\">\n<p data-start=\"905\" data-end=\"957\"><strong data-start=\"905\" data-end=\"933\">AISI 304 nerjave\u010de jeklo<\/strong> notranjost in zunanjost<\/p>\n<\/li>\n<li data-start=\"958\" data-end=\"1015\">\n<p data-start=\"960\" data-end=\"1015\"><strong data-start=\"960\" data-end=\"989\">Prezra\u010devani hladilni sistem<\/strong> za enakomerno temperaturo<\/p>\n<\/li>\n<li data-start=\"1016\" data-end=\"1056\">\n<p data-start=\"1018\" data-end=\"1056\"><strong data-start=\"1018\" data-end=\"1054\">Vrata z mehkim zapiranjem in samozapiranjem<\/strong><\/p>\n<\/li>\n<li data-start=\"1057\" data-end=\"1095\">\n<p data-start=\"1059\" data-end=\"1095\"><strong data-start=\"1059\" data-end=\"1086\">Vi\u0161ina zadnjega splashbacka:<\/strong> 100 mm<\/p>\n<\/li>\n<li data-start=\"1096\" data-end=\"1130\">\n<p data-start=\"1098\" data-end=\"1130\"><strong data-start=\"1098\" data-end=\"1128\">Samodejno elektri\u010dno odmrzovanje<\/strong><\/p>\n<\/li>\n<li data-start=\"1131\" data-end=\"1181\">\n<p data-start=\"1133\" data-end=\"1181\"><strong data-start=\"1133\" data-end=\"1161\">Izbirni Smart Link WiFi<\/strong> daljinsko spremljanje<\/p>\n<\/li>\n<li data-start=\"1182\" data-end=\"1222\">\n<p data-start=\"1184\" data-end=\"1222\"><strong data-start=\"1184\" data-end=\"1207\">Poraba energije:<\/strong> 1,93 kWh\/24h<\/p>\n<\/li>\n<li data-start=\"1223\" data-end=\"1262\">\n<p data-start=\"1225\" data-end=\"1262\"><strong data-start=\"1225\" data-end=\"1240\">Dimenzije:<\/strong> 1795 \u00d7 600 \u00d7 960 mm<\/p>\n<\/li>\n<\/ul>\n<h2>Tehni\u010dne specifikacije<\/h2>\n<table>\n<tbody>\n<tr>\n<td>Dimensioni mm \/ Dimenzije mm<\/td>\n<td>SNACK 3200 TNF<\/td>\n<td>SNACK 3200 BTF<\/td>\n<\/tr>\n<tr>\n<td>Zunanje mere (\u0160xVxV)<\/td>\n<td>1795 x 600 x 960*<\/td>\n<td>1795 x 600 x 960*<\/td>\n<\/tr>\n<tr>\n<td>Dimenzije embala\u017ee (\u0160xVxV)<\/td>\n<td>1825 x 630 x 1010<\/td>\n<td>1825 x 630 x 1010<\/td>\n<\/tr>\n<tr>\n<td>\u0160irina<\/td>\n<td>1234<\/td>\n<td>1234<\/td>\n<\/tr>\n<tr>\n<td>Globina<\/td>\n<td>480<\/td>\n<td>480<\/td>\n<\/tr>\n<tr>\n<td>Vi\u0161ina<\/td>\n<td>560<\/td>\n<td>560<\/td>\n<\/tr>\n<tr>\n<td colspan=\"3\">Skupna vi\u0161ina enot vklju\u010duje noge, ki so prilagojene na najni\u017eji ravni vi\u0161ine.<\/td>\n<\/tr>\n<\/tbody>\n<\/table>\n<p>&nbsp;<\/p>\n<table>\n<tbody>\n<tr>\n<td>Caratteristiche Tecniche \/ Tehni\u010dne lastnosti<\/td>\n<td>SNACK 3200 TNF<\/td>\n<td>SNACK 3200 BTF<\/td>\n<\/tr>\n<tr>\n<td>Temperaturno obmo\u010dje<\/td>\n<td>-2 \u00b0C \/ +8 \u00b0C<\/td>\n<td>-22 \u00b0C \/ -18 \u00b0C<\/td>\n<\/tr>\n<tr>\n<td>Podnebni razred<\/td>\n<td>5<\/td>\n<td>4<\/td>\n<\/tr>\n<tr>\n<td>Neto bruto obseg<\/td>\n<td>Poro\u010dnik 231 \/ 386<\/td>\n<td>Poro\u010dnik 231 \/ 386<\/td>\n<\/tr>\n<tr>\n<td>Telo<\/td>\n<td>AISI 304 Nerjave\u010de jeklo<\/td>\n<td>AISI 304 Nerjave\u010de jeklo<\/td>\n<\/tr>\n<tr>\n<td>Notranji vlo\u017eek<\/td>\n<td>AISI 304 Nerjave\u010de jeklo<\/td>\n<td>AISI 304 Nerjave\u010de jeklo<\/td>\n<\/tr>\n<tr>\n<td>Termostat<\/td>\n<td>Elektronska stran<\/td>\n<td>Elektronska stran<\/td>\n<\/tr>\n<tr>\n<td>Raven hrupa<\/td>\n<td>dB 42<\/td>\n<td>dB 42<\/td>\n<\/tr>\n<tr>\n<td>Daljinski upravljalnik<\/td>\n<td>Izbirno<\/td>\n<td>Izbirno<\/td>\n<\/tr>\n<tr>\n<td>Debelina izolacije<\/td>\n<td>mm 60<\/td>\n<td>mm 60<\/td>\n<\/tr>\n<tr>\n<td>Odmrzovanje<\/td>\n<td>Samodejno z elektri\u010dnim grelnikom<\/td>\n<td>Samodejno z elektri\u010dnim grelnikom<\/td>\n<\/tr>\n<tr>\n<td>Police (WxD)<\/td>\n<td>\u0161t. 3 - mm 335 x 430 + \u0161t. 3 - mm 390 x 405<\/td>\n<td>\u0161t. 3 - mm 335 x 430 + \u0161t. 3 - mm 390 x 405<\/td>\n<\/tr>\n<tr>\n<td>Samodejno zapiranje vrat<\/td>\n<td>Mehko zapiranje<\/td>\n<td>Mehko zapiranje<\/td>\n<\/tr>\n<tr>\n<td>Vi\u0161ina Splashback<\/td>\n<td>mm 100<\/td>\n<td>mm 100<\/td>\n<\/tr>\n<tr>\n<td>\/ Kolesca za noge<\/td>\n<td>6 \u010devljev -<\/td>\n<td>6 \u010devljev -<\/td>\n<\/tr>\n<tr>\n<td>Kole\u0161\u010dki<\/td>\n<td>Po \u017eelji - h mm 140<\/td>\n<td>Po \u017eelji - h mm 140<\/td>\n<\/tr>\n<tr>\n<td>Neto bruto te\u017ea<\/td>\n<td>Kg 135,3 \/ 157,3<\/td>\n<td>Kg 145 \/ 163<\/td>\n<\/tr>\n<tr>\n<td>Napetost<\/td>\n<td>V 220-240<\/td>\n<td>V 220-240<\/td>\n<\/tr>\n<tr>\n<td>Frekvenca<\/td>\n<td>Hz 50<\/td>\n<td>Hz 50<\/td>\n<\/tr>\n<tr>\n<td>Hladilno sredstvo<\/td>\n<td>R600A<\/td>\n<td>R290<\/td>\n<\/tr>\n<tr>\n<td>Absorpcija<\/td>\n<td>W 300<\/td>\n<td>W 570<\/td>\n<\/tr>\n<tr>\n<td>Poraba energije<\/td>\n<td>KwH\/24H 1,93<\/td>\n<td>KwH\/24H 7,52<\/td>\n<\/tr>\n<\/tbody>\n<\/table>","protected":false},"excerpt":{"rendered":"<p>-2 \u00b0C \/ +8 \u00b0C Prezra\u010devana hladilna miza s tremi vrati z alzatino. Pozitivna temperatura<\/p>","protected":false},"featured_media":10228,"comment_status":"open","ping_status":"closed","template":"","meta":[],"product_brand":[],"product_cat":[51],"product_tag":[],"class_list":{"0":"post-10188","1":"product","2":"type-product","3":"status-publish","4":"has-post-thumbnail","6":"product_cat-kitchen-catering-cooling","8":"first","9":"instock","10":"shipping-taxable","11":"purchasable","12":"product-type-simple"},"_links":{"self":[{"href":"https:\/\/dersuessestopp.com\/sl\/wp-json\/wp\/v2\/product\/10188","targetHints":{"allow":["GET"]}}],"collection":[{"href":"https:\/\/dersuessestopp.com\/sl\/wp-json\/wp\/v2\/product"}],"about":[{"href":"https:\/\/dersuessestopp.com\/sl\/wp-json\/wp\/v2\/types\/product"}],"replies":[{"embeddable":true,"href":"https:\/\/dersuessestopp.com\/sl\/wp-json\/wp\/v2\/comments?post=10188"}],"version-history":[{"count":3,"href":"https:\/\/dersuessestopp.com\/sl\/wp-json\/wp\/v2\/product\/10188\/revisions"}],"predecessor-version":[{"id":12015,"href":"https:\/\/dersuessestopp.com\/sl\/wp-json\/wp\/v2\/product\/10188\/revisions\/12015"}],"wp:featuredmedia":[{"embeddable":true,"href":"https:\/\/dersuessestopp.com\/sl\/wp-json\/wp\/v2\/media\/10228"}],"wp:attachment":[{"href":"https:\/\/dersuessestopp.com\/sl\/wp-json\/wp\/v2\/media?parent=10188"}],"wp:term":[{"taxonomy":"product_brand","embeddable":true,"href":"https:\/\/dersuessestopp.com\/sl\/wp-json\/wp\/v2\/product_brand?post=10188"},{"taxonomy":"product_cat","embeddable":true,"href":"https:\/\/dersuessestopp.com\/sl\/wp-json\/wp\/v2\/product_cat?post=10188"},{"taxonomy":"product_tag","embeddable":true,"href":"https:\/\/dersuessestopp.com\/sl\/wp-json\/wp\/v2\/product_tag?post=10188"}],"curies":[{"name":"wp","href":"https:\/\/api.w.org\/{rel}","templated":true}]}}