{"id":10186,"date":"2025-09-29T14:58:29","date_gmt":"2025-09-29T14:58:29","guid":{"rendered":"https:\/\/dersuessestopp.com\/?post_type=product&#038;p=10186"},"modified":"2025-10-09T00:43:03","modified_gmt":"2025-10-09T00:43:03","slug":"prigrizek-4100-bt","status":"publish","type":"product","link":"https:\/\/dersuessestopp.com\/sl\/product\/snack-4100-bt\/","title":{"rendered":"SNACK 4100 BT"},"content":{"rendered":"<p>&nbsp;<\/p>\n<h2><img decoding=\"async\" src=\"https:\/\/customer.klimaitalia.it\/api\/file\/image\/6924\" \/><\/h2>\n<h2>Opis izdelka<\/h2>\n<p data-start=\"220\" data-end=\"796\">Spletna stran <strong data-start=\"224\" data-end=\"241\">SNACK 4100 BT<\/strong> je profesionalni <strong data-start=\"260\" data-end=\"301\">trivratni prezra\u010devani zamrzovalni pult<\/strong> s spletno stranjo . <strong data-start=\"307\" data-end=\"326\">zadnja stranska stranica<\/strong>, idealen za komercialne kuhinje, bare in gostinske lokale. V celoti izdelan iz <strong data-start=\"418\" data-end=\"446\">AISI 304 nerjave\u010de jeklo<\/strong>, zagotavlja dolgotrajno vzdr\u017eljivost, higieno in enostavno \u010di\u0161\u010denje. Z <strong data-start=\"519\" data-end=\"560\">temperaturno obmo\u010dje od -22 \u00b0C do -18 \u00b0C<\/strong>, zagotavlja zanesljivo zamrzovanje \u017eivil in sestavin. Opremljen je z <strong data-start=\"635\" data-end=\"660\">elektronski termostat<\/strong>, <strong data-start=\"662\" data-end=\"684\">vrata z mehkim zapiranjem<\/strong>, in <strong data-start=\"690\" data-end=\"711\">samodejno odmrzovanje<\/strong>, zagotavlja visoko zmogljivost in energetsko u\u010dinkovitost v zahtevnih kuhinjskih obratih.<\/p>\n<p data-start=\"798\" data-end=\"817\"><strong data-start=\"798\" data-end=\"815\">Klju\u010dne lastnosti:<\/strong><\/p>\n<ul data-start=\"818\" data-end=\"1209\">\n<li data-start=\"818\" data-end=\"859\">\n<p data-start=\"820\" data-end=\"859\"><strong data-start=\"820\" data-end=\"842\">Temperaturno obmo\u010dje:<\/strong> -22 \u00b0C do -18 \u00b0C<\/p>\n<\/li>\n<li data-start=\"860\" data-end=\"914\">\n<p data-start=\"862\" data-end=\"914\"><strong data-start=\"862\" data-end=\"890\">AISI 304 nerjave\u010de jeklo<\/strong> notranjost in zunanjost<\/p>\n<\/li>\n<li data-start=\"915\" data-end=\"973\">\n<p data-start=\"917\" data-end=\"973\"><strong data-start=\"917\" data-end=\"947\">Prezra\u010devani sistem za zamrzovanje<\/strong> za enakomerno temperaturo<\/p>\n<\/li>\n<li data-start=\"974\" data-end=\"1014\">\n<p data-start=\"976\" data-end=\"1014\"><strong data-start=\"976\" data-end=\"1012\">Vrata z mehkim zapiranjem in samozapiranjem<\/strong><\/p>\n<\/li>\n<li data-start=\"1015\" data-end=\"1068\">\n<p data-start=\"1017\" data-end=\"1068\"><strong data-start=\"1017\" data-end=\"1036\">Zadnja razpr\u0161itev<\/strong> za enostavno \u010di\u0161\u010denje in higieno<\/p>\n<\/li>\n<li data-start=\"1069\" data-end=\"1103\">\n<p data-start=\"1071\" data-end=\"1103\"><strong data-start=\"1071\" data-end=\"1101\">Samodejno elektri\u010dno odmrzovanje<\/strong><\/p>\n<\/li>\n<li data-start=\"1104\" data-end=\"1151\">\n<p data-start=\"1106\" data-end=\"1151\"><strong data-start=\"1106\" data-end=\"1134\">Izbirni Smart Link WiFi<\/strong> daljinski upravljalnik<\/p>\n<\/li>\n<li data-start=\"1152\" data-end=\"1209\">\n<p data-start=\"1154\" data-end=\"1209\"><strong data-start=\"1154\" data-end=\"1186\">Energetsko u\u010dinkovito delovanje<\/strong> za profesionalno uporabo<\/p>\n<\/li>\n<\/ul>\n<h2>Tehni\u010dne specifikacije<\/h2>\n<table>\n<tbody>\n<tr>\n<td>Dimensioni mm \/ Dimenzije mm<\/td>\n<td>SNACK 4200 TNF<\/td>\n<td>SNACK 4200 BTF<\/td>\n<\/tr>\n<tr>\n<td>Zunanje mere (\u0160xVxV)<\/td>\n<td>2230 x 600 x 960*<\/td>\n<td>2230 x 600 x 960*<\/td>\n<\/tr>\n<tr>\n<td>Dimenzije embala\u017ee (\u0160xVxV)<\/td>\n<td>2260 x 630 x 1010<\/td>\n<td>2260 x 630 x 1010<\/td>\n<\/tr>\n<tr>\n<td>\u0160irina<\/td>\n<td>1669<\/td>\n<td>1669<\/td>\n<\/tr>\n<tr>\n<td>Globina<\/td>\n<td>480<\/td>\n<td>480<\/td>\n<\/tr>\n<tr>\n<td>Vi\u0161ina<\/td>\n<td>560<\/td>\n<td>560<\/td>\n<\/tr>\n<tr>\n<td colspan=\"3\">Skupna vi\u0161ina enot vklju\u010duje noge, ki so prilagojene na najni\u017eji ravni vi\u0161ine.<\/td>\n<\/tr>\n<\/tbody>\n<\/table>\n<p>&nbsp;<\/p>\n<table>\n<tbody>\n<tr>\n<td>Caratteristiche Tecniche \/ Tehni\u010dne lastnosti<\/td>\n<td>SNACK 4200 TNF<\/td>\n<td>SNACK 4200 BTF<\/td>\n<\/tr>\n<tr>\n<td>Temperaturno obmo\u010dje<\/td>\n<td>-2 \u00b0C \/ +8 \u00b0C<\/td>\n<td>-22 \u00b0C \/ -18 \u00b0C<\/td>\n<\/tr>\n<tr>\n<td>Podnebni razred<\/td>\n<td>5<\/td>\n<td>4<\/td>\n<\/tr>\n<tr>\n<td>Neto bruto obseg<\/td>\n<td>Poru\u010dnik 312 \/ 511<\/td>\n<td>Poru\u010dnik 312 \/ 511<\/td>\n<\/tr>\n<tr>\n<td>Telo<\/td>\n<td>AISI 304 Nerjave\u010de jeklo<\/td>\n<td>AISI 304 Nerjave\u010de jeklo<\/td>\n<\/tr>\n<tr>\n<td>Notranji vlo\u017eek<\/td>\n<td>AISI 304 Nerjave\u010de jeklo<\/td>\n<td>AISI 304 Nerjave\u010de jeklo<\/td>\n<\/tr>\n<tr>\n<td>Termostat<\/td>\n<td>Elektronska stran<\/td>\n<td>Elektronska stran<\/td>\n<\/tr>\n<tr>\n<td>Raven hrupa<\/td>\n<td>dB 42<\/td>\n<td>dB 42<\/td>\n<\/tr>\n<tr>\n<td>Daljinski upravljalnik<\/td>\n<td>Izbirno<\/td>\n<td>Izbirno<\/td>\n<\/tr>\n<tr>\n<td>Debelina izolacije<\/td>\n<td>mm 60<\/td>\n<td>mm 60<\/td>\n<\/tr>\n<tr>\n<td>Odmrzovanje<\/td>\n<td>Samodejno z elektri\u010dnim grelnikom<\/td>\n<td>Samodejno z elektri\u010dnim grelnikom<\/td>\n<\/tr>\n<tr>\n<td>Police (WxD)<\/td>\n<td>\u0161t. 4 - mm 335 x 430 + \u0161t. 4 - mm 390 x 405<\/td>\n<td>\u0161t. 4 - mm 335 x 430 + \u0161t. 4 - mm 390 x 405<\/td>\n<\/tr>\n<tr>\n<td>Samodejno zapiranje vrat<\/td>\n<td>Mehko zapiranje<\/td>\n<td>Mehko zapiranje<\/td>\n<\/tr>\n<tr>\n<td>Vi\u0161ina Splashback<\/td>\n<td>mm 100<\/td>\n<td>mm 100<\/td>\n<\/tr>\n<tr>\n<td>\/ Kolesca za noge<\/td>\n<td>6 \u010devljev -<\/td>\n<td>6 \u010devljev -<\/td>\n<\/tr>\n<tr>\n<td>Kole\u0161\u010dki<\/td>\n<td>Po \u017eelji - h mm 140<\/td>\n<td>Po \u017eelji - h mm 140<\/td>\n<\/tr>\n<tr>\n<td>Neto bruto te\u017ea<\/td>\n<td>Kg 159,6 \/ 189,6<\/td>\n<td>Kg 170 \/ 200<\/td>\n<\/tr>\n<tr>\n<td>Napetost<\/td>\n<td>V 220-240<\/td>\n<td>V 220-240<\/td>\n<\/tr>\n<tr>\n<td>Frekvenca<\/td>\n<td>Hz 50<\/td>\n<td>Hz 50<\/td>\n<\/tr>\n<tr>\n<td>Hladilno sredstvo<\/td>\n<td>R600A<\/td>\n<td>R290<\/td>\n<\/tr>\n<tr>\n<td>Absorpcija<\/td>\n<td>W 300<\/td>\n<td>W 570<\/td>\n<\/tr>\n<tr>\n<td>Poraba energije<\/td>\n<td>KwH\/24H 4,05<\/td>\n<td>KwH\/24H 8,87<\/td>\n<\/tr>\n<\/tbody>\n<\/table>","protected":false},"excerpt":{"rendered":"<p>-20 \u00b0C \/ -10 \u00b0C Prezra\u010devana hladilna miza s \u0161tirimi vrati. Negativna temperatura<\/p>","protected":false},"featured_media":10224,"comment_status":"open","ping_status":"closed","template":"","meta":[],"product_brand":[],"product_cat":[51],"product_tag":[],"class_list":{"0":"post-10186","1":"product","2":"type-product","3":"status-publish","4":"has-post-thumbnail","6":"product_cat-kitchen-catering-cooling","8":"first","9":"instock","10":"shipping-taxable","11":"purchasable","12":"product-type-simple"},"_links":{"self":[{"href":"https:\/\/dersuessestopp.com\/sl\/wp-json\/wp\/v2\/product\/10186","targetHints":{"allow":["GET"]}}],"collection":[{"href":"https:\/\/dersuessestopp.com\/sl\/wp-json\/wp\/v2\/product"}],"about":[{"href":"https:\/\/dersuessestopp.com\/sl\/wp-json\/wp\/v2\/types\/product"}],"replies":[{"embeddable":true,"href":"https:\/\/dersuessestopp.com\/sl\/wp-json\/wp\/v2\/comments?post=10186"}],"version-history":[{"count":3,"href":"https:\/\/dersuessestopp.com\/sl\/wp-json\/wp\/v2\/product\/10186\/revisions"}],"predecessor-version":[{"id":12010,"href":"https:\/\/dersuessestopp.com\/sl\/wp-json\/wp\/v2\/product\/10186\/revisions\/12010"}],"wp:featuredmedia":[{"embeddable":true,"href":"https:\/\/dersuessestopp.com\/sl\/wp-json\/wp\/v2\/media\/10224"}],"wp:attachment":[{"href":"https:\/\/dersuessestopp.com\/sl\/wp-json\/wp\/v2\/media?parent=10186"}],"wp:term":[{"taxonomy":"product_brand","embeddable":true,"href":"https:\/\/dersuessestopp.com\/sl\/wp-json\/wp\/v2\/product_brand?post=10186"},{"taxonomy":"product_cat","embeddable":true,"href":"https:\/\/dersuessestopp.com\/sl\/wp-json\/wp\/v2\/product_cat?post=10186"},{"taxonomy":"product_tag","embeddable":true,"href":"https:\/\/dersuessestopp.com\/sl\/wp-json\/wp\/v2\/product_tag?post=10186"}],"curies":[{"name":"wp","href":"https:\/\/api.w.org\/{rel}","templated":true}]}}