{"id":10185,"date":"2025-09-29T14:58:29","date_gmt":"2025-09-29T14:58:29","guid":{"rendered":"https:\/\/dersuessestopp.com\/?post_type=product&#038;p=10185"},"modified":"2025-10-09T00:40:35","modified_gmt":"2025-10-09T00:40:35","slug":"snack-4200-bt-con-alzatina","status":"publish","type":"product","link":"https:\/\/dersuessestopp.com\/sl\/product\/snack-4200-bt-con-alzatina\/","title":{"rendered":"PRIGRIZEK 4200 BTF S SPLASHBACK"},"content":{"rendered":"<p>&nbsp;<\/p>\n<h2><img decoding=\"async\" src=\"https:\/\/customer.klimaitalia.it\/api\/file\/image\/6936\" \/><\/h2>\n<h2>Opis izdelka<\/h2>\n<p data-start=\"232\" data-end=\"824\">Spletna stran <strong data-start=\"236\" data-end=\"254\">SNACK 4200 BTF<\/strong> je profesionalni <strong data-start=\"273\" data-end=\"313\">zamrzovalni pult s \u0161tirimi prezra\u010devanimi vrati<\/strong> s spletno stranjo . <strong data-start=\"319\" data-end=\"338\">zadnja stranska stranica<\/strong>, ki je idealen za restavracije, okrep\u010devalnice in gostinske delavce. V celoti izdelan iz <strong data-start=\"422\" data-end=\"450\">AISI 304 nerjave\u010de jeklo<\/strong>, zagotavlja najve\u010djo vzdr\u017eljivost, higieno in enostavno vzdr\u017eevanje. Delovanje v okviru <strong data-start=\"536\" data-end=\"579\">nizkotemperaturno obmo\u010dje od -22 \u00b0C do -18 \u00b0C<\/strong>, ta pult zagotavlja zanesljivo zamrznjeno shranjevanje sestavin in vnaprej pripravljenih obrokov. Ima <strong data-start=\"680\" data-end=\"705\">elektronski termostat<\/strong>, <strong data-start=\"707\" data-end=\"729\">vrata z mehkim zapiranjem<\/strong>, in <strong data-start=\"735\" data-end=\"756\">samodejno odmrzovanje<\/strong>, zagotavlja dosledno zmogljivost za intenzivno komercialno uporabo.<\/p>\n<p data-start=\"826\" data-end=\"845\"><strong data-start=\"826\" data-end=\"843\">Klju\u010dne lastnosti:<\/strong><\/p>\n<ul data-start=\"846\" data-end=\"1255\">\n<li data-start=\"846\" data-end=\"887\">\n<p data-start=\"848\" data-end=\"887\"><strong data-start=\"848\" data-end=\"870\">Temperaturno obmo\u010dje:<\/strong> -22 \u00b0C do -18 \u00b0C<\/p>\n<\/li>\n<li data-start=\"888\" data-end=\"942\">\n<p data-start=\"890\" data-end=\"942\"><strong data-start=\"890\" data-end=\"918\">AISI 304 nerjave\u010de jeklo<\/strong> notranjost in zunanjost<\/p>\n<\/li>\n<li data-start=\"943\" data-end=\"1011\">\n<p data-start=\"945\" data-end=\"1011\"><strong data-start=\"945\" data-end=\"975\">Prezra\u010devani sistem za zamrzovanje<\/strong> za enakomerno porazdelitev temperature<\/p>\n<\/li>\n<li data-start=\"1012\" data-end=\"1052\">\n<p data-start=\"1014\" data-end=\"1052\"><strong data-start=\"1014\" data-end=\"1050\">Vrata z mehkim zapiranjem in samozapiranjem<\/strong><\/p>\n<\/li>\n<li data-start=\"1053\" data-end=\"1091\">\n<p data-start=\"1055\" data-end=\"1091\"><strong data-start=\"1055\" data-end=\"1082\">Vi\u0161ina zadnjega splashbacka:<\/strong> 100 mm<\/p>\n<\/li>\n<li data-start=\"1092\" data-end=\"1126\">\n<p data-start=\"1094\" data-end=\"1126\"><strong data-start=\"1094\" data-end=\"1124\">Samodejno elektri\u010dno odmrzovanje<\/strong><\/p>\n<\/li>\n<li data-start=\"1127\" data-end=\"1174\">\n<p data-start=\"1129\" data-end=\"1174\"><strong data-start=\"1129\" data-end=\"1157\">Izbirni Smart Link WiFi<\/strong> daljinski upravljalnik<\/p>\n<\/li>\n<li data-start=\"1175\" data-end=\"1215\">\n<p data-start=\"1177\" data-end=\"1215\"><strong data-start=\"1177\" data-end=\"1200\">Poraba energije:<\/strong> 8,87 kWh\/24h<\/p>\n<\/li>\n<li data-start=\"1216\" data-end=\"1255\">\n<p data-start=\"1218\" data-end=\"1255\"><strong data-start=\"1218\" data-end=\"1233\">Dimenzije:<\/strong> 2230 \u00d7 600 \u00d7 960 mm<\/p>\n<\/li>\n<\/ul>\n<h2>Tehni\u010dne specifikacije<\/h2>\n<table>\n<tbody>\n<tr>\n<td>Dimensioni mm \/ Dimenzije mm<\/td>\n<td>SNACK 4200 TNF<\/td>\n<td>SNACK 4200 BTF<\/td>\n<\/tr>\n<tr>\n<td>Zunanje mere (\u0160xVxV)<\/td>\n<td>2230 x 600 x 960*<\/td>\n<td>2230 x 600 x 960*<\/td>\n<\/tr>\n<tr>\n<td>Dimenzije embala\u017ee (\u0160xVxV)<\/td>\n<td>2260 x 630 x 1010<\/td>\n<td>2260 x 630 x 1010<\/td>\n<\/tr>\n<tr>\n<td>\u0160irina<\/td>\n<td>1669<\/td>\n<td>1669<\/td>\n<\/tr>\n<tr>\n<td>Globina<\/td>\n<td>480<\/td>\n<td>480<\/td>\n<\/tr>\n<tr>\n<td>Vi\u0161ina<\/td>\n<td>560<\/td>\n<td>560<\/td>\n<\/tr>\n<tr>\n<td colspan=\"3\">Skupna vi\u0161ina enot vklju\u010duje noge, ki so prilagojene na najni\u017eji ravni vi\u0161ine.<\/td>\n<\/tr>\n<\/tbody>\n<\/table>\n<p>&nbsp;<\/p>\n<table>\n<tbody>\n<tr>\n<td>Caratteristiche Tecniche \/ Tehni\u010dne lastnosti<\/td>\n<td>SNACK 4200 TNF<\/td>\n<td>SNACK 4200 BTF<\/td>\n<\/tr>\n<tr>\n<td>Temperaturno obmo\u010dje<\/td>\n<td>-2 \u00b0C \/ +8 \u00b0C<\/td>\n<td>-22 \u00b0C \/ -18 \u00b0C<\/td>\n<\/tr>\n<tr>\n<td>Podnebni razred<\/td>\n<td>5<\/td>\n<td>4<\/td>\n<\/tr>\n<tr>\n<td>Neto bruto obseg<\/td>\n<td>Poru\u010dnik 312 \/ 511<\/td>\n<td>Poru\u010dnik 312 \/ 511<\/td>\n<\/tr>\n<tr>\n<td>Telo<\/td>\n<td>AISI 304 Nerjave\u010de jeklo<\/td>\n<td>AISI 304 Nerjave\u010de jeklo<\/td>\n<\/tr>\n<tr>\n<td>Notranji vlo\u017eek<\/td>\n<td>AISI 304 Nerjave\u010de jeklo<\/td>\n<td>AISI 304 Nerjave\u010de jeklo<\/td>\n<\/tr>\n<tr>\n<td>Termostat<\/td>\n<td>Elektronska stran<\/td>\n<td>Elektronska stran<\/td>\n<\/tr>\n<tr>\n<td>Raven hrupa<\/td>\n<td>dB 42<\/td>\n<td>dB 42<\/td>\n<\/tr>\n<tr>\n<td>Daljinski upravljalnik<\/td>\n<td>Izbirno<\/td>\n<td>Izbirno<\/td>\n<\/tr>\n<tr>\n<td>Debelina izolacije<\/td>\n<td>mm 60<\/td>\n<td>mm 60<\/td>\n<\/tr>\n<tr>\n<td>Odmrzovanje<\/td>\n<td>Samodejno z elektri\u010dnim grelnikom<\/td>\n<td>Samodejno z elektri\u010dnim grelnikom<\/td>\n<\/tr>\n<tr>\n<td>Police (WxD)<\/td>\n<td>\u0161t. 4 - mm 335 x 430 + \u0161t. 4 - mm 390 x 405<\/td>\n<td>\u0161t. 4 - mm 335 x 430 + \u0161t. 4 - mm 390 x 405<\/td>\n<\/tr>\n<tr>\n<td>Samodejno zapiranje vrat<\/td>\n<td>Mehko zapiranje<\/td>\n<td>Mehko zapiranje<\/td>\n<\/tr>\n<tr>\n<td>Vi\u0161ina Splashback<\/td>\n<td>mm 100<\/td>\n<td>mm 100<\/td>\n<\/tr>\n<tr>\n<td>\/ Kolesca za noge<\/td>\n<td>6 \u010devljev -<\/td>\n<td>6 \u010devljev -<\/td>\n<\/tr>\n<tr>\n<td>Kole\u0161\u010dki<\/td>\n<td>Po \u017eelji - h mm 140<\/td>\n<td>Po \u017eelji - h mm 140<\/td>\n<\/tr>\n<tr>\n<td>Neto bruto te\u017ea<\/td>\n<td>Kg 159,6 \/ 189,6<\/td>\n<td>Kg 170 \/ 200<\/td>\n<\/tr>\n<tr>\n<td>Napetost<\/td>\n<td>V 220-240<\/td>\n<td>V 220-240<\/td>\n<\/tr>\n<tr>\n<td>Frekvenca<\/td>\n<td>Hz 50<\/td>\n<td>Hz 50<\/td>\n<\/tr>\n<tr>\n<td>Hladilno sredstvo<\/td>\n<td>R600A<\/td>\n<td>R290<\/td>\n<\/tr>\n<tr>\n<td>Absorpcija<\/td>\n<td>W 300<\/td>\n<td>W 570<\/td>\n<\/tr>\n<tr>\n<td>Poraba energije<\/td>\n<td>KwH\/24H 4,05<\/td>\n<td>KwH\/24H 8,87<\/td>\n<\/tr>\n<\/tbody>\n<\/table>","protected":false},"excerpt":{"rendered":"<p>-20 \u00b0C \/ -10 \u00b0C Prezra\u010devana hladilna miza s \u0161tirimi vrati z alzatino. Negativna temperatura<\/p>","protected":false},"featured_media":10222,"comment_status":"open","ping_status":"closed","template":"","meta":[],"product_brand":[],"product_cat":[51],"product_tag":[],"class_list":{"0":"post-10185","1":"product","2":"type-product","3":"status-publish","4":"has-post-thumbnail","6":"product_cat-kitchen-catering-cooling","8":"first","9":"instock","10":"shipping-taxable","11":"purchasable","12":"product-type-simple"},"_links":{"self":[{"href":"https:\/\/dersuessestopp.com\/sl\/wp-json\/wp\/v2\/product\/10185","targetHints":{"allow":["GET"]}}],"collection":[{"href":"https:\/\/dersuessestopp.com\/sl\/wp-json\/wp\/v2\/product"}],"about":[{"href":"https:\/\/dersuessestopp.com\/sl\/wp-json\/wp\/v2\/types\/product"}],"replies":[{"embeddable":true,"href":"https:\/\/dersuessestopp.com\/sl\/wp-json\/wp\/v2\/comments?post=10185"}],"version-history":[{"count":3,"href":"https:\/\/dersuessestopp.com\/sl\/wp-json\/wp\/v2\/product\/10185\/revisions"}],"predecessor-version":[{"id":12004,"href":"https:\/\/dersuessestopp.com\/sl\/wp-json\/wp\/v2\/product\/10185\/revisions\/12004"}],"wp:featuredmedia":[{"embeddable":true,"href":"https:\/\/dersuessestopp.com\/sl\/wp-json\/wp\/v2\/media\/10222"}],"wp:attachment":[{"href":"https:\/\/dersuessestopp.com\/sl\/wp-json\/wp\/v2\/media?parent=10185"}],"wp:term":[{"taxonomy":"product_brand","embeddable":true,"href":"https:\/\/dersuessestopp.com\/sl\/wp-json\/wp\/v2\/product_brand?post=10185"},{"taxonomy":"product_cat","embeddable":true,"href":"https:\/\/dersuessestopp.com\/sl\/wp-json\/wp\/v2\/product_cat?post=10185"},{"taxonomy":"product_tag","embeddable":true,"href":"https:\/\/dersuessestopp.com\/sl\/wp-json\/wp\/v2\/product_tag?post=10185"}],"curies":[{"name":"wp","href":"https:\/\/api.w.org\/{rel}","templated":true}]}}