{"id":10054,"date":"2025-09-29T14:57:46","date_gmt":"2025-09-29T14:57:46","guid":{"rendered":"https:\/\/dersuessestopp.com\/?post_type=product&#038;p=10054"},"modified":"2025-10-08T20:32:51","modified_gmt":"2025-10-08T20:32:51","slug":"cw-355-g4tb","status":"publish","type":"product","link":"https:\/\/dersuessestopp.com\/sl\/product\/cw-355-g4tb\/","title":{"rendered":"CW 355 G4TB"},"content":{"rendered":"<p data-start=\"213\" data-end=\"523\"><img fetchpriority=\"high\" decoding=\"async\" class=\"alignnone wp-image-11668 size-full\" src=\"https:\/\/dersuessestopp.com\/wp-content\/uploads\/2025\/09\/CW355-G2TB_CW-355-G3TB_CW-355-G4TB-Dettagli.jpg\" alt=\"\" width=\"2000\" height=\"600\" srcset=\"https:\/\/dersuessestopp.com\/wp-content\/uploads\/2025\/09\/CW355-G2TB_CW-355-G3TB_CW-355-G4TB-Dettagli.jpg 2000w, https:\/\/dersuessestopp.com\/wp-content\/uploads\/2025\/09\/CW355-G2TB_CW-355-G3TB_CW-355-G4TB-Dettagli-300x90.jpg 300w, https:\/\/dersuessestopp.com\/wp-content\/uploads\/2025\/09\/CW355-G2TB_CW-355-G3TB_CW-355-G4TB-Dettagli-1024x307.jpg 1024w, https:\/\/dersuessestopp.com\/wp-content\/uploads\/2025\/09\/CW355-G2TB_CW-355-G3TB_CW-355-G4TB-Dettagli-768x230.jpg 768w, https:\/\/dersuessestopp.com\/wp-content\/uploads\/2025\/09\/CW355-G2TB_CW-355-G3TB_CW-355-G4TB-Dettagli-1536x461.jpg 1536w, https:\/\/dersuessestopp.com\/wp-content\/uploads\/2025\/09\/CW355-G2TB_CW-355-G3TB_CW-355-G4TB-Dettagli-250x75.jpg 250w, https:\/\/dersuessestopp.com\/wp-content\/uploads\/2025\/09\/CW355-G2TB_CW-355-G3TB_CW-355-G4TB-Dettagli-600x180.jpg 600w\" sizes=\"(max-width: 2000px) 100vw, 2000px\" \/><\/p>\n<p data-start=\"213\" data-end=\"523\">Spletna stran <strong data-start=\"217\" data-end=\"232\">CW 355 G4TB<\/strong> je vrhunska re\u0161itev za profesionalne in zasebne zbiratelje vin, ki zahtevajo zmogljivost, natan\u010dnost in prefinjenost. S svojo <strong data-start=\"364\" data-end=\"386\">zasnova z dvojnimi vrati<\/strong>, <strong data-start=\"388\" data-end=\"425\">brez okvirja s polnim \u010drnim steklom<\/strong>, in <strong data-start=\"431\" data-end=\"455\">elegantna osvetlitev LED<\/strong>, ponuja osupljivo predstavitev in napredne funkcije.<\/p>\n<p data-start=\"525\" data-end=\"908\">Predstavljamo <strong data-start=\"535\" data-end=\"606\">\u0161tiri neodvisna temperaturna obmo\u010dja (+2\u00b0C do +12\u00b0C \/ +12\u00b0C do +20\u00b0C)<\/strong>, CW 355 G4TB zagotavlja popolne pogoje za shranjevanje vseh vrst vina - od pene\u010dega do polnega rde\u010dega vina. Njegova spletna stran <strong data-start=\"725\" data-end=\"758\">Drsne kovinske police v obliki \u010drke Z<\/strong>, <strong data-start=\"760\" data-end=\"795\">elektronsko upravljanje z zaslonom na dotik<\/strong>, in <strong data-start=\"801\" data-end=\"822\">hlajenje z aksialnim ventilatorjem<\/strong> zagotavljajo nemoteno delovanje, enostaven dostop in natan\u010dno temperaturno stabilnost.<\/p>\n<p data-start=\"910\" data-end=\"929\"><strong data-start=\"910\" data-end=\"927\">Klju\u010dne lastnosti:<\/strong><\/p>\n<ul data-start=\"930\" data-end=\"1370\">\n<li data-start=\"930\" data-end=\"1001\">\n<p data-start=\"932\" data-end=\"1001\">\u0160tiri neodvisna temperaturna obmo\u010dja (+2\u00b0C do +12\u00b0C \/ +12\u00b0C do +20\u00b0C)<\/p>\n<\/li>\n<li data-start=\"1002\" data-end=\"1062\">\n<p data-start=\"1004\" data-end=\"1062\">Zasnova z dvema vratoma in elektronskim termostatom z zaslonom na dotik<\/p>\n<\/li>\n<li data-start=\"1063\" data-end=\"1119\">\n<p data-start=\"1065\" data-end=\"1119\">Drsne kovinske police v obliki \u010drke Z z izvle\u010dnim predalom<\/p>\n<\/li>\n<li data-start=\"1120\" data-end=\"1167\">\n<p data-start=\"1122\" data-end=\"1167\">Aksialni ventilator za enakomerno porazdelitev temperature<\/p>\n<\/li>\n<li data-start=\"1168\" data-end=\"1196\">\n<p data-start=\"1170\" data-end=\"1196\">Sistem samodejnega odmrzovanja<\/p>\n<\/li>\n<li data-start=\"1197\" data-end=\"1241\">\n<p data-start=\"1199\" data-end=\"1241\">LED osvetlitev (4 navpi\u010dne + 4 vodoravne)<\/p>\n<\/li>\n<li data-start=\"1242\" data-end=\"1307\">\n<p data-start=\"1244\" data-end=\"1307\">Obratna vrata iz \u010drnega stekla brez okvirja s klju\u010davnico in klju\u010dem<\/p>\n<\/li>\n<li data-start=\"1308\" data-end=\"1370\">\n<p data-start=\"1310\" data-end=\"1370\">Robustno predbarvano antikorozijsko ohi\u0161je z notranjo oblogo iz ABS<\/p>\n<\/li>\n<\/ul>\n<p data-start=\"1372\" data-end=\"1567\">Eleganten, prostoren in zelo napreden <strong data-start=\"1417\" data-end=\"1432\">CW 355 G4TB<\/strong> je zasnovan za prave vinske strokovnjake, saj ponuja brezhiben nadzor klime in izpopolnjen zaslon za do <strong data-start=\"1549\" data-end=\"1564\">232 steklenic<\/strong>.<\/p>\n<table cellspacing=\"0\">\n<tbody>\n<tr>\n<td bgcolor=\"#FFFFFF\">\n<p class=\"s7\"><span dir=\"auto\">Dimenzije mm<\/span><\/p>\n<\/td>\n<td bgcolor=\"#FFFFFF\">\n<p class=\"s7\"><span dir=\"auto\">CW 355 G2TB<\/span><\/p>\n<\/td>\n<td bgcolor=\"#FFFFFF\">\n<p class=\"s7\"><span dir=\"auto\">CW 355 G3TB<\/span><\/p>\n<\/td>\n<td bgcolor=\"#FFFFFF\">\n<p class=\"s7\"><span dir=\"auto\">CW 355 G4TB<\/span><\/p>\n<\/td>\n<\/tr>\n<tr>\n<td>\n<p class=\"s8\"><span dir=\"auto\">Zunanje dimenzije (\u00a0<\/span><span dir=\"auto\">\u0160xVxV)<\/span><\/p>\n<\/td>\n<td>\n<p class=\"s8\"><span dir=\"auto\">1210 x 700 x 1804<\/span><\/p>\n<\/td>\n<td>\n<p class=\"s8\"><span dir=\"auto\">1210 x 700 x 1804<\/span><\/p>\n<\/td>\n<td>\n<p class=\"s8\"><span dir=\"auto\">1210 x 700 x 1804<\/span><\/p>\n<\/td>\n<\/tr>\n<tr>\n<td>\n<p class=\"s8\"><span dir=\"auto\">Pakiranje<\/span><span dir=\"auto\">\u00a0Dimenzije (\u0160xGxV) Monta\u017eni komplet (\u0160xGxV)\u00a0<\/span><span dir=\"auto\">)<\/span><\/p>\n<\/td>\n<td>\n<p class=\"s8\"><span dir=\"auto\">(2x) 645 x 770 x 1996<\/span><\/p>\n<p class=\"s8\"><span dir=\"auto\">1200 x 300 x 300<\/span><\/p>\n<\/td>\n<td>\n<p class=\"s8\"><span dir=\"auto\">(2x) 645 x 770 x 1996<\/span><\/p>\n<p class=\"s8\"><span dir=\"auto\">1200 x 300 x 300<\/span><\/p>\n<\/td>\n<td>\n<p class=\"s8\"><span dir=\"auto\">(2x) 645 x 770 x 1996<\/span><\/p>\n<p class=\"s8\"><span dir=\"auto\">1200 x 300 x 300<\/span><\/p>\n<\/td>\n<\/tr>\n<tr>\n<td>\n<p class=\"s8\"><span dir=\"auto\">\u0160irina<\/span><\/p>\n<\/td>\n<td>\n<p class=\"s8\"><span dir=\"auto\">500 + 500<\/span><\/p>\n<\/td>\n<td>\n<p class=\"s8\"><span dir=\"auto\">500 + 500<\/span><\/p>\n<\/td>\n<td>\n<p class=\"s8\"><span dir=\"auto\">500 + 500<\/span><\/p>\n<\/td>\n<\/tr>\n<tr>\n<td>\n<p class=\"s8\"><span dir=\"auto\">Globina<\/span><\/p>\n<\/td>\n<td>\n<p class=\"s8\"><span dir=\"auto\">540<\/span><\/p>\n<\/td>\n<td>\n<p class=\"s8\"><span dir=\"auto\">540<\/span><\/p>\n<\/td>\n<td>\n<p class=\"s8\"><span dir=\"auto\">540<\/span><\/p>\n<\/td>\n<\/tr>\n<tr>\n<td>\n<p class=\"s8\"><span dir=\"auto\">\u00a0<\/span><span dir=\"auto\">Vi\u0161ina<\/span><\/p>\n<\/td>\n<td>\n<p class=\"s8\"><span dir=\"auto\">1630<\/span><\/p>\n<\/td>\n<td>\n<p class=\"s8\"><span dir=\"auto\">1630<\/span><\/p>\n<\/td>\n<td>\n<p class=\"s8\"><span dir=\"auto\">1630<\/span><\/p>\n<\/td>\n<\/tr>\n<tr>\n<td>\n<p class=\"s8\"><span dir=\"auto\">\u00a0<\/span><span dir=\"auto\">Min. Globina<\/span><\/p>\n<\/td>\n<td>\n<p class=\"s8\"><span dir=\"auto\">380<\/span><\/p>\n<\/td>\n<td>\n<p class=\"s8\"><span dir=\"auto\">380<\/span><\/p>\n<\/td>\n<td>\n<p class=\"s8\"><span dir=\"auto\">380<\/span><\/p>\n<\/td>\n<\/tr>\n<tr>\n<td>\n<p class=\"s8\"><span dir=\"auto\">\u00a0<\/span><span dir=\"auto\">Min. Vi\u0161ina<\/span><\/p>\n<\/td>\n<td>\n<p class=\"s8\"><span dir=\"auto\">1420<\/span><\/p>\n<\/td>\n<td>\n<p class=\"s8\"><span dir=\"auto\">1420<\/span><\/p>\n<\/td>\n<td>\n<p class=\"s8\"><span dir=\"auto\">1420<\/span><\/p>\n<\/td>\n<\/tr>\n<tr>\n<td>\n<p class=\"s8\"><span dir=\"auto\">Stran\u00a0<\/span><span dir=\"auto\">Nalepka<\/span><\/p>\n<\/td>\n<td>\n<p class=\"s8\"><span dir=\"auto\">648 x 1785<\/span><\/p>\n<\/td>\n<td>\n<p class=\"s8\"><span dir=\"auto\">648 x 1785<\/span><\/p>\n<\/td>\n<td>\n<p class=\"s8\"><span dir=\"auto\">648 x 1785<\/span><\/p>\n<\/td>\n<\/tr>\n<tr>\n<td>\n<p class=\"s8\"><span dir=\"auto\">Steklena nalepka<\/span><\/p>\n<\/td>\n<td>\n<p class=\"s8\"><span dir=\"auto\">(2x) 462 x 1540<\/span><\/p>\n<\/td>\n<td>\n<p class=\"s8\"><span dir=\"auto\">(2x) 462 x 1540<\/span><\/p>\n<\/td>\n<td>\n<p class=\"s8\"><span dir=\"auto\">(2x) 462 x 1540<\/span><\/p>\n<\/td>\n<\/tr>\n<\/tbody>\n<\/table>\n<p>&nbsp;<\/p>\n<table style=\"height: 1406px;\" width=\"1348\" cellspacing=\"0\">\n<tbody>\n<tr>\n<td bgcolor=\"#FFFFFF\">\n<p class=\"s7\"><span dir=\"auto\">Tehni\u010dne lastnosti<\/span><\/p>\n<\/td>\n<td bgcolor=\"#FFFFFF\">\n<p class=\"s7\"><span dir=\"auto\">CW 355 G2TB<\/span><\/p>\n<\/td>\n<td bgcolor=\"#FFFFFF\">\n<p class=\"s7\"><span dir=\"auto\">CW 355 G3TB<\/span><\/p>\n<\/td>\n<td bgcolor=\"#FFFFFF\">\n<p class=\"s7\"><span dir=\"auto\">CW 355 G4TB<\/span><\/p>\n<\/td>\n<\/tr>\n<tr>\n<td>\n<p class=\"s8\"><span dir=\"auto\">\u00a0<\/span><span dir=\"auto\">Temperaturno obmo\u010dje<\/span><\/p>\n<\/td>\n<td>\n<p class=\"s8\"><span dir=\"auto\">+2 \u00b0C \/ +20 \u00b0C<\/span><\/p>\n<p class=\"s8\"><span dir=\"auto\">+2 \u00b0C \/ +20 \u00b0C<\/span><\/p>\n<\/td>\n<td>\n<p class=\"s8\"><span dir=\"auto\">+2 \u00b0C \/ +20 \u00b0C<\/span><\/p>\n<p class=\"s8\"><span dir=\"auto\">+2\u00b0C \/+12\u00b0C - +12\u00b0C\/+20\u00b0C<\/span><\/p>\n<\/td>\n<td>\n<p class=\"s8\"><span dir=\"auto\">+2\u00b0C \/+12\u00b0C - +12\u00b0C\/+20\u00b0C<\/span><\/p>\n<p class=\"s8\"><span dir=\"auto\">+2\u00b0C \/+12\u00b0C - +12\u00b0C\/+20\u00b0C<\/span><\/p>\n<\/td>\n<\/tr>\n<tr>\n<td>\n<p class=\"s8\"><span dir=\"auto\">Podnebje\u00a0<\/span><span dir=\"auto\">Razred<\/span><\/p>\n<\/td>\n<td>\n<p class=\"s8\"><span dir=\"auto\">N-ST<\/span><\/p>\n<\/td>\n<td>\n<p class=\"s8\"><span dir=\"auto\">N-ST<\/span><\/p>\n<\/td>\n<td>\n<p class=\"s8\"><span dir=\"auto\">N-ST<\/span><\/p>\n<\/td>\n<\/tr>\n<tr>\n<td>\n<p class=\"s8\"><span dir=\"auto\">\u00a0<\/span><span dir=\"auto\">Neto bruto obseg<\/span><\/p>\n<\/td>\n<td>\n<p class=\"s8\"><span dir=\"auto\">818 \/ 850 EUR<\/span><\/p>\n<\/td>\n<td>\n<p class=\"s8\"><span dir=\"auto\">Pona\u0161alec 809 \/ 848<\/span><\/p>\n<\/td>\n<td>\n<p class=\"s8\"><span dir=\"auto\">800 \/ 846 funtov<\/span><\/p>\n<\/td>\n<\/tr>\n<tr>\n<td>\n<p class=\"s8\"><span dir=\"auto\">Zunanja povr\u0161ina \/\u00a0<\/span><span dir=\"auto\">Telo<\/span><\/p>\n<\/td>\n<td>\n<p class=\"s8\"><span dir=\"auto\">Predbarvana plo\u010devina z antikorozijsko obdelavo<\/span><\/p>\n<\/td>\n<td>\n<p class=\"s8\"><span dir=\"auto\">Predbarvana plo\u010devina z antikorozijsko obdelavo<\/span><\/p>\n<\/td>\n<td>\n<p class=\"s8\"><span dir=\"auto\">Predbarvana plo\u010devina z antikorozijsko obdelavo<\/span><\/p>\n<\/td>\n<\/tr>\n<tr>\n<td>\n<p class=\"s8\"><span dir=\"auto\">Vrata<\/span><span dir=\"auto\">\u200b<\/span><\/p>\n<\/td>\n<td colspan=\"2\">\n<p class=\"s8\"><span dir=\"auto\">\u010crno steklo brez okvirja \/\u00a0<\/span><span dir=\"auto\">\u010crno polno steklo<\/span><\/p>\n<\/td>\n<td><\/td>\n<\/tr>\n<tr>\n<td>\n<p class=\"s8\"><span dir=\"auto\">Notranja povr\u0161ina\u00a0<\/span><\/p>\n<\/td>\n<td>\n<p class=\"s8\"><span dir=\"auto\">ABS<\/span><\/p>\n<\/td>\n<td>\n<p class=\"s8\"><span dir=\"auto\">ABS<\/span><\/p>\n<\/td>\n<td>\n<p class=\"s8\"><span dir=\"auto\">ABS<\/span><\/p>\n<\/td>\n<\/tr>\n<tr>\n<td>\n<p class=\"s8\"><span dir=\"auto\">Termostat<\/span><span dir=\"auto\">\u200b<\/span><\/p>\n<\/td>\n<td>\n<p class=\"s8\"><span dir=\"auto\"> Elektronski \/<\/span><span dir=\"auto\">Elektronska stran<\/span><span dir=\"auto\">\u00a0Zaslon na dotik<\/span><\/p>\n<\/td>\n<td>\n<p class=\"s8\"><span dir=\"auto\">Elektronski \/\u00a0<\/span><span dir=\"auto\">Elektronska stran<\/span><span dir=\"auto\">\u00a0Zaslon na dotik<\/span><\/p>\n<\/td>\n<td>\n<p class=\"s8\"><span dir=\"auto\">Elektronski \/\u00a0<\/span><span dir=\"auto\">Elektronska stran<\/span><span dir=\"auto\">\u00a0Zaslon na dotik<\/span><\/p>\n<\/td>\n<\/tr>\n<tr>\n<td>\n<p class=\"s8\"><span dir=\"auto\">Hrup\u00a0<\/span><span dir=\"auto\">raven<\/span><\/p>\n<\/td>\n<td>\n<p class=\"s8\"><span dir=\"auto\">dB 38 + dB 38<\/span><\/p>\n<p class=\"s8\"><span dir=\"auto\">V zvezi s posameznimi hladilnimi enotami\u00a0<\/span><span dir=\"auto\">Za vsako hladilno enoto<\/span><\/p>\n<\/td>\n<td>\n<p class=\"s8\"><span dir=\"auto\">dB 44 + dB 38<\/span><\/p>\n<p class=\"s8\"><span dir=\"auto\">V zvezi s posameznimi hladilnimi enotami\u00a0<\/span><span dir=\"auto\">Za vsako hladilno enoto<\/span><\/p>\n<\/td>\n<td>\n<p class=\"s8\"><span dir=\"auto\">dB 44 + dB 44<\/span><\/p>\n<p class=\"s8\"><span dir=\"auto\">V zvezi s posameznimi hladilnimi enotami\u00a0<\/span><span dir=\"auto\">Za vsako hladilno enoto<\/span><\/p>\n<\/td>\n<\/tr>\n<tr>\n<td>\n<p class=\"s8\"><span dir=\"auto\">Izolacija\u00a0<\/span><span dir=\"auto\">debelina<\/span><\/p>\n<\/td>\n<td>\n<p class=\"s8\"><span dir=\"auto\">55 mm<\/span><\/p>\n<\/td>\n<td>\n<p class=\"s8\"><span dir=\"auto\">55 mm<\/span><\/p>\n<\/td>\n<td>\n<p class=\"s8\"><span dir=\"auto\">55 mm<\/span><\/p>\n<\/td>\n<\/tr>\n<tr>\n<td>\n<p class=\"s8\"><span dir=\"auto\">Odmrzovanje<\/span><\/p>\n<\/td>\n<td colspan=\"2\">\n<p class=\"s8\"><span dir=\"auto\">Avtomatski kompresor\u00a0<\/span><span dir=\"auto\">cikel<\/span><\/p>\n<\/td>\n<td><\/td>\n<\/tr>\n<tr>\n<td>\n<p class=\"s8\"><span dir=\"auto\">Razsvetljava<\/span><span dir=\"auto\">\u200b<\/span><\/p>\n<\/td>\n<td>\n<p class=\"s8\"><span dir=\"auto\">LED diode: 4 navpi\u010dne + 2 vodoravne<\/span><\/p>\n<\/td>\n<td>\n<p class=\"s8\"><span dir=\"auto\">LED diode: 4 navpi\u010dne + 3 vodoravne<\/span><\/p>\n<\/td>\n<td>\n<p class=\"s8\"><span dir=\"auto\">LED diode: 4 navpi\u010dne + 4 vodoravne<\/span><\/p>\n<\/td>\n<\/tr>\n<tr>\n<td>\n<p class=\"s8\"><span dir=\"auto\">Zaklepanje\u00a0<\/span><span dir=\"auto\">in klju\u010d<\/span><\/p>\n<\/td>\n<td>\n<p class=\"s8\"><span dir=\"auto\">Da<\/span><span dir=\"auto\">\u200b<\/span><\/p>\n<\/td>\n<td>\n<p class=\"s8\"><span dir=\"auto\">Da<\/span><span dir=\"auto\">\u200b<\/span><\/p>\n<\/td>\n<td>\n<p class=\"s8\"><span dir=\"auto\">Da<\/span><span dir=\"auto\">\u200b<\/span><\/p>\n<\/td>\n<\/tr>\n<tr>\n<td>\n<p class=\"s8\"><span dir=\"auto\">Z\u00a0<\/span><span dir=\"auto\">-drsne police (\u0160xV)<\/span><\/p>\n<\/td>\n<td>\n<p class=\"s8\"><span dir=\"auto\">\u0161t. 20 - mm 452 x 535<\/span><\/p>\n<p class=\"s8\"><span dir=\"auto\">\u0161t. 2 - mm 452 x 380<\/span><\/p>\n<\/td>\n<td>\n<p class=\"s8\"><span dir=\"auto\">\u0161t. 19 - mm 452 x 535<\/span><\/p>\n<p class=\"s8\"><span dir=\"auto\">\u0161t. 2 - mm 452 x 380<\/span><\/p>\n<\/td>\n<td>\n<p class=\"s8\"><span dir=\"auto\">\u0161t. 18 - mm 452 x 535<\/span><\/p>\n<p class=\"s8\"><span dir=\"auto\">\u0161t. 2 - mm 452 x 380<\/span><\/p>\n<\/td>\n<\/tr>\n<tr>\n<td>\n<p class=\"s8\"><span dir=\"auto\">Kole\u0161\u010dki\u00a0<\/span><span dir=\"auto\">-Feet<\/span><\/p>\n<\/td>\n<td>\n<p class=\"s8\"><span dir=\"auto\">8 \u010devljev<\/span><\/p>\n<\/td>\n<td>\n<p class=\"s8\"><span dir=\"auto\">8 \u010devljev<\/span><\/p>\n<\/td>\n<td>\n<p class=\"s8\"><span dir=\"auto\">8 \u010devljev<\/span><\/p>\n<\/td>\n<\/tr>\n<tr>\n<td>\n<p class=\"s8\"><span dir=\"auto\">Neto -\u00a0<\/span><span dir=\"auto\">Bruto te\u017ea<\/span><\/p>\n<\/td>\n<td>\n<p class=\"s8\"><span dir=\"auto\">Kg 218 \/ 234<\/span><\/p>\n<\/td>\n<td>\n<p class=\"s8\"><span dir=\"auto\">Kg 220 \/ 236<\/span><\/p>\n<\/td>\n<td>\n<p class=\"s8\"><span dir=\"auto\">Kg 222 \/ 238<\/span><\/p>\n<\/td>\n<\/tr>\n<tr>\n<td>\n<p class=\"s8\"><span dir=\"auto\">Napetost<\/span><span dir=\"auto\">\u200b<\/span><\/p>\n<\/td>\n<td>\n<p class=\"s8\"><span dir=\"auto\">V 220<\/span><\/p>\n<\/td>\n<td>\n<p class=\"s8\"><span dir=\"auto\">V 220<\/span><\/p>\n<\/td>\n<td>\n<p class=\"s8\"><span dir=\"auto\">V 220<\/span><\/p>\n<\/td>\n<\/tr>\n<tr>\n<td>\n<p class=\"s8\"><span dir=\"auto\">Frekvenca<\/span><span dir=\"auto\">\u200b<\/span><\/p>\n<\/td>\n<td>\n<p class=\"s8\"><span dir=\"auto\">Hz 50<\/span><\/p>\n<\/td>\n<td>\n<p class=\"s8\"><span dir=\"auto\">Hz 50<\/span><\/p>\n<\/td>\n<td>\n<p class=\"s8\"><span dir=\"auto\">Hz 50<\/span><\/p>\n<\/td>\n<\/tr>\n<tr>\n<td>\n<p class=\"s8\"><span dir=\"auto\">Hladilno sredstvo<\/span><span dir=\"auto\">\u200b<\/span><\/p>\n<\/td>\n<td>\n<p class=\"s8\"><span dir=\"auto\">R600A<\/span><\/p>\n<\/td>\n<td>\n<p class=\"s8\"><span dir=\"auto\">R600A<\/span><\/p>\n<\/td>\n<td>\n<p class=\"s8\"><span dir=\"auto\">R600A<\/span><\/p>\n<\/td>\n<\/tr>\n<tr>\n<td>\n<p class=\"s8\"><span dir=\"auto\">Absorpcija<\/span><span dir=\"auto\">\u200b<\/span><\/p>\n<\/td>\n<td>\n<p class=\"s8\"><span dir=\"auto\">W 260<\/span><\/p>\n<\/td>\n<td>\n<p class=\"s8\"><span dir=\"auto\">W 260<\/span><\/p>\n<\/td>\n<td>\n<p class=\"s8\"><span dir=\"auto\">W 260<\/span><\/p>\n<\/td>\n<\/tr>\n<tr>\n<td>\n<p class=\"s8\"><span dir=\"auto\">Poraba energije\u00a0<\/span><\/p>\n<\/td>\n<td>\n<p class=\"s8\"><span dir=\"auto\">KwH\/24H 0,85<\/span><\/p>\n<\/td>\n<td>\n<p class=\"s8\"><span dir=\"auto\">KwH\/24H 0,925<\/span><\/p>\n<\/td>\n<td>\n<p class=\"s8\"><span dir=\"auto\">KwH\/24H 1,00<\/span><\/p>\n<\/td>\n<\/tr>\n<\/tbody>\n<\/table>","protected":false},"excerpt":{"rendered":"<p>Hladilnik vini z dvojnimi vrati 4 cone temperature, prezra\u010devan<\/p>","protected":false},"featured_media":10104,"comment_status":"open","ping_status":"closed","template":"","meta":[],"product_brand":[],"product_cat":[49],"product_tag":[],"class_list":{"0":"post-10054","1":"product","2":"type-product","3":"status-publish","4":"has-post-thumbnail","6":"product_cat-wine-fridges","8":"first","9":"instock","10":"shipping-taxable","11":"purchasable","12":"product-type-simple"},"_links":{"self":[{"href":"https:\/\/dersuessestopp.com\/sl\/wp-json\/wp\/v2\/product\/10054","targetHints":{"allow":["GET"]}}],"collection":[{"href":"https:\/\/dersuessestopp.com\/sl\/wp-json\/wp\/v2\/product"}],"about":[{"href":"https:\/\/dersuessestopp.com\/sl\/wp-json\/wp\/v2\/types\/product"}],"replies":[{"embeddable":true,"href":"https:\/\/dersuessestopp.com\/sl\/wp-json\/wp\/v2\/comments?post=10054"}],"version-history":[{"count":4,"href":"https:\/\/dersuessestopp.com\/sl\/wp-json\/wp\/v2\/product\/10054\/revisions"}],"predecessor-version":[{"id":11716,"href":"https:\/\/dersuessestopp.com\/sl\/wp-json\/wp\/v2\/product\/10054\/revisions\/11716"}],"wp:featuredmedia":[{"embeddable":true,"href":"https:\/\/dersuessestopp.com\/sl\/wp-json\/wp\/v2\/media\/10104"}],"wp:attachment":[{"href":"https:\/\/dersuessestopp.com\/sl\/wp-json\/wp\/v2\/media?parent=10054"}],"wp:term":[{"taxonomy":"product_brand","embeddable":true,"href":"https:\/\/dersuessestopp.com\/sl\/wp-json\/wp\/v2\/product_brand?post=10054"},{"taxonomy":"product_cat","embeddable":true,"href":"https:\/\/dersuessestopp.com\/sl\/wp-json\/wp\/v2\/product_cat?post=10054"},{"taxonomy":"product_tag","embeddable":true,"href":"https:\/\/dersuessestopp.com\/sl\/wp-json\/wp\/v2\/product_tag?post=10054"}],"curies":[{"name":"wp","href":"https:\/\/api.w.org\/{rel}","templated":true}]}}