{"id":828,"date":"2025-04-28T17:03:26","date_gmt":"2025-04-28T17:03:26","guid":{"rendered":"https:\/\/dersuessestopp.com\/?page_id=828"},"modified":"2025-10-18T17:34:20","modified_gmt":"2025-10-18T17:34:20","slug":"trgovina-na-debelo","status":"publish","type":"page","link":"https:\/\/dersuessestopp.com\/sl\/wholesale\/","title":{"rendered":"Trgovina na debelo"},"content":{"rendered":"<div data-elementor-type=\"wp-page\" data-elementor-id=\"828\" class=\"elementor elementor-828\" data-elementor-post-type=\"page\">\n\t\t\t\t<div class=\"elementor-element elementor-element-6e2e32f e-con-full e-flex e-con e-parent\" data-id=\"6e2e32f\" data-element_type=\"container\" data-e-type=\"container\" data-settings=\"{&quot;jet_parallax_layout_list&quot;:[],&quot;background_background&quot;:&quot;classic&quot;}\">\n\t\t<div class=\"elementor-element elementor-element-8ab6228 e-con-full e-flex e-con e-child\" data-id=\"8ab6228\" data-element_type=\"container\" data-e-type=\"container\" data-settings=\"{&quot;jet_parallax_layout_list&quot;:[]}\">\n\t\t\t\t<div class=\"elementor-element elementor-element-2b8e339 elementor-widget elementor-widget-spacer\" data-id=\"2b8e339\" data-element_type=\"widget\" data-e-type=\"widget\" data-widget_type=\"spacer.default\">\n\t\t\t\t<div class=\"elementor-widget-container\">\n\t\t\t\t\t\t\t<div class=\"elementor-spacer\">\n\t\t\t<div class=\"elementor-spacer-inner\"><\/div>\n\t\t<\/div>\n\t\t\t\t\t\t<\/div>\n\t\t\t\t<\/div>\n\t\t\t\t<div class=\"elementor-element elementor-element-53df87e elementor-widget__width-initial elementor-widget-mobile__width-inherit elementor-widget elementor-widget-heading\" data-id=\"53df87e\" data-element_type=\"widget\" data-e-type=\"widget\" id=\"header_h12\" data-widget_type=\"heading.default\">\n\t\t\t\t<div class=\"elementor-widget-container\">\n\t\t\t\t\t<h2 class=\"elementor-heading-title elementor-size-default\">Veleprodaja in re\u0161itve po meri<\/h2>\t\t\t\t<\/div>\n\t\t\t\t<\/div>\n\t\t\t\t<div class=\"elementor-element elementor-element-8f50fb0 elementor-widget elementor-widget-heading\" data-id=\"8f50fb0\" data-element_type=\"widget\" data-e-type=\"widget\" id=\"header_h123\" data-widget_type=\"heading.default\">\n\t\t\t\t<div class=\"elementor-widget-container\">\n\t\t\t\t\t<h2 class=\"elementor-heading-title elementor-size-default\">za strokovnjake za sladoled\n<\/h2>\t\t\t\t<\/div>\n\t\t\t\t<\/div>\n\t\t\t\t<div class=\"elementor-element elementor-element-29debea elementor-widget__width-initial elementor-widget elementor-widget-text-editor\" data-id=\"29debea\" data-element_type=\"widget\" data-e-type=\"widget\" id=\"header_p2\" data-widget_type=\"text-editor.default\">\n\t\t\t\t<div class=\"elementor-widget-container\">\n\t\t\t\t\t\t\t\t\t<p><span style=\"font-weight: 400;\">Od hladilne opreme po meri do proizvodnje sladoleda z lastno blagovno znamko - povezujemo vas z vrhunskimi izdelki in zaupanja vrednimi partnerji za va\u0161e podjetje. Ne glede na to, ali se \u0161irite, i\u0161\u010dete nove linije ali vlogo distributerja, vam pomagamo najti pravo re\u0161itev.<\/span><\/p>\t\t\t\t\t\t\t\t<\/div>\n\t\t\t\t<\/div>\n\t\t<div class=\"elementor-element elementor-element-774df01 e-con-full e-flex e-con e-child\" data-id=\"774df01\" data-element_type=\"container\" data-e-type=\"container\" data-settings=\"{&quot;jet_parallax_layout_list&quot;:[]}\">\n\t\t\t\t<div class=\"elementor-element elementor-element-4c70a62 elementor-widget elementor-widget-button\" data-id=\"4c70a62\" data-element_type=\"widget\" data-e-type=\"widget\" data-widget_type=\"button.default\">\n\t\t\t\t<div class=\"elementor-widget-container\">\n\t\t\t\t\t\t\t\t\t<div class=\"elementor-button-wrapper\">\n\t\t\t\t\t<a class=\"elementor-button elementor-button-link elementor-size-sm\" href=\"#\">\n\t\t\t\t\t\t<span class=\"elementor-button-content-wrapper\">\n\t\t\t\t\t\t\t\t\t<span class=\"elementor-button-text\">Razi\u0161\u010dite prilo\u017enosti<\/span>\n\t\t\t\t\t<\/span>\n\t\t\t\t\t<\/a>\n\t\t\t\t<\/div>\n\t\t\t\t\t\t\t\t<\/div>\n\t\t\t\t<\/div>\n\t\t\t\t<\/div>\n\t\t\t\t<\/div>\n\t\t\t\t<\/div>\n\t\t<div class=\"elementor-element elementor-element-1509745 e-flex e-con-boxed e-con e-parent\" data-id=\"1509745\" data-element_type=\"container\" data-e-type=\"container\" data-settings=\"{&quot;jet_parallax_layout_list&quot;:[]}\">\n\t\t\t\t\t<div class=\"e-con-inner\">\n\t\t\t\t<div class=\"elementor-element elementor-element-54dd536 elementor-widget elementor-widget-heading\" data-id=\"54dd536\" data-element_type=\"widget\" data-e-type=\"widget\" data-widget_type=\"heading.default\">\n\t\t\t\t<div class=\"elementor-widget-container\">\n\t\t\t\t\t<h2 class=\"elementor-heading-title elementor-size-default\">Zakaj delati z nami\n<\/h2>\t\t\t\t<\/div>\n\t\t\t\t<\/div>\n\t\t\t\t<div class=\"elementor-element elementor-element-2021d76 elementor-widget elementor-widget-heading\" data-id=\"2021d76\" data-element_type=\"widget\" data-e-type=\"widget\" data-widget_type=\"heading.default\">\n\t\t\t\t<div class=\"elementor-widget-container\">\n\t\t\t\t\t<h2 class=\"elementor-heading-title elementor-size-default\">Ve\u010d kot le zaloge<\/h2>\t\t\t\t<\/div>\n\t\t\t\t<\/div>\n\t\t\t\t<div class=\"elementor-element elementor-element-d39a76e elementor-widget elementor-widget-text-editor\" data-id=\"d39a76e\" data-element_type=\"widget\" data-e-type=\"widget\" data-widget_type=\"text-editor.default\">\n\t\t\t\t<div class=\"elementor-widget-container\">\n\t\t\t\t\t\t\t\t\t<p><span style=\"font-weight: 400;\">Sodelujemo z vodilnimi proizvajalci in izdelovalci ter ponujamo edinstvene, visokokakovostne re\u0161itve. Na\u0161a mre\u017ea podpira va\u0161o rast in vam pomaga izstopati na konkuren\u010dnem trgu, od prilagojene hladilne opreme do proizvodnje pod lastno blagovno znamko.<\/span><\/p>\t\t\t\t\t\t\t\t<\/div>\n\t\t\t\t<\/div>\n\t\t\t\t\t<\/div>\n\t\t\t\t<\/div>\n\t\t<div class=\"elementor-element elementor-element-6fedce9 e-grid e-con-boxed e-con e-parent\" data-id=\"6fedce9\" data-element_type=\"container\" data-e-type=\"container\" data-settings=\"{&quot;jet_parallax_layout_list&quot;:[]}\">\n\t\t\t\t\t<div class=\"e-con-inner\">\n\t\t\t\t<div class=\"elementor-element elementor-element-6ebfc85 elementor-flip-box--effect-fade elementor-widget elementor-widget-flip-box\" data-id=\"6ebfc85\" data-element_type=\"widget\" data-e-type=\"widget\" data-widget_type=\"flip-box.default\">\n\t\t\t\t<div class=\"elementor-widget-container\">\n\t\t\t\t\t\t\t<div class=\"elementor-flip-box\" tabindex=\"0\">\n\t\t\t<div class=\"elementor-flip-box__layer elementor-flip-box__front\">\n\t\t\t\t<div class=\"elementor-flip-box__layer__overlay\">\n\t\t\t\t\t<div class=\"elementor-flip-box__layer__inner\">\n\t\t\t\t\t\t\n\t\t\t\t\t\t\t\t\t\t\t\t\t<h3 class=\"elementor-flip-box__layer__title\">\n\t\t\t\t\t\t\t\tPrilagojena oprema za hlajenje\t\t\t\t\t\t\t<\/h3>\n\t\t\t\t\t\t\n\t\t\t\t\t\t\t\t\t\t\t<\/div>\n\t\t\t\t<\/div>\n\t\t\t<\/div>\n\t\t\t<div class=\"elementor-flip-box__layer elementor-flip-box__back\">\n\t\t\t<div class=\"elementor-flip-box__layer__overlay\">\n\t\t\t\t<div class=\"elementor-flip-box__layer__inner\">\n\t\t\t\t\t\n\t\t\t\t\t\t\t\t\t\t\t<div class=\"elementor-flip-box__layer__description\">\n\t\t\t\t\t\t\tS hladilniki, zamrzovalniki in vitrinami, prilagojenimi vam in va\u0161i blagovni znamki, iz podjetja Klimaitalia, ki mu zaupajo svetovna imena, kot so Mo\u00ebt &amp; Chandon, Pepsi in Beck's, lahko o\u017eivite svojo blagovno znamko.\n\t\t\t\t\t\t<\/div>\n\t\t\t\t\t\n\t\t\t\t\t\t\t\t<\/div>\n\t\t<\/div>\n\t\t<\/div>\n\t\t<\/div>\n\t\t\t\t\t\t<\/div>\n\t\t\t\t<\/div>\n\t\t\t\t<div class=\"elementor-element elementor-element-5d5b34b elementor-flip-box--effect-fade elementor-widget elementor-widget-flip-box\" data-id=\"5d5b34b\" data-element_type=\"widget\" data-e-type=\"widget\" data-widget_type=\"flip-box.default\">\n\t\t\t\t<div class=\"elementor-widget-container\">\n\t\t\t\t\t\t\t<div class=\"elementor-flip-box\" tabindex=\"0\">\n\t\t\t<div class=\"elementor-flip-box__layer elementor-flip-box__front\">\n\t\t\t\t<div class=\"elementor-flip-box__layer__overlay\">\n\t\t\t\t\t<div class=\"elementor-flip-box__layer__inner\">\n\t\t\t\t\t\t\n\t\t\t\t\t\t\t\t\t\t\t\t\t<h3 class=\"elementor-flip-box__layer__title\">\n\t\t\t\t\t\t\t\tI\u0161\u010dete distributerje\t\t\t\t\t\t\t<\/h3>\n\t\t\t\t\t\t\n\t\t\t\t\t\t\t\t\t\t\t<\/div>\n\t\t\t\t<\/div>\n\t\t\t<\/div>\n\t\t\t<div class=\"elementor-flip-box__layer elementor-flip-box__back\">\n\t\t\t<div class=\"elementor-flip-box__layer__overlay\">\n\t\t\t\t<div class=\"elementor-flip-box__layer__inner\">\n\t\t\t\t\t\n\t\t\t\t\t\t\t\t\t\t\t<div class=\"elementor-flip-box__layer__description\">\n\t\t\t\t\t\t\tVe\u010d na\u0161ih partnerjev aktivno i\u0161\u010de zanesljive distributerje v Avstriji, Nem\u010diji, \u0160vici in na Balkanu. Ali ste lahko to vi?\n\t\t\t\t\t\t<\/div>\n\t\t\t\t\t\n\t\t\t\t\t\t\t\t<\/div>\n\t\t<\/div>\n\t\t<\/div>\n\t\t<\/div>\n\t\t\t\t\t\t<\/div>\n\t\t\t\t<\/div>\n\t\t\t\t<div class=\"elementor-element elementor-element-03a7366 elementor-flip-box--effect-fade elementor-widget elementor-widget-flip-box\" data-id=\"03a7366\" data-element_type=\"widget\" data-e-type=\"widget\" data-widget_type=\"flip-box.default\">\n\t\t\t\t<div class=\"elementor-widget-container\">\n\t\t\t\t\t\t\t<div class=\"elementor-flip-box\" tabindex=\"0\">\n\t\t\t<div class=\"elementor-flip-box__layer elementor-flip-box__front\">\n\t\t\t\t<div class=\"elementor-flip-box__layer__overlay\">\n\t\t\t\t\t<div class=\"elementor-flip-box__layer__inner\">\n\t\t\t\t\t\t\n\t\t\t\t\t\t\t\t\t\t\t\t\t<h3 class=\"elementor-flip-box__layer__title\">\n\t\t\t\t\t\t\t\tProizvodnja zasebnih oznak\t\t\t\t\t\t\t<\/h3>\n\t\t\t\t\t\t\n\t\t\t\t\t\t\t\t\t\t\t<\/div>\n\t\t\t\t<\/div>\n\t\t\t<\/div>\n\t\t\t<div class=\"elementor-flip-box__layer elementor-flip-box__back\">\n\t\t\t<div class=\"elementor-flip-box__layer__overlay\">\n\t\t\t\t<div class=\"elementor-flip-box__layer__inner\">\n\t\t\t\t\t\n\t\t\t\t\t\t\t\t\t\t\t<div class=\"elementor-flip-box__layer__description\">\n\t\t\t\t\t\t\tEden od na\u0161ih partnerjev proizvaja sladoled za velike blagovne znamke. Vas zanima uvedba lastne blagovne znamke? Stopite v stik z nami in preu\u010dite mo\u017enosti - od razvoja recepta do popolne embala\u017ee.\n\t\t\t\t\t\t<\/div>\n\t\t\t\t\t\n\t\t\t\t\t\t\t\t<\/div>\n\t\t<\/div>\n\t\t<\/div>\n\t\t<\/div>\n\t\t\t\t\t\t<\/div>\n\t\t\t\t<\/div>\n\t\t\t\t\t<\/div>\n\t\t\t\t<\/div>\n\t\t<div class=\"elementor-element elementor-element-f52309f e-flex e-con-boxed e-con e-parent\" data-id=\"f52309f\" data-element_type=\"container\" data-e-type=\"container\" data-settings=\"{&quot;jet_parallax_layout_list&quot;:[]}\">\n\t\t\t\t\t<div class=\"e-con-inner\">\n\t\t<div class=\"elementor-element elementor-element-65359ae e-con-full e-flex e-con e-child\" data-id=\"65359ae\" data-element_type=\"container\" data-e-type=\"container\" data-settings=\"{&quot;jet_parallax_layout_list&quot;:[]}\">\n\t\t\t\t<div class=\"elementor-element elementor-element-7aa301d elementor-widget elementor-widget-image\" data-id=\"7aa301d\" data-element_type=\"widget\" data-e-type=\"widget\" data-widget_type=\"image.default\">\n\t\t\t\t<div class=\"elementor-widget-container\">\n\t\t\t\t\t\t\t\t\t\t\t\t\t\t\t<img decoding=\"async\" src=\"https:\/\/dersuessestopp.com\/wp-content\/uploads\/2025\/09\/trust-in-business-relationship-trusted-partner-2024-10-18-05-34-41-utc-scaled.jpg\" title=\"Ustvarjanje trdnega poslovnega partnerstva, vzpostavljanje zaupanja\" alt=\"Znak zaupanja vrednega partnerja, odtisnjen na papirnati podlagi z gumijastim \u017eigom. Koncept zaupanja v poslovanju in partnerstvu. 3D ilustracija\" loading=\"lazy\" \/>\t\t\t\t\t\t\t\t\t\t\t\t\t\t\t<\/div>\n\t\t\t\t<\/div>\n\t\t\t\t<\/div>\n\t\t<div class=\"elementor-element elementor-element-78d220c e-con-full e-flex e-con e-child\" data-id=\"78d220c\" data-element_type=\"container\" data-e-type=\"container\" data-settings=\"{&quot;jet_parallax_layout_list&quot;:[]}\">\n\t\t\t\t<div class=\"elementor-element elementor-element-c6d3858 elementor-widget elementor-widget-heading\" data-id=\"c6d3858\" data-element_type=\"widget\" data-e-type=\"widget\" data-widget_type=\"heading.default\">\n\t\t\t\t<div class=\"elementor-widget-container\">\n\t\t\t\t\t<h3 class=\"elementor-heading-title elementor-size-default\">Partnerji Premium<\/h3>\t\t\t\t<\/div>\n\t\t\t\t<\/div>\n\t\t\t\t<div class=\"elementor-element elementor-element-b5534d0 elementor-widget elementor-widget-heading\" data-id=\"b5534d0\" data-element_type=\"widget\" data-e-type=\"widget\" data-widget_type=\"heading.default\">\n\t\t\t\t<div class=\"elementor-widget-container\">\n\t\t\t\t\t<h4 class=\"elementor-heading-title elementor-size-default\">Resni\u010dna vrednost za va\u0161e podjetje\n\n<\/h4>\t\t\t\t<\/div>\n\t\t\t\t<\/div>\n\t\t\t\t<div class=\"elementor-element elementor-element-3c721af elementor-widget elementor-widget-text-editor\" data-id=\"3c721af\" data-element_type=\"widget\" data-e-type=\"widget\" data-widget_type=\"text-editor.default\">\n\t\t\t\t<div class=\"elementor-widget-container\">\n\t\t\t\t\t\t\t\t\t<p><span style=\"font-weight: 400;\">Redno prejemamo ponudbe visokokakovostnih proizvajalcev. Naslednja bo morda popolnoma ustrezala va\u0161emu podjetju. S sodelovanjem z nami pridobite dostop do prilo\u017enosti, ki na prostem trgu niso vedno vidne, in zaupanje partnerjev, ki \u017ee slu\u017eijo svetovnim blagovnim znamkam.<\/span><\/p>\t\t\t\t\t\t\t\t<\/div>\n\t\t\t\t<\/div>\n\t\t\t\t<\/div>\n\t\t\t\t\t<\/div>\n\t\t\t\t<\/div>\n\t\t<div class=\"elementor-element elementor-element-9d22eee e-flex e-con-boxed e-con e-parent\" data-id=\"9d22eee\" data-element_type=\"container\" data-e-type=\"container\" data-settings=\"{&quot;background_background&quot;:&quot;classic&quot;,&quot;jet_parallax_layout_list&quot;:[]}\">\n\t\t\t\t\t<div class=\"e-con-inner\">\n\t\t<div class=\"elementor-element elementor-element-0ac4a9e e-con-full e-flex e-con e-child\" data-id=\"0ac4a9e\" data-element_type=\"container\" data-e-type=\"container\" data-settings=\"{&quot;jet_parallax_layout_list&quot;:[]}\">\n\t\t\t\t<div class=\"elementor-element elementor-element-1172530 elementor-widget elementor-widget-heading\" data-id=\"1172530\" data-element_type=\"widget\" data-e-type=\"widget\" data-widget_type=\"heading.default\">\n\t\t\t\t<div class=\"elementor-widget-container\">\n\t\t\t\t\t<h1 class=\"elementor-heading-title elementor-size-default\">Priporo\u010dene prilo\u017enosti\n<\/h1>\t\t\t\t<\/div>\n\t\t\t\t<\/div>\n\t\t\t\t<div class=\"elementor-element elementor-element-0bdddb6 elementor-widget elementor-widget-heading\" data-id=\"0bdddb6\" data-element_type=\"widget\" data-e-type=\"widget\" data-widget_type=\"heading.default\">\n\t\t\t\t<div class=\"elementor-widget-container\">\n\t\t\t\t\t<h4 class=\"elementor-heading-title elementor-size-default\">Prav zdaj<\/h4>\t\t\t\t<\/div>\n\t\t\t\t<\/div>\n\t\t\t\t<div class=\"elementor-element elementor-element-fd2411c elementor-widget elementor-widget-text-editor\" data-id=\"fd2411c\" data-element_type=\"widget\" data-e-type=\"widget\" data-widget_type=\"text-editor.default\">\n\t\t\t\t<div class=\"elementor-widget-container\">\n\t\t\t\t\t\t\t\t\t<p><span style=\"font-weight: 400;\">Oglejte si na\u0161e aktualne zanimivosti - od proizvodnje sladoleda z lastno blagovno znamko do hlajenja po meri. Stopite v stik z nami in se pogovorite o svojih potrebah ter si \u010dim prej zagotovite mesto.<\/span><\/p>\t\t\t\t\t\t\t\t<\/div>\n\t\t\t\t<\/div>\n\t\t\t\t<\/div>\n\t\t<div class=\"elementor-element elementor-element-17dce2f e-con-full e-flex e-con e-child\" data-id=\"17dce2f\" data-element_type=\"container\" data-e-type=\"container\" data-settings=\"{&quot;jet_parallax_layout_list&quot;:[]}\">\n\t\t\t\t<div class=\"elementor-element elementor-element-1665872 elementor-widget elementor-widget-image\" data-id=\"1665872\" data-element_type=\"widget\" data-e-type=\"widget\" data-widget_type=\"image.default\">\n\t\t\t\t<div class=\"elementor-widget-container\">\n\t\t\t\t\t\t\t\t\t\t\t\t\t\t\t<img fetchpriority=\"high\" decoding=\"async\" width=\"2560\" height=\"1707\" src=\"https:\/\/dersuessestopp.com\/wp-content\/uploads\/2025\/09\/young-businesswoman-wearing-headset-communicating-with-client-while-going-through-paperwork-office-scaled.jpg\" class=\"attachment-full size-full wp-image-8280\" alt=\"\u017denska, ki odgovarja na telefonske klice v kontaktnem centru podjetja Der s\u00fc\u00dfe Stopp\" srcset=\"https:\/\/dersuessestopp.com\/wp-content\/uploads\/2025\/09\/young-businesswoman-wearing-headset-communicating-with-client-while-going-through-paperwork-office-scaled.jpg 2560w, https:\/\/dersuessestopp.com\/wp-content\/uploads\/2025\/09\/young-businesswoman-wearing-headset-communicating-with-client-while-going-through-paperwork-office-scaled-250x167.jpg 250w, https:\/\/dersuessestopp.com\/wp-content\/uploads\/2025\/09\/young-businesswoman-wearing-headset-communicating-with-client-while-going-through-paperwork-office-scaled-600x400.jpg 600w, https:\/\/dersuessestopp.com\/wp-content\/uploads\/2025\/09\/young-businesswoman-wearing-headset-communicating-with-client-while-going-through-paperwork-office-300x200.jpg 300w, https:\/\/dersuessestopp.com\/wp-content\/uploads\/2025\/09\/young-businesswoman-wearing-headset-communicating-with-client-while-going-through-paperwork-office-1024x683.jpg 1024w, https:\/\/dersuessestopp.com\/wp-content\/uploads\/2025\/09\/young-businesswoman-wearing-headset-communicating-with-client-while-going-through-paperwork-office-768x512.jpg 768w, https:\/\/dersuessestopp.com\/wp-content\/uploads\/2025\/09\/young-businesswoman-wearing-headset-communicating-with-client-while-going-through-paperwork-office-1536x1024.jpg 1536w, https:\/\/dersuessestopp.com\/wp-content\/uploads\/2025\/09\/young-businesswoman-wearing-headset-communicating-with-client-while-going-through-paperwork-office-2048x1365.jpg 2048w\" sizes=\"(max-width: 2560px) 100vw, 2560px\" \/>\t\t\t\t\t\t\t\t\t\t\t\t\t\t\t<\/div>\n\t\t\t\t<\/div>\n\t\t\t\t<\/div>\n\t\t\t\t\t<\/div>\n\t\t\t\t<\/div>\n\t\t<div class=\"elementor-element elementor-element-fb64297 e-flex e-con-boxed e-con e-parent\" data-id=\"fb64297\" data-element_type=\"container\" data-e-type=\"container\" data-settings=\"{&quot;background_background&quot;:&quot;classic&quot;,&quot;jet_parallax_layout_list&quot;:[]}\">\n\t\t\t\t\t<div class=\"e-con-inner\">\n\t\t<div class=\"elementor-element elementor-element-91d44f5 e-con-full e-flex e-con e-child\" data-id=\"91d44f5\" data-element_type=\"container\" data-e-type=\"container\" data-settings=\"{&quot;background_background&quot;:&quot;classic&quot;,&quot;jet_parallax_layout_list&quot;:[]}\">\n\t\t<div class=\"elementor-element elementor-element-77e169d e-con-full e-flex e-con e-child\" data-id=\"77e169d\" data-element_type=\"container\" data-e-type=\"container\" data-settings=\"{&quot;jet_parallax_layout_list&quot;:[]}\">\n\t\t\t\t<div class=\"elementor-element elementor-element-36e4669 elementor-widget elementor-widget-heading\" data-id=\"36e4669\" data-element_type=\"widget\" data-e-type=\"widget\" data-widget_type=\"heading.default\">\n\t\t\t\t<div class=\"elementor-widget-container\">\n\t\t\t\t\t<h3 class=\"elementor-heading-title elementor-size-default\">Zgradimo nekaj skupaj\n<\/h3>\t\t\t\t<\/div>\n\t\t\t\t<\/div>\n\t\t\t\t<div class=\"elementor-element elementor-element-854b498 elementor-widget__width-initial elementor-widget elementor-widget-text-editor\" data-id=\"854b498\" data-element_type=\"widget\" data-e-type=\"widget\" data-widget_type=\"text-editor.default\">\n\t\t\t\t<div class=\"elementor-widget-container\">\n\t\t\t\t\t\t\t\t\t<p><span style=\"font-weight: 400;\">Ne glede na to, ali i\u0161\u010dete nove izdelke, \u017eelite distribuirati ali uvesti svojo lastno blagovno znamko, smo tu, da vas pove\u017eemo s pravimi partnerji in vam pomagamo rasti.<\/span><\/p>\t\t\t\t\t\t\t\t<\/div>\n\t\t\t\t<\/div>\n\t\t\t\t<\/div>\n\t\t\t\t<div class=\"elementor-element elementor-element-c538a2e elementor-widget elementor-widget-button\" data-id=\"c538a2e\" data-element_type=\"widget\" data-e-type=\"widget\" data-widget_type=\"button.default\">\n\t\t\t\t<div class=\"elementor-widget-container\">\n\t\t\t\t\t\t\t\t\t<div class=\"elementor-button-wrapper\">\n\t\t\t\t\t<a class=\"elementor-button elementor-button-link elementor-size-sm\" href=\"https:\/\/dersuessestopp.com\/sl\/wein-welt\/\">\n\t\t\t\t\t\t<span class=\"elementor-button-content-wrapper\">\n\t\t\t\t\t\t\t\t\t<span class=\"elementor-button-text\">Pi\u0161ite nam za prilo\u017enosti za prodajo na debelo<\/span>\n\t\t\t\t\t<\/span>\n\t\t\t\t\t<\/a>\n\t\t\t\t<\/div>\n\t\t\t\t\t\t\t\t<\/div>\n\t\t\t\t<\/div>\n\t\t\t\t<\/div>\n\t\t\t\t\t<\/div>\n\t\t\t\t<\/div>\n\t\t\t\t<\/div>","protected":false},"excerpt":{"rendered":"<p>Wholesale &amp; Custom Solutions for Ice Cream Professionals From custom cooling equipment to private-label ice cream production \u2014 we connect you with premium products and trusted partners for your business. Whether you\u2019re expanding, sourcing new lines, or looking for a distributor role, we help you find the right fit. Explore Opportunities Why Work With Us [&hellip;]<\/p>\n","protected":false},"author":2,"featured_media":0,"parent":0,"menu_order":0,"comment_status":"closed","ping_status":"closed","template":"","meta":{"footnotes":""},"class_list":["post-828","page","type-page","status-publish","hentry"],"_links":{"self":[{"href":"https:\/\/dersuessestopp.com\/sl\/wp-json\/wp\/v2\/pages\/828","targetHints":{"allow":["GET"]}}],"collection":[{"href":"https:\/\/dersuessestopp.com\/sl\/wp-json\/wp\/v2\/pages"}],"about":[{"href":"https:\/\/dersuessestopp.com\/sl\/wp-json\/wp\/v2\/types\/page"}],"author":[{"embeddable":true,"href":"https:\/\/dersuessestopp.com\/sl\/wp-json\/wp\/v2\/users\/2"}],"replies":[{"embeddable":true,"href":"https:\/\/dersuessestopp.com\/sl\/wp-json\/wp\/v2\/comments?post=828"}],"version-history":[{"count":70,"href":"https:\/\/dersuessestopp.com\/sl\/wp-json\/wp\/v2\/pages\/828\/revisions"}],"predecessor-version":[{"id":14505,"href":"https:\/\/dersuessestopp.com\/sl\/wp-json\/wp\/v2\/pages\/828\/revisions\/14505"}],"wp:attachment":[{"href":"https:\/\/dersuessestopp.com\/sl\/wp-json\/wp\/v2\/media?parent=828"}],"curies":[{"name":"wp","href":"https:\/\/api.w.org\/{rel}","templated":true}]}}