{"id":4629,"date":"2025-08-04T22:08:19","date_gmt":"2025-08-04T22:08:19","guid":{"rendered":"https:\/\/dersuessestopp.com\/?page_id=4629"},"modified":"2025-09-27T18:36:05","modified_gmt":"2025-09-27T18:36:05","slug":"impressum","status":"publish","type":"page","link":"https:\/\/dersuessestopp.com\/sl\/impressum\/","title":{"rendered":"Impressum"},"content":{"rendered":"<div data-elementor-type=\"wp-page\" data-elementor-id=\"4629\" class=\"elementor elementor-4629\" data-elementor-post-type=\"page\">\n\t\t\t\t<div class=\"elementor-element elementor-element-966acb2 e-flex e-con-boxed e-con e-parent\" data-id=\"966acb2\" data-element_type=\"container\" data-e-type=\"container\" data-settings=\"{&quot;jet_parallax_layout_list&quot;:[]}\">\n\t\t\t\t\t<div class=\"e-con-inner\">\n\t\t\t\t<div class=\"elementor-element elementor-element-d17d92b elementor-widget elementor-widget-heading\" data-id=\"d17d92b\" data-element_type=\"widget\" data-e-type=\"widget\" data-widget_type=\"heading.default\">\n\t\t\t\t<div class=\"elementor-widget-container\">\n\t\t\t\t\t<h2 class=\"elementor-heading-title elementor-size-default\">Impressum<\/h2>\t\t\t\t<\/div>\n\t\t\t\t<\/div>\n\t\t\t\t<div class=\"elementor-element elementor-element-dd56234 elementor-widget elementor-widget-text-editor\" data-id=\"dd56234\" data-element_type=\"widget\" data-e-type=\"widget\" data-widget_type=\"text-editor.default\">\n\t\t\t\t<div class=\"elementor-widget-container\">\n\t\t\t\t\t\t\t\t\t<p>Der S\u00fc\u00dfe Stopp\u00a0<\/p><p>Lastnik: Zoran Obradovi\u0107<\/p><p>Seepromenade 22<\/p><p>6213 Pertisau<\/p><p>Avstrija<\/p><p>+43 (0) 664 321 83 91<\/p><p class=\"font_8 wixui-rich-text__text\"><span class=\"wixui-rich-text__text\"><a class=\"wixui-rich-text__text\" href=\"mailto:info@dersuessestopp.com\" target=\"_self\">info@dersuessestopp.com<\/a><\/span><\/p><p class=\"font_8 wixui-rich-text__text\">Poobla\u0161\u010deni izvr\u0161ni direktor: Zoran Obradovi\u0107<\/p><p class=\"font_8 wixui-rich-text__text\">\u010clanica:\u00a0\u00a0<span class=\"wixui-rich-text__text\"><a class=\"wixui-rich-text__text\" href=\"https:\/\/firmen.wko.at\/sweet-dreams-og\/nieder%c3%b6sterreich\/?firmaid=483d769d-0c84-4a04-93ea-27111287e014&amp;name=sweet+dreams+og&amp;standort=nieder%c3%b6sterreich+(bundesland)\" target=\"_blank\" rel=\"noreferrer noopener\">WKO Schwaz\u00a0<\/a><\/span><span class=\"wixui-rich-text__text\"><a class=\"wixui-rich-text__text\" href=\"https:\/\/firmen.wko.at\/sweet-dreams-og\/nieder%c3%b6sterreich\/?firmaid=483d769d-0c84-4a04-93ea-27111287e014&amp;name=sweet+dreams+og&amp;standort=nieder%c3%b6sterreich+(bundesland)\" target=\"_blank\" rel=\"noreferrer noopener\">\u00a0in zanj veljajo dolo\u010dbe Zakona o regulaciji trgovine<\/a><\/span><\/p><p class=\"font_8 wixui-rich-text__text\">Poslovni namen: trgovina\u00a0<\/p><p class=\"font_8 wixui-rich-text__text\">Okro\u017eno sodi\u0161\u010de: Schwaz<\/p><p class=\"font_8 wixui-rich-text__text\">Identifikacijska \u0161tevilka za DDV: ATU76837513<\/p><p class=\"font_8 wixui-rich-text__text\">Ban\u010dni ra\u010dun:<br class=\"wixui-rich-text__text\" \/>Raiffeisen Regionalbank Achensee, podru\u017enica Maurach<br class=\"wixui-rich-text__text\" \/>IBAN: AT88 3621 8000 0005 7240<br class=\"wixui-rich-text__text\" \/>BIC: RZTIAT22218<\/p><h2 class=\"font_8 wixui-rich-text__text\"><span class=\"wixui-rich-text__text\">Izjava o omejitvi odgovornosti za vsebino<\/span><\/h2><p class=\"font_8 wixui-rich-text__text\">Informacije na tej strani so namenjene predstavitvi \u010dlankov in izdelkov za spletno trgovino, ki je \u0161e v povojih. Stran je \u0161e vedno v nastajanju in se nenehno posodablja in izbolj\u0161uje. Vsa vsebina na teh straneh je ustvarjena z najve\u010djo skrbnostjo. Vendar ne morem prevzeti odgovornosti za to\u010dnost, popolnost ali pravo\u010dasnost te vsebine. Upo\u0161tevajte, da vsebina in informacije, objavljene na spletnem mestu, ne predstavljajo kakr\u0161nega koli nasveta. Odgovornost za premo\u017eenjsko ali nepremo\u017eenjsko \u0161kodo, ki je posledica uporabe informacij, predstavljenih na tem spleti\u0161\u010du, je v celoti izklju\u010dena, kolikor to dovoljuje zakon. Poleg tega upravljavec spletnega mesta ni odgovoren za kakr\u0161no koli nezakonito vsebino na zunanjih spletnih mestih, na katera se neposredno ali posredno sklicuje prek hiperpovezav. Za vsebino povezanih strani so odgovorni izklju\u010dno njihovi upravljavci. \u010ce bom seznanjen s kr\u0161itvijo zakona na povezani strani, bo povezava nemudoma odstranjena.<\/p><h2 class=\"font_8 wixui-rich-text__text\"><span class=\"wixui-rich-text__text\">Avtorske pravice<\/span><\/h2><p class=\"font_8 wixui-rich-text__text\">Za objave na teh straneh velja avstrijska zakonodaja o avtorskih pravicah in drugi zakoni o intelektualni lastnini. To velja tudi za prispevke tretjih oseb.<\/p><p class=\"font_8 wixui-rich-text__text\">Informacije o spletnem re\u0161evanju sporov: Komisija EU je vzpostavila spletno platformo za spletno re\u0161evanje sporov. Platforma je kontaktna to\u010dka za izvensodno re\u0161evanje sporov v zvezi s pogodbenimi obveznostmi, ki izhajajo iz spletnih prodajnih pogodb. Stranke lahko do platforme dostopajo na naslednji povezavi:\u00a0\u00a0<span class=\"wixui-rich-text__text\"><a class=\"wixui-rich-text__text\" href=\"https:\/\/ec.europa.eu\/consumers\/odr\" target=\"_blank\" rel=\"noreferrer noopener\">https:\/\/ec.europa.eu\/consumers\/odr<\/a><\/span><\/p><p class=\"font_8 wixui-rich-text__text\">Nismo pripravljeni niti dol\u017eni sodelovati v postopkih re\u0161evanja sporov pred potro\u0161ni\u0161kimi arbitra\u017enimi komisijami.<\/p><p class=\"font_8 wixui-rich-text__text\">\u200b<\/p><h2 class=\"font_8 wixui-rich-text__text\"><span class=\"wixui-rich-text__text\">Ta odtis je namenjen:\u00a0<\/span><\/h2><p class=\"font_8 wixui-rich-text__text\">\u00a0<span class=\"wixui-rich-text__text\"><a class=\"wixui-rich-text__text\" href=\"https:\/\/www.dersuessestop.com\/\" target=\"_blank\" rel=\"noreferrer noopener\">https:\/\/www.dersuessestop.com<\/a><\/span><\/p><p class=\"font_8 wixui-rich-text__text\"><span class=\"wixui-rich-text__text\"><a class=\"wixui-rich-text__text\" href=\"https:\/\/www.softeis-investition.com\/\" target=\"_blank\" rel=\"noopener\" data-auto-recognition=\"true\">https:\/\/www.softeis-investition.com<\/a><\/span><\/p><p class=\"font_8 wixui-rich-text__text\"><span class=\"wixui-rich-text__text\"><a class=\"wixui-rich-text__text\" href=\"https:\/\/www.dersuessestop-graz.com\/\" target=\"_blank\" rel=\"noreferrer noopener\">https:\/\/www.dersuessestop-graz.com<\/a><\/span><\/p><p class=\"font_8 wixui-rich-text__text\"><span class=\"wixui-rich-text__text\"><a class=\"wixui-rich-text__text\" href=\"https:\/\/www.facebook.com\/dersuessestopp\" target=\"_blank\" rel=\"noreferrer noopener\">https:\/\/www.facebook.com\/dersuessestopp<\/a><\/span><\/p><p class=\"font_8 wixui-rich-text__text\">\u00a0<span class=\"wixui-rich-text__text\"><a class=\"wixui-rich-text__text\" href=\"https:\/\/instagram.com\/dersuessestopp\" target=\"_blank\" rel=\"noreferrer noopener\">https:\/\/instagram.com\/dersuessestopp<\/a><\/span><\/p>\t\t\t\t\t\t\t\t<\/div>\n\t\t\t\t<\/div>\n\t\t\t\t\t<\/div>\n\t\t\t\t<\/div>\n\t\t\t\t<\/div>","protected":false},"excerpt":{"rendered":"<p>Impressum Der S\u00fc\u00dfe Stopp\u00a0 Owner: Zoran Obradovic Seepromenade 22 6213 Pertisau Austria +43 (0) 664 321 83 91 info@dersuessestopp.com Authorized Managing Director: Zoran Obradovic Member:\u00a0\u00a0WKO Schwaz\u00a0\u00a0and is subject to the provisions of the Trade Regulation Act Business purpose: Trade\u00a0 District Court: Schwaz VAT identification number: ATU76837513 Bank account:Raiffeisen Regionalbank Achensee, Maurach branchIBAN: AT88 3621 8000 [&hellip;]<\/p>\n","protected":false},"author":1,"featured_media":0,"parent":0,"menu_order":0,"comment_status":"closed","ping_status":"closed","template":"","meta":{"footnotes":""},"class_list":["post-4629","page","type-page","status-publish","hentry"],"_links":{"self":[{"href":"https:\/\/dersuessestopp.com\/sl\/wp-json\/wp\/v2\/pages\/4629","targetHints":{"allow":["GET"]}}],"collection":[{"href":"https:\/\/dersuessestopp.com\/sl\/wp-json\/wp\/v2\/pages"}],"about":[{"href":"https:\/\/dersuessestopp.com\/sl\/wp-json\/wp\/v2\/types\/page"}],"author":[{"embeddable":true,"href":"https:\/\/dersuessestopp.com\/sl\/wp-json\/wp\/v2\/users\/1"}],"replies":[{"embeddable":true,"href":"https:\/\/dersuessestopp.com\/sl\/wp-json\/wp\/v2\/comments?post=4629"}],"version-history":[{"count":7,"href":"https:\/\/dersuessestopp.com\/sl\/wp-json\/wp\/v2\/pages\/4629\/revisions"}],"predecessor-version":[{"id":9663,"href":"https:\/\/dersuessestopp.com\/sl\/wp-json\/wp\/v2\/pages\/4629\/revisions\/9663"}],"wp:attachment":[{"href":"https:\/\/dersuessestopp.com\/sl\/wp-json\/wp\/v2\/media?parent=4629"}],"curies":[{"name":"wp","href":"https:\/\/api.w.org\/{rel}","templated":true}]}}