{"id":4191,"date":"2025-07-28T03:29:56","date_gmt":"2025-07-28T03:29:56","guid":{"rendered":"https:\/\/dersuessestopp.com\/?page_id=4191"},"modified":"2025-10-18T17:23:56","modified_gmt":"2025-10-18T17:23:56","slug":"vesoljski-clovek","status":"publish","type":"page","link":"https:\/\/dersuessestopp.com\/sl\/spaceman\/","title":{"rendered":"Spaceman"},"content":{"rendered":"<div data-elementor-type=\"wp-page\" data-elementor-id=\"4191\" class=\"elementor elementor-4191\" data-elementor-post-type=\"page\">\n\t\t\t\t<div class=\"elementor-element elementor-element-678f9fd e-con-full e-flex e-con e-parent\" data-id=\"678f9fd\" data-element_type=\"container\" data-e-type=\"container\" data-settings=\"{&quot;jet_parallax_layout_list&quot;:[],&quot;background_background&quot;:&quot;classic&quot;}\">\n\t\t<div class=\"elementor-element elementor-element-4e269ac e-con-full e-flex e-con e-child\" data-id=\"4e269ac\" data-element_type=\"container\" data-e-type=\"container\" data-settings=\"{&quot;jet_parallax_layout_list&quot;:[]}\">\n\t\t\t\t<div class=\"elementor-element elementor-element-1e8c1c5 elementor-widget__width-initial elementor-widget-mobile__width-inherit elementor-widget elementor-widget-heading\" data-id=\"1e8c1c5\" data-element_type=\"widget\" data-e-type=\"widget\" id=\"header_h12\" data-widget_type=\"heading.default\">\n\t\t\t\t<div class=\"elementor-widget-container\">\n\t\t\t\t\t<h2 class=\"elementor-heading-title elementor-size-default\">Spaceman stroji za to\u010deni sladoled in zamrznjene napitke<\/h2>\t\t\t\t<\/div>\n\t\t\t\t<\/div>\n\t\t\t\t<div class=\"elementor-element elementor-element-27a1088 elementor-widget elementor-widget-heading\" data-id=\"27a1088\" data-element_type=\"widget\" data-e-type=\"widget\" id=\"header_h123\" data-widget_type=\"heading.default\">\n\t\t\t\t<div class=\"elementor-widget-container\">\n\t\t\t\t\t<h2 class=\"elementor-heading-title elementor-size-default\">Pametna izbira za rasto\u010da podjetja<\/h2>\t\t\t\t<\/div>\n\t\t\t\t<\/div>\n\t\t\t\t<div class=\"elementor-element elementor-element-1bf3c04 elementor-widget__width-initial elementor-widget elementor-widget-text-editor\" data-id=\"1bf3c04\" data-element_type=\"widget\" data-e-type=\"widget\" id=\"header_p2\" data-widget_type=\"text-editor.default\">\n\t\t\t\t<div class=\"elementor-widget-container\">\n\t\t\t\t\t\t\t\t\t<p><span style=\"font-weight: 400;\">Zanesljivi, kakovostni stroji, zasnovani za kremast to\u010deni sladoled in osve\u017eilne zamrznjene napitke.\nPopolni za zagonska in hitro rasto\u010da podjetja, ki i\u0161\u010dejo odli\u010dno zmogljivost po dostopni ceni.<\/span><\/p>\t\t\t\t\t\t\t\t<\/div>\n\t\t\t\t<\/div>\n\t\t\t\t<div class=\"elementor-element elementor-element-9ef7853 elementor-widget-mobile__width-initial elementor-widget elementor-widget-button\" data-id=\"9ef7853\" data-element_type=\"widget\" data-e-type=\"widget\" data-widget_type=\"button.default\">\n\t\t\t\t<div class=\"elementor-widget-container\">\n\t\t\t\t\t\t\t\t\t<div class=\"elementor-button-wrapper\">\n\t\t\t\t\t<a class=\"elementor-button elementor-button-link elementor-size-sm\" href=\"#machines\">\n\t\t\t\t\t\t<span class=\"elementor-button-content-wrapper\">\n\t\t\t\t\t\t\t\t\t<span class=\"elementor-button-text\">Razi\u0161\u010dite Spaceman Machines<\/span>\n\t\t\t\t\t<\/span>\n\t\t\t\t\t<\/a>\n\t\t\t\t<\/div>\n\t\t\t\t\t\t\t\t<\/div>\n\t\t\t\t<\/div>\n\t\t\t\t<\/div>\n\t\t\t\t<\/div>\n\t\t<div class=\"elementor-element elementor-element-728a259 e-flex e-con-boxed e-con e-parent\" data-id=\"728a259\" data-element_type=\"container\" data-e-type=\"container\" data-settings=\"{&quot;jet_parallax_layout_list&quot;:[]}\">\n\t\t\t\t\t<div class=\"e-con-inner\">\n\t\t\t\t<div class=\"elementor-element elementor-element-c4ca77e elementor-widget elementor-widget-heading\" data-id=\"c4ca77e\" data-element_type=\"widget\" data-e-type=\"widget\" data-widget_type=\"heading.default\">\n\t\t\t\t<div class=\"elementor-widget-container\">\n\t\t\t\t\t<h2 class=\"elementor-heading-title elementor-size-default\">Zakaj izbrati Spaceman?\n<\/h2>\t\t\t\t<\/div>\n\t\t\t\t<\/div>\n\t\t\t\t<div class=\"elementor-element elementor-element-f176a9d elementor-widget elementor-widget-heading\" data-id=\"f176a9d\" data-element_type=\"widget\" data-e-type=\"widget\" data-widget_type=\"heading.default\">\n\t\t\t\t<div class=\"elementor-widget-container\">\n\t\t\t\t\t<h2 class=\"elementor-heading-title elementor-size-default\">\u0160tiri klju\u010dne prednosti, ki nas razlikujejo<\/h2>\t\t\t\t<\/div>\n\t\t\t\t<\/div>\n\t\t\t\t\t<\/div>\n\t\t\t\t<\/div>\n\t\t<div class=\"elementor-element elementor-element-aea1bae e-grid e-con-boxed e-con e-parent\" data-id=\"aea1bae\" data-element_type=\"container\" data-e-type=\"container\" data-settings=\"{&quot;jet_parallax_layout_list&quot;:[]}\">\n\t\t\t\t\t<div class=\"e-con-inner\">\n\t\t\t\t<div class=\"elementor-element elementor-element-e587eca elementor-flip-box--effect-fade elementor-widget elementor-widget-flip-box\" data-id=\"e587eca\" data-element_type=\"widget\" data-e-type=\"widget\" data-widget_type=\"flip-box.default\">\n\t\t\t\t<div class=\"elementor-widget-container\">\n\t\t\t\t\t\t\t<div class=\"elementor-flip-box\" tabindex=\"0\">\n\t\t\t<div class=\"elementor-flip-box__layer elementor-flip-box__front\">\n\t\t\t\t<div class=\"elementor-flip-box__layer__overlay\">\n\t\t\t\t\t<div class=\"elementor-flip-box__layer__inner\">\n\t\t\t\t\t\t\n\t\t\t\t\t\t\t\t\t\t\t\t\t<h3 class=\"elementor-flip-box__layer__title\">\n\t\t\t\t\t\t\t\tNatan\u010dnost in inovacije\t\t\t\t\t\t\t<\/h3>\n\t\t\t\t\t\t\n\t\t\t\t\t\t\t\t\t\t\t<\/div>\n\t\t\t\t<\/div>\n\t\t\t<\/div>\n\t\t\t<div class=\"elementor-flip-box__layer elementor-flip-box__back\">\n\t\t\t<div class=\"elementor-flip-box__layer__overlay\">\n\t\t\t\t<div class=\"elementor-flip-box__layer__inner\">\n\t\t\t\t\t\n\t\t\t\t\t\t\t\t\t\t\t<div class=\"elementor-flip-box__layer__description\">\n\t\t\t\t\t\t\tPatentirana vrhunska tehnologija zagotavlja stalno kakovost izdelkov in u\u010dinkovito rabo energije.\n\nNaprave Spaceman uporabljajo napredne mikroprocesorske krmilnike in patentirane zasnove, ki vsaki\u010d zagotavljajo popolno teksturo in okus, hkrati pa var\u010dujejo z energijo.\t\t\t\t\t\t<\/div>\n\t\t\t\t\t\n\t\t\t\t\t\t\t\t<\/div>\n\t\t<\/div>\n\t\t<\/div>\n\t\t<\/div>\n\t\t\t\t\t\t<\/div>\n\t\t\t\t<\/div>\n\t\t\t\t<div class=\"elementor-element elementor-element-c7a8291 elementor-flip-box--effect-fade elementor-widget elementor-widget-flip-box\" data-id=\"c7a8291\" data-element_type=\"widget\" data-e-type=\"widget\" data-widget_type=\"flip-box.default\">\n\t\t\t\t<div class=\"elementor-widget-container\">\n\t\t\t\t\t\t\t<div class=\"elementor-flip-box\" tabindex=\"0\">\n\t\t\t<div class=\"elementor-flip-box__layer elementor-flip-box__front\">\n\t\t\t\t<div class=\"elementor-flip-box__layer__overlay\">\n\t\t\t\t\t<div class=\"elementor-flip-box__layer__inner\">\n\t\t\t\t\t\t\n\t\t\t\t\t\t\t\t\t\t\t\t\t<h3 class=\"elementor-flip-box__layer__title\">\n\t\t\t\t\t\t\t\tTrajnost in zanesljivost\t\t\t\t\t\t\t<\/h3>\n\t\t\t\t\t\t\n\t\t\t\t\t\t\t\t\t\t\t<\/div>\n\t\t\t\t<\/div>\n\t\t\t<\/div>\n\t\t\t<div class=\"elementor-flip-box__layer elementor-flip-box__back\">\n\t\t\t<div class=\"elementor-flip-box__layer__overlay\">\n\t\t\t\t<div class=\"elementor-flip-box__layer__inner\">\n\t\t\t\t\t\n\t\t\t\t\t\t\t\t\t\t\t<div class=\"elementor-flip-box__layer__description\">\n\t\t\t\t\t\t\tIzdelan je za intenzivno uporabo z vrhunskimi komponentami, kar zmanj\u0161uje \u010das izpada in stro\u0161ke vzdr\u017eevanja.\n\nZasnovani so iz kakovostnih materialov, da prenesejo velikoserijsko proizvodnjo v zahtevnih okoljih.\t\t\t\t\t\t<\/div>\n\t\t\t\t\t\n\t\t\t\t\t\t\t\t<\/div>\n\t\t<\/div>\n\t\t<\/div>\n\t\t<\/div>\n\t\t\t\t\t\t<\/div>\n\t\t\t\t<\/div>\n\t\t\t\t<div class=\"elementor-element elementor-element-2b25fe1 elementor-flip-box--effect-fade elementor-widget elementor-widget-flip-box\" data-id=\"2b25fe1\" data-element_type=\"widget\" data-e-type=\"widget\" data-widget_type=\"flip-box.default\">\n\t\t\t\t<div class=\"elementor-widget-container\">\n\t\t\t\t\t\t\t<div class=\"elementor-flip-box\" tabindex=\"0\">\n\t\t\t<div class=\"elementor-flip-box__layer elementor-flip-box__front\">\n\t\t\t\t<div class=\"elementor-flip-box__layer__overlay\">\n\t\t\t\t\t<div class=\"elementor-flip-box__layer__inner\">\n\t\t\t\t\t\t\n\t\t\t\t\t\t\t\t\t\t\t\t\t<h3 class=\"elementor-flip-box__layer__title\">\n\t\t\t\t\t\t\t\tUporabniku prijazno delovanje\t\t\t\t\t\t\t<\/h3>\n\t\t\t\t\t\t\n\t\t\t\t\t\t\t\t\t\t\t<\/div>\n\t\t\t\t<\/div>\n\t\t\t<\/div>\n\t\t\t<div class=\"elementor-flip-box__layer elementor-flip-box__back\">\n\t\t\t<div class=\"elementor-flip-box__layer__overlay\">\n\t\t\t\t<div class=\"elementor-flip-box__layer__inner\">\n\t\t\t\t\t\n\t\t\t\t\t\t\t\t\t\t\t<div class=\"elementor-flip-box__layer__description\">\n\t\t\t\t\t\t\tIntuitivno upravljanje in samodejne funkcije omogo\u010dajo enostavno in nemoteno vsakodnevno delovanje.\n\nAvtomatizirano \u010di\u0161\u010denje in pasterizacija zmanj\u0161ata koli\u010dino dela, tako da se lahko osredoto\u010dite na postre\u017ebo strank.\t\t\t\t\t\t<\/div>\n\t\t\t\t\t\n\t\t\t\t\t\t\t\t<\/div>\n\t\t<\/div>\n\t\t<\/div>\n\t\t<\/div>\n\t\t\t\t\t\t<\/div>\n\t\t\t\t<\/div>\n\t\t\t\t<div class=\"elementor-element elementor-element-74097f3 elementor-flip-box--effect-fade elementor-widget elementor-widget-flip-box\" data-id=\"74097f3\" data-element_type=\"widget\" data-e-type=\"widget\" data-widget_type=\"flip-box.default\">\n\t\t\t\t<div class=\"elementor-widget-container\">\n\t\t\t\t\t\t\t<div class=\"elementor-flip-box\" tabindex=\"0\">\n\t\t\t<div class=\"elementor-flip-box__layer elementor-flip-box__front\">\n\t\t\t\t<div class=\"elementor-flip-box__layer__overlay\">\n\t\t\t\t\t<div class=\"elementor-flip-box__layer__inner\">\n\t\t\t\t\t\t\n\t\t\t\t\t\t\t\t\t\t\t\t\t<h3 class=\"elementor-flip-box__layer__title\">\n\t\t\t\t\t\t\t\tGlobalna podporna mre\u017ea\t\t\t\t\t\t\t<\/h3>\n\t\t\t\t\t\t\n\t\t\t\t\t\t\t\t\t\t\t<\/div>\n\t\t\t\t<\/div>\n\t\t\t<\/div>\n\t\t\t<div class=\"elementor-flip-box__layer elementor-flip-box__back\">\n\t\t\t<div class=\"elementor-flip-box__layer__overlay\">\n\t\t\t\t<div class=\"elementor-flip-box__layer__inner\">\n\t\t\t\t\t\n\t\t\t\t\t\t\t\t\t\t\t<div class=\"elementor-flip-box__layer__description\">\n\t\t\t\t\t\t\tPodporo zagotavlja ve\u010d kot 50 tovarni\u0161ko usposobljenih ekip po vsem svetu za hiter in zanesljiv servis ter nadomestne dele.\n\nSvetovno omre\u017eje zagotavlja hiter dostop do tehni\u010dne podpore in originalnih delov, ne glede na to, kje se nahajate.\t\t\t\t\t\t<\/div>\n\t\t\t\t\t\n\t\t\t\t\t\t\t\t<\/div>\n\t\t<\/div>\n\t\t<\/div>\n\t\t<\/div>\n\t\t\t\t\t\t<\/div>\n\t\t\t\t<\/div>\n\t\t\t\t\t<\/div>\n\t\t\t\t<\/div>\n\t\t<div class=\"elementor-element elementor-element-81947d2 e-flex e-con-boxed e-con e-parent\" data-id=\"81947d2\" data-element_type=\"container\" data-e-type=\"container\" data-settings=\"{&quot;jet_parallax_layout_list&quot;:[]}\">\n\t\t\t\t\t<div class=\"e-con-inner\">\n\t\t<div class=\"elementor-element elementor-element-fc66381 e-con-full e-flex e-con e-child\" data-id=\"fc66381\" data-element_type=\"container\" data-e-type=\"container\" data-settings=\"{&quot;jet_parallax_layout_list&quot;:[]}\">\n\t\t\t\t<div class=\"elementor-element elementor-element-58f774d elementor-widget elementor-widget-video\" data-id=\"58f774d\" data-element_type=\"widget\" data-e-type=\"widget\" data-settings=\"{&quot;youtube_url&quot;:&quot;https:\\\/\\\/www.youtube.com\\\/watch?v=F-sF4syow2I&quot;,&quot;autoplay&quot;:&quot;yes&quot;,&quot;play_on_mobile&quot;:&quot;yes&quot;,&quot;mute&quot;:&quot;yes&quot;,&quot;loop&quot;:&quot;yes&quot;,&quot;video_type&quot;:&quot;youtube&quot;}\" data-widget_type=\"video.default\">\n\t\t\t\t<div class=\"elementor-widget-container\">\n\t\t\t\t\t\t\t<div class=\"elementor-wrapper elementor-open-inline\">\n\t\t\t<div class=\"elementor-video\"><\/div>\t\t<\/div>\n\t\t\t\t\t\t<\/div>\n\t\t\t\t<\/div>\n\t\t\t\t<\/div>\n\t\t<div class=\"elementor-element elementor-element-5d444f3 e-con-full e-flex e-con e-child\" data-id=\"5d444f3\" data-element_type=\"container\" data-e-type=\"container\" data-settings=\"{&quot;jet_parallax_layout_list&quot;:[]}\">\n\t\t\t\t<div class=\"elementor-element elementor-element-48f9765 elementor-widget elementor-widget-heading\" data-id=\"48f9765\" data-element_type=\"widget\" data-e-type=\"widget\" data-widget_type=\"heading.default\">\n\t\t\t\t<div class=\"elementor-widget-container\">\n\t\t\t\t\t<h3 class=\"elementor-heading-title elementor-size-default\">O podjetju Spaceman<\/h3>\t\t\t\t<\/div>\n\t\t\t\t<\/div>\n\t\t\t\t<div class=\"elementor-element elementor-element-73e1eac elementor-widget elementor-widget-text-editor\" data-id=\"73e1eac\" data-element_type=\"widget\" data-e-type=\"widget\" data-widget_type=\"text-editor.default\">\n\t\t\t\t<div class=\"elementor-widget-container\">\n\t\t\t\t\t\t\t\t\t<p><span style=\"font-weight: 400;\">Podjetje Spaceman, ustanovljeno leta 1997, je vodilno podjetje na podro\u010dju na\u010drtovanja in proizvodnje vrhunskih strojev za pripravo brezalkoholnih napitkov, mle\u010dnih napitkov in zamrznjenih pija\u010d. Podjetje s sede\u017eem na Kitajskem je postalo globalna sila, ki dobavlja opremo v ve\u010d kot 130 dr\u017eav. Njihova patentirana, lastni\u0161ka tehnologija se proizvaja v najsodobnej\u0161ih obratih, ki izpolnjujejo najvi\u0161je mednarodne standarde za \u017eivila in varnost.<\/span><\/p><p><span style=\"font-weight: 400;\">Oprema Spaceman je po vsem svetu priznana zaradi:<\/span><\/p><ul><li style=\"font-weight: 400;\" aria-level=\"1\"><span style=\"font-weight: 400;\">Najsodobnej\u0161a tehnologija s patentiranimi modeli<\/span><\/li><li style=\"font-weight: 400;\" aria-level=\"1\"><span style=\"font-weight: 400;\">Visoka zmogljivost in stalna kakovost izdelkov<\/span><\/li><li style=\"font-weight: 400;\" aria-level=\"1\"><span style=\"font-weight: 400;\">Energetsko u\u010dinkovito delovanje in zagotavljanje varnosti<\/span><\/li><li style=\"font-weight: 400;\" aria-level=\"1\"><span style=\"font-weight: 400;\">Gladek in kremast rezultat, ki ga stranke obo\u017eujejo<\/span><\/li><\/ul><p><span style=\"font-weight: 400;\">Podjetje Spaceman, ki ga podpira ve\u010d kot 50 tovarni\u0161ko usposobljenih servisnih in podpornih ekip po vsem svetu, zdru\u017euje nenehne inovacije z zavezanostjo k uspehu strank. To odli\u010dnost prena\u0161amo k vam in vam z ustvarjalnimi in u\u010dinkovitimi re\u0161itvami pomagamo re\u0161evati izzive in razvijati va\u0161e poslovanje.<\/span><\/p>\t\t\t\t\t\t\t\t<\/div>\n\t\t\t\t<\/div>\n\t\t\t\t<\/div>\n\t\t\t\t\t<\/div>\n\t\t\t\t<\/div>\n\t\t<div class=\"elementor-element elementor-element-4e2ee7b e-flex e-con-boxed e-con e-parent\" data-id=\"4e2ee7b\" data-element_type=\"container\" data-e-type=\"container\" data-settings=\"{&quot;jet_parallax_layout_list&quot;:[]}\">\n\t\t\t\t\t<div class=\"e-con-inner\">\n\t\t\t\t<div class=\"elementor-element elementor-element-052617c elementor-widget elementor-widget-menu-anchor\" data-id=\"052617c\" data-element_type=\"widget\" data-e-type=\"widget\" data-widget_type=\"menu-anchor.default\">\n\t\t\t\t<div class=\"elementor-widget-container\">\n\t\t\t\t\t\t\t<div class=\"elementor-menu-anchor\" id=\"machines\"><\/div>\n\t\t\t\t\t\t<\/div>\n\t\t\t\t<\/div>\n\t\t\t\t<div class=\"elementor-element elementor-element-5c40ade elementor-widget elementor-widget-heading\" data-id=\"5c40ade\" data-element_type=\"widget\" data-e-type=\"widget\" data-widget_type=\"heading.default\">\n\t\t\t\t<div class=\"elementor-widget-container\">\n\t\t\t\t\t<h2 class=\"elementor-heading-title elementor-size-default\">Pregled serije Spaceman<\/h2>\t\t\t\t<\/div>\n\t\t\t\t<\/div>\n\t\t\t\t\t<\/div>\n\t\t\t\t<\/div>\n\t\t<div class=\"elementor-element elementor-element-64cac6a e-flex e-con-boxed e-con e-parent\" data-id=\"64cac6a\" data-element_type=\"container\" data-e-type=\"container\" data-settings=\"{&quot;jet_parallax_layout_list&quot;:[]}\">\n\t\t\t\t\t<div class=\"e-con-inner\">\n\t\t\t\t<div class=\"elementor-element elementor-element-686d40c elementor-widget elementor-widget-jet-image-accordion\" data-id=\"686d40c\" data-element_type=\"widget\" data-e-type=\"widget\" id=\"acc\" data-widget_type=\"jet-image-accordion.default\">\n\t\t\t\t<div class=\"elementor-widget-container\">\n\t\t\t\t\t<div class=\"elementor-jet-image-accordion jet-tabs-addons\"><div class=\"jet-image-accordion jet-image-accordion-vertical-orientation jet-image-accordion-circ-ease\" role=\"tablist\" data-settings=\"{&quot;orientation&quot;:&quot;vertical&quot;,&quot;activeSize&quot;:{&quot;unit&quot;:&quot;%&quot;,&quot;size&quot;:50,&quot;sizes&quot;:[]},&quot;duration&quot;:500,&quot;activeItem&quot;:-1}\">\n\t<div class=\"jet-image-accordion__list\">\n<div class=\"jet-image-accordion__item title-display-mode__on_both_states\" role=\"tab\" aria-selected=\"false\" tabindex=\"0\">\n<img decoding=\"async\" class=\"jet-image-accordion__image-instance\" src=\"https:\/\/dersuessestopp.com\/wp-content\/uploads\/2025\/08\/spaceman-1.jpg\" alt=\"vesoljski \u010dlovek-1\">\n\t\t\t<h5 class=\"jet-image-accordion__title-default\">Elitna serija<\/h5>\t\n\t<div class=\"jet-image-accordion__content\">\n\t\t<h5 class=\"jet-image-accordion__title\">Elitna serija<\/h5><div class=\"jet-image-accordion__desc\">Napredna samodejna pasterizacija in pametni nadzor zagotavljata higieni\u010dno in dosledno mehko postre\u017ebo - idealno za podjetja, ki zahtevajo vrhunsko kakovost in u\u010dinkovitost.<\/div><a class=\"elementor-button elementor-size-md jet-image-accordion__button\" role=\"button\" tabindex=\"0\" href=\"https:\/\/dersuessestopp.com\/sl\/serija-spaceman-elite\/\">Razi\u0161\u010dite serijo Elite<\/a><\/div>\n\t<div class=\"jet-image-accordion__item-loader\"><span><\/span><\/div>\n<\/div>\n<div class=\"jet-image-accordion__item title-display-mode__on_both_states\" role=\"tab\" aria-selected=\"false\" tabindex=\"0\">\n<img decoding=\"async\" class=\"jet-image-accordion__image-instance\" src=\"https:\/\/dersuessestopp.com\/wp-content\/uploads\/2025\/09\/how-does-a-soft-serve-ice-cream-machine-work-1692092117.jpg\" alt=\"how-does-a-soft-serve-ice-cream-machine-work-1692092117\">\n\t\t\t<h5 class=\"jet-image-accordion__title-default\">Serija Premier<\/h5>\t\n\t<div class=\"jet-image-accordion__content\">\n\t\t<h5 class=\"jet-image-accordion__title\">Serija Premier<\/h5><div class=\"jet-image-accordion__desc\">Zmogljiva zamrzovalna zmogljivost in vsestranske funkcije so ustvarjene za prometne lokacije. Zagotavljajte vrhunsko kakovostno mehko hrano, zaradi katere se stranke vra\u010dajo.<\/div><a class=\"elementor-button elementor-size-md jet-image-accordion__button\" role=\"button\" tabindex=\"0\" href=\"https:\/\/dersuessestopp.com\/sl\/informacije-o-seriji-premiernih-oddaj-spaceman\/\">Odkrijte serijo Premier<\/a><\/div>\n\t<div class=\"jet-image-accordion__item-loader\"><span><\/span><\/div>\n<\/div>\n<div class=\"jet-image-accordion__item title-display-mode__on_both_states\" role=\"tab\" aria-selected=\"false\" tabindex=\"0\">\n<img decoding=\"async\" class=\"jet-image-accordion__image-instance\" src=\"https:\/\/dersuessestopp.com\/wp-content\/uploads\/2025\/08\/Screenshot-2025-08-22-at-03.33.13-1.png\" alt=\"Posnetek zaslona 2025-08-22 ob 03.33.13 1\">\n\t\t\t<h5 class=\"jet-image-accordion__title-default\">Serija zamrznjenih pija\u010d<\/h5>\t\n\t<div class=\"jet-image-accordion__content\">\n\t\t<h5 class=\"jet-image-accordion__title\">Serija zamrznjenih pija\u010d<\/h5><div class=\"jet-image-accordion__desc\">Visokozmogljivi stroji za zamrznjene pija\u010de - kot nala\u0161\u010d za brozgo, zamrznjene koktajle in posebne pija\u010de za raz\u0161iritev ponudbe.<\/div><a class=\"elementor-button elementor-size-md jet-image-accordion__button\" role=\"button\" tabindex=\"0\" href=\"https:\/\/dersuessestopp.com\/sl\/maschines-za-zamrznjene-pijace-info\/\">Oglejte si serijo zamrznjenih pija\u010d<\/a><\/div>\n\t<div class=\"jet-image-accordion__item-loader\"><span><\/span><\/div>\n<\/div>\n<\/div>\n<\/div>\n<\/div>\t\t\t\t<\/div>\n\t\t\t\t<\/div>\n\t\t\t\t\t<\/div>\n\t\t\t\t<\/div>\n\t\t<div class=\"elementor-element elementor-element-d5af625 e-flex e-con-boxed e-con e-parent\" data-id=\"d5af625\" data-element_type=\"container\" data-e-type=\"container\" data-settings=\"{&quot;jet_parallax_layout_list&quot;:[]}\">\n\t\t\t\t\t<div class=\"e-con-inner\">\n\t\t<div class=\"elementor-element elementor-element-867c9f8 e-con-full e-flex e-con e-child\" data-id=\"867c9f8\" data-element_type=\"container\" data-e-type=\"container\" data-settings=\"{&quot;jet_parallax_layout_list&quot;:[]}\">\n\t\t\t\t<div class=\"elementor-element elementor-element-f57c434 elementor-widget elementor-widget-heading\" data-id=\"f57c434\" data-element_type=\"widget\" data-e-type=\"widget\" data-widget_type=\"heading.default\">\n\t\t\t\t<div class=\"elementor-widget-container\">\n\t\t\t\t\t<h3 class=\"elementor-heading-title elementor-size-default\">Najbolj\u0161i modeli Spaceman za va\u0161 poslovni uspeh<\/h3>\t\t\t\t<\/div>\n\t\t\t\t<\/div>\n\t\t\t\t<div class=\"elementor-element elementor-element-230540f elementor-widget elementor-widget-text-editor\" data-id=\"230540f\" data-element_type=\"widget\" data-e-type=\"widget\" data-widget_type=\"text-editor.default\">\n\t\t\t\t<div class=\"elementor-widget-container\">\n\t\t\t\t\t\t\t\t\t<p><span style=\"font-weight: 400;\">Odkrijte na\u0161e najbolje prodajane stroje Spaceman, ki zdru\u017eujejo vzdr\u017eljivost, zmogljivost in dostopnost. Odli\u010dni za zagonska podjetja ali podjetja, ki se \u0161irijo - zagotavljajo odli\u010dne rezultate brez kompromisov.<\/span><\/p>\t\t\t\t\t\t\t\t<\/div>\n\t\t\t\t<\/div>\n\t\t\t\t<div class=\"elementor-element elementor-element-3e7bc9a elementor-align-right elementor-mobile-align-right elementor-widget elementor-widget-button\" data-id=\"3e7bc9a\" data-element_type=\"widget\" data-e-type=\"widget\" data-widget_type=\"button.default\">\n\t\t\t\t<div class=\"elementor-widget-container\">\n\t\t\t\t\t\t\t\t\t<div class=\"elementor-button-wrapper\">\n\t\t\t\t\t<a class=\"elementor-button elementor-button-link elementor-size-sm elementor-animation-grow\" href=\"https:\/\/dersuessestopp.com\/sl\/kategorija-izdelka\/vsi-izdelki\/maschinery\/stroji-za-mehko-hrano\/vesoljski-clovek\/\">\n\t\t\t\t\t\t<span class=\"elementor-button-content-wrapper\">\n\t\t\t\t\t\t\t\t\t<span class=\"elementor-button-text\">Odkrijte vrhunske stroje<\/span>\n\t\t\t\t\t<\/span>\n\t\t\t\t\t<\/a>\n\t\t\t\t<\/div>\n\t\t\t\t\t\t\t\t<\/div>\n\t\t\t\t<\/div>\n\t\t\t\t<\/div>\n\t\t<div class=\"elementor-element elementor-element-27c8455 e-con-full e-flex e-con e-child\" data-id=\"27c8455\" data-element_type=\"container\" data-e-type=\"container\" data-settings=\"{&quot;jet_parallax_layout_list&quot;:[]}\">\n\t\t\t\t<div class=\"elementor-element elementor-element-cef21ec elementor-widget elementor-widget-image\" data-id=\"cef21ec\" data-element_type=\"widget\" data-e-type=\"widget\" data-widget_type=\"image.default\">\n\t\t\t\t<div class=\"elementor-widget-container\">\n\t\t\t\t\t\t\t\t\t\t\t\t\t\t\t<img fetchpriority=\"high\" decoding=\"async\" width=\"799\" height=\"431\" src=\"https:\/\/dersuessestopp.com\/wp-content\/uploads\/2025\/08\/Screenshot-2025-08-22-at-03.30.34-1.png\" class=\"attachment-large size-large wp-image-5883\" alt=\"\" srcset=\"https:\/\/dersuessestopp.com\/wp-content\/uploads\/2025\/08\/Screenshot-2025-08-22-at-03.30.34-1.png 799w, https:\/\/dersuessestopp.com\/wp-content\/uploads\/2025\/08\/Screenshot-2025-08-22-at-03.30.34-1-250x135.png 250w, https:\/\/dersuessestopp.com\/wp-content\/uploads\/2025\/08\/Screenshot-2025-08-22-at-03.30.34-1-600x324.png 600w, https:\/\/dersuessestopp.com\/wp-content\/uploads\/2025\/08\/Screenshot-2025-08-22-at-03.30.34-1-300x162.png 300w, https:\/\/dersuessestopp.com\/wp-content\/uploads\/2025\/08\/Screenshot-2025-08-22-at-03.30.34-1-768x414.png 768w\" sizes=\"(max-width: 799px) 100vw, 799px\" \/>\t\t\t\t\t\t\t\t\t\t\t\t\t\t\t<\/div>\n\t\t\t\t<\/div>\n\t\t\t\t<\/div>\n\t\t\t\t\t<\/div>\n\t\t\t\t<\/div>\n\t\t\t\t<\/div>","protected":false},"excerpt":{"rendered":"<p>Spaceman Soft Serve &amp; Frozen Drink Machines Smart Value for Growing Businesses Reliable, high-quality machines engineered for creamy soft serve and refreshing frozen drinks. Perfect for startups and expanding businesses seeking great performance at a competitive price. Explore Spaceman Machines Why Choose Spaceman? Four Core Strengths That Set Us Apart Precision &amp; Innovation Patented cutting-edge [&hellip;]<\/p>\n","protected":false},"author":2,"featured_media":0,"parent":0,"menu_order":0,"comment_status":"closed","ping_status":"closed","template":"","meta":{"footnotes":""},"class_list":["post-4191","page","type-page","status-publish","hentry"],"_links":{"self":[{"href":"https:\/\/dersuessestopp.com\/sl\/wp-json\/wp\/v2\/pages\/4191","targetHints":{"allow":["GET"]}}],"collection":[{"href":"https:\/\/dersuessestopp.com\/sl\/wp-json\/wp\/v2\/pages"}],"about":[{"href":"https:\/\/dersuessestopp.com\/sl\/wp-json\/wp\/v2\/types\/page"}],"author":[{"embeddable":true,"href":"https:\/\/dersuessestopp.com\/sl\/wp-json\/wp\/v2\/users\/2"}],"replies":[{"embeddable":true,"href":"https:\/\/dersuessestopp.com\/sl\/wp-json\/wp\/v2\/comments?post=4191"}],"version-history":[{"count":137,"href":"https:\/\/dersuessestopp.com\/sl\/wp-json\/wp\/v2\/pages\/4191\/revisions"}],"predecessor-version":[{"id":14475,"href":"https:\/\/dersuessestopp.com\/sl\/wp-json\/wp\/v2\/pages\/4191\/revisions\/14475"}],"wp:attachment":[{"href":"https:\/\/dersuessestopp.com\/sl\/wp-json\/wp\/v2\/media?parent=4191"}],"curies":[{"name":"wp","href":"https:\/\/api.w.org\/{rel}","templated":true}]}}