{"id":3,"date":"2025-03-18T19:05:05","date_gmt":"2025-03-18T19:05:05","guid":{"rendered":"http:\/\/dersuessestopp.com\/?page_id=3"},"modified":"2025-10-08T21:57:54","modified_gmt":"2025-10-08T21:57:54","slug":"politika-zasebnosti","status":"publish","type":"page","link":"https:\/\/dersuessestopp.com\/sl\/privacy-policy\/","title":{"rendered":"Privacy Policy"},"content":{"rendered":"<div data-elementor-type=\"wp-page\" data-elementor-id=\"3\" class=\"elementor elementor-3\" data-elementor-post-type=\"page\">\n\t\t\t\t<div class=\"elementor-element elementor-element-39d5c895 e-flex e-con-boxed e-con e-parent\" data-id=\"39d5c895\" data-element_type=\"container\" data-e-type=\"container\" data-settings=\"{&quot;jet_parallax_layout_list&quot;:[]}\">\n\t\t\t\t\t<div class=\"e-con-inner\">\n\t\t\t\t<div class=\"elementor-element elementor-element-0b2298f elementor-widget elementor-widget-heading\" data-id=\"0b2298f\" data-element_type=\"widget\" data-e-type=\"widget\" data-widget_type=\"heading.default\">\n\t\t\t\t<div class=\"elementor-widget-container\">\n\t\t\t\t\t<h2 class=\"elementor-heading-title elementor-size-default\">Politika zasebnosti za The Sweet Stop<\/h2>\t\t\t\t<\/div>\n\t\t\t\t<\/div>\n\t\t\t\t<div class=\"elementor-element elementor-element-369bf513 elementor-widget elementor-widget-text-editor\" data-id=\"369bf513\" data-element_type=\"widget\" data-e-type=\"widget\" data-widget_type=\"text-editor.default\">\n\t\t\t\t<div class=\"elementor-widget-container\">\n\t\t\t\t\t\t\t\t\t\n<h1 class=\"wp-block-heading\">\u00a0<\/h1>\n<p class=\"font_8 wixui-rich-text__text\">Varovanje va\u0161ih osebnih podatkov nam je pomembno. V nadaljevanju vas obve\u0161\u010damo o zbiranju in uporabi va\u0161ih podatkov na na\u0161ih spletnih mestih\u00a0<span class=\"wixui-rich-text__text\"><a class=\"wixui-rich-text__text\" href=\"https:\/\/dersuessestopp.com\/sl\/\" target=\"_blank\" rel=\"noopener\" data-auto-recognition=\"true\">www.dersuessestopp.com<\/a>\u00a0,\u00a0<a class=\"wixui-rich-text__text\" href=\"http:\/\/www.softeis-investition.com\/\" target=\"_blank\" rel=\"noopener\" data-auto-recognition=\"true\">www.softeis-investition.com<\/a><\/span>\u00a0\u00a0, in\u00a0<span class=\"wixui-rich-text__text\"><a class=\"wixui-rich-text__text\" href=\"http:\/\/www.dersuessestopp-graz.com\/\" target=\"_blank\" rel=\"noopener\" data-auto-recognition=\"true\">www.dersuessestopp-graz.com<\/a><\/span>\u00a0\u00a0, pa tudi na na\u0161ih straneh na Facebooku in Instagramu.<\/p>\n<p class=\"font_8 wixui-rich-text__text\">\u00a0<\/p>\n<p class=\"font_8 wixui-rich-text__text\"><span class=\"wixui-rich-text__text\">Odgovorni organ<\/span><\/p>\n<p class=\"font_8 wixui-rich-text__text\">Odgovorni organ v smislu Splo\u0161ne uredbe o varstvu podatkov (GDPR) je:<\/p>\n<p class=\"font_8 wixui-rich-text__text\">**\u00a0<span class=\"wixui-rich-text__text\">Sladka postaja<\/span>\u00a0** \u00a0<br class=\"wixui-rich-text__text\" \/>Lastnik: Zoran Obradovi\u0107 \u00a0<br class=\"wixui-rich-text__text\" \/>Seepromenade 22 \u00a0<br class=\"wixui-rich-text__text\" \/>6213 Pertisau, Avstrija \u00a0<br class=\"wixui-rich-text__text\" \/>E-naslov: info@dersuessestopp.com<\/p>\n<p class=\"font_8 wixui-rich-text__text\"><span class=\"wixGuard wixui-rich-text__text\">\u200b<\/span><\/p>\n<p class=\"font_8 wixui-rich-text__text\"><span class=\"wixui-rich-text__text\">1. Zbiranje in uporaba podatkov<\/span><\/p>\n<p class=\"font_8 wixui-rich-text__text\"><span class=\"wixui-rich-text__text\"><span class=\"wixGuard wixui-rich-text__text\">\u200b<\/span><\/span><\/p>\n<p class=\"font_8 wixui-rich-text__text\"><span class=\"wixui-rich-text__text\">1.1 Obisk na\u0161ega spletnega mesta<\/span><\/p>\n<p class=\"font_8 wixui-rich-text__text\">Vsaki\u010d, ko obi\u0161\u010dete na\u0161e spletno mesto, samodejno shranimo podatke o dostopu v tako imenovane dnevni\u0161ke datoteke. Zbiramo naslednje podatke:<\/p>\n<p class=\"font_8 wixui-rich-text__text\">- naslov IP obiskovalca<br class=\"wixui-rich-text__text\" \/>- Datum in \u010das dostopa<br class=\"wixui-rich-text__text\" \/>- Zahtevana stran ali datoteka<br class=\"wixui-rich-text__text\" \/>- Koli\u010dina prenesenih podatkov<br class=\"wixui-rich-text__text\" \/>- Uspe\u0161nost iskanja (status)<\/p>\n<p class=\"font_8 wixui-rich-text__text\">Ti podatki se uporabljajo izklju\u010dno za tehni\u010dno analizo in optimizacijo na\u0161ega spletnega mesta. Podatki se hranijo 14 dni in se ne zdru\u017eujejo z drugimi viri podatkov.<\/p>\n<p class=\"font_8 wixui-rich-text__text\">\u00a0<\/p>\n<p class=\"font_8 wixui-rich-text__text\"><span class=\"wixui-rich-text__text\">1.2 Kontaktni obrazec in e-po\u0161tni stik<\/span><\/p>\n<p class=\"font_8 wixui-rich-text__text\">\u010ce nas kontaktirate prek kontaktnega obrazca ali e-po\u0161te, bomo podatke, ki jih boste posredovali, shranili za obdelavo va\u0161e zahteve. Va\u0161i podatki bodo uporabljeni izklju\u010dno za obdelavo va\u0161e zahteve in ne bodo posredovani tretjim osebam, razen \u010de je to potrebno ali zahtevano z zakonom. Po kon\u010dani obdelavi bodo va\u0161i podatki izbrisani, razen \u010de jih je treba hraniti po zakonu.<\/p>\n<p class=\"font_8 wixui-rich-text__text\">\u00a0<\/p>\n<p class=\"font_8 wixui-rich-text__text\"><span class=\"wixui-rich-text__text\">1.3 Spletna trgovina<\/span><\/p>\n<p class=\"font_8 wixui-rich-text__text\">Ko naro\u010date v na\u0161i spletni trgovini, zbiramo in shranjujemo osebne podatke, kot so va\u0161e ime, naslov in e-po\u0161tni naslov. Ti podatki se uporabljajo izklju\u010dno za obdelavo va\u0161ega naro\u010dila in so shranjeni v skladu z zakonskimi zahtevami.<\/p>\n<p class=\"font_8 wixui-rich-text__text\">\u00a0<\/p>\n<p class=\"font_8 wixui-rich-text__text\"><span class=\"wixui-rich-text__text\">2. Pi\u0161kotki<\/span><\/p>\n<p class=\"font_8 wixui-rich-text__text\">Na\u0161e spletno mesto uporablja pi\u0161kotke za izbolj\u0161anje uporabni\u0161ke izku\u0161nje in zbiranje statisti\u010dnih podatkov o uporabi spletnega mesta. Shranjevanje pi\u0161kotkov lahko prepre\u010dite z izbiro ustreznih nastavitev v brskalniku. Vendar lahko to omeji va\u0161o mo\u017enost uporabe spletnega mesta.<\/p>\n<p class=\"font_8 wixui-rich-text__text\">\u00a0<\/p>\n<p class=\"font_8 wixui-rich-text__text\"><span class=\"wixui-rich-text__text\">3. Vti\u010dniki za dru\u017ebene medije<\/span><\/p>\n<p class=\"font_8 wixui-rich-text__text\">Uporabljamo vti\u010dnike dru\u017eabnih medijev iz Facebooka in Instagrama. Ko obi\u0161\u010dete stran z vgrajenim vti\u010dnikom, se vzpostavi povezava s stre\u017eniki Facebooka ali Instagrama, prenesejo se va\u0161 naslov IP in drugi podatki. \u010ce ste v tem \u010dasu prijavljeni v Facebook ali Instagram, je ta obisk lahko povezan z va\u0161im profilom. \u010ce \u017eelite to prepre\u010diti, se pred obiskom na\u0161e strani odjavite.<\/p>\n<p class=\"font_8 wixui-rich-text__text\">\u00a0<\/p>\n<p class=\"font_8 wixui-rich-text__text\"><span class=\"wixui-rich-text__text\">4. Pravice posameznika, na katerega se nana\u0161ajo osebni podatki<\/span><\/p>\n<p class=\"font_8 wixui-rich-text__text\">Kadar koli lahko zahtevate informacije o osebnih podatkih, ki jih hranimo. Prav tako imate pravico do popravka, blokiranja ali izbrisa svojih podatkov, \u010de ni zakonsko dolo\u010denih rokov hrambe, ki bi temu nasprotovali. Svoje soglasje za obdelavo podatkov lahko kadar koli prekli\u010dete.<\/p>\n<p class=\"font_8 wixui-rich-text__text\">\u00a0<\/p>\n<p class=\"font_8 wixui-rich-text__text\"><span class=\"wixui-rich-text__text\">5. Spremembe pravilnika o zasebnosti<\/span><\/p>\n<p class=\"font_8 wixui-rich-text__text\">Pridr\u017eujemo si pravico, da kadar koli spremenimo ta pravilnik o zasebnosti. Najnovej\u0161a razli\u010dica bo na voljo na na\u0161em spletnem mestu.<\/p>\n<p class=\"font_8 wixui-rich-text__text\">Od marca 2023<\/p>\n<p class=\"font_8 wixui-rich-text__text\">&#8212;<\/p>\n<p class=\"font_8 wixui-rich-text__text\"><span class=\"wixui-rich-text__text\">Pravilnik o zasebnosti za zbiranje podatkov na spletnem mestu<\/span><\/p>\n<p class=\"font_8 wixui-rich-text__text\">Zbiramo, shranjujemo in hranimo vse podatke, ki jih vnesete na na\u0161em spletnem mestu ali nam jih kako druga\u010de posredujete. To vklju\u010duje podatke, kot so va\u0161 naslov IP, podatki za prijavo, e-po\u0161tni naslov, zgodovina nakupov ter podatki o interakciji s stranjo in \u010dasu, ki ga pre\u017eivite na spletnem mestu.<\/p>\n<p class=\"font_8 wixui-rich-text__text\">Ko opravite transakcijo na na\u0161em spletnem mestu, zbiramo osebne podatke, kot so va\u0161e ime, naslov in e-po\u0161tni naslov, ki se uporabljajo za obdelavo va\u0161ega naro\u010dila. Te podatke uporabljamo izklju\u010dno za navedene namene in jih brez va\u0161ega soglasja ne posredujemo tretjim osebam, razen \u010de to zahteva zakon.<\/p>\n<p class=\"font_8 wixui-rich-text__text\">Na\u0161e spletno mesto gostuje pri podjetju **Wix.com**, ki nam zagotavlja platformo za ponujanje izdelkov in storitev. Va\u0161i podatki so varno shranjeni in obdelani prek pla\u010dilnih vrat, ki so skladna s PCI-DSS.<\/p>\n<p class=\"font_8 wixui-rich-text__text\">\u00a0<\/p>\n<p class=\"font_8 wixui-rich-text__text\"><span class=\"wixui-rich-text__text\">Namen zbiranja podatkov<\/span><\/p>\n<p class=\"font_8 wixui-rich-text__text\">Va\u0161e osebne podatke zbiramo za naslednje namene:<br class=\"wixui-rich-text__text\" \/>- Zagotavljanje na\u0161ih storitev<br class=\"wixui-rich-text__text\" \/>- Podpora strankam in tehni\u010dna podpora<br class=\"wixui-rich-text__text\" \/>- po\u0161iljanje prilagojenih sporo\u010dil in ponudb<br class=\"wixui-rich-text__text\" \/>- zbiranje statisti\u010dnih podatkov za izbolj\u0161anje na\u0161ih storitev.<br class=\"wixui-rich-text__text\" \/>- Izpolnjevanje zakonskih zahtev<\/p>\n<p class=\"font_8 wixui-rich-text__text\">\u00a0<\/p>\n<p class=\"font_8 wixui-rich-text__text\"><span class=\"wixui-rich-text__text\">kontaktirajte<\/span><\/p>\n<p class=\"font_8 wixui-rich-text__text\">\u010ce imate kakr\u0161na koli vpra\u0161anja ali pomisleke glede na\u0161ega pravilnika o zasebnosti ali uporabe va\u0161ih podatkov, nas lahko kadar koli kontaktirate na\u00a0<a class=\"wixui-rich-text__text\" href=\"mailto:info@dersuessestopp.com\" data-auto-recognition=\"true\">info@dersuessestopp.com<\/a>\u00a0.<\/p>\n<p class=\"font_8 wixui-rich-text__text\"><span class=\"wixGuard wixui-rich-text__text\">\u200b<\/span><\/p>\n<p class=\"font_8 wixui-rich-text__text\"><span class=\"wixui-rich-text__text\">Pravilnik o pi\u0161kotkih<\/span><\/p>\n<p class=\"font_8 wixui-rich-text__text\">Pi\u0161kotke uporabljamo za optimizacijo uporabe na\u0161ega spletnega mesta in analizo podatkov o obiskovalcih. Z uporabo na\u0161ega spletnega mesta se strinjate z uporabo pi\u0161kotkov v skladu s tem pravilnikom. Vendar lahko kadar koli spremenite nastavitve pi\u0161kotkov ali jih zavrnete. Upo\u0161tevajte, da to lahko vpliva na delovanje spletnega mesta.<\/p>\n<p class=\"font_8 wixui-rich-text__text\">&#8212;<\/p>\n<p class=\"font_8 wixui-rich-text__text\"><span class=\"wixui-rich-text__text\">Ta spremenjeni pravilnik o zasebnosti zagotavlja jasen pregled zbiranja in obdelave podatkov na na\u0161em spletnem mestu in povezanih platformah dru\u017eabnih medijev.<\/span><\/p>\t\t\t\t\t\t\t\t<\/div>\n\t\t\t\t<\/div>\n\t\t\t\t\t<\/div>\n\t\t\t\t<\/div>\n\t\t\t\t<\/div>","protected":false},"excerpt":{"rendered":"<p>Privacy Policy for The Sweet Stop \u00a0 The protection of your personal data is important to us. Below, we inform you about the collection and use of your data on our websites\u00a0www.dersuessestopp.com\u00a0,\u00a0www.softeis-investition.com\u00a0\u00a0, and\u00a0www.dersuessestopp-graz.com\u00a0\u00a0, as well as on our Facebook and Instagram pages. \u00a0 Responsible body The responsible body within the meaning of the General Data [&hellip;]<\/p>\n","protected":false},"author":1,"featured_media":0,"parent":0,"menu_order":0,"comment_status":"closed","ping_status":"open","template":"","meta":{"footnotes":""},"class_list":["post-3","page","type-page","status-publish","hentry"],"_links":{"self":[{"href":"https:\/\/dersuessestopp.com\/sl\/wp-json\/wp\/v2\/pages\/3","targetHints":{"allow":["GET"]}}],"collection":[{"href":"https:\/\/dersuessestopp.com\/sl\/wp-json\/wp\/v2\/pages"}],"about":[{"href":"https:\/\/dersuessestopp.com\/sl\/wp-json\/wp\/v2\/types\/page"}],"author":[{"embeddable":true,"href":"https:\/\/dersuessestopp.com\/sl\/wp-json\/wp\/v2\/users\/1"}],"replies":[{"embeddable":true,"href":"https:\/\/dersuessestopp.com\/sl\/wp-json\/wp\/v2\/comments?post=3"}],"version-history":[{"count":6,"href":"https:\/\/dersuessestopp.com\/sl\/wp-json\/wp\/v2\/pages\/3\/revisions"}],"predecessor-version":[{"id":11837,"href":"https:\/\/dersuessestopp.com\/sl\/wp-json\/wp\/v2\/pages\/3\/revisions\/11837"}],"wp:attachment":[{"href":"https:\/\/dersuessestopp.com\/sl\/wp-json\/wp\/v2\/media?parent=3"}],"curies":[{"name":"wp","href":"https:\/\/api.w.org\/{rel}","templated":true}]}}