{"id":13280,"date":"2025-10-15T22:03:51","date_gmt":"2025-10-15T22:03:51","guid":{"rendered":"https:\/\/dersuessestopp.com\/?page_id=13280"},"modified":"2025-10-22T12:32:35","modified_gmt":"2025-10-22T12:32:35","slug":"serija-spaceman-elite","status":"publish","type":"page","link":"https:\/\/dersuessestopp.com\/sl\/spaceman-elite-series\/","title":{"rendered":"Informacije o seriji Spaceman Elite"},"content":{"rendered":"<div data-elementor-type=\"wp-page\" data-elementor-id=\"13280\" class=\"elementor elementor-13280\" data-elementor-post-type=\"page\">\n\t\t\t\t<div class=\"elementor-element elementor-element-926e2f6 e-con-full e-flex e-con e-parent\" data-id=\"926e2f6\" data-element_type=\"container\" data-e-type=\"container\" data-settings=\"{&quot;jet_parallax_layout_list&quot;:[],&quot;background_background&quot;:&quot;classic&quot;}\">\n\t\t<div class=\"elementor-element elementor-element-5fc0b8e e-con-full e-flex e-con e-child\" data-id=\"5fc0b8e\" data-element_type=\"container\" data-e-type=\"container\" data-settings=\"{&quot;jet_parallax_layout_list&quot;:[],&quot;background_background&quot;:&quot;gradient&quot;}\">\n\t\t\t\t<div class=\"elementor-element elementor-element-cfc7be0 elementor-widget__width-initial elementor-widget elementor-widget-heading\" data-id=\"cfc7be0\" data-element_type=\"widget\" data-e-type=\"widget\" id=\"header_h12\" data-widget_type=\"heading.default\">\n\t\t\t\t<div class=\"elementor-widget-container\">\n\t\t\t\t\t<h2 class=\"elementor-heading-title elementor-size-default\">Serija Spaceman Elite<\/h2>\t\t\t\t<\/div>\n\t\t\t\t<\/div>\n\t\t\t\t<div class=\"elementor-element elementor-element-e03c28e header_h123 elementor-widget elementor-widget-heading\" data-id=\"e03c28e\" data-element_type=\"widget\" data-e-type=\"widget\" id=\"header_h123\" data-widget_type=\"heading.default\">\n\t\t\t\t<div class=\"elementor-widget-container\">\n\t\t\t\t\t<h2 class=\"elementor-heading-title elementor-size-default\">Info<\/h2>\t\t\t\t<\/div>\n\t\t\t\t<\/div>\n\t\t<div class=\"elementor-element elementor-element-a3dd651 e-con-full e-flex e-con e-child\" data-id=\"a3dd651\" data-element_type=\"container\" data-e-type=\"container\" data-settings=\"{&quot;jet_parallax_layout_list&quot;:[]}\">\n\t\t\t\t<div class=\"elementor-element elementor-element-09cb8a9 elementor-align-center elementor-widget elementor-widget-button\" data-id=\"09cb8a9\" data-element_type=\"widget\" data-e-type=\"widget\" data-widget_type=\"button.default\">\n\t\t\t\t<div class=\"elementor-widget-container\">\n\t\t\t\t\t\t\t\t\t<div class=\"elementor-button-wrapper\">\n\t\t\t\t\t<a class=\"elementor-button elementor-button-link elementor-size-sm\" href=\"tel:43%20664%20321%2083%2091\">\n\t\t\t\t\t\t<span class=\"elementor-button-content-wrapper\">\n\t\t\t\t\t\t\t\t\t<span class=\"elementor-button-text\">RAZISKATI MODELE<\/span>\n\t\t\t\t\t<\/span>\n\t\t\t\t\t<\/a>\n\t\t\t\t<\/div>\n\t\t\t\t\t\t\t\t<\/div>\n\t\t\t\t<\/div>\n\t\t\t\t<\/div>\n\t\t\t\t<\/div>\n\t\t\t\t<\/div>\n\t\t<div class=\"elementor-element elementor-element-24dd6b1 e-flex e-con-boxed e-con e-parent\" data-id=\"24dd6b1\" data-element_type=\"container\" data-e-type=\"container\" data-settings=\"{&quot;jet_parallax_layout_list&quot;:[]}\">\n\t\t\t\t\t<div class=\"e-con-inner\">\n\t\t\t\t<div class=\"elementor-element elementor-element-d00dcea elementor-widget elementor-widget-html\" data-id=\"d00dcea\" data-element_type=\"widget\" data-e-type=\"widget\" data-widget_type=\"html.default\">\n\t\t\t\t<div class=\"elementor-widget-container\">\n\t\t\t\t\t<!-- ELITE \u2014 matches Premier layout -->\r\n<section id=\"elite-series\" class=\"premier-series\">\r\n  <div class=\"ps-wrap\">\r\n    <div class=\"ps-features\">\r\n      <h2>Serija Elite - klju\u010dne funkcije<\/h2>\r\n      <ul class=\"ps-list\">\r\n        <!-- Same core features as Premier -->\r\n        <li><h3>Hitra zamrznitev<\/h3><p>Patentiran izparilnik z visokim izkoristkom omogo\u010da hitrej\u0161e zamrzovanje ob manj\u0161i porabi energije.<\/p><\/li>\r\n        <li><h3>Mikroprocesorski nadzor<\/h3><p>Digitalni nadzor s prikazom stanja, temperature, \u0161tevila doziranj in napak.<\/p><\/li>\r\n        <li><h3>me\u0161alniki za lijak<\/h3><p>Ohranite konsistenco izdelka in prepre\u010dite lo\u010devanje.<\/p><\/li>\r\n        <li><h3>Odmrzovanje za \u010di\u0161\u010denje<\/h3><p>Segreje zamrznjen izdelek v valju in tako pospe\u0161i \u010di\u0161\u010denje.<\/p><\/li>\r\n        <li><h3>Neposredni pogonski menjalnik<\/h3><p>Odpravlja gibljive dele, ki jih je mogo\u010de porabiti, in pove\u010duje u\u010dinkovitost prenosa.<\/p><\/li>\r\n        <li><h3>Samodejno programiranje<\/h3><p>Samodejno preklaplja na\u010dine delovanja na podlagi vnaprej nastavljenih urnikov.<\/p><\/li>\r\n        <li><h3>Alarmi in za\u0161\u010dite sistema<\/h3><p>Vizualna\/zvo\u010dna opozorila za nizko me\u0161anico, nizko temperaturo, preobremenitev motorja; vklju\u010duje toplotno preobremenitev in visokotla\u010dni izklop.<\/p><\/li>\r\n        <li><h3>Avtomatsko zapiranje dozirnih ventilov<\/h3><p>Prepre\u010duje prelivanje izdelka po doziranju.<\/p><\/li>\r\n        <li><h3>Nadzor hitrosti doziranja<\/h3><p>Nastavljiva hitrost doziranja za razli\u010dne na\u010dine uporabe.<\/p><\/li>\r\n        <li><h3>Mehak zagon sistema<\/h3><p>Po\u010dasen zagon motorja zmanj\u0161uje hrup in obremenitev pogonskega sklopa.<\/p><\/li>\r\n      <\/ul>\r\n    <\/div>\r\n\r\n    <aside class=\"ps-aside\">\r\n      <p class=\"ps-kicker\">Mehki sladoled<\/p>\r\n      <h3 class=\"ps-heading\">SERIJA ELITE<\/h3>\r\n      <p>Vse zmogljivosti Premier z naprednim nadzorom higiene, bele\u017eenja in varnosti.<\/p>\r\n      <a class=\"ps-btn\" href=\"https:\/\/dersuessestopp.com\/sl\/kontaktirajte\/\">Zahtevajte ponudbo<\/a>\r\n      <!-- Optional image -->\r\n      <!-- <img decoding=\"async\" src=\"\/wp-content\/uploads\/elite-series.jpg\" alt=\"Elite Series soft serve machine\" class=\"ps-image\"> -->\r\n    <\/aside>\r\n  <\/div>\r\n<\/section>\r\n\r\n<!-- ELITE EXTRAS \u2014 separate highlight block -->\r\n<section class=\"elite-extras\">\r\n  <div class=\"ps-wrap\">\r\n    <div class=\"extras-head\">\r\n      <span class=\"extras-badge\">Elite dodaja<\/span>\r\n      <h3>Napredna higiena in nadzor, ustvarjena za natrpane operacije<\/h3>\r\n      <p>Te funkcije so ekskluzivne za serijo Elite in so na vrhu vseh funkcij serije Premier.<\/p>\r\n    <\/div>\r\n\r\n    <ul class=\"ps-list extras-list\">\r\n      <li>\r\n        <h3>Samodejna pasterizacija<\/h3>\r\n        <p>Na\u010drtovana dnevna toplotna obdelava bistveno zmanj\u0161a pogostost ro\u010dnega \u010di\u0161\u010denja, hkrati pa ohranja varnost \u017eivil.<\/p>\r\n      <\/li>\r\n      <li>\r\n        <h3>Poro\u010dilo o zgodovini \u010di\u0161\u010denja<\/h3>\r\n        <p>bele\u017ei dneve od zadnjega \u010di\u0161\u010denja in opozarja osebje, kdaj je treba opraviti \u010di\u0161\u010denje.<\/p>\r\n      <\/li>\r\n      <li>\r\n        <h3>Bele\u017eenje operacij<\/h3>\r\n        <p>Bele\u017ei vsako operacijo in napako ter tako ustvarja zgodovino storitev in pospe\u0161uje odpravljanje te\u017eav.<\/p>\r\n      <\/li>\r\n      <li>\r\n        <h3>Blokada za \u010di\u0161\u010denje, ki je zapadlo v pla\u010dilo<\/h3>\r\n        <p>Prepre\u010duje normalno delovanje, dokler se ne opravi potrebno \u010di\u0161\u010denje, da se zagotovi varnost \u017eivil.<\/p>\r\n      <\/li>\r\n    <\/ul>\r\n  <\/div>\r\n<\/section>\r\n\r\n<style>\r\n\/* Reuse Premier styles *\/\r\n.premier-series{padding:48px 0;background:#fff;}\r\n.ps-wrap{max-width:1100px;margin:0 auto;display:grid;grid-template-columns:2fr 1fr;gap:48px;}\r\n.ps-features h2{margin:0 0 12px;font-size:38px;line-height:1.2;}\r\n.ps-list{list-style:none;margin:0;padding:0;display:grid;grid-template-columns:1fr 1fr;gap:20px 32px;}\r\n.ps-list li{border:1px solid #6D9940;border-radius:12px;padding:16px;}\r\n.ps-list h3{margin:0 0 6px;font-size:18px;line-height:1.3;}\r\n.ps-list p{margin:0;color:#444;}\r\n.ps-aside{align-self:start;position:sticky;top:24px}\r\n.ps-kicker{letter-spacing:.08em;text-transform:uppercase;font-weight:600;color:#6D9940;margin:0 0 6px;}\r\n.ps-heading{margin:0 0 10px;font-size:34px;line-height:1.3;}\r\n.ps-btn{display:inline-block;margin-top:10px;padding:10px 16px;border-radius:45px;background:#6D9940;color:#fff;text-decoration:none;font-weight:600}\r\n.ps-image{margin-top:18px;width:100%;height:auto;border-radius:12px}\r\n\r\n@media (max-width:980px){\r\n  .ps-wrap{grid-template-columns:1fr;gap:28px}\r\n  .ps-list{grid-template-columns:1fr}\r\n  .ps-aside{position:static}\r\n  .ps-features h2{margin:0 0 12px;font-size:28px;line-height:1.2;}\r\n    .ps-heading{margin:0 0 10px;font-size:24px;line-height:1.3;}\r\n    .extras-head h3{margin:6px 0 6px;font-size:30px}\r\n}\r\n\r\n\r\n\/* Elite extras block *\/\r\n.elite-extras{padding:36px 0 56px;background:#f8faff;border-top:1px solid #6D9940;border-bottom:1px solid #e9eefc;}\r\n.elite-extras .ps-wrap{grid-template-columns:1fr;gap:18px}\r\n.extras-head h3{margin:6px 0 6px;font-size:30px}\r\n.extras-head p{margin:0 0 12px;color:#444}\r\n.extras-badge{display:inline-block;background:#e8f0ff;color:#6D9940;font-weight:700;padding:6px 10px;border-radius:10px}\r\n.extras-list li{border-color:#dfe8ff}\r\n<\/style>\r\n\t\t\t\t<\/div>\n\t\t\t\t<\/div>\n\t\t\t\t\t<\/div>\n\t\t\t\t<\/div>\n\t\t\t\t<\/div>","protected":false},"excerpt":{"rendered":"<p>Spaceman Elite Series Info EXPLORE MODELLS Elite Series \u2014 Key Features Fast Freeze Down Patented high-efficiency evaporator allows faster freeze-down with lower energy use. Microprocessor Control Digital control with status, temperatures, dispense count, and error display. Hopper Agitators Maintain product consistency and prevent separation. Defrost for Cleaning Heats frozen product in the cylinder to speed [&hellip;]<\/p>\n","protected":false},"author":3,"featured_media":0,"parent":0,"menu_order":0,"comment_status":"closed","ping_status":"closed","template":"","meta":{"footnotes":""},"class_list":["post-13280","page","type-page","status-publish","hentry"],"_links":{"self":[{"href":"https:\/\/dersuessestopp.com\/sl\/wp-json\/wp\/v2\/pages\/13280","targetHints":{"allow":["GET"]}}],"collection":[{"href":"https:\/\/dersuessestopp.com\/sl\/wp-json\/wp\/v2\/pages"}],"about":[{"href":"https:\/\/dersuessestopp.com\/sl\/wp-json\/wp\/v2\/types\/page"}],"author":[{"embeddable":true,"href":"https:\/\/dersuessestopp.com\/sl\/wp-json\/wp\/v2\/users\/3"}],"replies":[{"embeddable":true,"href":"https:\/\/dersuessestopp.com\/sl\/wp-json\/wp\/v2\/comments?post=13280"}],"version-history":[{"count":44,"href":"https:\/\/dersuessestopp.com\/sl\/wp-json\/wp\/v2\/pages\/13280\/revisions"}],"predecessor-version":[{"id":14620,"href":"https:\/\/dersuessestopp.com\/sl\/wp-json\/wp\/v2\/pages\/13280\/revisions\/14620"}],"wp:attachment":[{"href":"https:\/\/dersuessestopp.com\/sl\/wp-json\/wp\/v2\/media?parent=13280"}],"curies":[{"name":"wp","href":"https:\/\/api.w.org\/{rel}","templated":true}]}}