{"id":9935,"date":"2025-09-28T03:54:30","date_gmt":"2025-09-28T03:54:30","guid":{"rendered":"https:\/\/dersuessestopp.com\/product\/cyan-nanosolvent-ink-100ml\/"},"modified":"2025-09-28T04:09:06","modified_gmt":"2025-09-28T04:09:06","slug":"inchiostro-ciano-a-nanosolvente-100ml","status":"publish","type":"product","link":"https:\/\/dersuessestopp.com\/it\/product\/cyan-nanosolvent-ink-100ml\/","title":{"rendered":"Inchiostro nanosolvente CYAN 100ml"},"content":{"rendered":"<p>L'inchiostro nanosolvente \u00e8 un tipo di inchiostro che utilizza pigmenti colorati con polveri di diametro inferiore a 100 nm. Gli innovativi nanoinchiostri penetrano nella struttura del materiale, rendendo la stampa pi\u00f9 resistente ai danni meccanici e chimici. Allo stesso tempo, le stampe sono naturali, si adattano alla struttura del substrato e si deformano con esso. L'uso dell'inchiostro nano-solvente \u00e8 un'alternativa alla stampa LED UV. Permette, tra l'altro, di stampare sulle candele, sul sughero, sul legno, sul PVC espanso... L'elevata durata e flessibilit\u00e0 delle stampe realizzate con una stampante a nanosolvente consente di marcare prodotti e materiali insoliti. L'inchiostro penetra in profondit\u00e0 nel prodotto, \u00e8 impercettibile e non forma uno strato sulla superficie della stampa. Grazie a ci\u00f2, la stampa a nanosolvente trova applicazione laddove le stampanti UV LED non sono sufficienti. Inoltre, gli inchiostri a nanosolvente riducono al minimo il rischio di danni alla testina di stampa e ad altri componenti del sistema di inchiostro.<\/p>","protected":false},"excerpt":{"rendered":"<p>Scoprite l'innovativo inchiostro CYAN a nanosolvente utilizzato nelle stampanti IMAGO Aquila Aluminium, Falco Aluminium e Aquila Nanosolvent. L'avanzata formula del nano-inchiostro garantisce un'elevata precisione e intensit\u00e0 del colore. L'inchiostro penetra nei materiali assorbenti, penetrando nella loro struttura, grazie alla quale la stampa \u00e8 permanente e si deforma insieme all'oggetto flessibile. Vendiamo l'inchiostro in flaconi da 100 ml.<\/p>","protected":false},"featured_media":9934,"comment_status":"open","ping_status":"closed","template":"","meta":[],"product_brand":[],"product_cat":[38,97],"product_tag":[],"class_list":{"0":"post-9935","1":"product","2":"type-product","3":"status-publish","4":"has-post-thumbnail","6":"product_cat-imago-food-printers","7":"product_cat-nanosolvent-inks","9":"first","10":"instock","11":"shipping-taxable","12":"purchasable","13":"product-type-simple"},"_links":{"self":[{"href":"https:\/\/dersuessestopp.com\/it\/wp-json\/wp\/v2\/product\/9935","targetHints":{"allow":["GET"]}}],"collection":[{"href":"https:\/\/dersuessestopp.com\/it\/wp-json\/wp\/v2\/product"}],"about":[{"href":"https:\/\/dersuessestopp.com\/it\/wp-json\/wp\/v2\/types\/product"}],"replies":[{"embeddable":true,"href":"https:\/\/dersuessestopp.com\/it\/wp-json\/wp\/v2\/comments?post=9935"}],"version-history":[{"count":1,"href":"https:\/\/dersuessestopp.com\/it\/wp-json\/wp\/v2\/product\/9935\/revisions"}],"predecessor-version":[{"id":9963,"href":"https:\/\/dersuessestopp.com\/it\/wp-json\/wp\/v2\/product\/9935\/revisions\/9963"}],"wp:featuredmedia":[{"embeddable":true,"href":"https:\/\/dersuessestopp.com\/it\/wp-json\/wp\/v2\/media\/9934"}],"wp:attachment":[{"href":"https:\/\/dersuessestopp.com\/it\/wp-json\/wp\/v2\/media?parent=9935"}],"wp:term":[{"taxonomy":"product_brand","embeddable":true,"href":"https:\/\/dersuessestopp.com\/it\/wp-json\/wp\/v2\/product_brand?post=9935"},{"taxonomy":"product_cat","embeddable":true,"href":"https:\/\/dersuessestopp.com\/it\/wp-json\/wp\/v2\/product_cat?post=9935"},{"taxonomy":"product_tag","embeddable":true,"href":"https:\/\/dersuessestopp.com\/it\/wp-json\/wp\/v2\/product_tag?post=9935"}],"curies":[{"name":"wp","href":"https:\/\/api.w.org\/{rel}","templated":true}]}}