{"id":9904,"date":"2025-09-28T03:49:22","date_gmt":"2025-09-28T03:49:22","guid":{"rendered":"https:\/\/dersuessestopp.com\/product\/vulpes-confectionery-plotter\/"},"modified":"2025-09-28T04:09:55","modified_gmt":"2025-09-28T04:09:55","slug":"plotter-da-pasticceria-vulpes","status":"publish","type":"product","link":"https:\/\/dersuessestopp.com\/it\/product\/vulpes-confectionery-plotter\/","title":{"rendered":"Tracciatore per pasticceria VULPES"},"content":{"rendered":"<p>Tracciatore alimentare VULPES La stampante alimentare Falco offre una stampa diretta di qualit\u00e0 fotografica su quasi tutti i substrati alimentari. In questo modo i vostri dolci, le piccole torte e i macarons si distingueranno per la precisione e la variet\u00e0 dei colori. Il plotter alimentare Falco vi permette di creare decorazioni originali e di personalizzare i prodotti, che distingueranno l'offerta della vostra pasticceria o panetteria. Le stampanti per pasticceria facilitano la decorazione dei prodotti. Grazie ad esse, potrete distinguere la vostra offerta e offrire ai vostri clienti prodotti personalizzati per varie occasioni come Pasqua, la festa della mamma o il Natale. Allo stesso tempo, con una stampante alimentare, ridurrete i costi di produzione e aumenterete il margine sui prodotti offerti, incrementando cos\u00ec i profitti della vostra attivit\u00e0! La pi\u00f9 alta qualit\u00e0 di stampa alimentare diretta sul mercato.<br \/>\n L'inchiostro commestibile appositamente selezionato, la giusta testina di stampa e il software di stampa assicurano un'incredibile intensit\u00e0 di colore e una qualit\u00e0 fotografica delle decorazioni, consentendo di creare torte, biscotti, cioccolatini e macarons di grande effetto. Accelerazione professionale della produzione dolciaria.<br \/>\n Con la stampante alimentare Vulpes \u00e8 possibile decorare fino a 900 macarons in un'ora. Il rilevamento automatico dell'altezza, il tavolo con righello e gli stampi aggiuntivi facilitano il lavoro e abbreviano ulteriormente il processo di decorazione, mentre gli ampi serbatoi di inchiostro garantiscono un funzionamento prolungato senza la necessit\u00e0 di ricaricare l'inchiostro alimentare. Compatibilit\u00e0 con i formati di teglia per pasticceria.<br \/>\n Il plotter da cucina Vulpes \u00e8 adattato ai formati standard delle teglie GN 1\/1. I cerchi posizionati sul tavolo consentono di posizionare rapidamente le torte di dimensioni standard. Grazie a ci\u00f2, con la nostra stampante alimentare \u00e8 possibile decorare facilmente torte fino a 32 cm di diametro e fino a 15 cm di altezza. Sistemi di segnalazione e modalit\u00e0 di servizio intuitiva.<br \/>\n I sistemi utilizzati nella macchina consentono un funzionamento semplice dell'apparecchio. I sistemi di segnalazione informano l'utente quando \u00e8 necessario ricaricare l'inchiostro o svuotare il serbatoio di scarico. Vulpes informa anche quando il lavoro di stampa \u00e8 terminato. Impatto sullo sviluppo delle aziende dolciarie.<br \/>\n I plotter da cucina semplificano la decorazione dei prodotti. Vi permettono di differenziare la vostra offerta e di fornire ai vostri clienti prodotti personalizzati per varie occasioni, come Natale, San Valentino o la festa della donna. Allo stesso tempo, con una stampante alimentare, ridurrete i costi di produzione e aumenterete il margine sui vostri prodotti, incrementando cos\u00ec i profitti della vostra attivit\u00e0!<\/p>","protected":false},"excerpt":{"rendered":"<p>Il plotter da pasticceria Vulpes consente di stampare con la massima qualit\u00e0 praticamente su qualsiasi substrato dolciario.<\/p>","protected":false},"featured_media":9903,"comment_status":"open","ping_status":"closed","template":"","meta":[],"product_brand":[],"product_cat":[83,76,38],"product_tag":[],"class_list":{"0":"post-9904","1":"product","2":"type-product","3":"status-publish","4":"has-post-thumbnail","6":"product_cat-devices","7":"product_cat-food-printers","8":"product_cat-imago-food-printers","10":"first","11":"instock","12":"shipping-taxable","13":"purchasable","14":"product-type-simple"},"_links":{"self":[{"href":"https:\/\/dersuessestopp.com\/it\/wp-json\/wp\/v2\/product\/9904","targetHints":{"allow":["GET"]}}],"collection":[{"href":"https:\/\/dersuessestopp.com\/it\/wp-json\/wp\/v2\/product"}],"about":[{"href":"https:\/\/dersuessestopp.com\/it\/wp-json\/wp\/v2\/types\/product"}],"replies":[{"embeddable":true,"href":"https:\/\/dersuessestopp.com\/it\/wp-json\/wp\/v2\/comments?post=9904"}],"version-history":[{"count":1,"href":"https:\/\/dersuessestopp.com\/it\/wp-json\/wp\/v2\/product\/9904\/revisions"}],"predecessor-version":[{"id":9979,"href":"https:\/\/dersuessestopp.com\/it\/wp-json\/wp\/v2\/product\/9904\/revisions\/9979"}],"wp:featuredmedia":[{"embeddable":true,"href":"https:\/\/dersuessestopp.com\/it\/wp-json\/wp\/v2\/media\/9903"}],"wp:attachment":[{"href":"https:\/\/dersuessestopp.com\/it\/wp-json\/wp\/v2\/media?parent=9904"}],"wp:term":[{"taxonomy":"product_brand","embeddable":true,"href":"https:\/\/dersuessestopp.com\/it\/wp-json\/wp\/v2\/product_brand?post=9904"},{"taxonomy":"product_cat","embeddable":true,"href":"https:\/\/dersuessestopp.com\/it\/wp-json\/wp\/v2\/product_cat?post=9904"},{"taxonomy":"product_tag","embeddable":true,"href":"https:\/\/dersuessestopp.com\/it\/wp-json\/wp\/v2\/product_tag?post=9904"}],"curies":[{"name":"wp","href":"https:\/\/api.w.org\/{rel}","templated":true}]}}