{"id":9902,"date":"2025-09-28T03:49:13","date_gmt":"2025-09-28T03:49:13","guid":{"rendered":"https:\/\/dersuessestopp.com\/product\/aquila-aluminium-printer\/"},"modified":"2025-09-28T04:09:55","modified_gmt":"2025-09-28T04:09:55","slug":"stampante-aquila-in-alluminio","status":"publish","type":"product","link":"https:\/\/dersuessestopp.com\/it\/product\/aquila-aluminium-printer\/","title":{"rendered":"Stampante AQUILA in alluminio"},"content":{"rendered":"<p>La stampante digitale Aquila per alluminio offre la massima qualit\u00e0, precisione e durata della stampa a colori su metallo. AQUILA Aluminium consente di creare targhette, etichette per magazzini, insegne per edifici, nonch\u00e9 diplomi e pannelli di controllo. Risparmiare tempo e diventare indipendenti da fornitori esterni: con AQUILA Aluminium \u00e8 possibile. Stampa di altissima qualit\u00e0 su alluminio anodizzato Il dispositivo Aquila Aluminium \u00e8 ideale per le applicazioni in cui sono importanti la qualit\u00e0 della stampa, la sua durata e i brevi tempi di consegna dei prodotti finiti. Inoltre, la stampa \u00e8 molto precisa e ripetibile su ogni prodotto. Un pacchetto tecnologico completo per la stampa su metallo Per aumentare ulteriormente la precisione e la durata delle stampe, abbiamo sviluppato un pacchetto tecnologico che comprende: un dispositivo di aspirazione e riscaldamento VSG che aumenta la saturazione del colore e la precisione della stampa, e un TUB TECNOLOGICO - per aumentare la durata sigillando i fogli stampati. Sistema di asciugatura attiva della stampa La stampante in alluminio \u00e8 dotata di un sistema di asciugatura che accelera il processo di evaporazione del solvente. Ci\u00f2 consente una maggiore saturazione dei colori e la stampa di dettagli fini, caratteri piccoli e simboli. La capacit\u00e0 di soddisfare piccoli ordini e la personalizzazione Le stampanti IMAGO sono dispositivi pratici per la personalizzazione. Con una stampante digitale per alluminio, \u00e8 possibile evadere facilmente e rapidamente ordini piccoli e variegati senza preoccuparsi dei tempi morti della produzione su larga scala. A differenza della serigrafia, Aquila Aluminum applica tutti i colori contemporaneamente, consentendo di creare disegni dai colori intensi. La stampante pu\u00f2 essere utilizzata anche per stampare su materiali assorbenti come il sughero o il legno. testina di stampa con liquido di pulizia Il sistema di inchiostro utilizzato nella stampante, con canali per il liquido di pulizia, riduce i problemi di intasamento della testina di stampa e delle parti consumabili del dispositivo.<\/p>","protected":false},"excerpt":{"rendered":"<p>La stampante digitale per alluminio anodizzato offre la massima qualit\u00e0, precisione e durata della stampa a colori su metallo. AQUILA Aluminum consente di creare targhette, etichette per magazzini, insegne per edifici, nonch\u00e9 diplomi e pannelli di controllo.<\/p>","protected":false},"featured_media":9901,"comment_status":"open","ping_status":"closed","template":"","meta":[],"product_brand":[],"product_cat":[83,38,79],"product_tag":[],"class_list":{"0":"post-9902","1":"product","2":"type-product","3":"status-publish","4":"has-post-thumbnail","6":"product_cat-devices","7":"product_cat-imago-food-printers","8":"product_cat-printers-for-aluminum","10":"first","11":"instock","12":"shipping-taxable","13":"purchasable","14":"product-type-simple"},"_links":{"self":[{"href":"https:\/\/dersuessestopp.com\/it\/wp-json\/wp\/v2\/product\/9902","targetHints":{"allow":["GET"]}}],"collection":[{"href":"https:\/\/dersuessestopp.com\/it\/wp-json\/wp\/v2\/product"}],"about":[{"href":"https:\/\/dersuessestopp.com\/it\/wp-json\/wp\/v2\/types\/product"}],"replies":[{"embeddable":true,"href":"https:\/\/dersuessestopp.com\/it\/wp-json\/wp\/v2\/comments?post=9902"}],"version-history":[{"count":1,"href":"https:\/\/dersuessestopp.com\/it\/wp-json\/wp\/v2\/product\/9902\/revisions"}],"predecessor-version":[{"id":9980,"href":"https:\/\/dersuessestopp.com\/it\/wp-json\/wp\/v2\/product\/9902\/revisions\/9980"}],"wp:featuredmedia":[{"embeddable":true,"href":"https:\/\/dersuessestopp.com\/it\/wp-json\/wp\/v2\/media\/9901"}],"wp:attachment":[{"href":"https:\/\/dersuessestopp.com\/it\/wp-json\/wp\/v2\/media?parent=9902"}],"wp:term":[{"taxonomy":"product_brand","embeddable":true,"href":"https:\/\/dersuessestopp.com\/it\/wp-json\/wp\/v2\/product_brand?post=9902"},{"taxonomy":"product_cat","embeddable":true,"href":"https:\/\/dersuessestopp.com\/it\/wp-json\/wp\/v2\/product_cat?post=9902"},{"taxonomy":"product_tag","embeddable":true,"href":"https:\/\/dersuessestopp.com\/it\/wp-json\/wp\/v2\/product_tag?post=9902"}],"curies":[{"name":"wp","href":"https:\/\/api.w.org\/{rel}","templated":true}]}}