{"id":9900,"date":"2025-09-28T03:49:05","date_gmt":"2025-09-28T03:49:05","guid":{"rendered":"https:\/\/dersuessestopp.com\/product\/aquila-uv-led-printer\/"},"modified":"2025-09-28T04:09:55","modified_gmt":"2025-09-28T04:09:55","slug":"stampante-aquila-uv-led","status":"publish","type":"product","link":"https:\/\/dersuessestopp.com\/it\/product\/aquila-uv-led-printer\/","title":{"rendered":"Stampante LED UV AQUILA"},"content":{"rendered":"<p>AQUILA UV LED - Stampante UV LED polacca di piccolo formato Eliminate la necessit\u00e0 di ricorrere a collaboratori esterni e assumete il pieno controllo della vostra attivit\u00e0 con la stampante UV LED di piccolo formato di IMAGO. Il dispositivo \u00e8 ideale per le aziende che desiderano avviare una produzione propria di prodotti di marca. Allo stesso tempo, le aziende che si concentrano sulla produzione su larga scala avranno la possibilit\u00e0 di soddisfare gli ordini individuali e di offrire la personalizzazione. Sistema di ricircolo e miscelazione dell'inchiostro bianco Si tratta di soluzioni proprietarie che impediscono all'inchiostro bianco di seccarsi nelle bottiglie e nei tubi. Inoltre, la modalit\u00e0 standby consente alle stampanti di rimanere pienamente operative durante i lunghi periodi di inattivit\u00e0 con un consumo energetico molto ridotto. Sistemi che aumentano la durata del sistema di stampa. Il sistema di aspirazione della polvere utilizzato nella nostra stampante UV LED consente di stampare su superfici irregolari e materiali polverosi senza preoccuparsi delle condizioni del sistema di stampa. Inoltre, il piano di lavoro nero impedisce alle particelle di inchiostro di indurirsi sulla testina di stampa. Lampada UV LED selezionata correttamente La lampada UV LED raffreddata ad aria utilizzata nel dispositivo non richiede manutenzione e non richiede la vostra attenzione durante il funzionamento. L'impostazione appropriata della potenza della lampada UV LED consente di stampare su prodotti sensibili al calore senza il rischio di deformazioni del prodotto. Piccola stampante UV LED per la personalizzazione Il piccolo formato \u00e8 una soluzione conveniente che funziona bene nei settori della pubblicit\u00e0, del turismo e dei matrimoni, oltre che nelle tipografie. Inoltre, il tavolo con righello e le matrici abbinate garantiscono un facile posizionamento dei prodotti di piccole dimensioni. Sistemi di segnalazione e modalit\u00e0 di assistenza intuitiva I sistemi utilizzati nella macchina consentono un facile utilizzo del dispositivo. I sistemi di segnalazione informano quando \u00e8 necessario riempire l'inchiostro o svuotare il serbatoio dei materiali di consumo. Aquila UV LED vi informer\u00e0 anche quando la stampa \u00e8 terminata.<\/p>","protected":false},"excerpt":{"rendered":"<p>Eliminate la necessit\u00e0 di ricorrere a collaboratori esterni e assumete il pieno controllo della vostra attivit\u00e0 con una stampante UV LED di piccolo formato di IMAGO.<\/p>","protected":false},"featured_media":9899,"comment_status":"open","ping_status":"closed","template":"","meta":[],"product_brand":[],"product_cat":[83,38,77],"product_tag":[],"class_list":{"0":"post-9900","1":"product","2":"type-product","3":"status-publish","4":"has-post-thumbnail","6":"product_cat-devices","7":"product_cat-imago-food-printers","8":"product_cat-uv-led-printers","10":"first","11":"instock","12":"shipping-taxable","13":"purchasable","14":"product-type-simple"},"_links":{"self":[{"href":"https:\/\/dersuessestopp.com\/it\/wp-json\/wp\/v2\/product\/9900","targetHints":{"allow":["GET"]}}],"collection":[{"href":"https:\/\/dersuessestopp.com\/it\/wp-json\/wp\/v2\/product"}],"about":[{"href":"https:\/\/dersuessestopp.com\/it\/wp-json\/wp\/v2\/types\/product"}],"replies":[{"embeddable":true,"href":"https:\/\/dersuessestopp.com\/it\/wp-json\/wp\/v2\/comments?post=9900"}],"version-history":[{"count":1,"href":"https:\/\/dersuessestopp.com\/it\/wp-json\/wp\/v2\/product\/9900\/revisions"}],"predecessor-version":[{"id":9981,"href":"https:\/\/dersuessestopp.com\/it\/wp-json\/wp\/v2\/product\/9900\/revisions\/9981"}],"wp:featuredmedia":[{"embeddable":true,"href":"https:\/\/dersuessestopp.com\/it\/wp-json\/wp\/v2\/media\/9899"}],"wp:attachment":[{"href":"https:\/\/dersuessestopp.com\/it\/wp-json\/wp\/v2\/media?parent=9900"}],"wp:term":[{"taxonomy":"product_brand","embeddable":true,"href":"https:\/\/dersuessestopp.com\/it\/wp-json\/wp\/v2\/product_brand?post=9900"},{"taxonomy":"product_cat","embeddable":true,"href":"https:\/\/dersuessestopp.com\/it\/wp-json\/wp\/v2\/product_cat?post=9900"},{"taxonomy":"product_tag","embeddable":true,"href":"https:\/\/dersuessestopp.com\/it\/wp-json\/wp\/v2\/product_tag?post=9900"}],"curies":[{"name":"wp","href":"https:\/\/api.w.org\/{rel}","templated":true}]}}