{"id":9898,"date":"2025-09-28T03:48:57","date_gmt":"2025-09-28T03:48:57","guid":{"rendered":"https:\/\/dersuessestopp.com\/product\/aquila-nanosolvent-printer\/"},"modified":"2025-09-28T04:09:55","modified_gmt":"2025-09-28T04:09:55","slug":"stampante-aquila-a-nanosolvente","status":"publish","type":"product","link":"https:\/\/dersuessestopp.com\/it\/product\/aquila-nanosolvent-printer\/","title":{"rendered":"Stampante AQUILA a nanosolvente"},"content":{"rendered":"<p>AQUILA Nanosolvent - stampa precisa con gocce d'inchiostro molto piccole Le stampanti con tecnologia Nanoprinting sono ideali per la marcatura specializzata di materiali difficili. L'inchiostro penetra nella struttura del materiale, il che significa che la grafica si adatta alla struttura del substrato e si deforma con esso. Stampanti digitali per compiti speciali. La stampante digitale AQUILA Nanosolvent \u00e8 un dispositivo per compiti speciali. Questo grazie alla tecnologia degli inchiostri nanostrutturati che penetrano nei substrati porosi. Di conseguenza, la grafica \u00e8 estetica e reagisce a qualsiasi deformazione. Allo stesso tempo, la stampa \u00e8 permanente e resistente ai danni meccanici.  Ci\u00f2 consente di creare composizioni uniche su candele, copertine o sottobicchieri. Stampa di alta qualit\u00e0 su legno, sughero o pelle. I dispositivi AQUILA Nanosolvent offrono una stampa di alta qualit\u00e0 con una risoluzione di 5760 x 1440 dpi. Questo garantisce il dettaglio dell'immagine stampata su PVC espanso, candele, sughero, pelle o legno. La profondit\u00e0 del colore si traduce in estetica e precisione dei prodotti finali. Facile personalizzazione dei prodotti AQUILA Nanosolvent \u00e8 una stampante digitale di piccolo formato che consente di realizzare ordini personalizzati. In questo modo, potrete distinguere i vostri prodotti e adattarli alle diverse occasioni, come le festivit\u00e0, San Valentino o la festa della donna. Il dispositivo \u00e8 facile da adattare a qualsiasi progetto e il suo funzionamento e posizionamento del prodotto sono molto semplici. Sistema di essiccazione attiva della stampa Il dispositivo AQUILA Nanosolvent \u00e8 dotato di un sistema di essiccazione attiva. Questo accelera l'evaporazione del solvente e la penetrazione dell'inchiostro nel substrato. Ci\u00f2 consente una maggiore saturazione del colore e la stampa di dettagli fini, caratteri piccoli e simboli. testina di stampa con liquido di pulizia Il sistema di inchiostro utilizzato nella stampante, con canali per il liquido di pulizia, riduce i problemi di intasamento della testina di stampa e delle parti consumabili del dispositivo.<\/p>","protected":false},"excerpt":{"rendered":"<p>Le stampanti con tecnologia nanoprinting sono ideali per la marcatura specializzata di materiali difficili.<\/p>","protected":false},"featured_media":9897,"comment_status":"open","ping_status":"closed","template":"","meta":[],"product_brand":[],"product_cat":[83,38,94],"product_tag":[],"class_list":{"0":"post-9898","1":"product","2":"type-product","3":"status-publish","4":"has-post-thumbnail","6":"product_cat-devices","7":"product_cat-imago-food-printers","8":"product_cat-printers-nanosolvent","10":"first","11":"instock","12":"shipping-taxable","13":"purchasable","14":"product-type-simple"},"_links":{"self":[{"href":"https:\/\/dersuessestopp.com\/it\/wp-json\/wp\/v2\/product\/9898","targetHints":{"allow":["GET"]}}],"collection":[{"href":"https:\/\/dersuessestopp.com\/it\/wp-json\/wp\/v2\/product"}],"about":[{"href":"https:\/\/dersuessestopp.com\/it\/wp-json\/wp\/v2\/types\/product"}],"replies":[{"embeddable":true,"href":"https:\/\/dersuessestopp.com\/it\/wp-json\/wp\/v2\/comments?post=9898"}],"version-history":[{"count":1,"href":"https:\/\/dersuessestopp.com\/it\/wp-json\/wp\/v2\/product\/9898\/revisions"}],"predecessor-version":[{"id":9982,"href":"https:\/\/dersuessestopp.com\/it\/wp-json\/wp\/v2\/product\/9898\/revisions\/9982"}],"wp:featuredmedia":[{"embeddable":true,"href":"https:\/\/dersuessestopp.com\/it\/wp-json\/wp\/v2\/media\/9897"}],"wp:attachment":[{"href":"https:\/\/dersuessestopp.com\/it\/wp-json\/wp\/v2\/media?parent=9898"}],"wp:term":[{"taxonomy":"product_brand","embeddable":true,"href":"https:\/\/dersuessestopp.com\/it\/wp-json\/wp\/v2\/product_brand?post=9898"},{"taxonomy":"product_cat","embeddable":true,"href":"https:\/\/dersuessestopp.com\/it\/wp-json\/wp\/v2\/product_cat?post=9898"},{"taxonomy":"product_tag","embeddable":true,"href":"https:\/\/dersuessestopp.com\/it\/wp-json\/wp\/v2\/product_tag?post=9898"}],"curies":[{"name":"wp","href":"https:\/\/api.w.org\/{rel}","templated":true}]}}