{"id":9896,"date":"2025-09-28T03:48:45","date_gmt":"2025-09-28T03:48:45","guid":{"rendered":"https:\/\/dersuessestopp.com\/product\/falco-aluminium-printer\/"},"modified":"2025-09-28T04:09:55","modified_gmt":"2025-09-28T04:09:55","slug":"stampante-in-alluminio-falco","status":"publish","type":"product","link":"https:\/\/dersuessestopp.com\/it\/product\/falco-aluminium-printer\/","title":{"rendered":"Stampante FALCO in alluminio"},"content":{"rendered":"<p>FALCO Aluminium - etichette da magazzino indistruttibili in alluminio anodizzato Il dispositivo FALCO Aluminium consente di produrre etichette da magazzino indistruttibili direttamente sul luogo di utilizzo. Questo riduce i tempi e i costi di produzione. Siete alla ricerca di etichette da magazzino durevoli? Scoprite le possibilit\u00e0 offerte da FALCO Aluminium. Stampa di alta precisione su alluminio anodizzato Il dispositivo FALCO Aluminium \u00e8 ideale per le applicazioni in cui sono importanti la qualit\u00e0 di stampa, la durata e i brevi tempi di consegna dei prodotti finiti. Inoltre, la stampa \u00e8 molto precisa e ripetibile su ogni prodotto. Un pacchetto tecnologico completo per la stampa su metallo Per aumentare ulteriormente la precisione e la durata delle stampe, abbiamo sviluppato un pacchetto tecnologico che comprende: il dispositivo FALCO Aluminium e la Technology Tub, un'applicazione che aumenta la durata sigillando i fogli di metallo stampati. Produzione in serie continua Falco Aluminium \u00e8 stato progettato per il funzionamento in serie continua direttamente nel punto di produzione delle etichette di magazzino. Grazie alla sua struttura resistente e alla modalit\u00e0 di assistenza intuitiva, non dovrete preoccuparvi dei tempi di inattivit\u00e0 della produzione! Costi ridotti e logistica semplice per la creazione di etichette di magazzino L'applicazione della tecnologia di stampa su alluminio anodizzato riduce i tempi di produzione, abbassa i costi e facilita la logistica della produzione di etichette di magazzino nella vostra azienda. Durante una giornata di lavoro di un operatore, \u00e8 possibile produrre fino a 500 etichette e il costo totale di produzione di 1 pezzo \u00e8 di soli 3 PLN! Facile da usare e senza problemi Il funzionamento delle stampanti in alluminio \u00e8 intuitivo, per cui dopo una formazione di base, ogni dipendente sar\u00e0 in grado di preparare un prodotto finito di altissima qualit\u00e0. Il sistema di pulizia semiautomatico aumenta la durata della testina di stampa, mentre il sistema di bottiglie antigoccia garantisce un funzionamento rapido e confortevole.<\/p>","protected":false},"excerpt":{"rendered":"<p>Il dispositivo FALCO Aluminium consente di produrre etichette di magazzino indistruttibili direttamente nel punto di utilizzo.<\/p>","protected":false},"featured_media":9895,"comment_status":"open","ping_status":"closed","template":"","meta":[],"product_brand":[],"product_cat":[83,38,79],"product_tag":[],"class_list":{"0":"post-9896","1":"product","2":"type-product","3":"status-publish","4":"has-post-thumbnail","6":"product_cat-devices","7":"product_cat-imago-food-printers","8":"product_cat-printers-for-aluminum","10":"first","11":"instock","12":"shipping-taxable","13":"purchasable","14":"product-type-simple"},"_links":{"self":[{"href":"https:\/\/dersuessestopp.com\/it\/wp-json\/wp\/v2\/product\/9896","targetHints":{"allow":["GET"]}}],"collection":[{"href":"https:\/\/dersuessestopp.com\/it\/wp-json\/wp\/v2\/product"}],"about":[{"href":"https:\/\/dersuessestopp.com\/it\/wp-json\/wp\/v2\/types\/product"}],"replies":[{"embeddable":true,"href":"https:\/\/dersuessestopp.com\/it\/wp-json\/wp\/v2\/comments?post=9896"}],"version-history":[{"count":1,"href":"https:\/\/dersuessestopp.com\/it\/wp-json\/wp\/v2\/product\/9896\/revisions"}],"predecessor-version":[{"id":9983,"href":"https:\/\/dersuessestopp.com\/it\/wp-json\/wp\/v2\/product\/9896\/revisions\/9983"}],"wp:featuredmedia":[{"embeddable":true,"href":"https:\/\/dersuessestopp.com\/it\/wp-json\/wp\/v2\/media\/9895"}],"wp:attachment":[{"href":"https:\/\/dersuessestopp.com\/it\/wp-json\/wp\/v2\/media?parent=9896"}],"wp:term":[{"taxonomy":"product_brand","embeddable":true,"href":"https:\/\/dersuessestopp.com\/it\/wp-json\/wp\/v2\/product_brand?post=9896"},{"taxonomy":"product_cat","embeddable":true,"href":"https:\/\/dersuessestopp.com\/it\/wp-json\/wp\/v2\/product_cat?post=9896"},{"taxonomy":"product_tag","embeddable":true,"href":"https:\/\/dersuessestopp.com\/it\/wp-json\/wp\/v2\/product_tag?post=9896"}],"curies":[{"name":"wp","href":"https:\/\/api.w.org\/{rel}","templated":true}]}}