{"id":9889,"date":"2025-09-28T03:48:24","date_gmt":"2025-09-28T03:48:24","guid":{"rendered":"https:\/\/dersuessestopp.com\/product\/upper-matrix-personalized-part-of-the-matrix\/"},"modified":"2025-09-28T04:09:55","modified_gmt":"2025-09-28T04:09:55","slug":"matrice-superiore-parte-personalizzata-della-matrice","status":"publish","type":"product","link":"https:\/\/dersuessestopp.com\/it\/product\/upper-matrix-personalized-part-of-the-matrix\/","title":{"rendered":"Matrice UPPER - parte personalizzata della matrice"},"content":{"rendered":"<p>Costruzione degli stampi IMAGO I nostri stampi sono realizzati secondo il sistema di gestione della produzione giapponese Poka-Yoke. L'utensile \u00e8 composto da due elementi: una base e una parte superiore rimovibile. I prodotti vengono posizionati sulla parte superiore, che viene adattata a una forma specifica. La parte superiore dello stampo pu\u00f2 essere posizionata in una sola direzione, evitando cos\u00ec errori costosi e perdite di tempo per la correzione dei prodotti. Stampi su misura per il vostro prodotto Realizziamo gli stampi in base agli ordini individuali dei clienti, in modo da adattarli al prodotto selezionato. Gli stampi sono adattati ai tavoli di lavoro delle stampanti digitali IMAGO. Questo rende la loro installazione facile e veloce. Per ogni stampo viene inoltre creato un file grafico che ne riproduce la forma. In questo modo \u00e8 pi\u00f9 facile applicare la grafica a un lotto di prodotti su un computer. La qualit\u00e0 dell'immagine fotografica, l'attenzione ai dettagli, la precisione e la ripetibilit\u00e0 della stampa faciliteranno e velocizzeranno il lavoro in azienda. Accelerare la produzione di massa con una stampante UV LED Le matrici snelliscono il lavoro e riducono notevolmente i tempi di consegna dei lotti di prodotti. Facilitano il posizionamento di articoli promozionali, penne o piccoli prodotti con forme specifiche. Stampi e stampanti alimentari Come per le stampanti UV LED, creiamo anche stampi personalizzati per plotter alimentari. Facilitano il lavoro e accelerano il processo di decorazione. Questo strumento funziona meglio quando si stampano grandi quantit\u00e0 di piccoli prodotti. Ad esempio, \u00e8 possibile decorare fino a 900 macarons in un'ora. Tutto ci\u00f2 che serve \u00e8 una base e una parte superiore variabile a forma di prodotto.<\/p>","protected":false},"excerpt":{"rendered":"<p>Fate molte marcature su prodotti di piccole dimensioni? La vostra produzione \u00e8 ripetitiva? Le matrici sono la soluzione perfetta per voi. Facilitano il posizionamento di piccoli prodotti, eliminano il rischio di errori e velocizzano la produzione in serie.<\/p>","protected":false},"featured_media":9888,"comment_status":"open","ping_status":"closed","template":"","meta":[],"product_brand":[],"product_cat":[92,38],"product_tag":[],"class_list":{"0":"post-9889","1":"product","2":"type-product","3":"status-publish","4":"has-post-thumbnail","6":"product_cat-dies","7":"product_cat-imago-food-printers","9":"first","10":"instock","11":"shipping-taxable","12":"purchasable","13":"product-type-simple"},"_links":{"self":[{"href":"https:\/\/dersuessestopp.com\/it\/wp-json\/wp\/v2\/product\/9889","targetHints":{"allow":["GET"]}}],"collection":[{"href":"https:\/\/dersuessestopp.com\/it\/wp-json\/wp\/v2\/product"}],"about":[{"href":"https:\/\/dersuessestopp.com\/it\/wp-json\/wp\/v2\/types\/product"}],"replies":[{"embeddable":true,"href":"https:\/\/dersuessestopp.com\/it\/wp-json\/wp\/v2\/comments?post=9889"}],"version-history":[{"count":1,"href":"https:\/\/dersuessestopp.com\/it\/wp-json\/wp\/v2\/product\/9889\/revisions"}],"predecessor-version":[{"id":9987,"href":"https:\/\/dersuessestopp.com\/it\/wp-json\/wp\/v2\/product\/9889\/revisions\/9987"}],"wp:featuredmedia":[{"embeddable":true,"href":"https:\/\/dersuessestopp.com\/it\/wp-json\/wp\/v2\/media\/9888"}],"wp:attachment":[{"href":"https:\/\/dersuessestopp.com\/it\/wp-json\/wp\/v2\/media?parent=9889"}],"wp:term":[{"taxonomy":"product_brand","embeddable":true,"href":"https:\/\/dersuessestopp.com\/it\/wp-json\/wp\/v2\/product_brand?post=9889"},{"taxonomy":"product_cat","embeddable":true,"href":"https:\/\/dersuessestopp.com\/it\/wp-json\/wp\/v2\/product_cat?post=9889"},{"taxonomy":"product_tag","embeddable":true,"href":"https:\/\/dersuessestopp.com\/it\/wp-json\/wp\/v2\/product_tag?post=9889"}],"curies":[{"name":"wp","href":"https:\/\/api.w.org\/{rel}","templated":true}]}}