{"id":9886,"date":"2025-09-28T03:48:21","date_gmt":"2025-09-28T03:48:21","guid":{"rendered":"https:\/\/dersuessestopp.com\/product\/processing-tank-for-falco-aluminium\/"},"modified":"2025-09-28T04:09:55","modified_gmt":"2025-09-28T04:09:55","slug":"serbatoio-di-lavorazione-per-alluminio-falco","status":"publish","type":"product","link":"https:\/\/dersuessestopp.com\/it\/product\/processing-tank-for-falco-aluminium\/","title":{"rendered":"Vasca di lavorazione per FALCO Aluminium"},"content":{"rendered":"<p>Stampa su alluminio anodizzato - vantaggi per la vostra azienda Il pacchetto tecnologico completo per la stampa su alluminio anodizzato \u00e8 facile da usare e poco costoso da gestire. La stampa su alluminio \u00e8 caratterizzata da un'elevata durata e resistenza agli agenti esterni. Una lastra finita di 10 x 15 cm pu\u00f2 essere stampata in 2 minuti e il suo costo totale \u00e8 di soli 3 PLN. Per ottenere la migliore qualit\u00e0 di stampa, si consiglia di utilizzare un sale speciale, che preserva ulteriormente lo strato esterno dell'alluminio.<\/p>","protected":false},"excerpt":{"rendered":"<p>La stampa su alluminio anodizzato viene utilizzata per creare design praticamente indistruttibili per etichette di magazzino, targhette informative, pannelli di controllo, diplomi e certificati.<\/p>","protected":false},"featured_media":9885,"comment_status":"open","ping_status":"closed","template":"","meta":[],"product_brand":[],"product_cat":[83,38,82],"product_tag":[],"class_list":{"0":"post-9886","1":"product","2":"type-product","3":"status-publish","4":"has-post-thumbnail","6":"product_cat-devices","7":"product_cat-imago-food-printers","8":"product_cat-peripheral-devices","10":"first","11":"instock","12":"shipping-taxable","13":"purchasable","14":"product-type-simple"},"_links":{"self":[{"href":"https:\/\/dersuessestopp.com\/it\/wp-json\/wp\/v2\/product\/9886","targetHints":{"allow":["GET"]}}],"collection":[{"href":"https:\/\/dersuessestopp.com\/it\/wp-json\/wp\/v2\/product"}],"about":[{"href":"https:\/\/dersuessestopp.com\/it\/wp-json\/wp\/v2\/types\/product"}],"replies":[{"embeddable":true,"href":"https:\/\/dersuessestopp.com\/it\/wp-json\/wp\/v2\/comments?post=9886"}],"version-history":[{"count":1,"href":"https:\/\/dersuessestopp.com\/it\/wp-json\/wp\/v2\/product\/9886\/revisions"}],"predecessor-version":[{"id":9988,"href":"https:\/\/dersuessestopp.com\/it\/wp-json\/wp\/v2\/product\/9886\/revisions\/9988"}],"wp:featuredmedia":[{"embeddable":true,"href":"https:\/\/dersuessestopp.com\/it\/wp-json\/wp\/v2\/media\/9885"}],"wp:attachment":[{"href":"https:\/\/dersuessestopp.com\/it\/wp-json\/wp\/v2\/media?parent=9886"}],"wp:term":[{"taxonomy":"product_brand","embeddable":true,"href":"https:\/\/dersuessestopp.com\/it\/wp-json\/wp\/v2\/product_brand?post=9886"},{"taxonomy":"product_cat","embeddable":true,"href":"https:\/\/dersuessestopp.com\/it\/wp-json\/wp\/v2\/product_cat?post=9886"},{"taxonomy":"product_tag","embeddable":true,"href":"https:\/\/dersuessestopp.com\/it\/wp-json\/wp\/v2\/product_tag?post=9886"}],"curies":[{"name":"wp","href":"https:\/\/api.w.org\/{rel}","templated":true}]}}