{"id":9882,"date":"2025-09-28T03:48:01","date_gmt":"2025-09-28T03:48:01","guid":{"rendered":"https:\/\/dersuessestopp.com\/product\/cleaner-solvent-cleaning-fluid-for-aquila-devices\/"},"modified":"2025-09-28T04:09:56","modified_gmt":"2025-09-28T04:09:56","slug":"detergente-solvente-liquido-di-pulizia-per-dispositivi-aquila","status":"publish","type":"product","link":"https:\/\/dersuessestopp.com\/it\/product\/cleaner-solvent-cleaning-fluid-for-aquila-devices\/","title":{"rendered":"Solvente detergente - fluido per la pulizia dei dispositivi Aquila"},"content":{"rendered":"","protected":false},"excerpt":{"rendered":"<p>Cleaner solvent \u00e8 un fluido detergente progettato per le stampanti Aquila Nanosolvent, Aquila Aluminum e Aquila UV LED. \u00c8 una sostanza indispensabile per mantenere il dispositivo in perfette condizioni, garantendo affidabilit\u00e0 e un'eccellente qualit\u00e0 di stampa. Si usa per pulire le testine di stampa e le stazioni di pulizia delle stampanti che utilizzano inchiostri UV LED e Nanosolvent.<\/p>","protected":false},"featured_media":9881,"comment_status":"open","ping_status":"closed","template":"","meta":[],"product_brand":[],"product_cat":[38,86],"product_tag":[],"class_list":{"0":"post-9882","1":"product","2":"type-product","3":"status-publish","4":"has-post-thumbnail","6":"product_cat-imago-food-printers","7":"product_cat-primers-and-cleaning-fluids","9":"first","10":"outofstock","11":"shipping-taxable","12":"product-type-variable"},"_links":{"self":[{"href":"https:\/\/dersuessestopp.com\/it\/wp-json\/wp\/v2\/product\/9882","targetHints":{"allow":["GET"]}}],"collection":[{"href":"https:\/\/dersuessestopp.com\/it\/wp-json\/wp\/v2\/product"}],"about":[{"href":"https:\/\/dersuessestopp.com\/it\/wp-json\/wp\/v2\/types\/product"}],"replies":[{"embeddable":true,"href":"https:\/\/dersuessestopp.com\/it\/wp-json\/wp\/v2\/comments?post=9882"}],"version-history":[{"count":1,"href":"https:\/\/dersuessestopp.com\/it\/wp-json\/wp\/v2\/product\/9882\/revisions"}],"predecessor-version":[{"id":9991,"href":"https:\/\/dersuessestopp.com\/it\/wp-json\/wp\/v2\/product\/9882\/revisions\/9991"}],"wp:featuredmedia":[{"embeddable":true,"href":"https:\/\/dersuessestopp.com\/it\/wp-json\/wp\/v2\/media\/9881"}],"wp:attachment":[{"href":"https:\/\/dersuessestopp.com\/it\/wp-json\/wp\/v2\/media?parent=9882"}],"wp:term":[{"taxonomy":"product_brand","embeddable":true,"href":"https:\/\/dersuessestopp.com\/it\/wp-json\/wp\/v2\/product_brand?post=9882"},{"taxonomy":"product_cat","embeddable":true,"href":"https:\/\/dersuessestopp.com\/it\/wp-json\/wp\/v2\/product_cat?post=9882"},{"taxonomy":"product_tag","embeddable":true,"href":"https:\/\/dersuessestopp.com\/it\/wp-json\/wp\/v2\/product_tag?post=9882"}],"curies":[{"name":"wp","href":"https:\/\/api.w.org\/{rel}","templated":true}]}}