{"id":9872,"date":"2025-09-28T03:47:31","date_gmt":"2025-09-28T03:47:31","guid":{"rendered":"https:\/\/dersuessestopp.com\/product\/rotor-device-for-printing-on-cylindrical-objects\/"},"modified":"2025-09-28T04:10:18","modified_gmt":"2025-09-28T04:10:18","slug":"dispositivo-a-rotore-per-la-stampa-su-oggetti-cilindrici","status":"publish","type":"product","link":"https:\/\/dersuessestopp.com\/it\/product\/rotor-device-for-printing-on-cylindrical-objects\/","title":{"rendered":"ROTOR - dispositivo per la stampa su oggetti cilindrici"},"content":{"rendered":"<p>Il modulo meccanico Rotor per la stampa circolare \u00e8 caratterizzato da un design meccanico resistente e da una regolazione intuitiva delle impostazioni. Il modulo si installa su Aquila UV LED o Nanosolvent utilizzando un sistema magnetico, grazie al quale il dispositivo \u00e8 pienamente compatibile con le stampanti IMAGO e non richiede una connessione di rete. Espansione delle capacit\u00e0 di stampa delle stampanti digitali flatbed Rotor consente di espandere in modo significativo le capacit\u00e0 di stampa delle stampanti flatbed, mantenendo la massima qualit\u00e0 e precisione. La regolazione della distanza tra i rulli consente di adattare con precisione il modulo al diametro di una candela, di una bottiglia o di un vaso. Inoltre, la funzione di impostazione del livello di dettaglio consente di stampare su prodotti conici, come tazze e bottiglie d'acqua.<\/p>","protected":false},"excerpt":{"rendered":"<p>ROTOR \u00e8 una moderna soluzione periferica per la stampa di oggetti cilindrici, conici e sferici sulle stampanti AQUILA UV LED e AQUILA Nanosolvent. Con questa periferica \u00e8 possibile stampare facilmente su candele, bottiglie, barattoli e perfino su oggetti natalizi!<\/p>","protected":false},"featured_media":9871,"comment_status":"open","ping_status":"closed","template":"","meta":[],"product_brand":[],"product_cat":[82,38],"product_tag":[],"class_list":{"0":"post-9872","1":"product","2":"type-product","3":"status-publish","4":"has-post-thumbnail","6":"product_cat-peripheral-devices","7":"product_cat-imago-food-printers","9":"first","10":"instock","11":"shipping-taxable","12":"purchasable","13":"product-type-simple"},"_links":{"self":[{"href":"https:\/\/dersuessestopp.com\/it\/wp-json\/wp\/v2\/product\/9872","targetHints":{"allow":["GET"]}}],"collection":[{"href":"https:\/\/dersuessestopp.com\/it\/wp-json\/wp\/v2\/product"}],"about":[{"href":"https:\/\/dersuessestopp.com\/it\/wp-json\/wp\/v2\/types\/product"}],"replies":[{"embeddable":true,"href":"https:\/\/dersuessestopp.com\/it\/wp-json\/wp\/v2\/comments?post=9872"}],"version-history":[{"count":1,"href":"https:\/\/dersuessestopp.com\/it\/wp-json\/wp\/v2\/product\/9872\/revisions"}],"predecessor-version":[{"id":9996,"href":"https:\/\/dersuessestopp.com\/it\/wp-json\/wp\/v2\/product\/9872\/revisions\/9996"}],"wp:featuredmedia":[{"embeddable":true,"href":"https:\/\/dersuessestopp.com\/it\/wp-json\/wp\/v2\/media\/9871"}],"wp:attachment":[{"href":"https:\/\/dersuessestopp.com\/it\/wp-json\/wp\/v2\/media?parent=9872"}],"wp:term":[{"taxonomy":"product_brand","embeddable":true,"href":"https:\/\/dersuessestopp.com\/it\/wp-json\/wp\/v2\/product_brand?post=9872"},{"taxonomy":"product_cat","embeddable":true,"href":"https:\/\/dersuessestopp.com\/it\/wp-json\/wp\/v2\/product_cat?post=9872"},{"taxonomy":"product_tag","embeddable":true,"href":"https:\/\/dersuessestopp.com\/it\/wp-json\/wp\/v2\/product_tag?post=9872"}],"curies":[{"name":"wp","href":"https:\/\/api.w.org\/{rel}","templated":true}]}}