{"id":9870,"date":"2025-09-28T03:47:27","date_gmt":"2025-09-28T03:47:27","guid":{"rendered":"https:\/\/dersuessestopp.com\/product\/vsg-module-suction-and-heating-attachment\/"},"modified":"2025-09-28T04:10:18","modified_gmt":"2025-09-28T04:10:18","slug":"modulo-vsg-attacco-di-aspirazione-e-riscaldamento","status":"publish","type":"product","link":"https:\/\/dersuessestopp.com\/it\/product\/vsg-module-suction-and-heating-attachment\/","title":{"rendered":"Modulo VSG - attacco di aspirazione e riscaldamento"},"content":{"rendered":"<p>Una soluzione semplice che supporta le stampanti digitali IMAGO. Il design del dispositivo \u00e8 estetico e di facile utilizzo, mentre il funzionamento e la manutenzione sono estremamente economici. Quando non viene utilizzato, il VSG si spegne automaticamente, contribuendo a ridurre i costi di gestione. Le singole funzioni sono controllate con soli tre pulsanti, rendendo il dispositivo facile da usare.   Tavolo di aspirazione per stampanti UV LED e Nanosolvent Il modulo VSG leviga automaticamente il substrato durante la stampa e consente di sostenere materiali sottili, aumentando la precisione e la ripetibilit\u00e0 delle stampe UV LED su carta, lamine, fogli di metallo, compensato e tessuti. Allo stesso tempo, impedisce la deformazione dei dettagli sotto l'influenza del calore della lampada UV LED, facilitando cos\u00ec la stampa su acrilico, PVC e altre materie plastiche.    Stampa di alta precisione su alluminio anodizzato La funzione di temperatura per la stampa su fogli di alluminio anodizzato aumenta la saturazione del colore e la risoluzione di stampa ottenibili facendo evaporare l'inchiostro in eccesso. Allo stesso tempo, il tavolo a vuoto aumenta la precisione di stampa stabilizzando la lamiera sul piano di lavoro.   Capacit\u00e0 di stampa su cioccolato malleabile Nel caso delle stampanti alimentari VSG, aumenta la qualit\u00e0 di stampa sul cioccolato e ne consente la malleabilit\u00e0 dopo la stampa. L'aspirazione a vuoto, invece, consente di stampare su carta da zucchero e fogli di trasferimento.<\/p>","protected":false},"excerpt":{"rendered":"<p>Modulo VSG - Stampa con la massima precisione su materiali sottili. Il modulo VSG \u00e8 uno strumento universale dotato di tavolo a vuoto e funzione di controllo della temperatura. Il modulo consente di stampare su materiali difficili da stampare, come substrati sottili, materiali facilmente deformabili e materiali la cui qualit\u00e0 di stampa dipende dalla temperatura.<\/p>","protected":false},"featured_media":9869,"comment_status":"open","ping_status":"closed","template":"","meta":[],"product_brand":[],"product_cat":[83,38,82],"product_tag":[],"class_list":{"0":"post-9870","1":"product","2":"type-product","3":"status-publish","4":"has-post-thumbnail","6":"product_cat-devices","7":"product_cat-imago-food-printers","8":"product_cat-peripheral-devices","10":"first","11":"instock","12":"shipping-taxable","13":"purchasable","14":"product-type-simple"},"_links":{"self":[{"href":"https:\/\/dersuessestopp.com\/it\/wp-json\/wp\/v2\/product\/9870","targetHints":{"allow":["GET"]}}],"collection":[{"href":"https:\/\/dersuessestopp.com\/it\/wp-json\/wp\/v2\/product"}],"about":[{"href":"https:\/\/dersuessestopp.com\/it\/wp-json\/wp\/v2\/types\/product"}],"replies":[{"embeddable":true,"href":"https:\/\/dersuessestopp.com\/it\/wp-json\/wp\/v2\/comments?post=9870"}],"version-history":[{"count":1,"href":"https:\/\/dersuessestopp.com\/it\/wp-json\/wp\/v2\/product\/9870\/revisions"}],"predecessor-version":[{"id":9997,"href":"https:\/\/dersuessestopp.com\/it\/wp-json\/wp\/v2\/product\/9870\/revisions\/9997"}],"wp:featuredmedia":[{"embeddable":true,"href":"https:\/\/dersuessestopp.com\/it\/wp-json\/wp\/v2\/media\/9869"}],"wp:attachment":[{"href":"https:\/\/dersuessestopp.com\/it\/wp-json\/wp\/v2\/media?parent=9870"}],"wp:term":[{"taxonomy":"product_brand","embeddable":true,"href":"https:\/\/dersuessestopp.com\/it\/wp-json\/wp\/v2\/product_brand?post=9870"},{"taxonomy":"product_cat","embeddable":true,"href":"https:\/\/dersuessestopp.com\/it\/wp-json\/wp\/v2\/product_cat?post=9870"},{"taxonomy":"product_tag","embeddable":true,"href":"https:\/\/dersuessestopp.com\/it\/wp-json\/wp\/v2\/product_tag?post=9870"}],"curies":[{"name":"wp","href":"https:\/\/api.w.org\/{rel}","templated":true}]}}