{"id":9866,"date":"2025-09-28T03:47:22","date_gmt":"2025-09-28T03:47:22","guid":{"rendered":"https:\/\/dersuessestopp.com\/product\/damper-for-aquila-uv-led-printers-1-piece\/"},"modified":"2025-09-28T04:10:19","modified_gmt":"2025-09-28T04:10:19","slug":"ammortizzatore-per-stampanti-aquila-uv-led-1-pezzo","status":"publish","type":"product","link":"https:\/\/dersuessestopp.com\/it\/product\/damper-for-aquila-uv-led-printers-1-piece\/","title":{"rendered":"Serranda (per stampanti AQUILA UV LED) 1 pezzo"},"content":{"rendered":"<p>La serranda garantisce l'alimentazione ininterrotta di inchiostro alla testina, eliminando il rischio di interruzioni di stampa e assicurando un funzionamento regolare della stampante. All'interno della serranda si trova un gruppo completo di valvola, filtro e membrana che pulisce e controlla efficacemente il flusso di inchiostro. Lo smorzatore non \u00e8 un semplice serbatoio, ma un componente chiave che assicura alla testina di stampa condizioni di lavoro ottimali, che si traducono in precisione e durata delle stampe.<\/p>","protected":false},"excerpt":{"rendered":"<p>Lo smorzatore \u00e8 un componente chiave montato direttamente sulla testina di stampa. Il suo compito principale \u00e8 quello di garantire un'alimentazione continua di inchiostro alla testina, che si traduce direttamente nella qualit\u00e0 e nella stabilit\u00e0 delle stampe. Il prezzo si riferisce a 1 smorzatore.<\/p>","protected":false},"featured_media":9838,"comment_status":"open","ping_status":"closed","template":"","meta":[],"product_brand":[],"product_cat":[38,75,77],"product_tag":[],"class_list":{"0":"post-9866","1":"product","2":"type-product","3":"status-publish","4":"has-post-thumbnail","6":"product_cat-imago-food-printers","7":"product_cat-operation-of-devices","8":"product_cat-uv-led-printers","10":"first","11":"instock","12":"shipping-taxable","13":"purchasable","14":"product-type-simple"},"_links":{"self":[{"href":"https:\/\/dersuessestopp.com\/it\/wp-json\/wp\/v2\/product\/9866","targetHints":{"allow":["GET"]}}],"collection":[{"href":"https:\/\/dersuessestopp.com\/it\/wp-json\/wp\/v2\/product"}],"about":[{"href":"https:\/\/dersuessestopp.com\/it\/wp-json\/wp\/v2\/types\/product"}],"replies":[{"embeddable":true,"href":"https:\/\/dersuessestopp.com\/it\/wp-json\/wp\/v2\/comments?post=9866"}],"version-history":[{"count":1,"href":"https:\/\/dersuessestopp.com\/it\/wp-json\/wp\/v2\/product\/9866\/revisions"}],"predecessor-version":[{"id":10003,"href":"https:\/\/dersuessestopp.com\/it\/wp-json\/wp\/v2\/product\/9866\/revisions\/10003"}],"wp:featuredmedia":[{"embeddable":true,"href":"https:\/\/dersuessestopp.com\/it\/wp-json\/wp\/v2\/media\/9838"}],"wp:attachment":[{"href":"https:\/\/dersuessestopp.com\/it\/wp-json\/wp\/v2\/media?parent=9866"}],"wp:term":[{"taxonomy":"product_brand","embeddable":true,"href":"https:\/\/dersuessestopp.com\/it\/wp-json\/wp\/v2\/product_brand?post=9866"},{"taxonomy":"product_cat","embeddable":true,"href":"https:\/\/dersuessestopp.com\/it\/wp-json\/wp\/v2\/product_cat?post=9866"},{"taxonomy":"product_tag","embeddable":true,"href":"https:\/\/dersuessestopp.com\/it\/wp-json\/wp\/v2\/product_tag?post=9866"}],"curies":[{"name":"wp","href":"https:\/\/api.w.org\/{rel}","templated":true}]}}