{"id":9852,"date":"2025-09-28T03:47:02","date_gmt":"2025-09-28T03:47:02","guid":{"rendered":"https:\/\/dersuessestopp.com\/product\/cleaner-ipa-isopropanol-based-cleaning-fluid-for-aquila-devices-100-ml\/"},"modified":"2025-09-28T04:10:19","modified_gmt":"2025-09-28T04:10:19","slug":"cleaner-ipa-liquido-detergente-a-base-di-isopropanolo-per-dispositivi-aquila-100-ml","status":"publish","type":"product","link":"https:\/\/dersuessestopp.com\/it\/product\/cleaner-ipa-isopropanol-based-cleaning-fluid-for-aquila-devices-100-ml\/","title":{"rendered":"Cleaner IPA - fluido detergente a base di isopropanolo per i dispositivi Aquila - 100 ml"},"content":{"rendered":"","protected":false},"excerpt":{"rendered":"<p>Cleaner IPA \u00e8 un liquido detergente a base di isopropanolo progettato per le stampanti Aquila Nanosolvent, Aquila Aluminum e Aquila UV LED. \u00c8 una sostanza indispensabile per mantenere il dispositivo in perfette condizioni, garantendo affidabilit\u00e0 e un'eccellente qualit\u00e0 di stampa. Si usa per pulire i componenti della stazione di pulizia e la testina di stampa.<\/p>","protected":false},"featured_media":9851,"comment_status":"open","ping_status":"closed","template":"","meta":[],"product_brand":[],"product_cat":[86,38],"product_tag":[],"class_list":{"0":"post-9852","1":"product","2":"type-product","3":"status-publish","4":"has-post-thumbnail","6":"product_cat-primers-and-cleaning-fluids","7":"product_cat-imago-food-printers","9":"first","10":"instock","11":"shipping-taxable","12":"purchasable","13":"product-type-simple"},"_links":{"self":[{"href":"https:\/\/dersuessestopp.com\/it\/wp-json\/wp\/v2\/product\/9852","targetHints":{"allow":["GET"]}}],"collection":[{"href":"https:\/\/dersuessestopp.com\/it\/wp-json\/wp\/v2\/product"}],"about":[{"href":"https:\/\/dersuessestopp.com\/it\/wp-json\/wp\/v2\/types\/product"}],"replies":[{"embeddable":true,"href":"https:\/\/dersuessestopp.com\/it\/wp-json\/wp\/v2\/comments?post=9852"}],"version-history":[{"count":1,"href":"https:\/\/dersuessestopp.com\/it\/wp-json\/wp\/v2\/product\/9852\/revisions"}],"predecessor-version":[{"id":10008,"href":"https:\/\/dersuessestopp.com\/it\/wp-json\/wp\/v2\/product\/9852\/revisions\/10008"}],"wp:featuredmedia":[{"embeddable":true,"href":"https:\/\/dersuessestopp.com\/it\/wp-json\/wp\/v2\/media\/9851"}],"wp:attachment":[{"href":"https:\/\/dersuessestopp.com\/it\/wp-json\/wp\/v2\/media?parent=9852"}],"wp:term":[{"taxonomy":"product_brand","embeddable":true,"href":"https:\/\/dersuessestopp.com\/it\/wp-json\/wp\/v2\/product_brand?post=9852"},{"taxonomy":"product_cat","embeddable":true,"href":"https:\/\/dersuessestopp.com\/it\/wp-json\/wp\/v2\/product_cat?post=9852"},{"taxonomy":"product_tag","embeddable":true,"href":"https:\/\/dersuessestopp.com\/it\/wp-json\/wp\/v2\/product_tag?post=9852"}],"curies":[{"name":"wp","href":"https:\/\/api.w.org\/{rel}","templated":true}]}}