{"id":9850,"date":"2025-09-28T03:46:55","date_gmt":"2025-09-28T03:46:55","guid":{"rendered":"https:\/\/dersuessestopp.com\/product\/x-encoder-belt-for-falco-class-devices\/"},"modified":"2025-09-28T04:10:19","modified_gmt":"2025-09-28T04:10:19","slug":"cinghia-per-encoder-x-per-dispositivi-di-classe-falco","status":"publish","type":"product","link":"https:\/\/dersuessestopp.com\/it\/product\/x-encoder-belt-for-falco-class-devices\/","title":{"rendered":"Cinghia di codifica X - (per dispositivi di classe Falco)"},"content":{"rendered":"<p>Lettura costante della posizione: La cinghia dell'encoder assicura una lettura continua della posizione del carrello\/testina, fondamentale per mantenere la stabilit\u00e0 e la precisione della stampa. Costruzione robusta: Realizzata con materiali resistenti, la cinghia dell'encoder \u00e8 caratterizzata da durevolezza, resistenza all'usura e lunga durata. Compatibilit\u00e0 con i modelli Imago: Garantisce piena compatibilit\u00e0 ed efficienza operativa.<\/p>","protected":false},"excerpt":{"rendered":"<p>Il nastro encoder \u00e8 un componente estremamente importante che influisce sulla stabilit\u00e0, sulla precisione e sull'efficienza dell'intero processo di stampa.<\/p>","protected":false},"featured_media":9838,"comment_status":"open","ping_status":"closed","template":"","meta":[],"product_brand":[],"product_cat":[84,76,38,75],"product_tag":[],"class_list":{"0":"post-9850","1":"product","2":"type-product","3":"status-publish","4":"has-post-thumbnail","6":"product_cat-aluminum-printers","7":"product_cat-food-printers","8":"product_cat-imago-food-printers","9":"product_cat-operation-of-devices","11":"first","12":"instock","13":"shipping-taxable","14":"purchasable","15":"product-type-simple"},"_links":{"self":[{"href":"https:\/\/dersuessestopp.com\/it\/wp-json\/wp\/v2\/product\/9850","targetHints":{"allow":["GET"]}}],"collection":[{"href":"https:\/\/dersuessestopp.com\/it\/wp-json\/wp\/v2\/product"}],"about":[{"href":"https:\/\/dersuessestopp.com\/it\/wp-json\/wp\/v2\/types\/product"}],"replies":[{"embeddable":true,"href":"https:\/\/dersuessestopp.com\/it\/wp-json\/wp\/v2\/comments?post=9850"}],"version-history":[{"count":1,"href":"https:\/\/dersuessestopp.com\/it\/wp-json\/wp\/v2\/product\/9850\/revisions"}],"predecessor-version":[{"id":10011,"href":"https:\/\/dersuessestopp.com\/it\/wp-json\/wp\/v2\/product\/9850\/revisions\/10011"}],"wp:featuredmedia":[{"embeddable":true,"href":"https:\/\/dersuessestopp.com\/it\/wp-json\/wp\/v2\/media\/9838"}],"wp:attachment":[{"href":"https:\/\/dersuessestopp.com\/it\/wp-json\/wp\/v2\/media?parent=9850"}],"wp:term":[{"taxonomy":"product_brand","embeddable":true,"href":"https:\/\/dersuessestopp.com\/it\/wp-json\/wp\/v2\/product_brand?post=9850"},{"taxonomy":"product_cat","embeddable":true,"href":"https:\/\/dersuessestopp.com\/it\/wp-json\/wp\/v2\/product_cat?post=9850"},{"taxonomy":"product_tag","embeddable":true,"href":"https:\/\/dersuessestopp.com\/it\/wp-json\/wp\/v2\/product_tag?post=9850"}],"curies":[{"name":"wp","href":"https:\/\/api.w.org\/{rel}","templated":true}]}}