{"id":9849,"date":"2025-09-28T03:46:55","date_gmt":"2025-09-28T03:46:55","guid":{"rendered":"https:\/\/dersuessestopp.com\/product\/anodized-aluminum-sheets-320x500-mm-1-mm-thick-42-pieces\/"},"modified":"2025-09-28T04:38:02","modified_gmt":"2025-09-28T04:38:02","slug":"lamiere-di-alluminio-anodizzato-320x500-mm-spessore-1-mm-42-pezzi","status":"publish","type":"product","link":"https:\/\/dersuessestopp.com\/it\/product\/anodized-aluminum-sheets-320x500-mm-1-mm-thick-42-pieces\/","title":{"rendered":"Lastre di alluminio anodizzato: 320\u00d7500 mm, spessore 1 mm - 42 pezzi"},"content":{"rendered":"<p>Scoprite le applicazioni delle targhe in alluminio anodizzato Le targhe anodizzate sono utilizzate ovunque siano richieste durata e qualit\u00e0 del prodotto, ad esempio targhette per dispositivi, pannelli di controllo, pannelli descrittivi, segnaletica di edifici e locali, esposizioni museali, segnaletica di magazzino, ma anche biglietti da visita di qualit\u00e0, righelli, targhette dedicate in gioielleria e quadranti di orologi. Tecnologia di stampa su alluminio anodizzato La tecnologia di stampa a getto d'inchiostro su alluminio anodizzato offre grandi possibilit\u00e0 di utilizzo di questo materiale in molti settori. L'alluminio anodizzato con una superficie piatta viene stampato con qualsiasi grafica utilizzando la stampa digitale e poi sottoposto a un bagno di tenuta. Questa tecnologia consente di ottenere una stampa indistruttibile, resistente ai graffi e alle sostanze chimiche. \u00c8 in concorrenza con l'incisione e altri metodi di stampa che non garantiscono tale durata e precisione. Uno speciale inchiostro si deposita nei pori del rivestimento di ossido, dando vita a una stampa precisa e visibile anche con una lente d'ingrandimento. Desiderate avviare la vostra produzione di lastre? Ordinate un pacchetto tecnologico per la stampa su alluminio anodizzato e sarete reindirizzati alla pagina sulla tecnologia di stampa su alluminio anodizzato. Applicazione dell'alluminio anodizzato L'alluminio anodizzato viene utilizzato nei casi in cui le parti sono esposte a fattori atmosferici o ad ambienti aggressivi di acidi e umidit\u00e0 che causano corrosione. Grazie all'elevata durezza dello smalto, le parti vengono utilizzate anche per i componenti esposti a fattori abrasivi. Una caratteristica della tecnologia di anodizzazione \u00e8 la possibilit\u00e0 di colorare i pezzi. Ci\u00f2 conferisce ai pezzi un aspetto molto estetico con la possibilit\u00e0 di personalizzazione a seconda delle esigenze. Gli elementi colorati sono utilizzati come componenti di alloggiamenti di macchine e dispositivi, mobili, pannelli di controllo e gadget di uso quotidiano. La possibilit\u00e0 di colorare il rivestimento di ossido offre un enorme potenziale per le future applicazioni dell'alluminio anodizzato.<\/p>","protected":false},"excerpt":{"rendered":"<p>Lastre sottili di alluminio anodizzato, dimensioni 320\u00d7500 mm e spessore 1 mm. Finitura delle lastre: SATIN. I fogli sono ideali per la stampa con la stampante Aquila Aluminium. Nell'asta offriamo pacchetti di 42 fogli. Prezzo per foglio: PLN 67.<\/p>","protected":false},"featured_media":9846,"comment_status":"open","ping_status":"closed","template":"","meta":[],"product_brand":[],"product_cat":[87,88,38],"product_tag":[],"class_list":{"0":"post-9849","1":"product","2":"type-product","3":"status-publish","4":"has-post-thumbnail","6":"product_cat-anodized-aluminum-sheets","7":"product_cat-for-printers-from-the-aluminum-series","8":"product_cat-imago-food-printers","10":"first","11":"instock","12":"shipping-taxable","13":"purchasable","14":"product-type-simple"},"_links":{"self":[{"href":"https:\/\/dersuessestopp.com\/it\/wp-json\/wp\/v2\/product\/9849","targetHints":{"allow":["GET"]}}],"collection":[{"href":"https:\/\/dersuessestopp.com\/it\/wp-json\/wp\/v2\/product"}],"about":[{"href":"https:\/\/dersuessestopp.com\/it\/wp-json\/wp\/v2\/types\/product"}],"replies":[{"embeddable":true,"href":"https:\/\/dersuessestopp.com\/it\/wp-json\/wp\/v2\/comments?post=9849"}],"version-history":[{"count":1,"href":"https:\/\/dersuessestopp.com\/it\/wp-json\/wp\/v2\/product\/9849\/revisions"}],"predecessor-version":[{"id":10010,"href":"https:\/\/dersuessestopp.com\/it\/wp-json\/wp\/v2\/product\/9849\/revisions\/10010"}],"wp:featuredmedia":[{"embeddable":true,"href":"https:\/\/dersuessestopp.com\/it\/wp-json\/wp\/v2\/media\/9846"}],"wp:attachment":[{"href":"https:\/\/dersuessestopp.com\/it\/wp-json\/wp\/v2\/media?parent=9849"}],"wp:term":[{"taxonomy":"product_brand","embeddable":true,"href":"https:\/\/dersuessestopp.com\/it\/wp-json\/wp\/v2\/product_brand?post=9849"},{"taxonomy":"product_cat","embeddable":true,"href":"https:\/\/dersuessestopp.com\/it\/wp-json\/wp\/v2\/product_cat?post=9849"},{"taxonomy":"product_tag","embeddable":true,"href":"https:\/\/dersuessestopp.com\/it\/wp-json\/wp\/v2\/product_tag?post=9849"}],"curies":[{"name":"wp","href":"https:\/\/api.w.org\/{rel}","templated":true}]}}