{"id":8995,"date":"2025-09-23T12:03:43","date_gmt":"2025-09-23T12:03:43","guid":{"rendered":"https:\/\/dersuessestopp.com\/?post_type=product&#038;p=8995"},"modified":"2025-10-08T19:21:41","modified_gmt":"2025-10-08T19:21:41","slug":"cw-51-g1tb","status":"publish","type":"product","link":"https:\/\/dersuessestopp.com\/it\/product\/cw-51-g1tb\/","title":{"rendered":"CW 51 G1TB"},"content":{"rendered":"<p data-start=\"190\" data-end=\"465\"><img fetchpriority=\"high\" decoding=\"async\" class=\"alignnone wp-image-11526 size-full\" src=\"https:\/\/dersuessestopp.com\/wp-content\/uploads\/2025\/09\/CW-46-G2TB-1.jpg\" alt=\"\" width=\"2000\" height=\"600\" srcset=\"https:\/\/dersuessestopp.com\/wp-content\/uploads\/2025\/09\/CW-46-G2TB-1.jpg 2000w, https:\/\/dersuessestopp.com\/wp-content\/uploads\/2025\/09\/CW-46-G2TB-1-300x90.jpg 300w, https:\/\/dersuessestopp.com\/wp-content\/uploads\/2025\/09\/CW-46-G2TB-1-1024x307.jpg 1024w, https:\/\/dersuessestopp.com\/wp-content\/uploads\/2025\/09\/CW-46-G2TB-1-768x230.jpg 768w, https:\/\/dersuessestopp.com\/wp-content\/uploads\/2025\/09\/CW-46-G2TB-1-1536x461.jpg 1536w, https:\/\/dersuessestopp.com\/wp-content\/uploads\/2025\/09\/CW-46-G2TB-1-250x75.jpg 250w, https:\/\/dersuessestopp.com\/wp-content\/uploads\/2025\/09\/CW-46-G2TB-1-600x180.jpg 600w\" sizes=\"(max-width: 2000px) 100vw, 2000px\" \/><\/p>\n<p data-start=\"190\" data-end=\"465\">Il <strong data-start=\"210\" data-end=\"224\">CW 51 G1TB<\/strong> \u00e8 un refrigeratore per vini ventilato con porta in vetro senza telaio e ripiani in legno rimovibili, adatto alla conservazione dei vini a temperatura controllata. Questa serie comprende anche modelli a doppia zona e a cassetto INOX per esigenze di conservazione particolari.<\/p>\n<p data-start=\"467\" data-end=\"486\"><strong data-start=\"467\" data-end=\"484\">Caratteristiche principali:<\/strong><\/p>\n<ul data-start=\"487\" data-end=\"835\">\n<li data-start=\"487\" data-end=\"528\">\n<p data-start=\"489\" data-end=\"528\">Porta senza telaio in vetro pieno (modelli CW)<\/p>\n<\/li>\n<li data-start=\"529\" data-end=\"567\">\n<p data-start=\"531\" data-end=\"567\">Termostato elettronico touch screen<\/p>\n<\/li>\n<li data-start=\"568\" data-end=\"608\">\n<p data-start=\"570\" data-end=\"608\">Ripiani in legno rimovibili (modelli CW)<\/p>\n<\/li>\n<li data-start=\"609\" data-end=\"663\">\n<p data-start=\"611\" data-end=\"663\">Cassetti in acciaio inox (DW 82 INOX \/ DW 82 BLACK)<\/p>\n<\/li>\n<li data-start=\"664\" data-end=\"693\">\n<p data-start=\"666\" data-end=\"693\">Sistema di raffreddamento ventilato<\/p>\n<\/li>\n<li data-start=\"694\" data-end=\"715\">\n<p data-start=\"696\" data-end=\"715\">Sbrinamento automatico<\/p>\n<\/li>\n<li data-start=\"716\" data-end=\"774\">\n<p data-start=\"718\" data-end=\"774\">Illuminazione LED orizzontale o verticale a seconda del modello<\/p>\n<\/li>\n<li data-start=\"775\" data-end=\"803\">\n<p data-start=\"777\" data-end=\"803\">Serratura e chiave (modelli CW)<\/p>\n<\/li>\n<li data-start=\"804\" data-end=\"835\">\n<p data-start=\"806\" data-end=\"835\">Porta reversibile (modelli CW)<\/p>\n<\/li>\n<\/ul>\n<h3><strong>Capacit\u00e0<\/strong><\/h3>\n<table>\n<thead>\n<tr>\n<th>Modello<\/th>\n<th>Capacit\u00e0 della bottiglia (75 cl)<\/th>\n<th>Capacit\u00e0 della lattina (0,33 L)<\/th>\n<th>Note<\/th>\n<\/tr>\n<\/thead>\n<tbody>\n<tr>\n<td>CW 51 G1TB<\/td>\n<td>52<\/td>\n<td>-<\/td>\n<td>I dati possono variare a seconda della confezione<\/td>\n<\/tr>\n<tr>\n<td>CW 46 G2TB<\/td>\n<td>46<\/td>\n<td>-<\/td>\n<td>Raffreddatore a doppia zona<\/td>\n<\/tr>\n<tr>\n<td>DW 82 INOX<\/td>\n<td>45<\/td>\n<td>171 superiore \/ 92 inferiore<\/td>\n<td>Cassetti in acciaio inox<\/td>\n<\/tr>\n<tr>\n<td>DW 82 NERO<\/td>\n<td>45<\/td>\n<td>171 superiore \/ 92 inferiore<\/td>\n<td>Cassetti in acciaio inox<\/td>\n<\/tr>\n<\/tbody>\n<\/table>\n<h3><strong>Dimensioni<\/strong><\/h3>\n<table>\n<thead>\n<tr>\n<th>Modello<\/th>\n<th>Esterno (LxPxH mm)<\/th>\n<th>Imballaggio (LxPxH mm)<\/th>\n<th>Larghezza (A)<\/th>\n<th>Profondit\u00e0 (B)<\/th>\n<th>Altezza (C)<\/th>\n<th>Profondit\u00e0 minima (D)<\/th>\n<th>Altezza minima (E)<\/th>\n<th>Vetro adesivo (mm)<\/th>\n<th>Adesivo laterale (mm)<\/th>\n<\/tr>\n<\/thead>\n<tbody>\n<tr>\n<td>CW 51 G1TB<\/td>\n<td>595 \u00d7 573 \u00d7 820<\/td>\n<td>660 \u00d7 625 \u00d7 1015<\/td>\n<td>510<\/td>\n<td>445<\/td>\n<td>650<\/td>\n<td>305<\/td>\n<td>550<\/td>\n<td>462 \u00d7 560<\/td>\n<td>530 \u00d7 805<\/td>\n<\/tr>\n<tr>\n<td>CW 46 G2TB<\/td>\n<td>595 \u00d7 573 \u00d7 820<\/td>\n<td>660 \u00d7 625 \u00d7 1015<\/td>\n<td>510<\/td>\n<td>445<\/td>\n<td>650<\/td>\n<td>305<\/td>\n<td>550<\/td>\n<td>462 \u00d7 560<\/td>\n<td>530 \u00d7 805<\/td>\n<\/tr>\n<tr>\n<td>DW 82 INOX<\/td>\n<td>595 \u00d7 628 \u00d7 820<\/td>\n<td>660 \u00d7 588 \u00d7 880<\/td>\n<td>510<\/td>\n<td>430<\/td>\n<td>650<\/td>\n<td>-<\/td>\n<td>-<\/td>\n<td>-<\/td>\n<td>-<\/td>\n<\/tr>\n<tr>\n<td>DW 82 NERO<\/td>\n<td>595 \u00d7 584 \u00d7 820<\/td>\n<td>660 \u00d7 588 \u00d7 880<\/td>\n<td>510<\/td>\n<td>430<\/td>\n<td>650<\/td>\n<td>-<\/td>\n<td>-<\/td>\n<td>-<\/td>\n<td>-<\/td>\n<\/tr>\n<\/tbody>\n<\/table>\n<h3 data-start=\"1969\" data-end=\"1993\"><strong>Caratteristiche tecniche<\/strong><\/h3>\n<div class=\"_tableContainer_1rjym_1\">\n<div class=\"group _tableWrapper_1rjym_13 flex w-fit flex-col-reverse\">\n<table>\n<thead>\n<tr>\n<th>Caratteristica<\/th>\n<th>CW 51 G1TB<\/th>\n<th>CW 46 G2TB<\/th>\n<th>DW 82 INOX<\/th>\n<th>DW 82 NERO<\/th>\n<\/tr>\n<\/thead>\n<tbody>\n<tr>\n<td>Intervallo di temperatura<\/td>\n<td>+2\u00b0C \/ +20\u00b0C<\/td>\n<td>+2\u00b0C \/ +20\u00b0C<\/td>\n<td>0\u00b0C \/ +15\u00b0C<\/td>\n<td>0\u00b0C \/ +15\u00b0C<\/td>\n<\/tr>\n<tr>\n<td>Classe climatica<\/td>\n<td>N-ST<\/td>\n<td>N-ST<\/td>\n<td>N-ST<\/td>\n<td>N-ST<\/td>\n<\/tr>\n<tr>\n<td>Volume netto\/lordo<\/td>\n<td>145 \/ 150 L<\/td>\n<td>143 \/ 148 L<\/td>\n<td>137 \/ 145 L<\/td>\n<td>137 \/ 145 L<\/td>\n<\/tr>\n<tr>\n<td>Corpo esterno<\/td>\n<td>Lamiera preverniciata anticorrosione<\/td>\n<td>Lamiera preverniciata anticorrosione<\/td>\n<td>Lamiera preverniciata anticorrosione<\/td>\n<td>Lamiera preverniciata anticorrosione<\/td>\n<\/tr>\n<tr>\n<td>Porta<\/td>\n<td>Vetro pieno nero<\/td>\n<td>Vetro pieno nero<\/td>\n<td>Cassetti INOX 304<\/td>\n<td>Piastra d'acciaio laminata a freddo, frontale del cassetto in vetro nero<\/td>\n<\/tr>\n<tr>\n<td>Rivestimento interno<\/td>\n<td>ABS<\/td>\n<td>ABS<\/td>\n<td>ABS<\/td>\n<td>ABS<\/td>\n<\/tr>\n<tr>\n<td>Termostato<\/td>\n<td>Touch screen elettronico<\/td>\n<td>Touch screen elettronico<\/td>\n<td>Elettronica<\/td>\n<td>Elettronica<\/td>\n<\/tr>\n<tr>\n<td>Livello di rumore<\/td>\n<td>41 dB<\/td>\n<td>38 dB<\/td>\n<td>40 dB<\/td>\n<td>40 dB<\/td>\n<\/tr>\n<tr>\n<td>Spessore dell'isolamento<\/td>\n<td>45 mm<\/td>\n<td>45 mm<\/td>\n<td>45 mm<\/td>\n<td>45 mm<\/td>\n<\/tr>\n<tr>\n<td>Sbrinamento<\/td>\n<td>Automatico (compressore spento)<\/td>\n<td>Automatico (compressore spento)<\/td>\n<td>Automatico (compressore spento)<\/td>\n<td>Automatico (compressore spento)<\/td>\n<\/tr>\n<tr>\n<td>Illuminazione<\/td>\n<td>1 LED orizzontale<\/td>\n<td>2 LED orizzontali<\/td>\n<td>2 LED verticali<\/td>\n<td>2 LED verticali<\/td>\n<\/tr>\n<tr>\n<td>Serratura e chiave<\/td>\n<td>S\u00ec<\/td>\n<td>S\u00ec<\/td>\n<td>-<\/td>\n<td>-<\/td>\n<\/tr>\n<tr>\n<td>Porta reversibile<\/td>\n<td>S\u00ec<\/td>\n<td>S\u00ec<\/td>\n<td>-<\/td>\n<td>-<\/td>\n<\/tr>\n<tr>\n<td>Ripiani \/ Cassetti<\/td>\n<td>5 \u00d7 447 \u00d7 492 + 1 \u00d7 292 \u00d7 492 mm<\/td>\n<td>5 \u00d7 447 \u00d7 492 + 1 \u00d7 292 \u00d7 492 mm<\/td>\n<td>2 cassetti INOX 304<\/td>\n<td>2 cassetti INOX 304<\/td>\n<\/tr>\n<tr>\n<td>Ruote e piedi<\/td>\n<td>4 Piedi<\/td>\n<td>4 Piedi<\/td>\n<td>4 Piedi<\/td>\n<td>4 Piedi<\/td>\n<\/tr>\n<tr>\n<td>Peso netto\/lordo<\/td>\n<td>43 \/ 47 kg<\/td>\n<td>45 \/ 49 kg<\/td>\n<td>48 \/ 52 kg<\/td>\n<td>44 \/ 50 kg<\/td>\n<\/tr>\n<\/tbody>\n<\/table>\n<h3 data-start=\"3414\" data-end=\"3435\"><strong>Dati elettrici<\/strong><\/h3>\n<div class=\"_tableContainer_1rjym_1\">\n<div class=\"group _tableWrapper_1rjym_13 flex w-fit flex-col-reverse\">\n<table>\n<thead>\n<tr>\n<th>Caratteristica<\/th>\n<th>CW 51 G1TB<\/th>\n<th>CW 46 G2TB<\/th>\n<th>DW 82 INOX<\/th>\n<th>DW 82 NERO<\/th>\n<\/tr>\n<\/thead>\n<tbody>\n<tr>\n<td>Tensione<\/td>\n<td>220 V<\/td>\n<td>220 V<\/td>\n<td>220 V<\/td>\n<td>220 V<\/td>\n<\/tr>\n<tr>\n<td>Frequenza<\/td>\n<td>50 Hz<\/td>\n<td>50 Hz<\/td>\n<td>50 Hz<\/td>\n<td>50 Hz<\/td>\n<\/tr>\n<tr>\n<td>Refrigerante<\/td>\n<td>R600A<\/td>\n<td>R600A<\/td>\n<td>R600A<\/td>\n<td>R600A<\/td>\n<\/tr>\n<tr>\n<td>Assorbimento di potenza<\/td>\n<td>95 W<\/td>\n<td>95 W<\/td>\n<td>115 W<\/td>\n<td>115 W<\/td>\n<\/tr>\n<tr>\n<td>Consumo di energia (24 ore)<\/td>\n<td>0,40 kWh<\/td>\n<td>0,39 kWh<\/td>\n<td>0,324 kWh<\/td>\n<td>0,324 kWh<\/td>\n<\/tr>\n<\/tbody>\n<\/table>\n<\/div>\n<\/div>\n<\/div>\n<\/div>","protected":false},"excerpt":{"rendered":"<p>The CW 51 G1TB is a ventilated wine cooler with a full frameless glass door and removable wooden shelves, suitable for precise temperature-controlled wine storage. This series also includes dual-zone and INOX drawer models for specialized storage needs. Key Features: Full glass frameless door (CW models) Electronic touch screen thermostat Removable wooden shelves (CW models) [&hellip;]<\/p>\n","protected":false},"featured_media":9007,"comment_status":"open","ping_status":"closed","template":"","meta":[],"product_brand":[],"product_cat":[49],"product_tag":[],"class_list":{"0":"post-8995","1":"product","2":"type-product","3":"status-publish","4":"has-post-thumbnail","6":"product_cat-wine-fridges","8":"first","9":"instock","10":"shipping-taxable","11":"product-type-simple"},"_links":{"self":[{"href":"https:\/\/dersuessestopp.com\/it\/wp-json\/wp\/v2\/product\/8995","targetHints":{"allow":["GET"]}}],"collection":[{"href":"https:\/\/dersuessestopp.com\/it\/wp-json\/wp\/v2\/product"}],"about":[{"href":"https:\/\/dersuessestopp.com\/it\/wp-json\/wp\/v2\/types\/product"}],"replies":[{"embeddable":true,"href":"https:\/\/dersuessestopp.com\/it\/wp-json\/wp\/v2\/comments?post=8995"}],"version-history":[{"count":2,"href":"https:\/\/dersuessestopp.com\/it\/wp-json\/wp\/v2\/product\/8995\/revisions"}],"predecessor-version":[{"id":11528,"href":"https:\/\/dersuessestopp.com\/it\/wp-json\/wp\/v2\/product\/8995\/revisions\/11528"}],"wp:featuredmedia":[{"embeddable":true,"href":"https:\/\/dersuessestopp.com\/it\/wp-json\/wp\/v2\/media\/9007"}],"wp:attachment":[{"href":"https:\/\/dersuessestopp.com\/it\/wp-json\/wp\/v2\/media?parent=8995"}],"wp:term":[{"taxonomy":"product_brand","embeddable":true,"href":"https:\/\/dersuessestopp.com\/it\/wp-json\/wp\/v2\/product_brand?post=8995"},{"taxonomy":"product_cat","embeddable":true,"href":"https:\/\/dersuessestopp.com\/it\/wp-json\/wp\/v2\/product_cat?post=8995"},{"taxonomy":"product_tag","embeddable":true,"href":"https:\/\/dersuessestopp.com\/it\/wp-json\/wp\/v2\/product_tag?post=8995"}],"curies":[{"name":"wp","href":"https:\/\/api.w.org\/{rel}","templated":true}]}}