{"id":8987,"date":"2025-09-23T11:51:19","date_gmt":"2025-09-23T11:51:19","guid":{"rendered":"https:\/\/dersuessestopp.com\/?post_type=product&#038;p=8987"},"modified":"2025-10-08T19:18:44","modified_gmt":"2025-10-08T19:18:44","slug":"cw-37-g1tb","status":"publish","type":"product","link":"https:\/\/dersuessestopp.com\/it\/product\/cw-37-g1tb\/","title":{"rendered":"CW 37 G1TB"},"content":{"rendered":"<p data-start=\"175\" data-end=\"477\"><img fetchpriority=\"high\" decoding=\"async\" class=\"alignnone wp-image-11495 size-full\" src=\"https:\/\/dersuessestopp.com\/wp-content\/uploads\/2025\/09\/CW20G1TB_CW37G1TB_CW37G2TB-Dettagli.jpg\" alt=\"\" width=\"2000\" height=\"600\" srcset=\"https:\/\/dersuessestopp.com\/wp-content\/uploads\/2025\/09\/CW20G1TB_CW37G1TB_CW37G2TB-Dettagli.jpg 2000w, https:\/\/dersuessestopp.com\/wp-content\/uploads\/2025\/09\/CW20G1TB_CW37G1TB_CW37G2TB-Dettagli-300x90.jpg 300w, https:\/\/dersuessestopp.com\/wp-content\/uploads\/2025\/09\/CW20G1TB_CW37G1TB_CW37G2TB-Dettagli-1024x307.jpg 1024w, https:\/\/dersuessestopp.com\/wp-content\/uploads\/2025\/09\/CW20G1TB_CW37G1TB_CW37G2TB-Dettagli-768x230.jpg 768w, https:\/\/dersuessestopp.com\/wp-content\/uploads\/2025\/09\/CW20G1TB_CW37G1TB_CW37G2TB-Dettagli-1536x461.jpg 1536w, https:\/\/dersuessestopp.com\/wp-content\/uploads\/2025\/09\/CW20G1TB_CW37G1TB_CW37G2TB-Dettagli-250x75.jpg 250w, https:\/\/dersuessestopp.com\/wp-content\/uploads\/2025\/09\/CW20G1TB_CW37G1TB_CW37G2TB-Dettagli-600x180.jpg 600w\" sizes=\"(max-width: 2000px) 100vw, 2000px\" \/><\/p>\n<p data-start=\"175\" data-end=\"477\">Il <strong data-start=\"179\" data-end=\"193\">CW 37 G1TB<\/strong> \u00e8 un <strong data-start=\"199\" data-end=\"225\">refrigeratore per vini ventilato<\/strong> con un <strong data-start=\"238\" data-end=\"267\">porta senza telaio in vetro pieno<\/strong>, termostato elettronico touchscreen e ripiani in legno rimovibili. Progettato per <strong data-start=\"347\" data-end=\"390\">casa, bar o deposito professionale di vini<\/strong>, offre un controllo preciso della temperatura e un'elegante presentazione delle bottiglie di vino.<\/p>\n<h2 data-start=\"954\" data-end=\"965\"><strong>Capacit\u00e0<\/strong><\/h2>\n<div class=\"_tableContainer_1rjym_1\">\n<div class=\"group _tableWrapper_1rjym_13 flex w-fit flex-col-reverse\">\n<table>\n<thead>\n<tr>\n<th>Modello<\/th>\n<th>Bottiglie da 75 cl<\/th>\n<th>Note<\/th>\n<\/tr>\n<\/thead>\n<tbody>\n<tr>\n<td>CW 37 G1TB<\/td>\n<td>28<\/td>\n<td>La capacit\u00e0 pu\u00f2 variare a seconda della confezione<\/td>\n<\/tr>\n<\/tbody>\n<\/table>\n<h2 data-start=\"1451\" data-end=\"1464\"><strong>Dimensioni<\/strong><\/h2>\n<div class=\"_tableContainer_1rjym_1\">\n<div class=\"group _tableWrapper_1rjym_13 flex w-fit flex-col-reverse\">\n<table>\n<thead>\n<tr>\n<th>Descrizione<\/th>\n<th>Misura (mm)<\/th>\n<\/tr>\n<\/thead>\n<tbody>\n<tr>\n<td>Dimensioni esterne (LxPxH)<\/td>\n<td>380 \u00d7 578 \u00d7 820<\/td>\n<\/tr>\n<tr>\n<td>Dimensioni dell'imballaggio (LxPxH)<\/td>\n<td>435 \u00d7 655 \u00d7 870<\/td>\n<\/tr>\n<tr>\n<td>Larghezza interna (A)<\/td>\n<td>300<\/td>\n<\/tr>\n<tr>\n<td>Profondit\u00e0 interna (B)<\/td>\n<td>445<\/td>\n<\/tr>\n<tr>\n<td>Altezza interna (C)<\/td>\n<td>650<\/td>\n<\/tr>\n<tr>\n<td>Profondit\u00e0 minima (D)<\/td>\n<td>325<\/td>\n<\/tr>\n<tr>\n<td>Altezza minima (E)<\/td>\n<td>530<\/td>\n<\/tr>\n<tr>\n<td>Adesivo laterale<\/td>\n<td>530 \u00d7 805<\/td>\n<\/tr>\n<tr>\n<td>Adesivo per vetro<\/td>\n<td>247 \u00d7 560<\/td>\n<\/tr>\n<\/tbody>\n<\/table>\n<h2 data-start=\"1843\" data-end=\"1864\"><strong>Caratteristiche tecniche<\/strong><\/h2>\n<div class=\"_tableContainer_1rjym_1\">\n<div class=\"group _tableWrapper_1rjym_13 flex w-fit flex-col-reverse\">\n<table>\n<thead>\n<tr>\n<th>Caratteristica<\/th>\n<th>Specifiche<\/th>\n<\/tr>\n<\/thead>\n<tbody>\n<tr>\n<td>Intervallo di temperatura<\/td>\n<td>+2\u00b0C \/ +20\u00b0C<\/td>\n<\/tr>\n<tr>\n<td>Classe climatica<\/td>\n<td>N-ST<\/td>\n<\/tr>\n<tr>\n<td>Volume netto\/lordo<\/td>\n<td>85 \/ 88 L<\/td>\n<\/tr>\n<tr>\n<td>Corpo esterno<\/td>\n<td>Lamiera preverniciata con trattamento anticorrosione<\/td>\n<\/tr>\n<tr>\n<td>Porta<\/td>\n<td>Vetro pieno nero<\/td>\n<\/tr>\n<tr>\n<td>Rivestimento interno<\/td>\n<td>ABS<\/td>\n<\/tr>\n<tr>\n<td>Termostato<\/td>\n<td>Touchscreen elettronico<\/td>\n<\/tr>\n<tr>\n<td>Livello di rumore<\/td>\n<td>42 dB<\/td>\n<\/tr>\n<tr>\n<td>Spessore dell'isolamento<\/td>\n<td>45 mm<\/td>\n<\/tr>\n<tr>\n<td>Sistema di sbrinamento<\/td>\n<td>Automatico (compressore spento)<\/td>\n<\/tr>\n<tr>\n<td>Illuminazione<\/td>\n<td>1 LED verticale<\/td>\n<\/tr>\n<tr>\n<td>Serratura e chiave<\/td>\n<td>S\u00ec<\/td>\n<\/tr>\n<tr>\n<td>Porta reversibile<\/td>\n<td>S\u00ec<\/td>\n<\/tr>\n<tr>\n<td>Scaffali<\/td>\n<td>5 \u00d7 447 \u00d7 297 mm + 1 \u00d7 308 \u00d7 288 mm (ripiani in legno rimovibili)<\/td>\n<\/tr>\n<tr>\n<td>Ruote e piedi<\/td>\n<td>4 piedi<\/td>\n<\/tr>\n<\/tbody>\n<\/table>\n<h2 data-start=\"2467\" data-end=\"2485\"><strong>Dati elettrici<\/strong><\/h2>\n<div class=\"_tableContainer_1rjym_1\">\n<div class=\"group _tableWrapper_1rjym_13 flex w-fit flex-col-reverse\">\n<table>\n<thead>\n<tr>\n<th>Specifiche<\/th>\n<th>Valore<\/th>\n<\/tr>\n<\/thead>\n<tbody>\n<tr>\n<td>Tensione<\/td>\n<td>220 V<\/td>\n<\/tr>\n<tr>\n<td>Frequenza<\/td>\n<td>50 Hz<\/td>\n<\/tr>\n<tr>\n<td>Refrigerante<\/td>\n<td>R600A<\/td>\n<\/tr>\n<tr>\n<td>Assorbimento di potenza<\/td>\n<td>80 W<\/td>\n<\/tr>\n<tr>\n<td>Consumo di energia (24 ore)<\/td>\n<td>0,39 kWh<\/td>\n<\/tr>\n<tr>\n<td>Peso netto\/lordo<\/td>\n<td>36 \/ 39 kg<\/td>\n<\/tr>\n<\/tbody>\n<\/table>\n<\/div>\n<\/div>\n<\/div>\n<\/div>\n<\/div>\n<\/div>\n<\/div>\n<\/div>","protected":false},"excerpt":{"rendered":"<p>The CW 37 G1TB is a ventilated wine cooler featuring a full glass frameless door, electronic touchscreen thermostat, and removable wooden shelves. Designed for home, bar, or professional wine storage, it offers precise temperature control and an elegant presentation for wine bottles. Capacity Model 75 cl Bottles Notes CW 37 G1TB 28 Capacity may vary [&hellip;]<\/p>\n","protected":false},"featured_media":8988,"comment_status":"open","ping_status":"closed","template":"","meta":[],"product_brand":[],"product_cat":[49],"product_tag":[],"class_list":{"0":"post-8987","1":"product","2":"type-product","3":"status-publish","4":"has-post-thumbnail","6":"product_cat-wine-fridges","8":"first","9":"instock","10":"shipping-taxable","11":"product-type-simple"},"_links":{"self":[{"href":"https:\/\/dersuessestopp.com\/it\/wp-json\/wp\/v2\/product\/8987","targetHints":{"allow":["GET"]}}],"collection":[{"href":"https:\/\/dersuessestopp.com\/it\/wp-json\/wp\/v2\/product"}],"about":[{"href":"https:\/\/dersuessestopp.com\/it\/wp-json\/wp\/v2\/types\/product"}],"replies":[{"embeddable":true,"href":"https:\/\/dersuessestopp.com\/it\/wp-json\/wp\/v2\/comments?post=8987"}],"version-history":[{"count":3,"href":"https:\/\/dersuessestopp.com\/it\/wp-json\/wp\/v2\/product\/8987\/revisions"}],"predecessor-version":[{"id":11523,"href":"https:\/\/dersuessestopp.com\/it\/wp-json\/wp\/v2\/product\/8987\/revisions\/11523"}],"wp:featuredmedia":[{"embeddable":true,"href":"https:\/\/dersuessestopp.com\/it\/wp-json\/wp\/v2\/media\/8988"}],"wp:attachment":[{"href":"https:\/\/dersuessestopp.com\/it\/wp-json\/wp\/v2\/media?parent=8987"}],"wp:term":[{"taxonomy":"product_brand","embeddable":true,"href":"https:\/\/dersuessestopp.com\/it\/wp-json\/wp\/v2\/product_brand?post=8987"},{"taxonomy":"product_cat","embeddable":true,"href":"https:\/\/dersuessestopp.com\/it\/wp-json\/wp\/v2\/product_cat?post=8987"},{"taxonomy":"product_tag","embeddable":true,"href":"https:\/\/dersuessestopp.com\/it\/wp-json\/wp\/v2\/product_tag?post=8987"}],"curies":[{"name":"wp","href":"https:\/\/api.w.org\/{rel}","templated":true}]}}