{"id":8985,"date":"2025-09-23T11:51:51","date_gmt":"2025-09-23T11:51:51","guid":{"rendered":"https:\/\/dersuessestopp.com\/?post_type=product&#038;p=8985"},"modified":"2025-10-08T19:17:58","modified_gmt":"2025-10-08T19:17:58","slug":"cw-20-g1tb","status":"publish","type":"product","link":"https:\/\/dersuessestopp.com\/it\/product\/cw-20-g1tb\/","title":{"rendered":"CW 20 G1TB"},"content":{"rendered":"<p data-start=\"187\" data-end=\"430\"><img fetchpriority=\"high\" decoding=\"async\" class=\"alignnone wp-image-11495 size-full\" src=\"https:\/\/dersuessestopp.com\/wp-content\/uploads\/2025\/09\/CW20G1TB_CW37G1TB_CW37G2TB-Dettagli.jpg\" alt=\"\" width=\"2000\" height=\"600\" srcset=\"https:\/\/dersuessestopp.com\/wp-content\/uploads\/2025\/09\/CW20G1TB_CW37G1TB_CW37G2TB-Dettagli.jpg 2000w, https:\/\/dersuessestopp.com\/wp-content\/uploads\/2025\/09\/CW20G1TB_CW37G1TB_CW37G2TB-Dettagli-300x90.jpg 300w, https:\/\/dersuessestopp.com\/wp-content\/uploads\/2025\/09\/CW20G1TB_CW37G1TB_CW37G2TB-Dettagli-1024x307.jpg 1024w, https:\/\/dersuessestopp.com\/wp-content\/uploads\/2025\/09\/CW20G1TB_CW37G1TB_CW37G2TB-Dettagli-768x230.jpg 768w, https:\/\/dersuessestopp.com\/wp-content\/uploads\/2025\/09\/CW20G1TB_CW37G1TB_CW37G2TB-Dettagli-1536x461.jpg 1536w, https:\/\/dersuessestopp.com\/wp-content\/uploads\/2025\/09\/CW20G1TB_CW37G1TB_CW37G2TB-Dettagli-250x75.jpg 250w, https:\/\/dersuessestopp.com\/wp-content\/uploads\/2025\/09\/CW20G1TB_CW37G1TB_CW37G2TB-Dettagli-600x180.jpg 600w\" sizes=\"(max-width: 2000px) 100vw, 2000px\" \/><\/p>\n<p data-start=\"187\" data-end=\"430\">Il <strong data-start=\"207\" data-end=\"221\">CW 20 G1TB<\/strong> \u00e8 un refrigeratore per vino ventilato compatto con porta in vetro senza telaio e ripiani in legno rimovibili. Progettato per un controllo preciso della temperatura, \u00e8 ideale per gli appassionati di vino e per i piccoli ambienti professionali.<\/p>\n<p data-start=\"432\" data-end=\"451\"><strong data-start=\"432\" data-end=\"449\">Caratteristiche principali:<\/strong><\/p>\n<ul data-start=\"452\" data-end=\"688\">\n<li data-start=\"452\" data-end=\"481\">\n<p data-start=\"454\" data-end=\"481\">Porta senza telaio a vetro pieno<\/p>\n<\/li>\n<li data-start=\"482\" data-end=\"507\">\n<p data-start=\"484\" data-end=\"507\">Termostato elettronico<\/p>\n<\/li>\n<li data-start=\"508\" data-end=\"536\">\n<p data-start=\"510\" data-end=\"536\">Ripiani in legno rimovibili<\/p>\n<\/li>\n<li data-start=\"537\" data-end=\"566\">\n<p data-start=\"539\" data-end=\"566\">Sistema di raffreddamento ventilato<\/p>\n<\/li>\n<li data-start=\"567\" data-end=\"603\">\n<p data-start=\"569\" data-end=\"603\">Intervallo di temperatura: Da +2\u00b0C a +20\u00b0C<\/p>\n<\/li>\n<li data-start=\"604\" data-end=\"625\">\n<p data-start=\"606\" data-end=\"625\">Sbrinamento automatico<\/p>\n<\/li>\n<li data-start=\"626\" data-end=\"651\">\n<p data-start=\"628\" data-end=\"651\">Illuminazione verticale a LED<\/p>\n<\/li>\n<li data-start=\"652\" data-end=\"668\">\n<p data-start=\"654\" data-end=\"668\">Serratura e chiave<\/p>\n<\/li>\n<li data-start=\"669\" data-end=\"688\">\n<p data-start=\"671\" data-end=\"688\">Porta reversibile<\/p>\n<\/li>\n<\/ul>\n<h3 data-start=\"695\" data-end=\"709\"><strong>Capacit\u00e0<\/strong><\/h3>\n<table>\n<thead>\n<tr>\n<th>Modello<\/th>\n<th>Capacit\u00e0 della bottiglia (75 cl)<\/th>\n<th>Note<\/th>\n<\/tr>\n<\/thead>\n<tbody>\n<tr>\n<td>CW 20 G1TB<\/td>\n<td>18<\/td>\n<td>I dati possono variare a seconda della confezione<\/td>\n<\/tr>\n<tr>\n<td>CW 37 G1TB<\/td>\n<td>28<\/td>\n<td>I dati possono variare a seconda della confezione<\/td>\n<\/tr>\n<tr>\n<td>CW 37 G2TB<\/td>\n<td>28<\/td>\n<td>Raffreddatore a doppia zona<\/td>\n<\/tr>\n<\/tbody>\n<\/table>\n<div><\/div>\n<h3><strong>Dimensioni<\/strong><\/h3>\n<table>\n<thead>\n<tr>\n<th>Modello<\/th>\n<th>Esterno (LxPxH mm)<\/th>\n<th>Imballaggio (LxPxH mm)<\/th>\n<th>Larghezza interna (A)<\/th>\n<th>Profondit\u00e0 (B)<\/th>\n<th>Altezza (C)<\/th>\n<th>Profondit\u00e0 minima (D)<\/th>\n<th>Altezza minima (E)<\/th>\n<th>Vetro adesivo (mm)<\/th>\n<th>Adesivo laterale (mm)<\/th>\n<\/tr>\n<\/thead>\n<tbody>\n<tr>\n<td>CW 20 G1TB<\/td>\n<td>295 \u00d7 573 \u00d7 820<\/td>\n<td>332 \u00d7 625 \u00d7 870<\/td>\n<td>215<\/td>\n<td>445<\/td>\n<td>650<\/td>\n<td>325<\/td>\n<td>530<\/td>\n<td>162 \u00d7 560<\/td>\n<td>530 \u00d7 805<\/td>\n<\/tr>\n<tr>\n<td>CW 37 G1TB<\/td>\n<td>380 \u00d7 578 \u00d7 820<\/td>\n<td>435 \u00d7 655 \u00d7 870<\/td>\n<td>300<\/td>\n<td>445<\/td>\n<td>650<\/td>\n<td>325<\/td>\n<td>530<\/td>\n<td>247 \u00d7 560<\/td>\n<td>530 \u00d7 805<\/td>\n<\/tr>\n<tr>\n<td>CW 37 G2TB<\/td>\n<td>380 \u00d7 578 \u00d7 820<\/td>\n<td>435 \u00d7 655 \u00d7 870<\/td>\n<td>300<\/td>\n<td>445<\/td>\n<td>650<\/td>\n<td>325<\/td>\n<td>530<\/td>\n<td>247 \u00d7 560<\/td>\n<td>530 \u00d7 805<\/td>\n<\/tr>\n<\/tbody>\n<\/table>\n<div class=\"group _tableWrapper_1rjym_13 flex w-fit flex-col-reverse\"><\/div>\n<h3><strong>Caratteristiche tecniche<\/strong><\/h3>\n<table>\n<thead>\n<tr>\n<th>Caratteristica<\/th>\n<th>CW 20 G1TB<\/th>\n<th>CW 37 G1TB<\/th>\n<th>CW 37 G2TB<\/th>\n<\/tr>\n<\/thead>\n<tbody>\n<tr>\n<td>Intervallo di temperatura<\/td>\n<td>+2\u00b0C \/ +20\u00b0C<\/td>\n<td>+2\u00b0C \/ +20\u00b0C<\/td>\n<td>+2\u00b0C \/ +20\u00b0C<\/td>\n<\/tr>\n<tr>\n<td>Classe climatica<\/td>\n<td>N-ST<\/td>\n<td>N-ST<\/td>\n<td>N-ST<\/td>\n<\/tr>\n<tr>\n<td>Volume netto\/lordo<\/td>\n<td>58 \/ 60 L<\/td>\n<td>85 \/ 88 L<\/td>\n<td>80 \/ 85 L<\/td>\n<\/tr>\n<tr>\n<td>Corpo esterno<\/td>\n<td>Lamiera preverniciata anticorrosione<\/td>\n<td>Lamiera preverniciata anticorrosione<\/td>\n<td>Lamiera preverniciata anticorrosione<\/td>\n<\/tr>\n<tr>\n<td>Porta<\/td>\n<td>Vetro pieno nero<\/td>\n<td>Vetro pieno nero<\/td>\n<td>Vetro pieno nero<\/td>\n<\/tr>\n<tr>\n<td>Rivestimento interno<\/td>\n<td>ABS<\/td>\n<td>ABS<\/td>\n<td>ABS<\/td>\n<\/tr>\n<tr>\n<td>Termostato<\/td>\n<td>Touch screen elettronico<\/td>\n<td>Touch screen elettronico<\/td>\n<td>Touch screen elettronico<\/td>\n<\/tr>\n<tr>\n<td>Livello di rumore<\/td>\n<td>40 dB<\/td>\n<td>42 dB<\/td>\n<td>40 dB<\/td>\n<\/tr>\n<tr>\n<td>Spessore dell'isolamento<\/td>\n<td>45 mm<\/td>\n<td>45 mm<\/td>\n<td>45 mm<\/td>\n<\/tr>\n<tr>\n<td>Sbrinamento<\/td>\n<td>Automatico (compressore spento)<\/td>\n<td>Automatico (compressore spento)<\/td>\n<td>Automatico (compressore spento)<\/td>\n<\/tr>\n<tr>\n<td>Illuminazione<\/td>\n<td>1 LED verticale<\/td>\n<td>1 LED verticale<\/td>\n<td>1 LED verticale<\/td>\n<\/tr>\n<tr>\n<td>Serratura e chiave<\/td>\n<td>S\u00ec<\/td>\n<td>S\u00ec<\/td>\n<td>S\u00ec<\/td>\n<\/tr>\n<tr>\n<td>Porta reversibile<\/td>\n<td>S\u00ec<\/td>\n<td>S\u00ec<\/td>\n<td>S\u00ec<\/td>\n<\/tr>\n<tr>\n<td>Ripiani (LxP)<\/td>\n<td>5 \u00d7 447 \u00d7 199 + 1 \u00d7 296 \u00d7 203<\/td>\n<td>5 \u00d7 447 \u00d7 297 + 1 \u00d7 308 \u00d7 288<\/td>\n<td>5 \u00d7 447 \u00d7 297 + 1 \u00d7 308 \u00d7 288<\/td>\n<\/tr>\n<tr>\n<td>Ruote e piedi<\/td>\n<td>4 Piedi<\/td>\n<td>4 Piedi<\/td>\n<td>4 Piedi<\/td>\n<\/tr>\n<tr>\n<td>Peso netto\/lordo<\/td>\n<td>30 \/ 32 kg<\/td>\n<td>36 \/ 39 kg<\/td>\n<td>38 \/ 41 kg<\/td>\n<\/tr>\n<\/tbody>\n<\/table>\n<h3><strong>Dati elettrici<\/strong><\/h3>\n<table>\n<thead>\n<tr>\n<th>Caratteristica<\/th>\n<th>CW 20 G1TB<\/th>\n<th>CW 37 G1TB<\/th>\n<th>CW 37 G2TB<\/th>\n<\/tr>\n<\/thead>\n<tbody>\n<tr>\n<td>Tensione<\/td>\n<td>220 V<\/td>\n<td>220 V<\/td>\n<td>220 V<\/td>\n<\/tr>\n<tr>\n<td>Frequenza<\/td>\n<td>50 Hz<\/td>\n<td>50 Hz<\/td>\n<td>50 Hz<\/td>\n<\/tr>\n<tr>\n<td>Refrigerante<\/td>\n<td>R600A<\/td>\n<td>R600A<\/td>\n<td>R600A<\/td>\n<\/tr>\n<tr>\n<td>Assorbimento di potenza<\/td>\n<td>65 W<\/td>\n<td>80 W<\/td>\n<td>80 W<\/td>\n<\/tr>\n<tr>\n<td>Consumo di energia (24 ore)<\/td>\n<td>0,35 kWh<\/td>\n<td>0,39 kWh<\/td>\n<td>0,39 kWh<\/td>\n<\/tr>\n<\/tbody>\n<\/table>","protected":false},"excerpt":{"rendered":"<p>The CW 20 G1TB is a compact ventilated wine cooler with a full frameless glass door and removable wooden shelves. Designed for precise temperature control, it is ideal for wine enthusiasts and small professional settings. Key Features: Full glass frameless door Electronic thermostat Removable wooden shelves Ventilated cooling system Temperature range: +2\u00b0C to +20\u00b0C Automatic [&hellip;]<\/p>\n","protected":false},"featured_media":8991,"comment_status":"open","ping_status":"closed","template":"","meta":[],"product_brand":[],"product_cat":[49],"product_tag":[],"class_list":{"0":"post-8985","1":"product","2":"type-product","3":"status-publish","4":"has-post-thumbnail","6":"product_cat-wine-fridges","8":"first","9":"instock","10":"shipping-taxable","11":"product-type-simple"},"_links":{"self":[{"href":"https:\/\/dersuessestopp.com\/it\/wp-json\/wp\/v2\/product\/8985","targetHints":{"allow":["GET"]}}],"collection":[{"href":"https:\/\/dersuessestopp.com\/it\/wp-json\/wp\/v2\/product"}],"about":[{"href":"https:\/\/dersuessestopp.com\/it\/wp-json\/wp\/v2\/types\/product"}],"replies":[{"embeddable":true,"href":"https:\/\/dersuessestopp.com\/it\/wp-json\/wp\/v2\/comments?post=8985"}],"version-history":[{"count":3,"href":"https:\/\/dersuessestopp.com\/it\/wp-json\/wp\/v2\/product\/8985\/revisions"}],"predecessor-version":[{"id":11521,"href":"https:\/\/dersuessestopp.com\/it\/wp-json\/wp\/v2\/product\/8985\/revisions\/11521"}],"wp:featuredmedia":[{"embeddable":true,"href":"https:\/\/dersuessestopp.com\/it\/wp-json\/wp\/v2\/media\/8991"}],"wp:attachment":[{"href":"https:\/\/dersuessestopp.com\/it\/wp-json\/wp\/v2\/media?parent=8985"}],"wp:term":[{"taxonomy":"product_brand","embeddable":true,"href":"https:\/\/dersuessestopp.com\/it\/wp-json\/wp\/v2\/product_brand?post=8985"},{"taxonomy":"product_cat","embeddable":true,"href":"https:\/\/dersuessestopp.com\/it\/wp-json\/wp\/v2\/product_cat?post=8985"},{"taxonomy":"product_tag","embeddable":true,"href":"https:\/\/dersuessestopp.com\/it\/wp-json\/wp\/v2\/product_tag?post=8985"}],"curies":[{"name":"wp","href":"https:\/\/api.w.org\/{rel}","templated":true}]}}