{"id":8978,"date":"2025-09-23T11:47:40","date_gmt":"2025-09-23T11:47:40","guid":{"rendered":"https:\/\/dersuessestopp.com\/?post_type=product&#038;p=8978"},"modified":"2025-10-08T20:07:45","modified_gmt":"2025-10-08T20:07:45","slug":"cv-180-bev","status":"publish","type":"product","link":"https:\/\/dersuessestopp.com\/it\/product\/cv-180-bev\/","title":{"rendered":"CV 180 BEV"},"content":{"rendered":"<p data-start=\"174\" data-end=\"482\"><img fetchpriority=\"high\" decoding=\"async\" class=\"alignnone wp-image-11515 size-full\" src=\"https:\/\/dersuessestopp.com\/wp-content\/uploads\/2025\/09\/CV-180-BEV-Dettagli.jpg\" alt=\"\" width=\"2000\" height=\"600\" srcset=\"https:\/\/dersuessestopp.com\/wp-content\/uploads\/2025\/09\/CV-180-BEV-Dettagli.jpg 2000w, https:\/\/dersuessestopp.com\/wp-content\/uploads\/2025\/09\/CV-180-BEV-Dettagli-300x90.jpg 300w, https:\/\/dersuessestopp.com\/wp-content\/uploads\/2025\/09\/CV-180-BEV-Dettagli-1024x307.jpg 1024w, https:\/\/dersuessestopp.com\/wp-content\/uploads\/2025\/09\/CV-180-BEV-Dettagli-768x230.jpg 768w, https:\/\/dersuessestopp.com\/wp-content\/uploads\/2025\/09\/CV-180-BEV-Dettagli-1536x461.jpg 1536w, https:\/\/dersuessestopp.com\/wp-content\/uploads\/2025\/09\/CV-180-BEV-Dettagli-250x75.jpg 250w, https:\/\/dersuessestopp.com\/wp-content\/uploads\/2025\/09\/CV-180-BEV-Dettagli-600x180.jpg 600w\" sizes=\"(max-width: 2000px) 100vw, 2000px\" \/><\/p>\n<p data-start=\"174\" data-end=\"482\">Il <strong data-start=\"178\" data-end=\"192\">CV 180 BEV<\/strong> \u00e8 un <strong data-start=\"198\" data-end=\"228\">refrigeratore per bevande ventilato<\/strong> con un moderno <strong data-start=\"243\" data-end=\"272\">porta senza telaio in vetro pieno<\/strong>, termostato elettronico e ripiani in legno opzionali. Progettato per <strong data-start=\"339\" data-end=\"391\">bar, ristoranti, minimarket e caffetterie<\/strong>, fornisce un controllo preciso della temperatura e un'efficiente conservazione di <strong data-start=\"459\" data-end=\"479\">bottiglie e lattine<\/strong>.<\/p>\n<h2 data-start=\"911\" data-end=\"922\"><strong>Capacit\u00e0<\/strong><\/h2>\n<div class=\"_tableContainer_1rjym_1\">\n<div class=\"group _tableWrapper_1rjym_13 flex w-fit flex-col-reverse\">\n<table>\n<thead>\n<tr>\n<th>Modello<\/th>\n<th>Bottiglie da 75 cl<\/th>\n<th>Bottiglie da 33 cl<\/th>\n<th>33 cl Lattine<\/th>\n<th>Note<\/th>\n<\/tr>\n<\/thead>\n<tbody>\n<tr>\n<td>CV 180 BEV<\/td>\n<td>160<\/td>\n<td>280<\/td>\n<td>630<\/td>\n<td>La capacit\u00e0 pu\u00f2 variare a seconda della confezione<\/td>\n<\/tr>\n<\/tbody>\n<\/table>\n<h2 data-start=\"1244\" data-end=\"1257\"><strong>Dimensioni<\/strong><\/h2>\n<table>\n<thead>\n<tr>\n<th>Descrizione<\/th>\n<th>Misura (mm)<\/th>\n<\/tr>\n<\/thead>\n<tbody>\n<tr>\n<td>Dimensioni esterne (LxPxH)<\/td>\n<td>595 \u00d7 700 \u00d7 1804<\/td>\n<\/tr>\n<tr>\n<td>Dimensioni dell'imballaggio (LxPxH)<\/td>\n<td>645 \u00d7 770 \u00d7 1996<\/td>\n<\/tr>\n<tr>\n<td>Larghezza interna (A)<\/td>\n<td>500<\/td>\n<\/tr>\n<tr>\n<td>Profondit\u00e0 interna (B)<\/td>\n<td>540<\/td>\n<\/tr>\n<tr>\n<td>Altezza interna (C)<\/td>\n<td>1630<\/td>\n<\/tr>\n<tr>\n<td>Profondit\u00e0 minima (D)<\/td>\n<td>380<\/td>\n<\/tr>\n<tr>\n<td>Altezza minima (E)<\/td>\n<td>1420<\/td>\n<\/tr>\n<tr>\n<td>Adesivo laterale<\/td>\n<td>648 \u00d7 1785<\/td>\n<\/tr>\n<tr>\n<td>Adesivo per vetro<\/td>\n<td>462 \u00d7 1580<\/td>\n<\/tr>\n<\/tbody>\n<\/table>\n<div><\/div>\n<div class=\"_tableContainer_1rjym_1\">\n<div class=\"group _tableWrapper_1rjym_13 flex w-fit flex-col-reverse\">\n<h2 data-start=\"1642\" data-end=\"1663\"><strong>Caratteristiche tecniche<\/strong><\/h2>\n<div class=\"_tableContainer_1rjym_1\">\n<div class=\"group _tableWrapper_1rjym_13 flex w-fit flex-col-reverse\">\n<table>\n<thead>\n<tr>\n<th>Caratteristica<\/th>\n<th>Specifiche<\/th>\n<\/tr>\n<\/thead>\n<tbody>\n<tr>\n<td>Intervallo di temperatura<\/td>\n<td>0\u00b0C \/ +10\u00b0C<\/td>\n<\/tr>\n<tr>\n<td>Classe climatica<\/td>\n<td>4<\/td>\n<\/tr>\n<tr>\n<td>Volume netto\/lordo<\/td>\n<td>409 \/ 425 L<\/td>\n<\/tr>\n<tr>\n<td>Corpo esterno<\/td>\n<td>Lamiera preverniciata con trattamento anticorrosione<\/td>\n<\/tr>\n<tr>\n<td>Porta<\/td>\n<td>Vetro pieno nero<\/td>\n<\/tr>\n<tr>\n<td>Rivestimento interno<\/td>\n<td>ABS<\/td>\n<\/tr>\n<tr>\n<td>Termostato<\/td>\n<td>Elettronica<\/td>\n<\/tr>\n<tr>\n<td>Livello di rumore<\/td>\n<td>44 dB<\/td>\n<\/tr>\n<tr>\n<td>Spessore dell'isolamento<\/td>\n<td>55 mm<\/td>\n<\/tr>\n<tr>\n<td>Sistema di sbrinamento<\/td>\n<td>Automatico (compressore spento) + Manuale<\/td>\n<\/tr>\n<tr>\n<td>Illuminazione<\/td>\n<td>2 LED verticali + 1 orizzontale<\/td>\n<\/tr>\n<tr>\n<td>Serratura e chiave<\/td>\n<td>S\u00ec<\/td>\n<\/tr>\n<tr>\n<td>Porta reversibile<\/td>\n<td>S\u00ec<\/td>\n<\/tr>\n<tr>\n<td>Ripiani (LxP)<\/td>\n<td>5 \u00d7 478 \u00d7 536 mm<\/td>\n<\/tr>\n<tr>\n<td>Cesto (LxPxH)<\/td>\n<td>1 \u00d7 481 \u00d7 381 \u00d7 136 mm<\/td>\n<\/tr>\n<tr>\n<td>Scaffali in legno<\/td>\n<td>Opzionale<\/td>\n<\/tr>\n<tr>\n<td>Ruote e piedi<\/td>\n<td>4 piedi<\/td>\n<\/tr>\n<\/tbody>\n<\/table>\n<h2 data-start=\"2311\" data-end=\"2329\"><strong>Dati elettrici<\/strong><\/h2>\n<div class=\"_tableContainer_1rjym_1\">\n<div class=\"group _tableWrapper_1rjym_13 flex w-fit flex-col-reverse\">\n<table>\n<thead>\n<tr>\n<th>Specifiche<\/th>\n<th>Valore<\/th>\n<\/tr>\n<\/thead>\n<tbody>\n<tr>\n<td>Tensione<\/td>\n<td>220 V<\/td>\n<\/tr>\n<tr>\n<td>Frequenza<\/td>\n<td>50 Hz<\/td>\n<\/tr>\n<tr>\n<td>Refrigerante<\/td>\n<td>R600A<\/td>\n<\/tr>\n<tr>\n<td>Assorbimento di potenza<\/td>\n<td>118 W<\/td>\n<\/tr>\n<tr>\n<td>Consumo di energia (24 ore)<\/td>\n<td>0,425 kWh<\/td>\n<\/tr>\n<tr>\n<td>Peso netto\/lordo<\/td>\n<td>98 \/ 116 kg<\/td>\n<\/tr>\n<\/tbody>\n<\/table>\n<\/div>\n<\/div>\n<\/div>\n<\/div>\n<\/div>\n<\/div>\n<\/div>\n<\/div>","protected":false},"excerpt":{"rendered":"<p>The CV 180 BEV is a ventilated beverage cooler with a modern full glass frameless door, electronic thermostat, and optional wooden shelves. Designed for bars, restaurants, convenience stores, and caf\u00e9s, it provides precise temperature control and efficient storage for bottles and cans. Capacity Model 75 cl Bottles 33 cl Bottles 33 cl Cans Notes CV [&hellip;]<\/p>\n","protected":false},"featured_media":8983,"comment_status":"open","ping_status":"closed","template":"","meta":[],"product_brand":[],"product_cat":[49],"product_tag":[],"class_list":{"0":"post-8978","1":"product","2":"type-product","3":"status-publish","4":"has-post-thumbnail","6":"product_cat-wine-fridges","8":"first","9":"instock","10":"shipping-taxable","11":"product-type-simple"},"_links":{"self":[{"href":"https:\/\/dersuessestopp.com\/it\/wp-json\/wp\/v2\/product\/8978","targetHints":{"allow":["GET"]}}],"collection":[{"href":"https:\/\/dersuessestopp.com\/it\/wp-json\/wp\/v2\/product"}],"about":[{"href":"https:\/\/dersuessestopp.com\/it\/wp-json\/wp\/v2\/types\/product"}],"replies":[{"embeddable":true,"href":"https:\/\/dersuessestopp.com\/it\/wp-json\/wp\/v2\/comments?post=8978"}],"version-history":[{"count":3,"href":"https:\/\/dersuessestopp.com\/it\/wp-json\/wp\/v2\/product\/8978\/revisions"}],"predecessor-version":[{"id":11516,"href":"https:\/\/dersuessestopp.com\/it\/wp-json\/wp\/v2\/product\/8978\/revisions\/11516"}],"wp:featuredmedia":[{"embeddable":true,"href":"https:\/\/dersuessestopp.com\/it\/wp-json\/wp\/v2\/media\/8983"}],"wp:attachment":[{"href":"https:\/\/dersuessestopp.com\/it\/wp-json\/wp\/v2\/media?parent=8978"}],"wp:term":[{"taxonomy":"product_brand","embeddable":true,"href":"https:\/\/dersuessestopp.com\/it\/wp-json\/wp\/v2\/product_brand?post=8978"},{"taxonomy":"product_cat","embeddable":true,"href":"https:\/\/dersuessestopp.com\/it\/wp-json\/wp\/v2\/product_cat?post=8978"},{"taxonomy":"product_tag","embeddable":true,"href":"https:\/\/dersuessestopp.com\/it\/wp-json\/wp\/v2\/product_tag?post=8978"}],"curies":[{"name":"wp","href":"https:\/\/api.w.org\/{rel}","templated":true}]}}