{"id":7444,"date":"2025-09-01T08:05:00","date_gmt":"2025-09-01T08:05:00","guid":{"rendered":"https:\/\/dersuessestopp.com\/?post_type=product&#038;p=7444"},"modified":"2025-09-24T21:58:39","modified_gmt":"2025-09-24T21:58:39","slug":"6690-c","status":"publish","type":"product","link":"https:\/\/dersuessestopp.com\/it\/product\/6690-c\/","title":{"rendered":"6690-C"},"content":{"rendered":"<p data-start=\"172\" data-end=\"397\">Il <strong data-start=\"176\" data-end=\"195\">Spaceman 6690-C<\/strong> \u00e8 un <strong data-start=\"201\" data-end=\"268\">congelatore da banco per bevande surgelate ad alta capacit\u00e0 e monogusto<\/strong>, \u00e8 perfetto per bar, ristoranti e spazi per eventi che desiderano servire grandi folle con bevande ghiacciate, frullati e frapp\u00e9.<\/p>\n<p data-start=\"399\" data-end=\"736\">Questo modello \u00e8 dotato di un <strong data-start=\"421\" data-end=\"452\">sportello di erogazione trasparente<\/strong> per la visibilit\u00e0 del prodotto, un <strong data-start=\"479\" data-end=\"501\">sistema di congelamento rapido<\/strong> per una rapida preparazione e <strong data-start=\"529\" data-end=\"549\">agitatori a tramoggia<\/strong> per mantenere la consistenza del prodotto. Include comandi intuitivi per facilitare il funzionamento e la regolazione della viscosit\u00e0, oltre a funzioni di sicurezza come il sovraccarico termico e la protezione dalle alte pressioni.<\/p>\n<p data-start=\"738\" data-end=\"883\">I componenti aggiuntivi opzionali, come ad esempio un <strong data-start=\"765\" data-end=\"776\">filatrice<\/strong> per le bevande miscelate e un <strong data-start=\"802\" data-end=\"815\">scatola luminosa<\/strong> per la pubblicit\u00e0 e gli avvisi aumentano la flessibilit\u00e0 e la produttivit\u00e0.<\/p>\n<h2 data-start=\"890\" data-end=\"907\">Caratteristiche principali<\/h2>\n<ul data-start=\"909\" data-end=\"1531\">\n<li data-start=\"909\" data-end=\"982\">\n<p data-start=\"911\" data-end=\"982\"><strong data-start=\"911\" data-end=\"942\">Sportello di erogazione trasparente<\/strong> migliora l'attrattiva del prodotto e il marketing<\/p>\n<\/li>\n<li data-start=\"983\" data-end=\"1052\">\n<p data-start=\"985\" data-end=\"1052\"><strong data-start=\"985\" data-end=\"1005\">Rapido congelamento<\/strong> con scambiatore di calore brevettato ad alta efficienza<\/p>\n<\/li>\n<li data-start=\"1053\" data-end=\"1123\">\n<p data-start=\"1055\" data-end=\"1123\"><strong data-start=\"1055\" data-end=\"1093\">Tramoggia refrigerata con agitatori<\/strong> impedisce la separazione del prodotto<\/p>\n<\/li>\n<li data-start=\"1124\" data-end=\"1187\">\n<p data-start=\"1126\" data-end=\"1187\"><strong data-start=\"1126\" data-end=\"1153\">Spia di bassa miscela<\/strong> Avverte l'operatore quando la miscela \u00e8 in esaurimento<\/p>\n<\/li>\n<li data-start=\"1188\" data-end=\"1248\">\n<p data-start=\"1190\" data-end=\"1248\"><strong data-start=\"1190\" data-end=\"1206\">Modalit\u00e0 standby<\/strong> mantiene la temperatura del prodotto durante la notte<\/p>\n<\/li>\n<li data-start=\"1249\" data-end=\"1304\">\n<p data-start=\"1251\" data-end=\"1304\"><strong data-start=\"1251\" data-end=\"1284\">Valvola di erogazione a chiusura automatica<\/strong> impedisce il traboccamento<\/p>\n<\/li>\n<li data-start=\"1305\" data-end=\"1382\">\n<p data-start=\"1307\" data-end=\"1382\"><strong data-start=\"1307\" data-end=\"1338\">Protezioni di sicurezza integrate<\/strong> (pressostato di alta pressione e sovraccarico termico)<\/p>\n<\/li>\n<li data-start=\"1383\" data-end=\"1449\">\n<p data-start=\"1385\" data-end=\"1449\"><strong data-start=\"1385\" data-end=\"1405\">Filatoio opzionale<\/strong> per frullare frullati e bevande ghiacciate<\/p>\n<\/li>\n<li data-start=\"1450\" data-end=\"1531\">\n<p data-start=\"1452\" data-end=\"1531\"><strong data-start=\"1452\" data-end=\"1474\">Scatola luminosa opzionale<\/strong> illumina le schede dei sapori e indica un basso livello di miscelazione\/standby<\/p>\n<\/li>\n<\/ul>\n<h2 data-start=\"1538\" data-end=\"1557\">Specifiche tecniche<\/h2>\n<table>\n<thead>\n<tr>\n<th><strong>Modello<\/strong><\/th>\n<th>Spaceman 6690-C<\/th>\n<\/tr>\n<\/thead>\n<tbody>\n<tr>\n<td><strong>I sapori<\/strong><\/td>\n<td>1 (Gusto singolo)<\/td>\n<\/tr>\n<tr>\n<td><strong>Cilindro di congelamento<\/strong><\/td>\n<td>1 \u00d7 6,9 L (7,3 qt)<\/td>\n<\/tr>\n<tr>\n<td><strong>Tramoggia di miscelazione<\/strong><\/td>\n<td>1 \u00d7 20 L (21,2 qt)<\/td>\n<\/tr>\n<tr>\n<td><strong>Capacit\u00e0 di uscita<\/strong><\/td>\n<td>~240 porzioni\/ora (250 ml ciascuna)<\/td>\n<\/tr>\n<tr>\n<td><strong>Sistema di controllo<\/strong><\/td>\n<td>Meccanico<\/td>\n<\/tr>\n<tr>\n<td><strong>Valvola di erogazione<\/strong><\/td>\n<td>Chiusura automatica<\/td>\n<\/tr>\n<tr>\n<td><strong>Agitatore a tramoggia<\/strong><\/td>\n<td>S\u00ec<\/td>\n<\/tr>\n<tr>\n<td><strong>Funzione Standby<\/strong><\/td>\n<td>S\u00ec (mantenere la miscela al di sotto di 4,4\u00b0C)<\/td>\n<\/tr>\n<tr>\n<td><strong>Caratteristiche di sicurezza<\/strong><\/td>\n<td>Interruttore ad alta pressione, protezione da sovraccarico termico<\/td>\n<\/tr>\n<\/tbody>\n<\/table>\n<h2 data-start=\"2054\" data-end=\"2069\">Elettrico<\/h2>\n<div class=\"_tableContainer_1rjym_1\">\n<div class=\"_tableWrapper_1rjym_13 group flex w-fit flex-col-reverse\">\n<table>\n<thead>\n<tr>\n<th><strong>Tensione<\/strong><\/th>\n<th><strong>Potenza (kW)<\/strong><\/th>\n<th><strong>Ampere totale (A)<\/strong><\/th>\n<th><strong>Fusibile (A)<\/strong><\/th>\n<\/tr>\n<\/thead>\n<tbody>\n<tr>\n<td>220-240V \/ 50Hz \/ 1Ph<\/td>\n<td>2.4<\/td>\n<td>12<\/td>\n<td>20<\/td>\n<\/tr>\n<tr>\n<td>208-230V \/ 60Hz \/ 1Ph<\/td>\n<td>2.6<\/td>\n<td>13<\/td>\n<td>20<\/td>\n<\/tr>\n<\/tbody>\n<\/table>\n<h2 data-start=\"2300\" data-end=\"2324\">Dimensioni e peso<\/h2>\n<div class=\"_tableContainer_1rjym_1\">\n<div class=\"_tableWrapper_1rjym_13 group flex w-fit flex-col-reverse\">\n<table>\n<thead>\n<tr>\n<th><strong>Misurazione<\/strong><\/th>\n<th><strong>Netto (mm \/ in)<\/strong><\/th>\n<th><strong>Spedizione (mm \/ in)<\/strong><\/th>\n<\/tr>\n<\/thead>\n<tbody>\n<tr>\n<td>Larghezza<\/td>\n<td>454 mm \/ 17,9 pollici<\/td>\n<td>520 mm \/ 20,5 pollici<\/td>\n<\/tr>\n<tr>\n<td>Profondit\u00e0<\/td>\n<td>657 mm \/ 25,9 pollici<\/td>\n<td>860 mm \/ 33,9 pollici<\/td>\n<\/tr>\n<tr>\n<td>Altezza<\/td>\n<td>862 mm \/ 33,9 pollici<\/td>\n<td>980 mm \/ 38,6 pollici<\/td>\n<\/tr>\n<\/tbody>\n<\/table>\n<\/div>\n<\/div>\n<\/div>\n<\/div>","protected":false},"excerpt":{"rendered":"<p>The Spaceman 6690-C is a high-capacity, single-flavor countertop frozen beverage freezer, perfect for caf\u00e9s, restaurants, and event spaces looking to serve large crowds with frozen drinks, smoothies, and milkshakes. This model features a see-through dispensing door for product visibility, a fast freeze system for quick preparation, and hopper agitators to maintain product consistency. It includes [&hellip;]<\/p>\n","protected":false},"featured_media":7445,"comment_status":"open","ping_status":"closed","template":"","meta":[],"product_brand":[],"product_cat":[66,67,55],"product_tag":[],"class_list":{"0":"post-7444","1":"product","2":"type-product","3":"status-publish","4":"has-post-thumbnail","6":"product_cat-milkshake-maschines","7":"product_cat-professional-frozen-drink-maschines","8":"product_cat-frozen-drinks-machines","10":"first","11":"instock","12":"shipping-taxable","13":"product-type-simple"},"_links":{"self":[{"href":"https:\/\/dersuessestopp.com\/it\/wp-json\/wp\/v2\/product\/7444","targetHints":{"allow":["GET"]}}],"collection":[{"href":"https:\/\/dersuessestopp.com\/it\/wp-json\/wp\/v2\/product"}],"about":[{"href":"https:\/\/dersuessestopp.com\/it\/wp-json\/wp\/v2\/types\/product"}],"replies":[{"embeddable":true,"href":"https:\/\/dersuessestopp.com\/it\/wp-json\/wp\/v2\/comments?post=7444"}],"version-history":[{"count":3,"href":"https:\/\/dersuessestopp.com\/it\/wp-json\/wp\/v2\/product\/7444\/revisions"}],"predecessor-version":[{"id":7454,"href":"https:\/\/dersuessestopp.com\/it\/wp-json\/wp\/v2\/product\/7444\/revisions\/7454"}],"wp:featuredmedia":[{"embeddable":true,"href":"https:\/\/dersuessestopp.com\/it\/wp-json\/wp\/v2\/media\/7445"}],"wp:attachment":[{"href":"https:\/\/dersuessestopp.com\/it\/wp-json\/wp\/v2\/media?parent=7444"}],"wp:term":[{"taxonomy":"product_brand","embeddable":true,"href":"https:\/\/dersuessestopp.com\/it\/wp-json\/wp\/v2\/product_brand?post=7444"},{"taxonomy":"product_cat","embeddable":true,"href":"https:\/\/dersuessestopp.com\/it\/wp-json\/wp\/v2\/product_cat?post=7444"},{"taxonomy":"product_tag","embeddable":true,"href":"https:\/\/dersuessestopp.com\/it\/wp-json\/wp\/v2\/product_tag?post=7444"}],"curies":[{"name":"wp","href":"https:\/\/api.w.org\/{rel}","templated":true}]}}