{"id":7365,"date":"2025-09-01T07:17:30","date_gmt":"2025-09-01T07:17:30","guid":{"rendered":"https:\/\/dersuessestopp.com\/?post_type=product&#038;p=7365"},"modified":"2025-09-24T22:11:43","modified_gmt":"2025-09-24T22:11:43","slug":"spray-al-cioccolato","status":"publish","type":"product","link":"https:\/\/dersuessestopp.com\/it\/product\/chocohot-spray\/","title":{"rendered":"Spray al cioccolato"},"content":{"rendered":"<p data-start=\"262\" data-end=\"586\">Il <strong data-start=\"266\" data-end=\"284\">Spray al cioccolato<\/strong> \u00e8 una macchina professionale progettata per creare con facilit\u00e0 eleganti decorazioni di cioccolato e burro di cacao. Polverizzando il cioccolato o il burro di cacao, eventualmente mescolato con coloranti alimentari, permette a cioccolatieri e pasticceri di applicare colori e texture vivaci a praline, torte, uova di Pasqua e altro ancora.<\/p>\n<p data-start=\"588\" data-end=\"1018\">Questo modello compatto include un <strong data-start=\"618\" data-end=\"636\">camera riscaldata<\/strong> che mantiene il prodotto alla corretta temperatura di lavoro, assicurando il corretto temperaggio per le applicazioni del cioccolato e del burro di cacao. Il <strong data-start=\"775\" data-end=\"794\">sistema ad aerografo<\/strong> con manopole regolabili, offre il pieno controllo della dimensione delle particelle, della copertura e degli effetti di spruzzatura. La finitura pi\u00f9 popolare, la <strong data-start=\"917\" data-end=\"934\">effetto velluto<\/strong>, Il suo effetto \u00e8 quello di rendere i dessert visivamente straordinari, anche se l'unico limite \u00e8 la vostra creativit\u00e0.<\/p>\n<h2 data-start=\"1025\" data-end=\"1046\">Caratteristiche del prodotto<\/h2>\n<ul data-start=\"1047\" data-end=\"1326\">\n<li data-start=\"1047\" data-end=\"1107\">\n<p data-start=\"1049\" data-end=\"1107\">Sistema professionale di spruzzatura ad aerografo con contenitore da 1 litro.<\/p>\n<\/li>\n<li data-start=\"1108\" data-end=\"1171\">\n<p data-start=\"1110\" data-end=\"1171\">Camera riscaldata per mantenere temperati il cioccolato e il burro di cacao.<\/p>\n<\/li>\n<li data-start=\"1172\" data-end=\"1234\">\n<p data-start=\"1174\" data-end=\"1234\">Impostazioni di spruzzo regolabili per molteplici effetti decorativi.<\/p>\n<\/li>\n<li data-start=\"1235\" data-end=\"1287\">\n<p data-start=\"1237\" data-end=\"1287\">Corpo in acciaio inox per una maggiore durata e igiene.<\/p>\n<\/li>\n<li data-start=\"1288\" data-end=\"1326\">\n<p data-start=\"1290\" data-end=\"1326\">Ideale per finiture effetto velluto.<\/p>\n<\/li>\n<\/ul>\n<h2 data-start=\"1333\" data-end=\"1362\">Specifiche tecniche<\/h2>\n<div class=\"_tableContainer_1rjym_1\">\n<div class=\"_tableWrapper_1rjym_13 group flex w-fit flex-col-reverse\">\n<table>\n<thead>\n<tr>\n<th><strong>Categoria<\/strong><\/th>\n<th><strong>Dettagli<\/strong><\/th>\n<\/tr>\n<\/thead>\n<tbody>\n<tr>\n<td><strong>Dimensioni e peso<\/strong><\/td>\n<td>Lunghezza: 24 cm Larghezza: 22 cm Altezza: 45 cm Peso: 12 kg Materiale: Acciaio inox<\/td>\n<\/tr>\n<tr>\n<td><strong>Consumo<\/strong><\/td>\n<td>0,5 kW 220 V, 50\/60 Hz<\/td>\n<\/tr>\n<tr>\n<td><strong>Strumentazione e sistema elettrico<\/strong><\/td>\n<td>Display digitale della temperatura 1x Regolatore di pressione 1x Manometro 2x Raccordi per il collegamento al compressore<\/td>\n<\/tr>\n<tr>\n<td><strong>Caratteristiche dell'aerografo<\/strong><\/td>\n<td>Dimensioni: 20 \u00d7 11 \u00d7 26 cm Capacit\u00e0 contenitore: 1 litro 3x Manopole di controllo: aspirazione aria, quantit\u00e0 prodotto, scarico aria Ugello regolabile da 1,9 mm<\/td>\n<\/tr>\n<tr>\n<td><strong>Sistema di riscaldamento<\/strong><\/td>\n<td>1x Camera riscaldata con slot per aerografo 1x Resistenza di riscaldamento 1x Ventola per la ventilazione dell'aria calda<\/td>\n<\/tr>\n<\/tbody>\n<\/table>\n<\/div>\n<\/div>","protected":false},"excerpt":{"rendered":"<h3 data-start=\"1213\" data-end=\"1290\"><strong data-start=\"1217\" data-end=\"1288\">Chocohot Spray - Macchina per spruzzare cioccolato e burro di cacao<\/strong><\/h3>\n<p data-start=\"1292\" data-end=\"1545\"><em data-start=\"1292\" data-end=\"1543\">Macchina a spruzzo monoserbatoio per cioccolato e burro di cacao. Perfetta per applicare una copertura liscia e decorativa su torte, pasticcini, praline o semifreddi. Veloce, precisa e igienica: uno strumento essenziale per cioccolatieri e pasticceri professionisti.<\/em><\/p>","protected":false},"featured_media":7366,"comment_status":"open","ping_status":"closed","template":"","meta":[],"product_brand":[],"product_cat":[52],"product_tag":[],"class_list":{"0":"post-7365","1":"product","2":"type-product","3":"status-publish","4":"has-post-thumbnail","6":"product_cat-chocolate-equipment","8":"first","9":"instock","10":"shipping-taxable","11":"product-type-simple"},"_links":{"self":[{"href":"https:\/\/dersuessestopp.com\/it\/wp-json\/wp\/v2\/product\/7365","targetHints":{"allow":["GET"]}}],"collection":[{"href":"https:\/\/dersuessestopp.com\/it\/wp-json\/wp\/v2\/product"}],"about":[{"href":"https:\/\/dersuessestopp.com\/it\/wp-json\/wp\/v2\/types\/product"}],"replies":[{"embeddable":true,"href":"https:\/\/dersuessestopp.com\/it\/wp-json\/wp\/v2\/comments?post=7365"}],"version-history":[{"count":3,"href":"https:\/\/dersuessestopp.com\/it\/wp-json\/wp\/v2\/product\/7365\/revisions"}],"predecessor-version":[{"id":9302,"href":"https:\/\/dersuessestopp.com\/it\/wp-json\/wp\/v2\/product\/7365\/revisions\/9302"}],"wp:featuredmedia":[{"embeddable":true,"href":"https:\/\/dersuessestopp.com\/it\/wp-json\/wp\/v2\/media\/7366"}],"wp:attachment":[{"href":"https:\/\/dersuessestopp.com\/it\/wp-json\/wp\/v2\/media?parent=7365"}],"wp:term":[{"taxonomy":"product_brand","embeddable":true,"href":"https:\/\/dersuessestopp.com\/it\/wp-json\/wp\/v2\/product_brand?post=7365"},{"taxonomy":"product_cat","embeddable":true,"href":"https:\/\/dersuessestopp.com\/it\/wp-json\/wp\/v2\/product_cat?post=7365"},{"taxonomy":"product_tag","embeddable":true,"href":"https:\/\/dersuessestopp.com\/it\/wp-json\/wp\/v2\/product_tag?post=7365"}],"curies":[{"name":"wp","href":"https:\/\/api.w.org\/{rel}","templated":true}]}}