{"id":7352,"date":"2025-09-01T07:13:03","date_gmt":"2025-09-01T07:13:03","guid":{"rendered":"https:\/\/dersuessestopp.com\/?post_type=product&#038;p=7352"},"modified":"2025-09-24T22:12:30","modified_gmt":"2025-09-24T22:12:30","slug":"spray-al-cioccolato-doppio","status":"publish","type":"product","link":"https:\/\/dersuessestopp.com\/it\/product\/chocohot-spray-double\/","title":{"rendered":"Chocohot Spray Doppio"},"content":{"rendered":"<p data-start=\"286\" data-end=\"624\">Il <strong data-start=\"290\" data-end=\"315\">Chocohot Spray Doppio<\/strong> \u00e8 una macchina a spruzzo professionale progettata per cioccolatieri, pasticceri e artigiani che desiderano elevare le loro creazioni con finiture decorative. Ideale per praline, torte, mousse e uova di Pasqua, questa macchina spruzza cioccolato o burro di cacao con precisione, offrendo infinite possibilit\u00e0 creative.<\/p>\n<p data-start=\"626\" data-end=\"1028\">Dotato di <strong data-start=\"640\" data-end=\"663\">due camere riscaldate<\/strong> e <strong data-start=\"668\" data-end=\"699\">due aerografi professionali<\/strong>, Il Chocohot Spray Double consente di spruzzare contemporaneamente due prodotti diversi, come il burro di cacao colorato o il cioccolato, mantenendoli alla temperatura di lavoro ideale. Regolando le manopole dell'aerografo, \u00e8 possibile controllare lo spessore e lo stile dello spruzzo, da sottili texture vellutate a strati decorativi pi\u00f9 spessi.<\/p>\n<p data-start=\"1030\" data-end=\"1179\">Questa doppia funzionalit\u00e0 lo rende uno strumento essenziale per le cucine professionali e le cioccolaterie, combinando versatilit\u00e0, durata e facilit\u00e0 d'uso.<\/p>\n<h3 data-start=\"1186\" data-end=\"1208\">Caratteristiche del prodotto<\/h3>\n<ul data-start=\"1209\" data-end=\"1640\">\n<li data-start=\"1209\" data-end=\"1299\">\n<p data-start=\"1211\" data-end=\"1299\">Doppie camere riscaldate per mantenere il cioccolato o il burro di cacao alla temperatura perfetta.<\/p>\n<\/li>\n<li data-start=\"1300\" data-end=\"1407\">\n<p data-start=\"1302\" data-end=\"1407\">Due aerografi professionali con <strong data-start=\"1335\" data-end=\"1357\">Capacit\u00e0 di 1 kg ciascuno<\/strong>, collegato a un compressore per una spruzzatura omogenea.<\/p>\n<\/li>\n<li data-start=\"1408\" data-end=\"1494\">\n<p data-start=\"1410\" data-end=\"1494\">Intensit\u00e0 di spruzzo regolabile per ottenere diversi effetti decorativi (ad esempio, finitura vellutata).<\/p>\n<\/li>\n<li data-start=\"1495\" data-end=\"1570\">\n<p data-start=\"1497\" data-end=\"1570\">Struttura interamente in acciaio inox per una maggiore durata e facilit\u00e0 di pulizia.<\/p>\n<\/li>\n<li data-start=\"1571\" data-end=\"1640\">\n<p data-start=\"1573\" data-end=\"1640\">Controlli digitali e regolatori precisi per prestazioni accurate.<\/p>\n<\/li>\n<\/ul>\n<h3 data-start=\"1647\" data-end=\"1677\">Specifiche tecniche<\/h3>\n<table>\n<thead>\n<tr>\n<th>Specifiche<\/th>\n<th>Valore<\/th>\n<\/tr>\n<\/thead>\n<tbody>\n<tr>\n<td>Lunghezza della macchina<\/td>\n<td>24 cm<\/td>\n<\/tr>\n<tr>\n<td>Larghezza della macchina<\/td>\n<td>44 cm<\/td>\n<\/tr>\n<tr>\n<td>Altezza della macchina<\/td>\n<td>45 cm<\/td>\n<\/tr>\n<tr>\n<td>Peso della macchina<\/td>\n<td>26 kg<\/td>\n<\/tr>\n<tr>\n<td>Materiale del corpo<\/td>\n<td>Acciaio inox<\/td>\n<\/tr>\n<\/tbody>\n<\/table>\n<h4 data-start=\"1900\" data-end=\"1927\">Consumo elettrico<\/h4>\n<div class=\"_tableContainer_1rjym_1\">\n<div class=\"_tableWrapper_1rjym_13 group flex w-fit flex-col-reverse\">\n<table>\n<thead>\n<tr>\n<th>Specifiche<\/th>\n<th>Valore<\/th>\n<\/tr>\n<\/thead>\n<tbody>\n<tr>\n<td>Potenza<\/td>\n<td>1000 W<\/td>\n<\/tr>\n<tr>\n<td>Tensione<\/td>\n<td>230 V<\/td>\n<\/tr>\n<tr>\n<td>Frequenza<\/td>\n<td>50\/60 Hz<\/td>\n<\/tr>\n<\/tbody>\n<\/table>\n<h4 data-start=\"2045\" data-end=\"2075\">Controllo e strumentazione<\/h4>\n<div class=\"_tableContainer_1rjym_1\">\n<div class=\"_tableWrapper_1rjym_13 group flex w-fit flex-col-reverse\">\n<table>\n<thead>\n<tr>\n<th>Specifiche<\/th>\n<th>Valore<\/th>\n<\/tr>\n<\/thead>\n<tbody>\n<tr>\n<td>Display digitali<\/td>\n<td>2 (per il controllo della temperatura della camera)<\/td>\n<\/tr>\n<tr>\n<td>Regolatori di pressione<\/td>\n<td>2<\/td>\n<\/tr>\n<tr>\n<td>Manometri<\/td>\n<td>2<\/td>\n<\/tr>\n<tr>\n<td>Raccordi per aria<\/td>\n<td>4 (ingresso dal compressore e uscita verso gli aerografi)<\/td>\n<\/tr>\n<\/tbody>\n<\/table>\n<h4 data-start=\"2310\" data-end=\"2332\">Caratteristiche dell'aerografo<\/h4>\n<div class=\"_tableContainer_1rjym_1\">\n<div class=\"_tableWrapper_1rjym_13 group flex w-fit flex-col-reverse\">\n<table>\n<thead>\n<tr>\n<th>Specifiche<\/th>\n<th>Valore<\/th>\n<\/tr>\n<\/thead>\n<tbody>\n<tr>\n<td>Numero di aerografi<\/td>\n<td>2<\/td>\n<\/tr>\n<tr>\n<td>Dimensioni dell'aerografo<\/td>\n<td>20 \u00d7 11 \u00d7 26 cm<\/td>\n<\/tr>\n<tr>\n<td>Capacit\u00e0 del contenitore<\/td>\n<td>1 kg ciascuno<\/td>\n<\/tr>\n<tr>\n<td>Manopole<\/td>\n<td>Ingresso aria, flusso prodotto, scarico aria<\/td>\n<\/tr>\n<tr>\n<td>Dimensione dell'ugello<\/td>\n<td>1,9 mm, apertura regolabile<\/td>\n<\/tr>\n<\/tbody>\n<\/table>\n<h4 data-start=\"2586\" data-end=\"2605\">Sistema di riscaldamento<\/h4>\n<div class=\"_tableContainer_1rjym_1\">\n<div class=\"_tableWrapper_1rjym_13 group flex w-fit flex-col-reverse\">\n<table>\n<thead>\n<tr>\n<th>Specifiche<\/th>\n<th>Valore<\/th>\n<\/tr>\n<\/thead>\n<tbody>\n<tr>\n<td>Camere riscaldate<\/td>\n<td>2 (per la conservazione dell'aerografo)<\/td>\n<\/tr>\n<tr>\n<td>Elementi di riscaldamento<\/td>\n<td>2<\/td>\n<\/tr>\n<tr>\n<td>I fan<\/td>\n<td>2 (per la ventilazione dell'aria calda)<\/td>\n<\/tr>\n<\/tbody>\n<\/table>\n<\/div>\n<\/div>\n<\/div>\n<\/div>\n<\/div>\n<\/div>\n<\/div>\n<\/div>","protected":false},"excerpt":{"rendered":"<h3 data-start=\"809\" data-end=\"893\"><strong data-start=\"813\" data-end=\"891\">Chocohot Spray Double - Macchina per spruzzare cioccolato e burro di cacao<\/strong><\/h3>\n<p data-start=\"895\" data-end=\"1206\"><em data-start=\"895\" data-end=\"1204\">Spruzzatrice a doppio serbatoio per cioccolato e burro di cacao. Consente di caricare due prodotti diversi (ad esempio, fondente e bianco) e di passare all'istante. Crea una finitura uniforme e vellutata su torte, praline, semifreddi e dessert congelati. Corpo in acciaio inox, facile da pulire e progettato per un uso professionale intensivo.<\/em><\/p>","protected":false},"featured_media":7354,"comment_status":"open","ping_status":"closed","template":"","meta":[],"product_brand":[],"product_cat":[52],"product_tag":[],"class_list":{"0":"post-7352","1":"product","2":"type-product","3":"status-publish","4":"has-post-thumbnail","6":"product_cat-chocolate-equipment","8":"first","9":"instock","10":"shipping-taxable","11":"product-type-simple"},"_links":{"self":[{"href":"https:\/\/dersuessestopp.com\/it\/wp-json\/wp\/v2\/product\/7352","targetHints":{"allow":["GET"]}}],"collection":[{"href":"https:\/\/dersuessestopp.com\/it\/wp-json\/wp\/v2\/product"}],"about":[{"href":"https:\/\/dersuessestopp.com\/it\/wp-json\/wp\/v2\/types\/product"}],"replies":[{"embeddable":true,"href":"https:\/\/dersuessestopp.com\/it\/wp-json\/wp\/v2\/comments?post=7352"}],"version-history":[{"count":3,"href":"https:\/\/dersuessestopp.com\/it\/wp-json\/wp\/v2\/product\/7352\/revisions"}],"predecessor-version":[{"id":9303,"href":"https:\/\/dersuessestopp.com\/it\/wp-json\/wp\/v2\/product\/7352\/revisions\/9303"}],"wp:featuredmedia":[{"embeddable":true,"href":"https:\/\/dersuessestopp.com\/it\/wp-json\/wp\/v2\/media\/7354"}],"wp:attachment":[{"href":"https:\/\/dersuessestopp.com\/it\/wp-json\/wp\/v2\/media?parent=7352"}],"wp:term":[{"taxonomy":"product_brand","embeddable":true,"href":"https:\/\/dersuessestopp.com\/it\/wp-json\/wp\/v2\/product_brand?post=7352"},{"taxonomy":"product_cat","embeddable":true,"href":"https:\/\/dersuessestopp.com\/it\/wp-json\/wp\/v2\/product_cat?post=7352"},{"taxonomy":"product_tag","embeddable":true,"href":"https:\/\/dersuessestopp.com\/it\/wp-json\/wp\/v2\/product_tag?post=7352"}],"curies":[{"name":"wp","href":"https:\/\/api.w.org\/{rel}","templated":true}]}}