{"id":7326,"date":"2025-09-01T06:51:53","date_gmt":"2025-09-01T06:51:53","guid":{"rendered":"https:\/\/dersuessestopp.com\/?post_type=product&#038;p=7326"},"modified":"2025-10-08T23:16:23","modified_gmt":"2025-10-08T23:16:23","slug":"saladette-sf-901","status":"publish","type":"product","link":"https:\/\/dersuessestopp.com\/it\/product\/saladette-sf-901\/","title":{"rendered":"SALADETTE SF 901"},"content":{"rendered":"<p data-start=\"203\" data-end=\"549\"><img decoding=\"async\" src=\"https:\/\/customer.klimaitalia.it\/api\/file\/image\/6845\" \/><\/p>\n<p data-start=\"203\" data-end=\"549\">\n<p data-start=\"203\" data-end=\"549\">Il <strong data-start=\"207\" data-end=\"227\">Saladette SF 901<\/strong> e <strong data-start=\"232\" data-end=\"246\">SF 903 TOP<\/strong> sono banchi frigoriferi di alta qualit\u00e0 con ventilazione statica, progettati per soddisfare le esigenze di cucine professionali, servizi di catering e ristoranti. Costruiti con un <strong data-start=\"408\" data-end=\"465\">corpo e rivestimento interno in acciaio inox AISI 304 di lunga durata<\/strong>, Queste unit\u00e0 garantiscono massima igiene, facilit\u00e0 di pulizia e prestazioni durature.<\/p>\n<p data-start=\"551\" data-end=\"861\">Dotato di un <strong data-start=\"568\" data-end=\"593\">termostato elettronico<\/strong>, le insalate mantengono un preciso intervallo di temperatura tra <strong data-start=\"655\" data-end=\"674\">+2 \u00b0C e +8 \u00b0C<\/strong>, e sono quindi ideali per la conservazione di ingredienti freschi. Il loro <strong data-start=\"734\" data-end=\"762\">sistema di sbrinamento automatico<\/strong> assicura un funzionamento senza problemi, mentre il <strong data-start=\"804\" data-end=\"823\">scaffali scorrevoli<\/strong> forniscono soluzioni di archiviazione flessibili.<\/p>\n<p data-start=\"863\" data-end=\"1164\">Per una maggiore comodit\u00e0, le unit\u00e0 possono essere dotate di <strong data-start=\"917\" data-end=\"951\">Telecomando WiFi Smart Link<\/strong> (opzionale), che consente il monitoraggio e la gestione digitale. Il design \u00e8 caratterizzato da piedini regolabili per la stabilit\u00e0 e da un funzionamento a bassa rumorosit\u00e0 ad appena <strong data-start=\"1090\" data-end=\"1099\">42 dB<\/strong>, che li rende efficienti e facili da usare negli ambienti pi\u00f9 affollati.<\/p>\n<h3 data-start=\"1171\" data-end=\"1187\">Dimensioni<\/h3>\n<div class=\"_tableContainer_1rjym_1\">\n<div class=\"_tableWrapper_1rjym_13 group flex w-fit flex-col-reverse\">\n<table>\n<thead>\n<tr>\n<th>Modello<\/th>\n<th>Dimensioni esterne (LxPxH)<\/th>\n<th>Dimensioni dell'imballaggio (LxPxH)<\/th>\n<th>Larghezza (A)<\/th>\n<th>Profondit\u00e0 (B)<\/th>\n<th>Altezza (C)<\/th>\n<\/tr>\n<\/thead>\n<tbody>\n<tr>\n<td>SF 901<\/td>\n<td>900 x 700 x 870 mm*<\/td>\n<td>978 x 760 x 1060 mm<\/td>\n<td>830 mm<\/td>\n<td>595 mm<\/td>\n<td>456 mm<\/td>\n<\/tr>\n<tr>\n<td>SF 903 TOP<\/td>\n<td>1368 x 700 x 870 mm*<\/td>\n<td>1390 x 730 x 1054 mm<\/td>\n<td>1295 mm<\/td>\n<td>595 mm<\/td>\n<td>456 mm<\/td>\n<\/tr>\n<\/tbody>\n<\/table>\n<h3 data-start=\"1720\" data-end=\"1744\">Caratteristiche tecniche<\/h3>\n<div class=\"_tableContainer_1rjym_1\">\n<div class=\"_tableWrapper_1rjym_13 group flex w-fit flex-col-reverse\">\n<table>\n<thead>\n<tr>\n<th>Caratteristica<\/th>\n<th>SF 901<\/th>\n<th>SF 903 TOP<\/th>\n<\/tr>\n<\/thead>\n<tbody>\n<tr>\n<td>Intervallo di temperatura<\/td>\n<td>+2 \u00b0C \/ +8 \u00b0C<\/td>\n<td>+2 \u00b0C \/ +8 \u00b0C<\/td>\n<\/tr>\n<tr>\n<td>Classe climatica<\/td>\n<td>4<\/td>\n<td>4<\/td>\n<\/tr>\n<tr>\n<td>Volume netto\/lordo<\/td>\n<td>160 \/ 257 Lt.<\/td>\n<td>251 \/ 400 Lt.<\/td>\n<\/tr>\n<tr>\n<td>Materiale del corpo<\/td>\n<td>Acciaio inox AISI 304<\/td>\n<td>Acciaio inox AISI 304<\/td>\n<\/tr>\n<tr>\n<td>Materiale della fodera interna<\/td>\n<td>Acciaio inox AISI 304<\/td>\n<td>Acciaio inox AISI 304<\/td>\n<\/tr>\n<tr>\n<td>Termostato<\/td>\n<td>Elettronica<\/td>\n<td>Elettronica<\/td>\n<\/tr>\n<tr>\n<td>Livello di rumore<\/td>\n<td>42 dB<\/td>\n<td>42 dB<\/td>\n<\/tr>\n<tr>\n<td>Smart Link WiFi<\/td>\n<td>Opzionale<\/td>\n<td>Opzionale<\/td>\n<\/tr>\n<tr>\n<td>Spessore dell'isolamento<\/td>\n<td>35 mm<\/td>\n<td>35 mm<\/td>\n<\/tr>\n<tr>\n<td>Sbrinamento<\/td>\n<td>Ciclo automatico del compressore<\/td>\n<td>Ciclo automatico del compressore<\/td>\n<\/tr>\n<tr>\n<td>Ripiani (LxP)<\/td>\n<td>2 - 335 x 530 mm<\/td>\n<td>3 - 335 x 530 mm<\/td>\n<\/tr>\n<tr>\n<td>Ruote \/ Piedi<\/td>\n<td>4 piedi - h 25\/33 mm<\/td>\n<td>4 piedi - h 25\/33 mm<\/td>\n<\/tr>\n<tr>\n<td>Cestini<\/td>\n<td>Non disponibile<\/td>\n<td>Non disponibile<\/td>\n<\/tr>\n<tr>\n<td>Peso netto\/lordo<\/td>\n<td>72 \/ 83 Kg<\/td>\n<td>110 \/ 130 Kg<\/td>\n<\/tr>\n<tr>\n<td>Tensione<\/td>\n<td>220-240 V<\/td>\n<td>220-240 V<\/td>\n<\/tr>\n<tr>\n<td>Frequenza<\/td>\n<td>50 Hz<\/td>\n<td>50 Hz<\/td>\n<\/tr>\n<tr>\n<td>Refrigerante<\/td>\n<td>R600A<\/td>\n<td>R600A<\/td>\n<\/tr>\n<tr>\n<td>Consumo di energia<\/td>\n<td>155 W<\/td>\n<td>235 W<\/td>\n<\/tr>\n<tr>\n<td>Consumo di energia (24 ore)<\/td>\n<td>2,38 kWh<\/td>\n<td>2,96 kWh<\/td>\n<\/tr>\n<\/tbody>\n<\/table>\n<\/div>\n<\/div>\n<\/div>\n<\/div>","protected":false},"excerpt":{"rendered":"<p>The Saladette SF 901 and SF 903 TOP are high-quality static-fan assisted refrigerated benches, designed to meet the needs of professional kitchens, catering services, and restaurants. Built with a durable AISI 304 stainless steel body and inner liner, these units ensure maximum hygiene, easy cleaning, and long-lasting performance. Equipped with an electronic thermostat, the saladettes [&hellip;]<\/p>\n","protected":false},"featured_media":7328,"comment_status":"open","ping_status":"closed","template":"","meta":[],"product_brand":[],"product_cat":[51],"product_tag":[],"class_list":{"0":"post-7326","1":"product","2":"type-product","3":"status-publish","4":"has-post-thumbnail","6":"product_cat-kitchen-catering-cooling","8":"first","9":"instock","10":"shipping-taxable","11":"product-type-simple"},"_links":{"self":[{"href":"https:\/\/dersuessestopp.com\/it\/wp-json\/wp\/v2\/product\/7326","targetHints":{"allow":["GET"]}}],"collection":[{"href":"https:\/\/dersuessestopp.com\/it\/wp-json\/wp\/v2\/product"}],"about":[{"href":"https:\/\/dersuessestopp.com\/it\/wp-json\/wp\/v2\/types\/product"}],"replies":[{"embeddable":true,"href":"https:\/\/dersuessestopp.com\/it\/wp-json\/wp\/v2\/comments?post=7326"}],"version-history":[{"count":3,"href":"https:\/\/dersuessestopp.com\/it\/wp-json\/wp\/v2\/product\/7326\/revisions"}],"predecessor-version":[{"id":11944,"href":"https:\/\/dersuessestopp.com\/it\/wp-json\/wp\/v2\/product\/7326\/revisions\/11944"}],"wp:featuredmedia":[{"embeddable":true,"href":"https:\/\/dersuessestopp.com\/it\/wp-json\/wp\/v2\/media\/7328"}],"wp:attachment":[{"href":"https:\/\/dersuessestopp.com\/it\/wp-json\/wp\/v2\/media?parent=7326"}],"wp:term":[{"taxonomy":"product_brand","embeddable":true,"href":"https:\/\/dersuessestopp.com\/it\/wp-json\/wp\/v2\/product_brand?post=7326"},{"taxonomy":"product_cat","embeddable":true,"href":"https:\/\/dersuessestopp.com\/it\/wp-json\/wp\/v2\/product_cat?post=7326"},{"taxonomy":"product_tag","embeddable":true,"href":"https:\/\/dersuessestopp.com\/it\/wp-json\/wp\/v2\/product_tag?post=7326"}],"curies":[{"name":"wp","href":"https:\/\/api.w.org\/{rel}","templated":true}]}}