{"id":7321,"date":"2025-09-01T06:48:59","date_gmt":"2025-09-01T06:48:59","guid":{"rendered":"https:\/\/dersuessestopp.com\/?post_type=product&#038;p=7321"},"modified":"2025-10-08T23:15:23","modified_gmt":"2025-10-08T23:15:23","slug":"saladette-sf-903-pz","status":"publish","type":"product","link":"https:\/\/dersuessestopp.com\/it\/product\/saladette-sf-903-pz\/","title":{"rendered":"SALADETTE SF 903 PZ"},"content":{"rendered":"<p data-start=\"219\" data-end=\"635\"><img decoding=\"async\" src=\"https:\/\/customer.klimaitalia.it\/api\/file\/image\/6839\" \/><\/p>\n<p data-start=\"219\" data-end=\"635\">Il <strong data-start=\"223\" data-end=\"246\">SALADETTE SF 903 PZ<\/strong> \u00e8 un banco pizza refrigerato professionale progettato per ambienti di ristorazione ad alte prestazioni. Costruito interamente in <strong data-start=\"361\" data-end=\"389\">Acciaio inox AISI 304<\/strong>, sia all'interno che all'esterno, garantisce igiene, durata e resistenza alla corrosione. Dotato di un <strong data-start=\"493\" data-end=\"512\">piano di lavoro in granito<\/strong>, Questa unit\u00e0 offre una superficie ideale per la preparazione della pizza, mantenendo gli ingredienti freschi all'interno della base refrigerata.<\/p>\n<p data-start=\"637\" data-end=\"988\">Grazie alla sua <strong data-start=\"651\" data-end=\"689\">Sistema di raffreddamento statico assistito da ventola<\/strong>, struttura rinforzata e opzionale <strong data-start=\"726\" data-end=\"760\">Telecomando WiFi Smart Link<\/strong>, La serie SALADETTE garantisce efficienza e affidabilit\u00e0. Il modello \u00e8 dotato di <strong data-start=\"843\" data-end=\"881\">sbrinamento automatico a ciclo di compressore<\/strong>, La sua struttura \u00e8 dotata di un'ampia gamma di accessori, porte a chiusura ammortizzata e piedini regolabili per garantire la stabilit\u00e0, che la rendono un must per le pizzerie professionali.<\/p>\n<h2 data-start=\"1462\" data-end=\"1483\"><strong data-start=\"1465\" data-end=\"1483\">Panoramica del modello<\/strong><\/h2>\n<div class=\"_tableContainer_1rjym_1\">\n<div class=\"_tableWrapper_1rjym_13 group flex w-fit flex-col-reverse\">\n<table>\n<thead>\n<tr>\n<th>Modello<\/th>\n<th>Descrizione<\/th>\n<th>Raffreddamento<\/th>\n<th>Temperatura. Intervallo<\/th>\n<th>Piano di lavoro<\/th>\n<\/tr>\n<\/thead>\n<tbody>\n<tr>\n<td><strong>SF 903 PZ<\/strong><\/td>\n<td>Banco pizza con ventola statica<\/td>\n<td>Statico<\/td>\n<td>+2 \u00b0C \/ +8 \u00b0C<\/td>\n<td>Granito<\/td>\n<\/tr>\n<tr>\n<td><strong>PZF 02 C<\/strong><\/td>\n<td>Banco pizza ventilato con cassetti<\/td>\n<td>Ventilato<\/td>\n<td>+2 \u00b0C \/ +8 \u00b0C<\/td>\n<td>Granito<\/td>\n<\/tr>\n<tr>\n<td><strong>PZF 03<\/strong><\/td>\n<td>Banco pizza ventilato<\/td>\n<td>Ventilato<\/td>\n<td>+2 \u00b0C \/ +8 \u00b0C<\/td>\n<td>Granito<\/td>\n<\/tr>\n<\/tbody>\n<\/table>\n<h2 data-start=\"1867\" data-end=\"1884\"><strong data-start=\"1870\" data-end=\"1884\">Dimensioni<\/strong><\/h2>\n<div class=\"_tableContainer_1rjym_1\">\n<div class=\"_tableWrapper_1rjym_13 group flex w-fit flex-col-reverse\">\n<table>\n<thead>\n<tr>\n<th>Specifiche<\/th>\n<th>SF 903 PZ<\/th>\n<th>PZF 02 C<\/th>\n<th>PZF 03<\/th>\n<\/tr>\n<\/thead>\n<tbody>\n<tr>\n<td><strong>Dimensioni esterne (LxPxH)<\/strong><\/td>\n<td>1400 x 700 x 1010 mm*<\/td>\n<td>2025 x 800 x 1000 mm*<\/td>\n<td>2020 x 800 x 1000 mm*<\/td>\n<\/tr>\n<tr>\n<td><strong>Dimensioni dell'imballaggio (LxPxH)<\/strong><\/td>\n<td>1430 x 730 x 1264 mm<\/td>\n<td>2055 x 830 x 1050 mm<\/td>\n<td>2050 x 830 x 1050 mm<\/td>\n<\/tr>\n<tr>\n<td><strong>Larghezza (A)<\/strong><\/td>\n<td>1295 mm<\/td>\n<td>945 mm<\/td>\n<td>1455 mm<\/td>\n<\/tr>\n<tr>\n<td><strong>Profondit\u00e0 (B)<\/strong><\/td>\n<td>595 mm<\/td>\n<td>680 mm<\/td>\n<td>680 mm<\/td>\n<\/tr>\n<tr>\n<td><strong>Altezza (C)<\/strong><\/td>\n<td>456 mm<\/td>\n<td>564 mm<\/td>\n<td>564 mm<\/td>\n<\/tr>\n<tr>\n<td><strong>Altezza totale con piedi<\/strong><\/td>\n<td>1010 mm<\/td>\n<td>1000 mm<\/td>\n<td>1000 mm<\/td>\n<\/tr>\n<\/tbody>\n<\/table>\n<h2 data-start=\"2461\" data-end=\"2486\"><strong data-start=\"2464\" data-end=\"2486\">Caratteristiche tecniche<\/strong><\/h2>\n<div class=\"_tableContainer_1rjym_1\">\n<div class=\"_tableWrapper_1rjym_13 group flex w-fit flex-col-reverse\">\n<table>\n<thead>\n<tr>\n<th>Caratteristica<\/th>\n<th>SF 903 PZ<\/th>\n<th>PZF 02 C<\/th>\n<th>PZF 03<\/th>\n<\/tr>\n<\/thead>\n<tbody>\n<tr>\n<td><strong>Intervallo di temperatura<\/strong><\/td>\n<td>+2 \u00b0C \/ +8 \u00b0C<\/td>\n<td>+2 \u00b0C \/ +8 \u00b0C<\/td>\n<td>+2 \u00b0C \/ +8 \u00b0C<\/td>\n<\/tr>\n<tr>\n<td><strong>Classe climatica<\/strong><\/td>\n<td>4<\/td>\n<td>5<\/td>\n<td>5<\/td>\n<\/tr>\n<tr>\n<td><strong>Volume netto-lordo<\/strong><\/td>\n<td>251 \/ 400 L<\/td>\n<td>266 \/ 428 L<\/td>\n<td>406 \/ 635 L<\/td>\n<\/tr>\n<tr>\n<td><strong>Corpo esterno<\/strong><\/td>\n<td>Acciaio inox AISI 304<\/td>\n<td>Acciaio inox<\/td>\n<td>Acciaio inox<\/td>\n<\/tr>\n<tr>\n<td><strong>Rivestimento interno<\/strong><\/td>\n<td>Acciaio inox AISI 304<\/td>\n<td>Acciaio inox<\/td>\n<td>Acciaio inox<\/td>\n<\/tr>\n<tr>\n<td><strong>Termostato<\/strong><\/td>\n<td>Elettronica<\/td>\n<td>Elettronica<\/td>\n<td>Elettronica<\/td>\n<\/tr>\n<tr>\n<td><strong>Livello di rumore<\/strong><\/td>\n<td>42 dB<\/td>\n<td>42 dB<\/td>\n<td>42 dB<\/td>\n<\/tr>\n<tr>\n<td><strong>Smart Link WiFi<\/strong><\/td>\n<td>Opzionale<\/td>\n<td>Opzionale<\/td>\n<td>Opzionale<\/td>\n<\/tr>\n<tr>\n<td><strong>Spessore dell'isolamento<\/strong><\/td>\n<td>35 mm<\/td>\n<td>60 mm<\/td>\n<td>60 mm<\/td>\n<\/tr>\n<tr>\n<td><strong>Sbrinamento<\/strong><\/td>\n<td>Automatico - ciclo del compressore<\/td>\n<td>Automatico - riscaldatore elettrico<\/td>\n<td>Automatico - riscaldatore elettrico<\/td>\n<\/tr>\n<tr>\n<td><strong>Scaffali<\/strong><\/td>\n<td>3 \u00d7 335\u00d7530 mm + 3 \u00d7 323\u00d7570 mm<\/td>\n<td>2 \u00d7 465\u00d7605 mm (fondo)<\/td>\n<td>3 \u00d7 465\u00d7605 mm (fondo)<\/td>\n<\/tr>\n<tr>\n<td><strong>Porte<\/strong><\/td>\n<td>Chiusura morbida<\/td>\n<td>Chiusura morbida<\/td>\n<td>Chiusura morbida<\/td>\n<\/tr>\n<tr>\n<td><strong>Cassetti<\/strong><\/td>\n<td>-<\/td>\n<td>7 \u00d7 400x630x70 mm<\/td>\n<td>-<\/td>\n<\/tr>\n<tr>\n<td><strong>Piedi<\/strong><\/td>\n<td>4 regolabili (25-33 mm)<\/td>\n<td>8 regolabili (110-170 mm)<\/td>\n<td>6 regolabili (110-170 mm)<\/td>\n<\/tr>\n<tr>\n<td><strong>Ruote<\/strong><\/td>\n<td>Opzionale h 140 mm<\/td>\n<td>Opzionale h 140 mm<\/td>\n<td>Opzionale h 140 mm<\/td>\n<\/tr>\n<tr>\n<td><strong>Piano di lavoro<\/strong><\/td>\n<td>Granito, 25 mm<\/td>\n<td>Granito, 25 mm<\/td>\n<td>Granito, 25 mm<\/td>\n<\/tr>\n<tr>\n<td><strong>Peso netto-lordo<\/strong><\/td>\n<td>170 \/ 190 kg<\/td>\n<td>362 \/ 380 kg<\/td>\n<td>320 \/ 340 kg<\/td>\n<\/tr>\n<tr>\n<td><strong>Tensione<\/strong><\/td>\n<td>220-240 V<\/td>\n<td>220-240 V<\/td>\n<td>220-240 V<\/td>\n<\/tr>\n<tr>\n<td><strong>Frequenza<\/strong><\/td>\n<td>50 Hz<\/td>\n<td>50 Hz<\/td>\n<td>50 Hz<\/td>\n<\/tr>\n<tr>\n<td><strong>Refrigerante<\/strong><\/td>\n<td>R600A<\/td>\n<td>R600A<\/td>\n<td>R600A<\/td>\n<\/tr>\n<tr>\n<td><strong>Assorbimento<\/strong><\/td>\n<td>235 W<\/td>\n<td>300 W<\/td>\n<td>300 W<\/td>\n<\/tr>\n<tr>\n<td><strong>Consumo di energia (24 ore)<\/strong><\/td>\n<td>2,96 kWh<\/td>\n<td>2,17 kWh<\/td>\n<td>3,20 kWh<\/td>\n<\/tr>\n<\/tbody>\n<\/table>\n<\/div>\n<\/div>\n<\/div>\n<\/div>\n<\/div>\n<\/div>","protected":false},"excerpt":{"rendered":"<p>The SALADETTE SF 903 PZ is a professional refrigerated pizza bench designed for high-performance catering environments. Built entirely in AISI 304 stainless steel, both inside and outside, it ensures hygiene, durability, and resistance to corrosion. Equipped with a granite worktop, this unit provides an ideal surface for pizza preparation while keeping ingredients fresh within the [&hellip;]<\/p>\n","protected":false},"featured_media":7322,"comment_status":"open","ping_status":"closed","template":"","meta":[],"product_brand":[],"product_cat":[51],"product_tag":[],"class_list":{"0":"post-7321","1":"product","2":"type-product","3":"status-publish","4":"has-post-thumbnail","6":"product_cat-kitchen-catering-cooling","8":"first","9":"instock","10":"shipping-taxable","11":"product-type-simple"},"_links":{"self":[{"href":"https:\/\/dersuessestopp.com\/it\/wp-json\/wp\/v2\/product\/7321","targetHints":{"allow":["GET"]}}],"collection":[{"href":"https:\/\/dersuessestopp.com\/it\/wp-json\/wp\/v2\/product"}],"about":[{"href":"https:\/\/dersuessestopp.com\/it\/wp-json\/wp\/v2\/types\/product"}],"replies":[{"embeddable":true,"href":"https:\/\/dersuessestopp.com\/it\/wp-json\/wp\/v2\/comments?post=7321"}],"version-history":[{"count":4,"href":"https:\/\/dersuessestopp.com\/it\/wp-json\/wp\/v2\/product\/7321\/revisions"}],"predecessor-version":[{"id":11943,"href":"https:\/\/dersuessestopp.com\/it\/wp-json\/wp\/v2\/product\/7321\/revisions\/11943"}],"wp:featuredmedia":[{"embeddable":true,"href":"https:\/\/dersuessestopp.com\/it\/wp-json\/wp\/v2\/media\/7322"}],"wp:attachment":[{"href":"https:\/\/dersuessestopp.com\/it\/wp-json\/wp\/v2\/media?parent=7321"}],"wp:term":[{"taxonomy":"product_brand","embeddable":true,"href":"https:\/\/dersuessestopp.com\/it\/wp-json\/wp\/v2\/product_brand?post=7321"},{"taxonomy":"product_cat","embeddable":true,"href":"https:\/\/dersuessestopp.com\/it\/wp-json\/wp\/v2\/product_cat?post=7321"},{"taxonomy":"product_tag","embeddable":true,"href":"https:\/\/dersuessestopp.com\/it\/wp-json\/wp\/v2\/product_tag?post=7321"}],"curies":[{"name":"wp","href":"https:\/\/api.w.org\/{rel}","templated":true}]}}