{"id":7316,"date":"2025-09-01T06:46:40","date_gmt":"2025-09-01T06:46:40","guid":{"rendered":"https:\/\/dersuessestopp.com\/?post_type=product&#038;p=7316"},"modified":"2025-10-09T02:32:06","modified_gmt":"2025-10-09T02:32:06","slug":"gn-200-g-tn-blk","status":"publish","type":"product","link":"https:\/\/dersuessestopp.com\/it\/product\/gn-200-g-tn-blk\/","title":{"rendered":"GN 200 G TN BLK"},"content":{"rendered":"<p data-start=\"193\" data-end=\"621\"><img decoding=\"async\" src=\"https:\/\/customer.klimaitalia.it\/api\/file\/image\/9992\" \/><\/p>\n<p data-start=\"193\" data-end=\"621\">Il <strong data-start=\"197\" data-end=\"216\">GN 200 G TN BLK<\/strong> \u00e8 un armadio refrigerato compatto progettato per gli ambienti della ristorazione professionale. Con il suo sistema di raffreddamento statico a ventola, i ripiani rinforzati, l'illuminazione a LED e l'elegante porta in vetro, unisce praticit\u00e0 e stile moderno. La maniglia incorporata e l'esterno trattato anticorrosione garantiscono una lunga durata, mentre l'intervallo di temperatura positivo lo rende ideale per la conservazione di alimenti e bevande fresche.<\/p>\n<p data-start=\"623\" data-end=\"867\">Questo modello supporta anche <strong data-start=\"648\" data-end=\"680\">Connettivit\u00e0 WiFi Smart Link<\/strong> (opzionale), che consente il monitoraggio e il controllo a distanza. Che si tratti di ristoranti, bar o attivit\u00e0 di catering, la serie GN 200 garantisce affidabilit\u00e0, efficienza energetica e facilit\u00e0 d'uso.<\/p>\n<h2 data-start=\"1266\" data-end=\"1287\"><strong data-start=\"1269\" data-end=\"1287\">Panoramica del modello<\/strong><\/h2>\n<div class=\"_tableContainer_1rjym_1\">\n<div class=\"_tableWrapper_1rjym_13 group flex w-fit flex-col-reverse\">\n<table>\n<thead>\n<tr>\n<th>Modello<\/th>\n<th>Descrizione<\/th>\n<th>Temperatura. Intervallo<\/th>\n<th>Tipo di porta<\/th>\n<\/tr>\n<\/thead>\n<tbody>\n<tr>\n<td><strong>GN 200 PS TN<\/strong><\/td>\n<td>Armadio statico con agitatore<\/td>\n<td>0 \u00b0C \/ +10 \u00b0C<\/td>\n<td>ABS<\/td>\n<\/tr>\n<tr>\n<td><strong>GN 200 G TN<\/strong><\/td>\n<td>Ventilatore statico assistito, porta in vetro<\/td>\n<td>+2 \u00b0C \/ +10 \u00b0C<\/td>\n<td>Vetro<\/td>\n<\/tr>\n<tr>\n<td><strong>GN 200 G TN BLK<\/strong><\/td>\n<td>Porta in vetro nero con ventilazione statica<\/td>\n<td>+2 \u00b0C \/ +10 \u00b0C<\/td>\n<td>Vetro<\/td>\n<\/tr>\n<\/tbody>\n<\/table>\n<h2 data-start=\"1636\" data-end=\"1653\"><strong data-start=\"1639\" data-end=\"1653\">Dimensioni<\/strong><\/h2>\n<div class=\"_tableContainer_1rjym_1\">\n<div class=\"_tableWrapper_1rjym_13 group flex w-fit flex-col-reverse\">\n<table>\n<thead>\n<tr>\n<th>Specifiche<\/th>\n<th>GN 200 PS TN<\/th>\n<th>GN 200 G TN \/ BLK<\/th>\n<\/tr>\n<\/thead>\n<tbody>\n<tr>\n<td><strong>Dimensioni esterne (LxPxH)<\/strong><\/td>\n<td>600 x 625 x 850 mm<\/td>\n<td>600 x 625 x 850 mm<\/td>\n<\/tr>\n<tr>\n<td><strong>Dimensioni dell'imballaggio (LxPxH)<\/strong><\/td>\n<td>660 x 725 x 1000 mm<\/td>\n<td>660 x 725 x 1000 mm<\/td>\n<\/tr>\n<tr>\n<td><strong>Larghezza (A)<\/strong><\/td>\n<td>457 mm<\/td>\n<td>457 mm<\/td>\n<\/tr>\n<tr>\n<td><strong>Profondit\u00e0 (B)<\/strong><\/td>\n<td>474 mm<\/td>\n<td>474 mm<\/td>\n<\/tr>\n<tr>\n<td><strong>Altezza (C)<\/strong><\/td>\n<td>600 mm<\/td>\n<td>600 mm<\/td>\n<\/tr>\n<tr>\n<td><strong>Min. Profondit\u00e0 (D)<\/strong><\/td>\n<td>264 mm<\/td>\n<td>264 mm<\/td>\n<\/tr>\n<tr>\n<td><strong>Altezza min. Altezza (E)<\/strong><\/td>\n<td>390 mm<\/td>\n<td>390 mm<\/td>\n<\/tr>\n<\/tbody>\n<\/table>\n<h2 data-start=\"2118\" data-end=\"2143\"><strong data-start=\"2121\" data-end=\"2143\">Caratteristiche tecniche<\/strong><\/h2>\n<div class=\"_tableContainer_1rjym_1\">\n<div class=\"_tableWrapper_1rjym_13 group flex w-fit flex-col-reverse\">\n<table>\n<thead>\n<tr>\n<th>Caratteristica<\/th>\n<th>GN 200 PS TN<\/th>\n<th>GN 200 G TN \/ BLK<\/th>\n<\/tr>\n<\/thead>\n<tbody>\n<tr>\n<td><strong>Intervallo di temperatura<\/strong><\/td>\n<td>0 \u00b0C \/ +10 \u00b0C<\/td>\n<td>+2 \u00b0C \/ +10 \u00b0C<\/td>\n<\/tr>\n<tr>\n<td><strong>Classe climatica<\/strong><\/td>\n<td>4<\/td>\n<td>4<\/td>\n<\/tr>\n<tr>\n<td><strong>Capacit\u00e0<\/strong><\/td>\n<td>200 L<\/td>\n<td>200 L<\/td>\n<\/tr>\n<tr>\n<td><strong>Corpo esterno<\/strong><\/td>\n<td>Lamiera preverniciata con trattamento anticorrosione<\/td>\n<td>Lamiera preverniciata con trattamento anticorrosione<\/td>\n<\/tr>\n<tr>\n<td><strong>Rivestimento interno<\/strong><\/td>\n<td>ABS<\/td>\n<td>ABS<\/td>\n<\/tr>\n<tr>\n<td><strong>Termostato<\/strong><\/td>\n<td>Elettronica<\/td>\n<td>Elettronica<\/td>\n<\/tr>\n<tr>\n<td><strong>Livello di rumore<\/strong><\/td>\n<td>43,8 dB<\/td>\n<td>38,6 dB<\/td>\n<\/tr>\n<tr>\n<td><strong>Smart Link WiFi<\/strong><\/td>\n<td>Opzionale<\/td>\n<td>Opzionale<\/td>\n<\/tr>\n<tr>\n<td><strong>Spessore dell'isolamento<\/strong><\/td>\n<td>70 mm<\/td>\n<td>70 mm<\/td>\n<\/tr>\n<tr>\n<td><strong>Sbrinamento<\/strong><\/td>\n<td>Automatico<\/td>\n<td>Automatico<\/td>\n<\/tr>\n<tr>\n<td><strong>Illuminazione<\/strong><\/td>\n<td>1 LED orizzontale 6W<\/td>\n<td>2 LED verticali 6W + 6W<\/td>\n<\/tr>\n<tr>\n<td><strong>Porta a chiusura automatica<\/strong><\/td>\n<td>S\u00ec<\/td>\n<td>S\u00ec<\/td>\n<\/tr>\n<tr>\n<td><strong>Serratura e chiave<\/strong><\/td>\n<td>S\u00ec<\/td>\n<td>S\u00ec<\/td>\n<\/tr>\n<tr>\n<td><strong>Porta reversibile<\/strong><\/td>\n<td>S\u00ec<\/td>\n<td>No<\/td>\n<\/tr>\n<tr>\n<td><strong>Scaffali<\/strong><\/td>\n<td>2 \u00d7 476\u00d7436 mm + 1 \u00d7 477\u00d7207 mm<\/td>\n<td>2 \u00d7 476\u00d7436 mm + 1 \u00d7 477\u00d7207 mm<\/td>\n<\/tr>\n<tr>\n<td><strong>Ruote \/ Piedi<\/strong><\/td>\n<td>2 piedi + 2 rotelle<\/td>\n<td>2 piedi + 2 rotelle<\/td>\n<\/tr>\n<tr>\n<td><strong>Tipo di porta<\/strong><\/td>\n<td>ABS<\/td>\n<td>Vetro<\/td>\n<\/tr>\n<tr>\n<td><strong>Peso netto\/lordo<\/strong><\/td>\n<td>40 \/ 43 kg<\/td>\n<td>41 \/ 45 kg<\/td>\n<\/tr>\n<tr>\n<td><strong>Tensione<\/strong><\/td>\n<td>220-240 V<\/td>\n<td>220-240 V<\/td>\n<\/tr>\n<tr>\n<td><strong>Frequenza<\/strong><\/td>\n<td>50 Hz<\/td>\n<td>50 Hz<\/td>\n<\/tr>\n<tr>\n<td><strong>Refrigerante<\/strong><\/td>\n<td>R600A<\/td>\n<td>R600A<\/td>\n<\/tr>\n<tr>\n<td><strong>Assorbimento di potenza<\/strong><\/td>\n<td>125 W<\/td>\n<td>157 W<\/td>\n<\/tr>\n<tr>\n<td><strong>Consumo di energia (24 ore)<\/strong><\/td>\n<td>1,25 kWh<\/td>\n<td>1,96 kWh<\/td>\n<\/tr>\n<\/tbody>\n<\/table>\n<\/div>\n<\/div>\n<\/div>\n<\/div>\n<\/div>\n<\/div>","protected":false},"excerpt":{"rendered":"<p>The GN 200 G TN BLK is a compact refrigerated cabinet designed for professional catering environments. With its static-fan assisted cooling system, reinforced shelves, LED lighting, and sleek glass door, it combines practicality with modern style. The built-in handle and anti-corrosion treated exterior ensure long-term durability, while the positive temperature range makes it ideal for [&hellip;]<\/p>\n","protected":false},"featured_media":7317,"comment_status":"open","ping_status":"closed","template":"","meta":[],"product_brand":[],"product_cat":[51],"product_tag":[],"class_list":{"0":"post-7316","1":"product","2":"type-product","3":"status-publish","4":"has-post-thumbnail","6":"product_cat-kitchen-catering-cooling","8":"first","9":"instock","10":"shipping-taxable","11":"product-type-simple"},"_links":{"self":[{"href":"https:\/\/dersuessestopp.com\/it\/wp-json\/wp\/v2\/product\/7316","targetHints":{"allow":["GET"]}}],"collection":[{"href":"https:\/\/dersuessestopp.com\/it\/wp-json\/wp\/v2\/product"}],"about":[{"href":"https:\/\/dersuessestopp.com\/it\/wp-json\/wp\/v2\/types\/product"}],"replies":[{"embeddable":true,"href":"https:\/\/dersuessestopp.com\/it\/wp-json\/wp\/v2\/comments?post=7316"}],"version-history":[{"count":3,"href":"https:\/\/dersuessestopp.com\/it\/wp-json\/wp\/v2\/product\/7316\/revisions"}],"predecessor-version":[{"id":12197,"href":"https:\/\/dersuessestopp.com\/it\/wp-json\/wp\/v2\/product\/7316\/revisions\/12197"}],"wp:featuredmedia":[{"embeddable":true,"href":"https:\/\/dersuessestopp.com\/it\/wp-json\/wp\/v2\/media\/7317"}],"wp:attachment":[{"href":"https:\/\/dersuessestopp.com\/it\/wp-json\/wp\/v2\/media?parent=7316"}],"wp:term":[{"taxonomy":"product_brand","embeddable":true,"href":"https:\/\/dersuessestopp.com\/it\/wp-json\/wp\/v2\/product_brand?post=7316"},{"taxonomy":"product_cat","embeddable":true,"href":"https:\/\/dersuessestopp.com\/it\/wp-json\/wp\/v2\/product_cat?post=7316"},{"taxonomy":"product_tag","embeddable":true,"href":"https:\/\/dersuessestopp.com\/it\/wp-json\/wp\/v2\/product_tag?post=7316"}],"curies":[{"name":"wp","href":"https:\/\/api.w.org\/{rel}","templated":true}]}}