{"id":7302,"date":"2025-09-01T06:34:15","date_gmt":"2025-09-01T06:34:15","guid":{"rendered":"https:\/\/dersuessestopp.com\/?post_type=product&#038;p=7302"},"modified":"2025-10-08T23:11:12","modified_gmt":"2025-10-08T23:11:12","slug":"axf-1500-tn","status":"publish","type":"product","link":"https:\/\/dersuessestopp.com\/it\/product\/axf-1500-tn\/","title":{"rendered":"AXF 1500 TN"},"content":{"rendered":"<p data-start=\"350\" data-end=\"677\"><img fetchpriority=\"high\" decoding=\"async\" class=\"alignnone size-full wp-image-11940\" src=\"https:\/\/dersuessestopp.com\/wp-content\/uploads\/2025\/09\/AXF-1500-TN-BT-Dettagli.jpg\" alt=\"\" width=\"2000\" height=\"600\" srcset=\"https:\/\/dersuessestopp.com\/wp-content\/uploads\/2025\/09\/AXF-1500-TN-BT-Dettagli.jpg 2000w, https:\/\/dersuessestopp.com\/wp-content\/uploads\/2025\/09\/AXF-1500-TN-BT-Dettagli-300x90.jpg 300w, https:\/\/dersuessestopp.com\/wp-content\/uploads\/2025\/09\/AXF-1500-TN-BT-Dettagli-1024x307.jpg 1024w, https:\/\/dersuessestopp.com\/wp-content\/uploads\/2025\/09\/AXF-1500-TN-BT-Dettagli-768x230.jpg 768w, https:\/\/dersuessestopp.com\/wp-content\/uploads\/2025\/09\/AXF-1500-TN-BT-Dettagli-1536x461.jpg 1536w, https:\/\/dersuessestopp.com\/wp-content\/uploads\/2025\/09\/AXF-1500-TN-BT-Dettagli-250x75.jpg 250w, https:\/\/dersuessestopp.com\/wp-content\/uploads\/2025\/09\/AXF-1500-TN-BT-Dettagli-600x180.jpg 600w\" sizes=\"(max-width: 2000px) 100vw, 2000px\" \/><\/p>\n<p data-start=\"350\" data-end=\"677\">\n<p data-start=\"350\" data-end=\"677\">Il <strong data-start=\"354\" data-end=\"369\">AXF 1500 TN<\/strong> \u00e8 un sistema ad alte prestazioni <strong data-start=\"392\" data-end=\"449\">armadio refrigerato a doppia porta a temperatura positiva<\/strong> progettato per cucine professionali, hotel, panetterie e servizi di catering. Costruito interamente in <strong data-start=\"545\" data-end=\"573\">Acciaio inox AISI 304<\/strong> con un <strong data-start=\"581\" data-end=\"611\">Spessore dell'isolamento 60 mm<\/strong>, garantisce la massima durata, igiene ed efficienza energetica.<\/p>\n<p data-start=\"679\" data-end=\"1020\">Dotato di un <strong data-start=\"696\" data-end=\"721\">termostato elettronico<\/strong>, <strong data-start=\"723\" data-end=\"766\">porte a chiusura ammortizzata con maniglia incorporata<\/strong>, <strong data-start=\"768\" data-end=\"784\">serratura e chiave<\/strong>, e <strong data-start=\"790\" data-end=\"818\">Smart Link WiFi opzionale<\/strong> per il monitoraggio remoto, l'AXF 1500 TN offre affidabilit\u00e0 e convenienza. Il suo <strong data-start=\"898\" data-end=\"928\">evaporatore a soffitto<\/strong> e <strong data-start=\"933\" data-end=\"970\">sistema di sbrinamento elettrico automatico<\/strong> garantiscono un raffreddamento costante e una facile manutenzione.<\/p>\n<h2 data-start=\"1652\" data-end=\"1681\">Specifiche tecniche<\/h2>\n<table>\n<thead>\n<tr>\n<th>Caratteristica<\/th>\n<th>AXF 1500 TN<\/th>\n<\/tr>\n<\/thead>\n<tbody>\n<tr>\n<td>Volume netto\/lordo<\/td>\n<td>1056 \/ 1476 L<\/td>\n<\/tr>\n<tr>\n<td>Dimensioni esterne (L\u00d7P\u00d7H)<\/td>\n<td>1480 \u00d7 830 \u00d7 2010 mm*<\/td>\n<\/tr>\n<tr>\n<td>Dimensioni dell'imballaggio (L\u00d7P\u00d7H)<\/td>\n<td>1505 \u00d7 855 \u00d7 2070 mm<\/td>\n<\/tr>\n<tr>\n<td>A - Larghezza<\/td>\n<td>1360 mm<\/td>\n<\/tr>\n<tr>\n<td>B - Profondit\u00e0<\/td>\n<td>700 mm<\/td>\n<\/tr>\n<tr>\n<td>C - Altezza<\/td>\n<td>1410 mm<\/td>\n<\/tr>\n<tr>\n<td>Peso netto\/lordo<\/td>\n<td>195 \/ 210 kg<\/td>\n<\/tr>\n<tr>\n<td>Spessore dell'isolamento<\/td>\n<td>60 mm<\/td>\n<\/tr>\n<tr>\n<td>Ripiani (LxP)<\/td>\n<td>6 \u00d7 534 \u00d7 650 mm + 2 \u00d7 636 \u00d7 660 mm<\/td>\n<\/tr>\n<\/tbody>\n<\/table>\n<h3 data-start=\"2176\" data-end=\"2193\">Prestazioni<\/h3>\n<div class=\"_tableContainer_1rjym_1\">\n<div class=\"_tableWrapper_1rjym_13 group flex w-fit flex-col-reverse\">\n<table>\n<thead>\n<tr>\n<th>Caratteristica<\/th>\n<th>AXF 1500 TN<\/th>\n<\/tr>\n<\/thead>\n<tbody>\n<tr>\n<td>Intervallo di temperatura<\/td>\n<td>Da -2\u00b0C a +8\u00b0C<\/td>\n<\/tr>\n<tr>\n<td>Classe climatica<\/td>\n<td>5 (tropicalizzato)<\/td>\n<\/tr>\n<tr>\n<td>Sistema di raffreddamento<\/td>\n<td>Evaporatore a soffitto<\/td>\n<\/tr>\n<tr>\n<td>Sistema di sbrinamento<\/td>\n<td>Automatico con riscaldatore elettrico<\/td>\n<\/tr>\n<tr>\n<td>Livello di rumore<\/td>\n<td>52 dB<\/td>\n<\/tr>\n<tr>\n<td>Consumo di energia<\/td>\n<td>3,32 kWh\/24h<\/td>\n<\/tr>\n<\/tbody>\n<\/table>\n<h3 data-start=\"2482\" data-end=\"2511\">Costruzione e caratteristiche<\/h3>\n<div class=\"_tableContainer_1rjym_1\">\n<div class=\"_tableWrapper_1rjym_13 group flex w-fit flex-col-reverse\">\n<table>\n<thead>\n<tr>\n<th>Caratteristica<\/th>\n<th>AXF 1500 TN<\/th>\n<\/tr>\n<\/thead>\n<tbody>\n<tr>\n<td>Corpo e rivestimento interno<\/td>\n<td>Acciaio inox AISI 304<\/td>\n<\/tr>\n<tr>\n<td>Tipo di porta<\/td>\n<td>Doppia porta, chiusura ammortizzata, maniglia integrata<\/td>\n<\/tr>\n<tr>\n<td>Serratura e chiave<\/td>\n<td>S\u00ec<\/td>\n<\/tr>\n<tr>\n<td>Illuminazione<\/td>\n<td>LED 220V \/ 0,6W<\/td>\n<\/tr>\n<tr>\n<td>Smart Link WiFi<\/td>\n<td>Opzionale<\/td>\n<\/tr>\n<tr>\n<td>Piedi \/ Ruote<\/td>\n<td>4 piedini regolabili (110-170 mm) \/ ruote opzionali (140 mm)<\/td>\n<\/tr>\n<\/tbody>\n<\/table>\n<h3 data-start=\"2846\" data-end=\"2862\">Elettrico<\/h3>\n<div class=\"_tableContainer_1rjym_1\">\n<div class=\"_tableWrapper_1rjym_13 group flex w-fit flex-col-reverse\">\n<table>\n<thead>\n<tr>\n<th>Caratteristica<\/th>\n<th>AXF 1500 TN<\/th>\n<\/tr>\n<\/thead>\n<tbody>\n<tr>\n<td>Tensione \/ Frequenza<\/td>\n<td>220-240 V \/ 50 Hz<\/td>\n<\/tr>\n<tr>\n<td>Assorbimento di potenza<\/td>\n<td>320 W<\/td>\n<\/tr>\n<tr>\n<td>Refrigerante<\/td>\n<td>R290<\/td>\n<\/tr>\n<\/tbody>\n<\/table>\n<\/div>\n<\/div>\n<\/div>\n<\/div>\n<\/div>\n<\/div>","protected":false},"excerpt":{"rendered":"<p>The AXF 1500 TN is a high-performance positive temperature double-door refrigerated cabinet designed for professional kitchens, hotels, bakeries, and catering services. Built entirely in AISI 304 stainless steel with a 60 mm insulation thickness, it ensures maximum durability, hygiene, and energy efficiency. Equipped with an electronic thermostat, soft-closing doors with built-in handle, lock and key, [&hellip;]<\/p>\n","protected":false},"featured_media":7303,"comment_status":"open","ping_status":"closed","template":"","meta":[],"product_brand":[],"product_cat":[51],"product_tag":[],"class_list":{"0":"post-7302","1":"product","2":"type-product","3":"status-publish","4":"has-post-thumbnail","6":"product_cat-kitchen-catering-cooling","8":"first","9":"instock","10":"shipping-taxable","11":"product-type-simple"},"_links":{"self":[{"href":"https:\/\/dersuessestopp.com\/it\/wp-json\/wp\/v2\/product\/7302","targetHints":{"allow":["GET"]}}],"collection":[{"href":"https:\/\/dersuessestopp.com\/it\/wp-json\/wp\/v2\/product"}],"about":[{"href":"https:\/\/dersuessestopp.com\/it\/wp-json\/wp\/v2\/types\/product"}],"replies":[{"embeddable":true,"href":"https:\/\/dersuessestopp.com\/it\/wp-json\/wp\/v2\/comments?post=7302"}],"version-history":[{"count":4,"href":"https:\/\/dersuessestopp.com\/it\/wp-json\/wp\/v2\/product\/7302\/revisions"}],"predecessor-version":[{"id":11941,"href":"https:\/\/dersuessestopp.com\/it\/wp-json\/wp\/v2\/product\/7302\/revisions\/11941"}],"wp:featuredmedia":[{"embeddable":true,"href":"https:\/\/dersuessestopp.com\/it\/wp-json\/wp\/v2\/media\/7303"}],"wp:attachment":[{"href":"https:\/\/dersuessestopp.com\/it\/wp-json\/wp\/v2\/media?parent=7302"}],"wp:term":[{"taxonomy":"product_brand","embeddable":true,"href":"https:\/\/dersuessestopp.com\/it\/wp-json\/wp\/v2\/product_brand?post=7302"},{"taxonomy":"product_cat","embeddable":true,"href":"https:\/\/dersuessestopp.com\/it\/wp-json\/wp\/v2\/product_cat?post=7302"},{"taxonomy":"product_tag","embeddable":true,"href":"https:\/\/dersuessestopp.com\/it\/wp-json\/wp\/v2\/product_tag?post=7302"}],"curies":[{"name":"wp","href":"https:\/\/api.w.org\/{rel}","templated":true}]}}