{"id":7297,"date":"2025-09-01T06:30:51","date_gmt":"2025-09-01T06:30:51","guid":{"rendered":"https:\/\/dersuessestopp.com\/?post_type=product&#038;p=7297"},"modified":"2025-10-08T23:03:47","modified_gmt":"2025-10-08T23:03:47","slug":"axf-800-tn","status":"publish","type":"product","link":"https:\/\/dersuessestopp.com\/it\/product\/axf-800-tn\/","title":{"rendered":"AXF 800 TN"},"content":{"rendered":"<p data-start=\"344\" data-end=\"689\"><img fetchpriority=\"high\" decoding=\"async\" class=\"alignnone size-full wp-image-11937\" src=\"https:\/\/dersuessestopp.com\/wp-content\/uploads\/2025\/09\/AXF-800-TN_BT-Dettagli.jpg\" alt=\"\" width=\"2000\" height=\"600\" srcset=\"https:\/\/dersuessestopp.com\/wp-content\/uploads\/2025\/09\/AXF-800-TN_BT-Dettagli.jpg 2000w, https:\/\/dersuessestopp.com\/wp-content\/uploads\/2025\/09\/AXF-800-TN_BT-Dettagli-300x90.jpg 300w, https:\/\/dersuessestopp.com\/wp-content\/uploads\/2025\/09\/AXF-800-TN_BT-Dettagli-1024x307.jpg 1024w, https:\/\/dersuessestopp.com\/wp-content\/uploads\/2025\/09\/AXF-800-TN_BT-Dettagli-768x230.jpg 768w, https:\/\/dersuessestopp.com\/wp-content\/uploads\/2025\/09\/AXF-800-TN_BT-Dettagli-1536x461.jpg 1536w, https:\/\/dersuessestopp.com\/wp-content\/uploads\/2025\/09\/AXF-800-TN_BT-Dettagli-250x75.jpg 250w, https:\/\/dersuessestopp.com\/wp-content\/uploads\/2025\/09\/AXF-800-TN_BT-Dettagli-600x180.jpg 600w\" sizes=\"(max-width: 2000px) 100vw, 2000px\" \/><\/p>\n<p data-start=\"344\" data-end=\"689\">\n<p data-start=\"344\" data-end=\"689\">Il <strong data-start=\"348\" data-end=\"362\">AXF 800 TN<\/strong> \u00e8 un armadio in acciaio inox ventilato a temperatura positiva, progettato per garantire affidabilit\u00e0 ed efficienza in ambienti di ristorazione esigenti. Costruito interamente in <strong data-start=\"518\" data-end=\"546\">Acciaio inox AISI 304<\/strong>, Con un isolamento spesso (103,5 mm) e un controllo elettronico avanzato, garantisce la conservazione degli alimenti in condizioni tropicali (classe climatica 5).<\/p>\n<p data-start=\"691\" data-end=\"911\">Dotato di <strong data-start=\"705\" data-end=\"735\">Smart Link WiFi (opzionale)<\/strong> per il monitoraggio a distanza, l'illuminazione a LED e le porte reversibili a chiusura morbida con serratura e chiave, l'AXF 800 TN \u00e8 stato progettato per combinare durata, igiene ed efficienza energetica.<\/p>\n<h2 data-start=\"1474\" data-end=\"1503\">Specifiche tecniche<\/h2>\n<table>\n<thead>\n<tr>\n<th>Caratteristica<\/th>\n<th>AXF 800 TN<\/th>\n<\/tr>\n<\/thead>\n<tbody>\n<tr>\n<td>Volume netto\/lordo<\/td>\n<td>408 \/ 560 L<\/td>\n<\/tr>\n<tr>\n<td>Dimensioni esterne (L\u00d7P\u00d7H)<\/td>\n<td>740 \u00d7 875 \u00d7 2090 mm*<\/td>\n<\/tr>\n<tr>\n<td>Dimensioni dell'imballaggio (L\u00d7P\u00d7H)<\/td>\n<td>760 \u00d7 905 \u00d7 2150 mm<\/td>\n<\/tr>\n<tr>\n<td>A - Larghezza<\/td>\n<td>533 mm<\/td>\n<\/tr>\n<tr>\n<td>B - Profondit\u00e0<\/td>\n<td>700 mm<\/td>\n<\/tr>\n<tr>\n<td>C - Altezza<\/td>\n<td>1501 mm<\/td>\n<\/tr>\n<tr>\n<td>Peso netto\/lordo<\/td>\n<td>134 \/ 143 kg<\/td>\n<\/tr>\n<tr>\n<td>Spessore dell'isolamento<\/td>\n<td>103,5 mm<\/td>\n<\/tr>\n<tr>\n<td>Ripiani (LxP)<\/td>\n<td>3 \u00d7 530 \u00d7 650 mm + 1 \u00d7 510 \u00d7 605 mm<\/td>\n<\/tr>\n<\/tbody>\n<\/table>\n<h3 data-start=\"2101\" data-end=\"2118\">Prestazioni<\/h3>\n<div class=\"_tableContainer_1rjym_1\">\n<div class=\"_tableWrapper_1rjym_13 group flex w-fit flex-col-reverse\">\n<table>\n<thead>\n<tr>\n<th>Caratteristica<\/th>\n<th>AXF 800 TN<\/th>\n<\/tr>\n<\/thead>\n<tbody>\n<tr>\n<td>Intervallo di temperatura<\/td>\n<td>Da -2\u00b0C a +8\u00b0C<\/td>\n<\/tr>\n<tr>\n<td>Classe climatica<\/td>\n<td>5 (tropicalizzato)<\/td>\n<\/tr>\n<tr>\n<td>Sistema di raffreddamento<\/td>\n<td>Evaporatore a soffitto<\/td>\n<\/tr>\n<tr>\n<td>Sistema di sbrinamento<\/td>\n<td>Automatico (ciclo del compressore)<\/td>\n<\/tr>\n<tr>\n<td>Livello di rumore<\/td>\n<td>38 dB<\/td>\n<\/tr>\n<tr>\n<td>Consumo di energia<\/td>\n<td>0,812 kWh\/24h<\/td>\n<\/tr>\n<\/tbody>\n<\/table>\n<h3 data-start=\"2496\" data-end=\"2525\">Costruzione e caratteristiche<\/h3>\n<div class=\"_tableContainer_1rjym_1\">\n<div class=\"_tableWrapper_1rjym_13 group flex w-fit flex-col-reverse\">\n<table>\n<thead>\n<tr>\n<th>Caratteristica<\/th>\n<th>AXF 800 TN<\/th>\n<\/tr>\n<\/thead>\n<tbody>\n<tr>\n<td>Corpo e rivestimento interno<\/td>\n<td>Acciaio inox AISI 304<\/td>\n<\/tr>\n<tr>\n<td>Tipo di porta<\/td>\n<td>Chiusura morbida, reversibile<\/td>\n<\/tr>\n<tr>\n<td>Serratura e chiave<\/td>\n<td>S\u00ec<\/td>\n<\/tr>\n<tr>\n<td>Illuminazione<\/td>\n<td>1 LED orizzontale (12V \/ 2,4W)<\/td>\n<\/tr>\n<tr>\n<td>Smart Link WiFi<\/td>\n<td>Opzionale<\/td>\n<\/tr>\n<tr>\n<td>Piedi \/ Ruote<\/td>\n<td>4 piedini regolabili (110-170 mm) \/ ruote opzionali (140 mm)<\/td>\n<\/tr>\n<\/tbody>\n<\/table>\n<h3 data-start=\"2957\" data-end=\"2973\">Elettrico<\/h3>\n<div class=\"_tableContainer_1rjym_1\">\n<div class=\"_tableWrapper_1rjym_13 group flex w-fit flex-col-reverse\">\n<table>\n<thead>\n<tr>\n<th>Caratteristica<\/th>\n<th>AXF 800 TN<\/th>\n<\/tr>\n<\/thead>\n<tbody>\n<tr>\n<td>Tensione \/ Frequenza<\/td>\n<td>220 V \/ 50 Hz<\/td>\n<\/tr>\n<tr>\n<td>Assorbimento di potenza<\/td>\n<td>250 W<\/td>\n<\/tr>\n<tr>\n<td>Refrigerante<\/td>\n<td>R600A<\/td>\n<\/tr>\n<\/tbody>\n<\/table>\n<\/div>\n<\/div>\n<\/div>\n<\/div>\n<\/div>\n<\/div>","protected":false},"excerpt":{"rendered":"<p>The AXF 800 TN is a positive temperature ventilated stainless steel cabinet designed for reliability and efficiency in demanding catering environments. Built entirely in AISI 304 stainless steel, with thick insulation (103.5 mm) and advanced electronic control, it ensures food preservation under tropical conditions (Climate Class 5). Equipped with Smart Link WiFi (optional) for remote [&hellip;]<\/p>\n","protected":false},"featured_media":7298,"comment_status":"open","ping_status":"closed","template":"","meta":[],"product_brand":[],"product_cat":[51],"product_tag":[],"class_list":{"0":"post-7297","1":"product","2":"type-product","3":"status-publish","4":"has-post-thumbnail","6":"product_cat-kitchen-catering-cooling","8":"first","9":"instock","10":"shipping-taxable","11":"product-type-simple"},"_links":{"self":[{"href":"https:\/\/dersuessestopp.com\/it\/wp-json\/wp\/v2\/product\/7297","targetHints":{"allow":["GET"]}}],"collection":[{"href":"https:\/\/dersuessestopp.com\/it\/wp-json\/wp\/v2\/product"}],"about":[{"href":"https:\/\/dersuessestopp.com\/it\/wp-json\/wp\/v2\/types\/product"}],"replies":[{"embeddable":true,"href":"https:\/\/dersuessestopp.com\/it\/wp-json\/wp\/v2\/comments?post=7297"}],"version-history":[{"count":4,"href":"https:\/\/dersuessestopp.com\/it\/wp-json\/wp\/v2\/product\/7297\/revisions"}],"predecessor-version":[{"id":11938,"href":"https:\/\/dersuessestopp.com\/it\/wp-json\/wp\/v2\/product\/7297\/revisions\/11938"}],"wp:featuredmedia":[{"embeddable":true,"href":"https:\/\/dersuessestopp.com\/it\/wp-json\/wp\/v2\/media\/7298"}],"wp:attachment":[{"href":"https:\/\/dersuessestopp.com\/it\/wp-json\/wp\/v2\/media?parent=7297"}],"wp:term":[{"taxonomy":"product_brand","embeddable":true,"href":"https:\/\/dersuessestopp.com\/it\/wp-json\/wp\/v2\/product_brand?post=7297"},{"taxonomy":"product_cat","embeddable":true,"href":"https:\/\/dersuessestopp.com\/it\/wp-json\/wp\/v2\/product_cat?post=7297"},{"taxonomy":"product_tag","embeddable":true,"href":"https:\/\/dersuessestopp.com\/it\/wp-json\/wp\/v2\/product_tag?post=7297"}],"curies":[{"name":"wp","href":"https:\/\/api.w.org\/{rel}","templated":true}]}}