{"id":7201,"date":"2025-09-01T04:56:53","date_gmt":"2025-09-01T04:56:53","guid":{"rendered":"https:\/\/dersuessestopp.com\/?post_type=product&#038;p=7201"},"modified":"2025-10-08T19:16:56","modified_gmt":"2025-10-08T19:16:56","slug":"clw-420-l-nero","status":"publish","type":"product","link":"https:\/\/dersuessestopp.com\/it\/product\/clw-420-l-black\/","title":{"rendered":"CLW 420 L NERO"},"content":{"rendered":"<p data-start=\"198\" data-end=\"608\"><img fetchpriority=\"high\" decoding=\"async\" class=\"alignnone wp-image-11469 size-full\" src=\"https:\/\/dersuessestopp.com\/wp-content\/uploads\/2025\/09\/CLW420L-Dettagli-2.jpg\" alt=\"\" width=\"2000\" height=\"1005\" srcset=\"https:\/\/dersuessestopp.com\/wp-content\/uploads\/2025\/09\/CLW420L-Dettagli-2.jpg 2000w, https:\/\/dersuessestopp.com\/wp-content\/uploads\/2025\/09\/CLW420L-Dettagli-2-300x151.jpg 300w, https:\/\/dersuessestopp.com\/wp-content\/uploads\/2025\/09\/CLW420L-Dettagli-2-1024x515.jpg 1024w, https:\/\/dersuessestopp.com\/wp-content\/uploads\/2025\/09\/CLW420L-Dettagli-2-768x386.jpg 768w, https:\/\/dersuessestopp.com\/wp-content\/uploads\/2025\/09\/CLW420L-Dettagli-2-1536x772.jpg 1536w, https:\/\/dersuessestopp.com\/wp-content\/uploads\/2025\/09\/CLW420L-Dettagli-2-250x126.jpg 250w, https:\/\/dersuessestopp.com\/wp-content\/uploads\/2025\/09\/CLW420L-Dettagli-2-600x302.jpg 600w\" sizes=\"(max-width: 2000px) 100vw, 2000px\" \/><\/p>\n<p data-start=\"198\" data-end=\"608\">Il <strong data-start=\"202\" data-end=\"221\">CLW 420 L NERO<\/strong> \u00e8 un refrigeratore statico di qualit\u00e0 superiore progettato per la conservazione e l'esposizione professionale dei vini. Caratterizzato da un <strong data-start=\"318\" data-end=\"344\">rivestimento in legno massiccio di frassino<\/strong> Con un'elegante finitura nera, questo refrigeratore combina un'estetica sofisticata con una funzionalit\u00e0 avanzata. Grazie alla sua grande capacit\u00e0, al funzionamento silenzioso e al telecomando WiFi Smart Link opzionale, \u00e8 ideale per cantine, ristoranti, hotel e collezionisti privati.<\/p>\n<h2 data-start=\"1154\" data-end=\"1169\"><strong data-start=\"1157\" data-end=\"1169\">Capacit\u00e0<\/strong><\/h2>\n<div class=\"_tableContainer_1rjym_1\">\n<div class=\"_tableWrapper_1rjym_13 group flex w-fit flex-col-reverse\">\n<table>\n<thead>\n<tr>\n<th>Tipo di capacit\u00e0<\/th>\n<th>CLW 420 L<\/th>\n<\/tr>\n<\/thead>\n<tbody>\n<tr>\n<td>Bottiglie da 75cl<\/td>\n<td><strong>126<\/strong><\/td>\n<\/tr>\n<tr>\n<td>Note<\/td>\n<td>I dati possono variare a seconda della confezione<\/td>\n<\/tr>\n<\/tbody>\n<\/table>\n<h2 data-start=\"1154\" data-end=\"1169\"><strong data-start=\"1157\" data-end=\"1169\">Dimensioni<\/strong><\/h2>\n<table>\n<thead>\n<tr>\n<th>Descrizione<\/th>\n<th>Misurazione<\/th>\n<\/tr>\n<\/thead>\n<tbody>\n<tr>\n<td>Dimensioni esterne (LxPxH)<\/td>\n<td>655 \u00d7 635 \u00d7 1880 mm<\/td>\n<\/tr>\n<tr>\n<td>Dimensioni dell'imballaggio (LxPxH)<\/td>\n<td>735 \u00d7 715 \u00d7 2050 mm<\/td>\n<\/tr>\n<tr>\n<td>Larghezza interna (A)<\/td>\n<td>522 mm<\/td>\n<\/tr>\n<tr>\n<td>Profondit\u00e0 interna (B)<\/td>\n<td>449 mm<\/td>\n<\/tr>\n<tr>\n<td>Altezza interna (C)<\/td>\n<td>1557 mm<\/td>\n<\/tr>\n<tr>\n<td>Profondit\u00e0 minima (D)<\/td>\n<td>179 mm<\/td>\n<\/tr>\n<tr>\n<td>Altezza minima (E)<\/td>\n<td>1337 mm<\/td>\n<\/tr>\n<tr>\n<td>Adesivo per vetro<\/td>\n<td>503 \u00d7 1544 mm<\/td>\n<\/tr>\n<\/tbody>\n<\/table>\n<h2 data-start=\"1703\" data-end=\"1728\"><strong data-start=\"1706\" data-end=\"1728\">Caratteristiche tecniche<\/strong><\/h2>\n<div class=\"_tableContainer_1rjym_1\">\n<div class=\"_tableWrapper_1rjym_13 group flex w-fit flex-col-reverse\">\n<table>\n<thead>\n<tr>\n<th>Caratteristica<\/th>\n<th>Specifiche<\/th>\n<\/tr>\n<\/thead>\n<tbody>\n<tr>\n<td>Intervallo di temperatura (ventola spenta)<\/td>\n<td>+16\u00b0C \/ +10\u00b0C \/ +5\u00b0C<\/td>\n<\/tr>\n<tr>\n<td>Intervallo di temperatura (ventola accesa)<\/td>\n<td>+4\u00b0C \/ +18\u00b0C<\/td>\n<\/tr>\n<tr>\n<td>Classe climatica<\/td>\n<td>4<\/td>\n<\/tr>\n<tr>\n<td>Volume netto\/lordo<\/td>\n<td>342 L \/ 382 L<\/td>\n<\/tr>\n<tr>\n<td>Rivestimento<\/td>\n<td>Legno massiccio di frassino<\/td>\n<\/tr>\n<tr>\n<td>Rivestimento interno<\/td>\n<td>ABS termoformato<\/td>\n<\/tr>\n<tr>\n<td>Termostato<\/td>\n<td>Elettronica<\/td>\n<\/tr>\n<tr>\n<td>Telecomando<\/td>\n<td>WiFi Smart Link opzionale<\/td>\n<\/tr>\n<tr>\n<td>Livello di rumore<\/td>\n<td>55 dB<\/td>\n<\/tr>\n<tr>\n<td>Spessore dell'isolamento<\/td>\n<td>40 mm<\/td>\n<\/tr>\n<tr>\n<td>Sistema di sbrinamento<\/td>\n<td>Automatico (compressore spento) + Manuale<\/td>\n<\/tr>\n<tr>\n<td>Illuminazione<\/td>\n<td>2 LED verticali<\/td>\n<\/tr>\n<tr>\n<td>Porta a chiusura automatica<\/td>\n<td>S\u00ec<\/td>\n<\/tr>\n<tr>\n<td>Serratura e chiave<\/td>\n<td>S\u00ec<\/td>\n<\/tr>\n<tr>\n<td>Scaffali<\/td>\n<td>5 (513 \u00d7 410 mm)<\/td>\n<\/tr>\n<tr>\n<td>Scaffali in legno<\/td>\n<td>Opzionale<\/td>\n<\/tr>\n<tr>\n<td>Ruote e piedi<\/td>\n<td>2 piedi + 2 rotelle<\/td>\n<\/tr>\n<tr>\n<td>Peso netto\/lordo<\/td>\n<td>80 kg \/ 87 kg<\/td>\n<\/tr>\n<\/tbody>\n<\/table>\n<h2 data-start=\"2426\" data-end=\"2448\"><strong data-start=\"2429\" data-end=\"2448\">Dati elettrici<\/strong><\/h2>\n<div class=\"_tableContainer_1rjym_1\">\n<div class=\"_tableWrapper_1rjym_13 group flex w-fit flex-col-reverse\">\n<table>\n<thead>\n<tr>\n<th>Specifiche<\/th>\n<th>Valore<\/th>\n<\/tr>\n<\/thead>\n<tbody>\n<tr>\n<td>Tensione<\/td>\n<td>220 V<\/td>\n<\/tr>\n<tr>\n<td>Frequenza<\/td>\n<td>50 Hz<\/td>\n<\/tr>\n<tr>\n<td>Refrigerante<\/td>\n<td>R600A<\/td>\n<\/tr>\n<tr>\n<td>Assorbimento di potenza<\/td>\n<td>230 W<\/td>\n<\/tr>\n<tr>\n<td>Consumo di energia (24 ore)<\/td>\n<td>2,84 kWh<\/td>\n<\/tr>\n<\/tbody>\n<\/table>\n<\/div>\n<\/div>\n<\/div>\n<\/div>\n<\/div>\n<\/div>","protected":false},"excerpt":{"rendered":"<p>The CLW 420 L BLACK is a premium static wine cooler designed for professional wine storage and display. Featuring a solid ash wood coating in elegant black finish, this cooler combines sophisticated aesthetics with advanced functionality. With its large capacity, quiet operation, and optional WiFi Smart Link remote control, it is ideal for wine cellars, [&hellip;]<\/p>\n","protected":false},"featured_media":7202,"comment_status":"open","ping_status":"closed","template":"","meta":[],"product_brand":[],"product_cat":[49],"product_tag":[],"class_list":{"0":"post-7201","1":"product","2":"type-product","3":"status-publish","4":"has-post-thumbnail","6":"product_cat-wine-fridges","8":"first","9":"instock","10":"shipping-taxable","11":"product-type-simple"},"_links":{"self":[{"href":"https:\/\/dersuessestopp.com\/it\/wp-json\/wp\/v2\/product\/7201","targetHints":{"allow":["GET"]}}],"collection":[{"href":"https:\/\/dersuessestopp.com\/it\/wp-json\/wp\/v2\/product"}],"about":[{"href":"https:\/\/dersuessestopp.com\/it\/wp-json\/wp\/v2\/types\/product"}],"replies":[{"embeddable":true,"href":"https:\/\/dersuessestopp.com\/it\/wp-json\/wp\/v2\/comments?post=7201"}],"version-history":[{"count":3,"href":"https:\/\/dersuessestopp.com\/it\/wp-json\/wp\/v2\/product\/7201\/revisions"}],"predecessor-version":[{"id":11652,"href":"https:\/\/dersuessestopp.com\/it\/wp-json\/wp\/v2\/product\/7201\/revisions\/11652"}],"wp:featuredmedia":[{"embeddable":true,"href":"https:\/\/dersuessestopp.com\/it\/wp-json\/wp\/v2\/media\/7202"}],"wp:attachment":[{"href":"https:\/\/dersuessestopp.com\/it\/wp-json\/wp\/v2\/media?parent=7201"}],"wp:term":[{"taxonomy":"product_brand","embeddable":true,"href":"https:\/\/dersuessestopp.com\/it\/wp-json\/wp\/v2\/product_brand?post=7201"},{"taxonomy":"product_cat","embeddable":true,"href":"https:\/\/dersuessestopp.com\/it\/wp-json\/wp\/v2\/product_cat?post=7201"},{"taxonomy":"product_tag","embeddable":true,"href":"https:\/\/dersuessestopp.com\/it\/wp-json\/wp\/v2\/product_tag?post=7201"}],"curies":[{"name":"wp","href":"https:\/\/api.w.org\/{rel}","templated":true}]}}