{"id":7164,"date":"2025-08-30T11:12:00","date_gmt":"2025-08-30T11:12:00","guid":{"rendered":"https:\/\/dersuessestopp.com\/?post_type=product&#038;p=7164"},"modified":"2025-08-30T11:12:00","modified_gmt":"2025-08-30T11:12:00","slug":"ckc-100","status":"publish","type":"product","link":"https:\/\/dersuessestopp.com\/it\/product\/ckc-100\/","title":{"rendered":"CKC 100"},"content":{"rendered":"<p data-start=\"373\" data-end=\"750\">Il <strong data-start=\"377\" data-end=\"414\">CKC 100 - Raffreddatore da banco<\/strong> \u00e8 un'unit\u00e0 refrigerata di livello professionale progettata per caff\u00e8, ristoranti, bar e negozi al dettaglio che desiderano esporre le bevande in modo attraente e accessibile. Con tre lati in vetro, un'efficiente illuminazione a LED e una potente ventilazione, questo refrigeratore assicura che i prodotti rimangano perfettamente refrigerati e ben visibili in ogni momento.<\/p>\n<p data-start=\"752\" data-end=\"1059\">Costruito con <strong data-start=\"763\" data-end=\"795\">costruzione in acciaio inox<\/strong>, un <strong data-start=\"800\" data-end=\"825\">termostato elettronico<\/strong>, e un <strong data-start=\"833\" data-end=\"860\">porta in vetro a chiusura automatica<\/strong>, Il CKC 100 offre durata e convenienza. Il suo design compatto da banco lo rende una scelta ideale per le aziende con spazio limitato, senza compromettere la capacit\u00e0 di stoccaggio o le prestazioni.<\/p>\n<h2 data-start=\"1066\" data-end=\"1083\">Caratteristiche principali<\/h2>\n<ul data-start=\"1084\" data-end=\"1522\">\n<li data-start=\"1084\" data-end=\"1154\">\n<p data-start=\"1086\" data-end=\"1154\"><strong data-start=\"1086\" data-end=\"1115\">Sistema di raffreddamento ventilato<\/strong> per una distribuzione uniforme della temperatura<\/p>\n<\/li>\n<li data-start=\"1155\" data-end=\"1196\">\n<p data-start=\"1157\" data-end=\"1196\"><strong data-start=\"1157\" data-end=\"1179\">Intervallo di temperatura:<\/strong> Da +3 \u00b0C a +8 \u00b0C<\/p>\n<\/li>\n<li data-start=\"1197\" data-end=\"1269\">\n<p data-start=\"1199\" data-end=\"1269\"><strong data-start=\"1199\" data-end=\"1240\">Esterno e interno in acciaio inox<\/strong> per l'igiene e la durata<\/p>\n<\/li>\n<li data-start=\"1270\" data-end=\"1331\">\n<p data-start=\"1272\" data-end=\"1331\"><strong data-start=\"1272\" data-end=\"1297\">Termostato elettronico<\/strong> per un controllo preciso della temperatura<\/p>\n<\/li>\n<li data-start=\"1332\" data-end=\"1392\">\n<p data-start=\"1334\" data-end=\"1392\"><strong data-start=\"1334\" data-end=\"1361\">Porta in vetro a chiusura automatica<\/strong> con illuminazione LED orizzontale<\/p>\n<\/li>\n<li data-start=\"1393\" data-end=\"1460\">\n<p data-start=\"1395\" data-end=\"1460\"><strong data-start=\"1395\" data-end=\"1424\">Design compatto da banco<\/strong> con un'eccellente visibilit\u00e0 del prodotto<\/p>\n<\/li>\n<li data-start=\"1461\" data-end=\"1522\">\n<p data-start=\"1463\" data-end=\"1522\"><strong data-start=\"1463\" data-end=\"1483\">Manutenzione semplice<\/strong> con sistema di sbrinamento a ciclo compressore<\/p>\n<\/li>\n<\/ul>\n<h2 data-start=\"1529\" data-end=\"1561\">Specifiche tecniche<\/h2>\n<table>\n<thead>\n<tr>\n<th>Modello<\/th>\n<th>Dimensioni esterne (LxPxH)<\/th>\n<th>Dimensioni dell'imballaggio (LxPxH)<\/th>\n<th>Dimensioni interne (LxPxH)<\/th>\n<th>Ripiani (LxP)<\/th>\n<\/tr>\n<\/thead>\n<tbody>\n<tr>\n<td><strong>CKC 100<\/strong><\/td>\n<td>1110 x 510 x 566 mm<\/td>\n<td>1170 x 570 x 640 mm<\/td>\n<td>790 x 400 x 390 mm<\/td>\n<td>2 pezzi - 752 x 390 mm<\/td>\n<\/tr>\n<\/tbody>\n<\/table>\n<h3 data-start=\"1919\" data-end=\"1947\">Prestazioni e capacit\u00e0<\/h3>\n<div class=\"_tableContainer_1rjym_1\">\n<div class=\"_tableWrapper_1rjym_13 group flex w-fit flex-col-reverse\">\n<table>\n<thead>\n<tr>\n<th>Modello<\/th>\n<th>Intervallo di temperatura<\/th>\n<th>Classe climatica<\/th>\n<th>Volume netto\/lordo<\/th>\n<th>Spessore dell'isolamento<\/th>\n<th>Sbrinamento<\/th>\n<th>Illuminazione<\/th>\n<\/tr>\n<\/thead>\n<tbody>\n<tr>\n<td><strong>CKC 100<\/strong><\/td>\n<td>+3 \u00b0C \/ +8 \u00b0C<\/td>\n<td>Classe 4<\/td>\n<td>150 L \/ 163 L<\/td>\n<td>45 mm<\/td>\n<td>Ciclo del compressore<\/td>\n<td>1 LED Orizzontale<\/td>\n<\/tr>\n<\/tbody>\n<\/table>\n<h3 data-start=\"1919\" data-end=\"1947\">Costruzione<\/h3>\n<table>\n<thead>\n<tr>\n<th>Esterno<\/th>\n<th>Interno<\/th>\n<th>Porta<\/th>\n<th>Scaffali<\/th>\n<th>Piedi\/Rulli<\/th>\n<th>Chiusura della porta<\/th>\n<\/tr>\n<\/thead>\n<tbody>\n<tr>\n<td>Acciaio inox<\/td>\n<td>Acciaio inox<\/td>\n<td>Vetro<\/td>\n<td>2 Regolabile<\/td>\n<td>4 Piedi<\/td>\n<td>S\u00ec, con chiusura automatica<\/td>\n<\/tr>\n<\/tbody>\n<\/table>\n<h3 data-start=\"2533\" data-end=\"2554\">Dati elettrici<\/h3>\n<div class=\"_tableContainer_1rjym_1\">\n<div class=\"_tableWrapper_1rjym_13 group flex w-fit flex-col-reverse\">\n<table>\n<thead>\n<tr>\n<th>Tensione<\/th>\n<th>Frequenza<\/th>\n<th>Refrigerante<\/th>\n<th>Assorbimento<\/th>\n<th>Consumo di energia<\/th>\n<th>Peso netto\/lordo<\/th>\n<\/tr>\n<\/thead>\n<tbody>\n<tr>\n<td>220 V<\/td>\n<td>50 Hz<\/td>\n<td>R600A<\/td>\n<td>180 W<\/td>\n<td>3,75 kWh \/ 24h<\/td>\n<td>70 \/ 74 kg<\/td>\n<\/tr>\n<\/tbody>\n<\/table>\n<\/div>\n<\/div>\n<\/div>\n<\/div>","protected":false},"excerpt":{"rendered":"<p>The CKC 100 Countertop Display Cooler is a professional-grade refrigerated unit designed for caf\u00e9s, restaurants, bars, and retail shops that want to showcase beverages in an attractive and accessible way. With three glass sides, efficient LED lighting, and powerful ventilation, this cooler ensures your products remain perfectly chilled and clearly visible at all times. Built [&hellip;]<\/p>\n","protected":false},"featured_media":7165,"comment_status":"open","ping_status":"closed","template":"","meta":[],"product_brand":[],"product_cat":[48],"product_tag":[],"class_list":{"0":"post-7164","1":"product","2":"type-product","3":"status-publish","4":"has-post-thumbnail","6":"product_cat-beverage-cooling","8":"first","9":"instock","10":"shipping-taxable","11":"product-type-simple"},"_links":{"self":[{"href":"https:\/\/dersuessestopp.com\/it\/wp-json\/wp\/v2\/product\/7164","targetHints":{"allow":["GET"]}}],"collection":[{"href":"https:\/\/dersuessestopp.com\/it\/wp-json\/wp\/v2\/product"}],"about":[{"href":"https:\/\/dersuessestopp.com\/it\/wp-json\/wp\/v2\/types\/product"}],"replies":[{"embeddable":true,"href":"https:\/\/dersuessestopp.com\/it\/wp-json\/wp\/v2\/comments?post=7164"}],"version-history":[{"count":1,"href":"https:\/\/dersuessestopp.com\/it\/wp-json\/wp\/v2\/product\/7164\/revisions"}],"predecessor-version":[{"id":7167,"href":"https:\/\/dersuessestopp.com\/it\/wp-json\/wp\/v2\/product\/7164\/revisions\/7167"}],"wp:featuredmedia":[{"embeddable":true,"href":"https:\/\/dersuessestopp.com\/it\/wp-json\/wp\/v2\/media\/7165"}],"wp:attachment":[{"href":"https:\/\/dersuessestopp.com\/it\/wp-json\/wp\/v2\/media?parent=7164"}],"wp:term":[{"taxonomy":"product_brand","embeddable":true,"href":"https:\/\/dersuessestopp.com\/it\/wp-json\/wp\/v2\/product_brand?post=7164"},{"taxonomy":"product_cat","embeddable":true,"href":"https:\/\/dersuessestopp.com\/it\/wp-json\/wp\/v2\/product_cat?post=7164"},{"taxonomy":"product_tag","embeddable":true,"href":"https:\/\/dersuessestopp.com\/it\/wp-json\/wp\/v2\/product_tag?post=7164"}],"curies":[{"name":"wp","href":"https:\/\/api.w.org\/{rel}","templated":true}]}}