{"id":7154,"date":"2025-08-30T11:04:36","date_gmt":"2025-08-30T11:04:36","guid":{"rendered":"https:\/\/dersuessestopp.com\/?post_type=product&#038;p=7154"},"modified":"2025-08-30T11:04:36","modified_gmt":"2025-08-30T11:04:36","slug":"s-85-xh","status":"publish","type":"product","link":"https:\/\/dersuessestopp.com\/it\/product\/s-85-xh\/","title":{"rendered":"S 85 XH"},"content":{"rendered":"<p data-start=\"314\" data-end=\"487\">Il <strong data-start=\"318\" data-end=\"333\">Serie S XH<\/strong> (S 85, S 185, S 285) sono <strong data-start=\"359\" data-end=\"404\">Raffreddatori statici da banco con ventilatore<\/strong> progettato per <strong data-start=\"418\" data-end=\"451\">conservazione professionale delle bevande<\/strong> nei bar, nei ristoranti e negli alberghi.<\/p>\n<p data-start=\"489\" data-end=\"643\">Realizzato con un <strong data-start=\"501\" data-end=\"572\">telaio della porta, griglia frontale e rivestimento interno in acciaio inox AISI 304<\/strong>, combinano <strong data-start=\"587\" data-end=\"640\">durata, superfici igieniche e design di alta qualit\u00e0<\/strong>.<\/p>\n<p data-start=\"645\" data-end=\"825\">Dotato di un <strong data-start=\"662\" data-end=\"687\">termostato elettronico<\/strong>, <strong data-start=\"689\" data-end=\"711\">porte a chiusura automatica<\/strong>, <strong data-start=\"713\" data-end=\"734\">sistema di chiusura e chiave<\/strong>, e <strong data-start=\"740\" data-end=\"767\">Illuminazione orizzontale a LED<\/strong>, garantiscono <strong data-start=\"784\" data-end=\"822\">efficienza, affidabilit\u00e0 e stile<\/strong>.<\/p>\n<h2 data-start=\"832\" data-end=\"850\">Caratteristiche principali<\/h2>\n<ul data-start=\"851\" data-end=\"1395\">\n<li data-start=\"851\" data-end=\"919\">\n<p data-start=\"853\" data-end=\"919\"><strong data-start=\"853\" data-end=\"897\">Refrigerazione statica con assistenza al ventilatore<\/strong> per un raffreddamento uniforme<\/p>\n<\/li>\n<li data-start=\"920\" data-end=\"969\">\n<p data-start=\"922\" data-end=\"969\"><strong data-start=\"922\" data-end=\"947\">Termostato elettronico<\/strong> per un controllo preciso<\/p>\n<\/li>\n<li data-start=\"970\" data-end=\"1045\">\n<p data-start=\"972\" data-end=\"1045\"><strong data-start=\"972\" data-end=\"1043\">Telaio della porta, griglia frontale e rivestimento interno in acciaio inox AISI 304<\/strong><\/p>\n<\/li>\n<li data-start=\"1046\" data-end=\"1077\">\n<p data-start=\"1048\" data-end=\"1077\"><strong data-start=\"1048\" data-end=\"1075\">Illuminazione LED orizzontale<\/strong><\/p>\n<\/li>\n<li data-start=\"1078\" data-end=\"1119\">\n<p data-start=\"1080\" data-end=\"1119\"><strong data-start=\"1080\" data-end=\"1117\">Porta a chiusura automatica con serratura e chiave<\/strong><\/p>\n<\/li>\n<li data-start=\"1120\" data-end=\"1171\">\n<p data-start=\"1122\" data-end=\"1171\"><strong data-start=\"1122\" data-end=\"1169\">Ripiani regolabili con sistema di supporto a clip<\/strong><\/p>\n<\/li>\n<li data-start=\"1172\" data-end=\"1221\">\n<p data-start=\"1174\" data-end=\"1221\"><strong data-start=\"1174\" data-end=\"1219\">Spessore dell'isolamento di 50 mm per l'efficienza<\/strong><\/p>\n<\/li>\n<li data-start=\"1222\" data-end=\"1276\">\n<p data-start=\"1224\" data-end=\"1276\"><strong data-start=\"1224\" data-end=\"1252\">Smart Link WiFi opzionale<\/strong> per il monitoraggio remoto<\/p>\n<\/li>\n<li data-start=\"1277\" data-end=\"1343\">\n<p data-start=\"1279\" data-end=\"1343\"><strong data-start=\"1279\" data-end=\"1297\">Sistema di sbrinamento<\/strong>ciclo automatico del compressore + opzione manuale<\/p>\n<\/li>\n<li data-start=\"1344\" data-end=\"1395\">\n<p data-start=\"1346\" data-end=\"1395\"><strong data-start=\"1346\" data-end=\"1370\">Quattro piedini regolabili<\/strong> per un posizionamento stabile<\/p>\n<\/li>\n<\/ul>\n<h2 data-start=\"1402\" data-end=\"1454\">Capacit\u00e0 (approssimativa, a seconda della confezione)<\/h2>\n<table>\n<thead>\n<tr>\n<th>Tipo di bottiglia\/lattina<\/th>\n<th>S 85 XH<\/th>\n<th>S 185 XH<\/th>\n<th>S 285 XH<\/th>\n<\/tr>\n<\/thead>\n<tbody>\n<tr>\n<td>Bottiglie da 1 L<\/td>\n<td>26<\/td>\n<td>42<\/td>\n<td>70<\/td>\n<\/tr>\n<tr>\n<td>Bottiglie da 75 cl<\/td>\n<td>30<\/td>\n<td>44<\/td>\n<td>80<\/td>\n<\/tr>\n<tr>\n<td>Bottiglie da 66 cl<\/td>\n<td>30<\/td>\n<td>54<\/td>\n<td>132<\/td>\n<\/tr>\n<tr>\n<td>Bottiglie da 50 cl<\/td>\n<td>78<\/td>\n<td>110<\/td>\n<td>175<\/td>\n<\/tr>\n<tr>\n<td>Bottiglie da 33 cl<\/td>\n<td>90<\/td>\n<td>135<\/td>\n<td>225<\/td>\n<\/tr>\n<tr>\n<td>33 cl Lattine<\/td>\n<td>150<\/td>\n<td>225<\/td>\n<td>360<\/td>\n<\/tr>\n<\/tbody>\n<\/table>\n<h2 data-start=\"1894\" data-end=\"1923\">Specifiche tecniche<\/h2>\n<div class=\"_tableContainer_1rjym_1\">\n<div class=\"_tableWrapper_1rjym_13 group flex w-fit flex-col-reverse\">\n<table>\n<thead>\n<tr>\n<th>Specifiche<\/th>\n<th>S 85 XH<\/th>\n<th>S 185 XH<\/th>\n<th>S 285 XH<\/th>\n<\/tr>\n<\/thead>\n<tbody>\n<tr>\n<td><strong>Dimensioni esterne (LxPxH)<\/strong><\/td>\n<td>600 \u00d7 530 \u00d7 835 mm<\/td>\n<td>900 \u00d7 530 \u00d7 835 mm<\/td>\n<td>1350 \u00d7 530 \u00d7 835 mm<\/td>\n<\/tr>\n<tr>\n<td><strong>Dimensioni dell'imballaggio (LxPxH)<\/strong><\/td>\n<td>645 \u00d7 570 \u00d7 1020 mm<\/td>\n<td>950 \u00d7 570 \u00d7 1020 mm<\/td>\n<td>1400 \u00d7 570 \u00d7 1020 mm<\/td>\n<\/tr>\n<tr>\n<td><strong>Volume netto\/lordo<\/strong><\/td>\n<td>100 \/ 121 L<\/td>\n<td>150 \/ 188 L<\/td>\n<td>241 \/ 293 L<\/td>\n<\/tr>\n<tr>\n<td><strong>Intervallo di temperatura<\/strong><\/td>\n<td>0\u00b0C \/ +10\u00b0C<\/td>\n<td>0\u00b0C \/ +10\u00b0C<\/td>\n<td>0\u00b0C \/ +10\u00b0C<\/td>\n<\/tr>\n<tr>\n<td><strong>Classe climatica<\/strong><\/td>\n<td>4<\/td>\n<td>4<\/td>\n<td>4<\/td>\n<\/tr>\n<tr>\n<td><strong>Livello di rumore<\/strong><\/td>\n<td>50 dB<\/td>\n<td>50 dB<\/td>\n<td>50 dB<\/td>\n<\/tr>\n<tr>\n<td><strong>Spessore dell'isolamento<\/strong><\/td>\n<td>50 mm<\/td>\n<td>50 mm<\/td>\n<td>50 mm<\/td>\n<\/tr>\n<tr>\n<td><strong>Illuminazione<\/strong><\/td>\n<td>1 LED orizzontale<\/td>\n<td>1 LED orizzontale<\/td>\n<td>1 LED orizzontale<\/td>\n<\/tr>\n<tr>\n<td><strong>Sbrinamento<\/strong><\/td>\n<td>Automatico (compressore spento) + Manuale<\/td>\n<td>Automatico (compressore spento) + Manuale<\/td>\n<td>Automatico (compressore spento) + Manuale<\/td>\n<\/tr>\n<tr>\n<td><strong>Ripiani (LxP)<\/strong><\/td>\n<td>2 \u00d7 500 \u00d7 352 mm 2 \u00d7 347 \u00d7 440 mm<\/td>\n<td>4 \u00d7 355 \u00d7 400 mm<\/td>\n<td>4 \u00d7 355 \u00d7 400 mm<\/td>\n<\/tr>\n<tr>\n<td><strong>Porta<\/strong><\/td>\n<td>Acciaio inox AISI 304<\/td>\n<td>Acciaio inox AISI 304<\/td>\n<td>Acciaio inox AISI 304<\/td>\n<\/tr>\n<tr>\n<td><strong>Rivestimento interno<\/strong><\/td>\n<td>Acciaio inox AISI 304<\/td>\n<td>Acciaio inox AISI 304<\/td>\n<td>Acciaio inox AISI 304<\/td>\n<\/tr>\n<tr>\n<td><strong>Corpo<\/strong><\/td>\n<td>Lastra anticorrosione preverniciata<\/td>\n<td>Lastra anticorrosione preverniciata<\/td>\n<td>Lastra anticorrosione preverniciata<\/td>\n<\/tr>\n<tr>\n<td><strong>Smart Link WiFi<\/strong><\/td>\n<td>Opzionale<\/td>\n<td>Opzionale<\/td>\n<td>Opzionale<\/td>\n<\/tr>\n<tr>\n<td><strong>Piedi<\/strong><\/td>\n<td>4 Piedini regolabili<\/td>\n<td>4 Piedini regolabili<\/td>\n<td>4 Piedini regolabili<\/td>\n<\/tr>\n<tr>\n<td><strong>Peso netto\/lordo<\/strong><\/td>\n<td>41 \/ 49 kg<\/td>\n<td>60 \/ 70 kg<\/td>\n<td>82 \/ 93 kg<\/td>\n<\/tr>\n<tr>\n<td><strong>Tensione<\/strong><\/td>\n<td>220-240 V<\/td>\n<td>220-240 V<\/td>\n<td>220-240 V<\/td>\n<\/tr>\n<tr>\n<td><strong>Frequenza<\/strong><\/td>\n<td>50 Hz \/ 60 Hz (opzionale)<\/td>\n<td>50 Hz \/ 60 Hz (opzionale)<\/td>\n<td>50 Hz \/ 60 Hz (opzionale)<\/td>\n<\/tr>\n<tr>\n<td><strong>Refrigerante<\/strong><\/td>\n<td>R600A<\/td>\n<td>R600A<\/td>\n<td>R600A<\/td>\n<\/tr>\n<tr>\n<td><strong>Assorbimento<\/strong><\/td>\n<td>160 W<\/td>\n<td>190 W<\/td>\n<td>220 W<\/td>\n<\/tr>\n<tr>\n<td><strong>Consumo di energia (24 ore)<\/strong><\/td>\n<td>1,1 kWh<\/td>\n<td>1,35 kWh<\/td>\n<td>1,52 kWh<\/td>\n<\/tr>\n<\/tbody>\n<\/table>\n<\/div>\n<\/div>","protected":false},"excerpt":{"rendered":"<p>The S XH series (S 85, S 185, S 285) are under-counter static-fan assisted coolers designed for professional beverage storage in bars, restaurants, and hotels. Made with a stainless steel AISI 304 door frame, front grid, and internal liner, they combine durability, hygienic surfaces, and premium design. Equipped with an electronic thermostat, self-closing doors, lock [&hellip;]<\/p>\n","protected":false},"featured_media":7156,"comment_status":"open","ping_status":"closed","template":"","meta":[],"product_brand":[],"product_cat":[48],"product_tag":[],"class_list":{"0":"post-7154","1":"product","2":"type-product","3":"status-publish","4":"has-post-thumbnail","6":"product_cat-beverage-cooling","8":"first","9":"instock","10":"shipping-taxable","11":"product-type-simple"},"_links":{"self":[{"href":"https:\/\/dersuessestopp.com\/it\/wp-json\/wp\/v2\/product\/7154","targetHints":{"allow":["GET"]}}],"collection":[{"href":"https:\/\/dersuessestopp.com\/it\/wp-json\/wp\/v2\/product"}],"about":[{"href":"https:\/\/dersuessestopp.com\/it\/wp-json\/wp\/v2\/types\/product"}],"replies":[{"embeddable":true,"href":"https:\/\/dersuessestopp.com\/it\/wp-json\/wp\/v2\/comments?post=7154"}],"version-history":[{"count":1,"href":"https:\/\/dersuessestopp.com\/it\/wp-json\/wp\/v2\/product\/7154\/revisions"}],"predecessor-version":[{"id":7158,"href":"https:\/\/dersuessestopp.com\/it\/wp-json\/wp\/v2\/product\/7154\/revisions\/7158"}],"wp:featuredmedia":[{"embeddable":true,"href":"https:\/\/dersuessestopp.com\/it\/wp-json\/wp\/v2\/media\/7156"}],"wp:attachment":[{"href":"https:\/\/dersuessestopp.com\/it\/wp-json\/wp\/v2\/media?parent=7154"}],"wp:term":[{"taxonomy":"product_brand","embeddable":true,"href":"https:\/\/dersuessestopp.com\/it\/wp-json\/wp\/v2\/product_brand?post=7154"},{"taxonomy":"product_cat","embeddable":true,"href":"https:\/\/dersuessestopp.com\/it\/wp-json\/wp\/v2\/product_cat?post=7154"},{"taxonomy":"product_tag","embeddable":true,"href":"https:\/\/dersuessestopp.com\/it\/wp-json\/wp\/v2\/product_tag?post=7154"}],"curies":[{"name":"wp","href":"https:\/\/api.w.org\/{rel}","templated":true}]}}