{"id":7083,"date":"2025-08-30T07:30:25","date_gmt":"2025-08-30T07:30:25","guid":{"rendered":"https:\/\/dersuessestopp.com\/?post_type=product&#038;p=7083"},"modified":"2025-08-30T07:37:21","modified_gmt":"2025-08-30T07:37:21","slug":"nastro-trasportatore-per-adam-k6-k12-k24","status":"publish","type":"product","link":"https:\/\/dersuessestopp.com\/it\/product\/conveyor-belt-for-adam-k6-k12-k24\/","title":{"rendered":"Nastro trasportatore per Adam K6 K12 K24"},"content":{"rendered":"<p data-start=\"258\" data-end=\"565\">Il nastro trasportatore \u00e8 progettato per integrarsi perfettamente con le temperatrici Adam K6, K12 e K24. Dotato di una griglia in acciaio inox a velocit\u00e0 regolabile, consente di ricoprire continuamente il cioccolato creando una cascata di cioccolato, ideale per ricoprire biscotti, frutta secca e altri prodotti dolciari.<\/p>\n<p data-start=\"567\" data-end=\"861\">Il sistema \u00e8 dotato di un soffiatore per rimuovere il cioccolato in eccesso, garantendo una finitura liscia e uniforme. Un carrello motorizzato depone automaticamente i prodotti rivestiti su carta cerata per facilitarne la manipolazione. Gli operatori possono fermare il nastro tramite una leva, tagliare la carta e trasferire comodamente i prodotti finiti.<\/p>\n<p data-start=\"863\" data-end=\"1093\">Per una maggiore funzionalit\u00e0, due manopole estraibili rivelano un vassoio di supporto aggiuntivo per i prodotti finiti. Sia la velocit\u00e0 del convogliatore che la potenza della soffiante sono completamente regolabili, offrendo precisione e flessibilit\u00e0 per le varie esigenze di produzione.<\/p>\n<h3 data-start=\"1100\" data-end=\"1122\">Caratteristiche del prodotto<\/h3>\n<ul data-start=\"1123\" data-end=\"1504\">\n<li data-start=\"1123\" data-end=\"1183\">\n<p data-start=\"1125\" data-end=\"1183\">Compatibile con le macchine di tempra Adam K6, K12 e K24<\/p>\n<\/li>\n<li data-start=\"1184\" data-end=\"1230\">\n<p data-start=\"1186\" data-end=\"1230\">Griglia in acciaio inox con velocit\u00e0 regolabile<\/p>\n<\/li>\n<li data-start=\"1231\" data-end=\"1277\">\n<p data-start=\"1233\" data-end=\"1277\">Cascata di cioccolato integrata per la copertura<\/p>\n<\/li>\n<li data-start=\"1278\" data-end=\"1322\">\n<p data-start=\"1280\" data-end=\"1322\">Sistema di soffiatura per rimuovere il cioccolato in eccesso<\/p>\n<\/li>\n<li data-start=\"1323\" data-end=\"1371\">\n<p data-start=\"1325\" data-end=\"1371\">Alimentazione automatica della carta cerata per prodotti patinati<\/p>\n<\/li>\n<li data-start=\"1372\" data-end=\"1416\">\n<p data-start=\"1374\" data-end=\"1416\">Vassoio di supporto estraibile per gli articoli finiti<\/p>\n<\/li>\n<li data-start=\"1417\" data-end=\"1463\">\n<p data-start=\"1419\" data-end=\"1463\">Potenza della soffiante e velocit\u00e0 del convogliatore regolabili<\/p>\n<\/li>\n<li data-start=\"1464\" data-end=\"1504\">\n<p data-start=\"1466\" data-end=\"1504\">Facile mobilit\u00e0 grazie alle ruote integrate<\/p>\n<\/li>\n<\/ul>\n<h3 data-start=\"1511\" data-end=\"1541\">Specifiche tecniche<\/h3>\n<table>\n<thead>\n<tr>\n<th><strong>Categoria<\/strong><\/th>\n<th><strong>Dettagli<\/strong><\/th>\n<\/tr>\n<\/thead>\n<tbody>\n<tr>\n<td><strong>Dimensioni e peso<\/strong><\/td>\n<td>Lunghezza: 171,8 cmLarghezza: 53,65 cmAltezza totale: 118,5 cmLarghezza cintura: 22 cmPeso: 60 kg<\/td>\n<\/tr>\n<tr>\n<td><strong>Materiale del corpo<\/strong><\/td>\n<td>Acciaio inox<\/td>\n<\/tr>\n<tr>\n<td><strong>Consumo<\/strong><\/td>\n<td>1 kW230 V - 50 Hz (versione opzionale 230 V)<\/td>\n<\/tr>\n<tr>\n<td><strong>Strumentazione<\/strong><\/td>\n<td>- 1 soffiatore- 2 regolatori per la potenza dell'aria e la velocit\u00e0 del nastro- 1 vassoio rimovibile- 1 rotolo di carta oleata- 1 cascata di cioccolato- ruote per facilitare gli spostamenti<\/td>\n<\/tr>\n<tr>\n<td><strong>Sistema di movimento<\/strong><\/td>\n<td>- 1 Motore- Griglia in acciaio inox- Cinghia blu da 20 cm<\/td>\n<\/tr>\n<\/tbody>\n<\/table>","protected":false},"excerpt":{"rendered":"<p>The conveyor belt is designed to integrate seamlessly with the Adam K6, K12, and K24 tempering machines. Featuring a stainless steel grid with adjustable speed, it enables continuous chocolate coating by creating a chocolate cascade\u2014ideal for coating biscuits, dried fruits, and other confectionery items. The system is equipped with a blower to remove excess chocolate, [&hellip;]<\/p>\n","protected":false},"featured_media":7084,"comment_status":"open","ping_status":"closed","template":"","meta":[],"product_brand":[],"product_cat":[45],"product_tag":[],"class_list":{"0":"post-7083","1":"product","2":"type-product","3":"status-publish","4":"has-post-thumbnail","6":"product_cat-tempering-belts","8":"first","9":"instock","10":"shipping-taxable","11":"product-type-simple"},"_links":{"self":[{"href":"https:\/\/dersuessestopp.com\/it\/wp-json\/wp\/v2\/product\/7083","targetHints":{"allow":["GET"]}}],"collection":[{"href":"https:\/\/dersuessestopp.com\/it\/wp-json\/wp\/v2\/product"}],"about":[{"href":"https:\/\/dersuessestopp.com\/it\/wp-json\/wp\/v2\/types\/product"}],"replies":[{"embeddable":true,"href":"https:\/\/dersuessestopp.com\/it\/wp-json\/wp\/v2\/comments?post=7083"}],"version-history":[{"count":2,"href":"https:\/\/dersuessestopp.com\/it\/wp-json\/wp\/v2\/product\/7083\/revisions"}],"predecessor-version":[{"id":7086,"href":"https:\/\/dersuessestopp.com\/it\/wp-json\/wp\/v2\/product\/7083\/revisions\/7086"}],"wp:featuredmedia":[{"embeddable":true,"href":"https:\/\/dersuessestopp.com\/it\/wp-json\/wp\/v2\/media\/7084"}],"wp:attachment":[{"href":"https:\/\/dersuessestopp.com\/it\/wp-json\/wp\/v2\/media?parent=7083"}],"wp:term":[{"taxonomy":"product_brand","embeddable":true,"href":"https:\/\/dersuessestopp.com\/it\/wp-json\/wp\/v2\/product_brand?post=7083"},{"taxonomy":"product_cat","embeddable":true,"href":"https:\/\/dersuessestopp.com\/it\/wp-json\/wp\/v2\/product_cat?post=7083"},{"taxonomy":"product_tag","embeddable":true,"href":"https:\/\/dersuessestopp.com\/it\/wp-json\/wp\/v2\/product_tag?post=7083"}],"curies":[{"name":"wp","href":"https:\/\/api.w.org\/{rel}","templated":true}]}}