{"id":7062,"date":"2025-08-30T06:45:00","date_gmt":"2025-08-30T06:45:00","guid":{"rendered":"https:\/\/dersuessestopp.com\/?post_type=product&#038;p=7062"},"modified":"2025-08-30T06:50:52","modified_gmt":"2025-08-30T06:50:52","slug":"adam-k24","status":"publish","type":"product","link":"https:\/\/dersuessestopp.com\/it\/product\/adam-k24\/","title":{"rendered":"Adam K24"},"content":{"rendered":"<p data-start=\"201\" data-end=\"265\"><strong data-start=\"201\" data-end=\"263\">Pratica e funzionale macchina per il temperaggio del cioccolato da 24 kg<\/strong><\/p>\n<h3 data-start=\"290\" data-end=\"307\">Descrizione<\/h3>\n<p data-start=\"308\" data-end=\"646\">Adam K24 (modello 2022) \u00e8 una temperatrice per cioccolato ad alte prestazioni con una capacit\u00e0 di 24 kg, progettata per pasticcerie, cioccolaterie e ristoranti di medie e grandi dimensioni. Compatta ma resistente, questa macchina garantisce un temperaggio preciso e affidabile, rendendola uno strumento essenziale per i professionisti che lavorano con grandi volumi di cioccolato.<\/p>\n<p data-start=\"648\" data-end=\"1026\">Dotato di un intuitivo pannello di controllo touchscreen da 4,3 pollici, Adam K24 consente la gestione completa dei cicli di fusione e tempra, il dosaggio elettronico, le modalit\u00e0 di inversione e standby, nonch\u00e9 il controllo on\/off del tavolo vibrante con riscaldamento integrato. Il suo design intelligente semplifica il funzionamento e la pulizia, grazie alla coclea rimovibile, al rubinetto di scarico posteriore e alla funzionalit\u00e0 di inversione.<\/p>\n<p data-start=\"1028\" data-end=\"1192\">Con una capacit\u00e0 produttiva oraria fino a 90 kg, Adam K24 combina tecnologia avanzata e facilit\u00e0 d'uso, garantendo risultati costanti e massima efficienza.<\/p>\n<h3 data-start=\"1199\" data-end=\"1221\">Caratteristiche del prodotto<\/h3>\n<ul data-start=\"1222\" data-end=\"2029\">\n<li data-start=\"1222\" data-end=\"1294\">\n<p data-start=\"1224\" data-end=\"1294\"><strong data-start=\"1224\" data-end=\"1247\">Capacit\u00e0 della vasca di 24 kg<\/strong>, ideale per la produzione su media e grande scala<\/p>\n<\/li>\n<li data-start=\"1295\" data-end=\"1369\">\n<p data-start=\"1297\" data-end=\"1369\"><strong data-start=\"1297\" data-end=\"1338\">Corpo compatto e resistente in acciaio inox<\/strong> per prestazioni di lunga durata<\/p>\n<\/li>\n<li data-start=\"1370\" data-end=\"1495\">\n<p data-start=\"1372\" data-end=\"1495\"><strong data-start=\"1372\" data-end=\"1402\">Pannello touchscreen da 4,3 pollici<\/strong> per la regolazione precisa della temperatura, il dosaggio elettronico, la modalit\u00e0 inversa e le funzioni di standby<\/p>\n<\/li>\n<li data-start=\"1496\" data-end=\"1566\">\n<p data-start=\"1498\" data-end=\"1566\"><strong data-start=\"1498\" data-end=\"1548\">Due porta stampi con riscaldamento integrato della griglia<\/strong> (52,5 cm in totale)<\/p>\n<\/li>\n<li data-start=\"1567\" data-end=\"1633\">\n<p data-start=\"1569\" data-end=\"1633\"><strong data-start=\"1569\" data-end=\"1586\">Facile da pulire<\/strong> grazie alla coclea estraibile e al rubinetto di scarico posteriore<\/p>\n<\/li>\n<li data-start=\"1634\" data-end=\"1695\">\n<p data-start=\"1636\" data-end=\"1695\"><strong data-start=\"1636\" data-end=\"1666\">Motori silenziosi ed efficienti<\/strong> per la movimentazione di coclee e vasche<\/p>\n<\/li>\n<li data-start=\"1696\" data-end=\"1800\">\n<p data-start=\"1698\" data-end=\"1800\"><strong data-start=\"1698\" data-end=\"1725\">Sistema di riscaldamento avanzato<\/strong> con resistenza al silicone per il serbatoio e resistenza al cavo per la coclea<\/p>\n<\/li>\n<li data-start=\"1801\" data-end=\"1915\">\n<p data-start=\"1803\" data-end=\"1915\"><strong data-start=\"1803\" data-end=\"1830\">Potente sistema di raffreddamento<\/strong> con refrigerazione da 7.500 BTU, coclea raffreddata ad acqua e 3 ventole per il raffreddamento dei componenti<\/p>\n<\/li>\n<li data-start=\"1916\" data-end=\"1977\">\n<p data-start=\"1918\" data-end=\"1977\"><strong data-start=\"1918\" data-end=\"1937\">Caratteristiche di sicurezza<\/strong> compresi gli interruttori principali e di emergenza<\/p>\n<\/li>\n<li data-start=\"1978\" data-end=\"2029\">\n<p data-start=\"1980\" data-end=\"2029\"><strong data-start=\"1980\" data-end=\"2001\">Alta produttivit\u00e0<\/strong> fino a 90 kg all'ora<\/p>\n<\/li>\n<\/ul>\n<h3 data-start=\"2036\" data-end=\"2066\">Specifiche tecniche<\/h3>\n<table>\n<thead>\n<tr>\n<th><strong>Categoria<\/strong><\/th>\n<th><strong>Dettagli<\/strong><\/th>\n<\/tr>\n<\/thead>\n<tbody>\n<tr>\n<td><strong>Dimensioni e peso<\/strong><\/td>\n<td>Peso: 158 kgDimensioni: 760 \u00d7 800 \u00d7 1450 mmCapacit\u00e0 vasca: 24 kgMateriale corpo: Acciaio inox<\/td>\n<\/tr>\n<tr>\n<td><strong>Produzione oraria<\/strong><\/td>\n<td>90 kg<\/td>\n<\/tr>\n<tr>\n<td><strong>Tavola vibrante<\/strong><\/td>\n<td>2 porta stampi con riscaldamento integrato della griglia (52,5 cm in totale)<\/td>\n<\/tr>\n<tr>\n<td><strong>Strumentazione ed elettricit\u00e0<\/strong><\/td>\n<td>- Interruttore principale e di emergenza - Pannello touchscreen interattivo da 4,3\u201d (modalit\u00e0 notturna, inversione, spegnimento rapido, controllo della temperatura, dosaggio elettronico, accensione\/spegnimento del tavolo vibrante e riscaldamento)<\/td>\n<\/tr>\n<tr>\n<td><strong>Sistema di movimentazione dei prodotti<\/strong><\/td>\n<td>- 1 motore coclea - 1 motore vasca<\/td>\n<\/tr>\n<tr>\n<td><strong>Sistema di riscaldamento<\/strong><\/td>\n<td>- 1 resistenza al silicone (riscaldamento del serbatoio) - 1 resistenza a cavo (riscaldamento della coclea)<\/td>\n<\/tr>\n<tr>\n<td><strong>Sistema di raffreddamento<\/strong><\/td>\n<td>- Sistema di refrigerazione (potenza di raffreddamento: 7.500 BTU) - Raffreddamento a coclea d'acqua - 3 ventole per il raffreddamento dei componenti<\/td>\n<\/tr>\n<tr>\n<td><strong>Consumo<\/strong><\/td>\n<td>3 kW50\/60 Hz - 230\/400 V<\/td>\n<\/tr>\n<\/tbody>\n<\/table>","protected":false},"excerpt":{"rendered":"<p>Practical and functional 24 kg chocolate tempering machine Description The Adam K24 (model 2022) is a high-performance chocolate tempering machine with a 24 kg bowl capacity, designed for medium to large pastry shops, chocolatiers, and restaurants. Compact yet durable, this machine ensures precise and reliable tempering, making it an essential tool for professionals working with [&hellip;]<\/p>\n","protected":false},"featured_media":7063,"comment_status":"open","ping_status":"closed","template":"","meta":[],"product_brand":[],"product_cat":[44],"product_tag":[],"class_list":{"0":"post-7062","1":"product","2":"type-product","3":"status-publish","4":"has-post-thumbnail","6":"product_cat-tempering-line","8":"first","9":"instock","10":"shipping-taxable","11":"product-type-simple"},"_links":{"self":[{"href":"https:\/\/dersuessestopp.com\/it\/wp-json\/wp\/v2\/product\/7062","targetHints":{"allow":["GET"]}}],"collection":[{"href":"https:\/\/dersuessestopp.com\/it\/wp-json\/wp\/v2\/product"}],"about":[{"href":"https:\/\/dersuessestopp.com\/it\/wp-json\/wp\/v2\/types\/product"}],"replies":[{"embeddable":true,"href":"https:\/\/dersuessestopp.com\/it\/wp-json\/wp\/v2\/comments?post=7062"}],"version-history":[{"count":2,"href":"https:\/\/dersuessestopp.com\/it\/wp-json\/wp\/v2\/product\/7062\/revisions"}],"predecessor-version":[{"id":7065,"href":"https:\/\/dersuessestopp.com\/it\/wp-json\/wp\/v2\/product\/7062\/revisions\/7065"}],"wp:featuredmedia":[{"embeddable":true,"href":"https:\/\/dersuessestopp.com\/it\/wp-json\/wp\/v2\/media\/7063"}],"wp:attachment":[{"href":"https:\/\/dersuessestopp.com\/it\/wp-json\/wp\/v2\/media?parent=7062"}],"wp:term":[{"taxonomy":"product_brand","embeddable":true,"href":"https:\/\/dersuessestopp.com\/it\/wp-json\/wp\/v2\/product_brand?post=7062"},{"taxonomy":"product_cat","embeddable":true,"href":"https:\/\/dersuessestopp.com\/it\/wp-json\/wp\/v2\/product_cat?post=7062"},{"taxonomy":"product_tag","embeddable":true,"href":"https:\/\/dersuessestopp.com\/it\/wp-json\/wp\/v2\/product_tag?post=7062"}],"curies":[{"name":"wp","href":"https:\/\/api.w.org\/{rel}","templated":true}]}}