{"id":7048,"date":"2025-08-30T05:53:38","date_gmt":"2025-08-30T05:53:38","guid":{"rendered":"https:\/\/dersuessestopp.com\/?post_type=product&#038;p=7048"},"modified":"2025-08-30T05:53:38","modified_gmt":"2025-08-30T05:53:38","slug":"cp5","status":"publish","type":"product","link":"https:\/\/dersuessestopp.com\/it\/product\/cp5\/","title":{"rendered":"CP5"},"content":{"rendered":"<p data-start=\"112\" data-end=\"534\">Il <strong data-start=\"116\" data-end=\"134\">CP5 Rivestitore di padelle<\/strong> \u00e8 una macchina compatta e affidabile progettata per i cioccolatieri artigianali e i piccoli produttori di dolciumi. Perfetta per ricoprire di cioccolato frutta secca, chicchi di caff\u00e8, riso soffiato e altri prodotti di forma rotonda, produce drag\u00e9es e confetti di qualit\u00e0 professionale con efficienza e precisione. Con una capacit\u00e0 di 5 kg, \u00e8 ideale per lotti di piccole dimensioni, prodotti speciali o test.<\/p>\n<h3 data-start=\"536\" data-end=\"554\">Caratteristiche principali<\/h3>\n<ul data-start=\"555\" data-end=\"1181\">\n<li data-start=\"555\" data-end=\"642\">\n<p data-start=\"557\" data-end=\"642\"><strong data-start=\"557\" data-end=\"574\">5 kg Capacit\u00e0<\/strong> - Perfetto per la produzione su piccola scala e per la pasticceria speciale.<\/p>\n<\/li>\n<li data-start=\"643\" data-end=\"786\">\n<p data-start=\"645\" data-end=\"786\"><strong data-start=\"645\" data-end=\"678\">Struttura resistente in acciaio inox<\/strong> - Vasca e struttura della macchina in acciaio inox AISI 304 per garantire igiene, durata e facilit\u00e0 di pulizia.<\/p>\n<\/li>\n<li data-start=\"787\" data-end=\"870\">\n<p data-start=\"789\" data-end=\"870\"><strong data-start=\"789\" data-end=\"814\">Velocit\u00e0 della vasca regolabile<\/strong> - Controllo della velocit\u00e0 di rotazione per ottenere risultati di rivestimento precisi.<\/p>\n<\/li>\n<li data-start=\"871\" data-end=\"1015\">\n<p data-start=\"873\" data-end=\"1015\"><strong data-start=\"873\" data-end=\"902\">Sistema di flusso d'aria integrato<\/strong> - Ventilatore incorporato con aria a temperatura ambiente o riscaldata (tramite elementi riscaldanti) selezionabile per una finitura uniforme.<\/p>\n<\/li>\n<li data-start=\"1016\" data-end=\"1087\">\n<p data-start=\"1018\" data-end=\"1087\"><strong data-start=\"1018\" data-end=\"1043\">Motore silenzioso e potente<\/strong> - Assicura un funzionamento regolare ed efficiente.<\/p>\n<\/li>\n<li data-start=\"1088\" data-end=\"1181\">\n<p data-start=\"1090\" data-end=\"1181\"><strong data-start=\"1090\" data-end=\"1115\">Alimentazione standard<\/strong> - Funziona a 220V monofase (0,4 kW) per una facile installazione.<\/p>\n<\/li>\n<\/ul>\n<h3 data-start=\"1183\" data-end=\"1201\"><\/h3>","protected":false},"excerpt":{"rendered":"<p>The CP5 Pan Coater is a compact and reliable machine designed for artisan chocolatiers and small confectionery producers. Perfect for chocolate coating dried fruits, coffee beans, puffed rice, and other round-shaped products, it delivers professional-quality drag\u00e9es and sugar-coated treats with efficiency and precision. With its 5 kg capacity, it is ideal for small-scale batches, specialty [&hellip;]<\/p>\n","protected":false},"featured_media":7049,"comment_status":"open","ping_status":"closed","template":"","meta":[],"product_brand":[],"product_cat":[43],"product_tag":[],"class_list":{"0":"post-7048","1":"product","2":"type-product","3":"status-publish","4":"has-post-thumbnail","6":"product_cat-pan-coaters","8":"first","9":"instock","10":"shipping-taxable","11":"product-type-simple"},"_links":{"self":[{"href":"https:\/\/dersuessestopp.com\/it\/wp-json\/wp\/v2\/product\/7048","targetHints":{"allow":["GET"]}}],"collection":[{"href":"https:\/\/dersuessestopp.com\/it\/wp-json\/wp\/v2\/product"}],"about":[{"href":"https:\/\/dersuessestopp.com\/it\/wp-json\/wp\/v2\/types\/product"}],"replies":[{"embeddable":true,"href":"https:\/\/dersuessestopp.com\/it\/wp-json\/wp\/v2\/comments?post=7048"}],"version-history":[{"count":1,"href":"https:\/\/dersuessestopp.com\/it\/wp-json\/wp\/v2\/product\/7048\/revisions"}],"predecessor-version":[{"id":7050,"href":"https:\/\/dersuessestopp.com\/it\/wp-json\/wp\/v2\/product\/7048\/revisions\/7050"}],"wp:featuredmedia":[{"embeddable":true,"href":"https:\/\/dersuessestopp.com\/it\/wp-json\/wp\/v2\/media\/7049"}],"wp:attachment":[{"href":"https:\/\/dersuessestopp.com\/it\/wp-json\/wp\/v2\/media?parent=7048"}],"wp:term":[{"taxonomy":"product_brand","embeddable":true,"href":"https:\/\/dersuessestopp.com\/it\/wp-json\/wp\/v2\/product_brand?post=7048"},{"taxonomy":"product_cat","embeddable":true,"href":"https:\/\/dersuessestopp.com\/it\/wp-json\/wp\/v2\/product_cat?post=7048"},{"taxonomy":"product_tag","embeddable":true,"href":"https:\/\/dersuessestopp.com\/it\/wp-json\/wp\/v2\/product_tag?post=7048"}],"curies":[{"name":"wp","href":"https:\/\/api.w.org\/{rel}","templated":true}]}}