{"id":7043,"date":"2025-08-30T05:48:37","date_gmt":"2025-08-30T05:48:37","guid":{"rendered":"https:\/\/dersuessestopp.com\/?post_type=product&#038;p=7043"},"modified":"2025-08-30T05:50:02","modified_gmt":"2025-08-30T05:50:02","slug":"cp25","status":"publish","type":"product","link":"https:\/\/dersuessestopp.com\/it\/product\/cp25\/","title":{"rendered":"CP25"},"content":{"rendered":"<p data-start=\"186\" data-end=\"533\">Il <strong data-start=\"190\" data-end=\"209\">CP25 Rivestitore di padelle<\/strong> \u00e8 una soluzione versatile per produrre drag\u00e9es e confetti di alta qualit\u00e0. Ideale per <strong data-start=\"304\" data-end=\"397\">cioccolato che ricopre frutta secca, chicchi di caff\u00e8, riso soffiato e altri prodotti di forma circolare<\/strong>, Questa macchina \u00e8 progettata per cioccolatieri artigianali e produttori di dolciumi che richiedono efficienza, precisione e costanza.<\/p>\n<h3 data-start=\"535\" data-end=\"553\">Caratteristiche principali<\/h3>\n<ul data-start=\"554\" data-end=\"1141\">\n<li data-start=\"554\" data-end=\"615\">\n<p data-start=\"556\" data-end=\"615\"><strong data-start=\"556\" data-end=\"574\">25 kg Capacit\u00e0<\/strong> - Perfetto per la produzione su media scala.<\/p>\n<\/li>\n<li data-start=\"616\" data-end=\"731\">\n<p data-start=\"618\" data-end=\"731\"><strong data-start=\"618\" data-end=\"647\">Costruzione di alta qualit\u00e0<\/strong> - Realizzato interamente in <strong data-start=\"667\" data-end=\"695\">Acciaio inox AISI 304<\/strong> per una maggiore durata e facilit\u00e0 di pulizia.<\/p>\n<\/li>\n<li data-start=\"732\" data-end=\"820\">\n<p data-start=\"734\" data-end=\"820\"><strong data-start=\"734\" data-end=\"757\">Velocit\u00e0 variabile della vasca<\/strong> - Regolabile <strong data-start=\"771\" data-end=\"789\">velocit\u00e0 di rotazione<\/strong> per un controllo ottimale del rivestimento.<\/p>\n<\/li>\n<li data-start=\"821\" data-end=\"977\">\n<p data-start=\"823\" data-end=\"977\"><strong data-start=\"823\" data-end=\"852\">Sistema di flusso d'aria integrato<\/strong> - Incorporato <strong data-start=\"864\" data-end=\"918\">ventilatore con temperatura ambiente o aria riscaldata selezionabile<\/strong> (tramite elementi riscaldanti) per una finitura uniforme del prodotto.<\/p>\n<\/li>\n<li data-start=\"978\" data-end=\"1046\">\n<p data-start=\"980\" data-end=\"1046\"><strong data-start=\"980\" data-end=\"1006\">Motore potente e silenzioso<\/strong> - Assicura un funzionamento regolare e affidabile.<\/p>\n<\/li>\n<li data-start=\"1047\" data-end=\"1141\">\n<p data-start=\"1049\" data-end=\"1141\"><strong data-start=\"1049\" data-end=\"1074\">Alimentazione standard<\/strong> - Funziona su <strong data-start=\"1089\" data-end=\"1116\">monofase 220V (2kW)<\/strong> per una facile installazione.<\/p>\n<\/li>\n<\/ul>\n<h3 data-start=\"1143\" data-end=\"1168\">Componenti inclusi<\/h3>\n<ul data-start=\"1169\" data-end=\"1469\">\n<li data-start=\"1169\" data-end=\"1250\">\n<p data-start=\"1171\" data-end=\"1250\"><strong data-start=\"1171\" data-end=\"1199\">Pannello di controllo elettronico<\/strong> - Facile impostazione dei parametri per un funzionamento preciso.<\/p>\n<\/li>\n<li data-start=\"1251\" data-end=\"1317\">\n<p data-start=\"1253\" data-end=\"1317\"><strong data-start=\"1253\" data-end=\"1269\">Unit\u00e0 di raffreddamento<\/strong> - Per la gestione dell'aria fredda per stabilizzare il rivestimento.<\/p>\n<\/li>\n<li data-start=\"1318\" data-end=\"1410\">\n<p data-start=\"1320\" data-end=\"1410\"><strong data-start=\"1320\" data-end=\"1361\">Controlli dei dispositivi di spruzzatura programmabili<\/strong> - Integrazione opzionale per l'irrorazione automatica.<\/p>\n<\/li>\n<li data-start=\"1411\" data-end=\"1469\">\n<p data-start=\"1413\" data-end=\"1469\"><strong data-start=\"1413\" data-end=\"1430\">Presa Schuko<\/strong> - Per collegare altri accessori.<\/p>\n<\/li>\n<\/ul>\n<h3 data-start=\"1471\" data-end=\"1489\">Applicazioni<\/h3>\n<ul data-start=\"1490\" data-end=\"1654\">\n<li data-start=\"1490\" data-end=\"1534\">\n<p data-start=\"1492\" data-end=\"1534\">Cioccolato <strong data-start=\"1509\" data-end=\"1532\">noci e frutta secca<\/strong><\/p>\n<\/li>\n<li data-start=\"1535\" data-end=\"1581\">\n<p data-start=\"1537\" data-end=\"1581\">Cioccolato o zucchero <strong data-start=\"1563\" data-end=\"1579\">caff\u00e8 in grani<\/strong><\/p>\n<\/li>\n<li data-start=\"1582\" data-end=\"1620\">\n<p data-start=\"1584\" data-end=\"1620\"><strong data-start=\"1584\" data-end=\"1618\">Riso soffiato e cereali drag\u00e9es<\/strong><\/p>\n<\/li>\n<li data-start=\"1621\" data-end=\"1654\">\n<p data-start=\"1623\" data-end=\"1654\">Creazioni di pasticceria<\/p>\n<\/li>\n<\/ul>","protected":false},"excerpt":{"rendered":"<p>The CP25 Pan Coater is a versatile solution for producing high-quality drag\u00e9es and sugar-coated treats. Ideal for chocolate coating dried fruit, coffee beans, puffed rice, and other round-shaped products, this machine is designed for artisan chocolatiers and confectionery manufacturers who demand efficiency, precision, and consistency. Key Features 25 kg Capacity \u2013 Perfect for medium-scale production. [&hellip;]<\/p>\n","protected":false},"featured_media":7047,"comment_status":"open","ping_status":"closed","template":"","meta":[],"product_brand":[],"product_cat":[43],"product_tag":[],"class_list":{"0":"post-7043","1":"product","2":"type-product","3":"status-publish","4":"has-post-thumbnail","6":"product_cat-pan-coaters","8":"first","9":"instock","10":"shipping-taxable","11":"product-type-simple"},"_links":{"self":[{"href":"https:\/\/dersuessestopp.com\/it\/wp-json\/wp\/v2\/product\/7043","targetHints":{"allow":["GET"]}}],"collection":[{"href":"https:\/\/dersuessestopp.com\/it\/wp-json\/wp\/v2\/product"}],"about":[{"href":"https:\/\/dersuessestopp.com\/it\/wp-json\/wp\/v2\/types\/product"}],"replies":[{"embeddable":true,"href":"https:\/\/dersuessestopp.com\/it\/wp-json\/wp\/v2\/comments?post=7043"}],"version-history":[{"count":1,"href":"https:\/\/dersuessestopp.com\/it\/wp-json\/wp\/v2\/product\/7043\/revisions"}],"predecessor-version":[{"id":7046,"href":"https:\/\/dersuessestopp.com\/it\/wp-json\/wp\/v2\/product\/7043\/revisions\/7046"}],"wp:featuredmedia":[{"embeddable":true,"href":"https:\/\/dersuessestopp.com\/it\/wp-json\/wp\/v2\/media\/7047"}],"wp:attachment":[{"href":"https:\/\/dersuessestopp.com\/it\/wp-json\/wp\/v2\/media?parent=7043"}],"wp:term":[{"taxonomy":"product_brand","embeddable":true,"href":"https:\/\/dersuessestopp.com\/it\/wp-json\/wp\/v2\/product_brand?post=7043"},{"taxonomy":"product_cat","embeddable":true,"href":"https:\/\/dersuessestopp.com\/it\/wp-json\/wp\/v2\/product_cat?post=7043"},{"taxonomy":"product_tag","embeddable":true,"href":"https:\/\/dersuessestopp.com\/it\/wp-json\/wp\/v2\/product_tag?post=7043"}],"curies":[{"name":"wp","href":"https:\/\/api.w.org\/{rel}","templated":true}]}}