{"id":6987,"date":"2025-08-29T10:12:43","date_gmt":"2025-08-29T10:12:43","guid":{"rendered":"https:\/\/dersuessestopp.com\/?post_type=product&#038;p=6987"},"modified":"2025-08-29T10:12:43","modified_gmt":"2025-08-29T10:12:43","slug":"vulpes","status":"publish","type":"product","link":"https:\/\/dersuessestopp.com\/it\/product\/vulpes\/","title":{"rendered":"VULPI"},"content":{"rendered":"<h3 data-start=\"61\" data-end=\"134\">Plotter professionale per pasticceria per la massima versatilit\u00e0<\/h3>\n<p data-start=\"136\" data-end=\"484\">Il <strong data-start=\"140\" data-end=\"150\">VULPI<\/strong> La stampante alimentare di IMAGO \u00e8 una soluzione di livello professionale che combina <strong data-start=\"220\" data-end=\"275\">stampa di alta qualit\u00e0, facilit\u00e0 d'uso e versatilit\u00e0<\/strong> per la moderna produzione dolciaria. Progettato con un <strong data-start=\"329\" data-end=\"351\">ampia area di lavoro<\/strong> e il funzionamento intuitivo, consente ai pasticceri di scalare la produzione in modo efficiente, offrendo al contempo possibilit\u00e0 creative illimitate.<\/p>\n<h4 data-start=\"486\" data-end=\"517\">Caratteristiche e vantaggi principali:<\/h4>\n<ul data-start=\"518\" data-end=\"1225\">\n<li data-start=\"518\" data-end=\"655\">\n<p data-start=\"520\" data-end=\"655\"><strong data-start=\"520\" data-end=\"545\">Stampa di alta qualit\u00e0<\/strong> - Offre decorazioni nitide, vibranti e dettagliate direttamente su un'ampia gamma di substrati per pasticceria.<\/p>\n<\/li>\n<li data-start=\"656\" data-end=\"817\">\n<p data-start=\"658\" data-end=\"817\"><strong data-start=\"658\" data-end=\"682\">Versatilit\u00e0 su scala<\/strong> - Adatto per la decorazione <strong data-start=\"709\" data-end=\"772\">torte grandi, biscotti, praline, macarons e monoporzioni<\/strong> sia in piccoli lotti che in produzione di massa.<\/p>\n<\/li>\n<li data-start=\"818\" data-end=\"936\">\n<p data-start=\"820\" data-end=\"936\"><strong data-start=\"820\" data-end=\"842\">Efficienza e velocit\u00e0<\/strong> - L'ampia area di lavoro consente di decorare pi\u00f9 oggetti contemporaneamente, aumentando la produttivit\u00e0.<\/p>\n<\/li>\n<li data-start=\"937\" data-end=\"1086\">\n<p data-start=\"939\" data-end=\"1086\"><strong data-start=\"939\" data-end=\"971\">Personalizzazione e creativit\u00e0<\/strong> - Permette di realizzare design originali e personalizzati che aiutano pasticcerie e panetterie a distinguersi in un mercato competitivo.<\/p>\n<\/li>\n<li data-start=\"1087\" data-end=\"1225\">\n<p data-start=\"1089\" data-end=\"1225\"><strong data-start=\"1089\" data-end=\"1116\">Funzionamento facile da usare<\/strong> - I comandi intuitivi ne facilitano l'integrazione nelle cucine professionali e nelle linee di produzione industriali.<\/p>\n<\/li>\n<\/ul>\n<h4 data-start=\"1227\" data-end=\"1248\">Per chi \u00e8?<\/h4>\n<p data-start=\"1249\" data-end=\"1275\">Il VULPES \u00e8 ideale per:<\/p>\n<ul data-start=\"1276\" data-end=\"1558\">\n<li data-start=\"1276\" data-end=\"1363\">\n<p data-start=\"1278\" data-end=\"1363\"><strong data-start=\"1278\" data-end=\"1325\">Pasticceri e pasticceri professionisti<\/strong> alla ricerca di strumenti di decorazione versatili.<\/p>\n<\/li>\n<li data-start=\"1364\" data-end=\"1463\">\n<p data-start=\"1366\" data-end=\"1463\"><strong data-start=\"1366\" data-end=\"1398\">Pasticcerie e panetterie<\/strong> che desiderano personalizzare i prodotti e ampliare le offerte creative.<\/p>\n<\/li>\n<li data-start=\"1464\" data-end=\"1558\">\n<p data-start=\"1466\" data-end=\"1558\"><strong data-start=\"1466\" data-end=\"1491\">Impianti di produzione<\/strong> con l'obiettivo di aumentare la produzione mantenendo la massima qualit\u00e0.<\/p>\n<\/li>\n<\/ul>\n<h4 data-start=\"1560\" data-end=\"1585\">Perch\u00e9 scegliere VULPES?<\/h4>\n<p data-start=\"1586\" data-end=\"1886\">Con la sua combinazione di <strong data-start=\"1610\" data-end=\"1661\">precisione di stampa, versatilit\u00e0 ed efficienza<\/strong>, Il plotter da pasticceria VULPES accelera la produzione e apre nuove possibilit\u00e0 creative. \u00c8 la scelta perfetta per i professionisti che vogliono <strong data-start=\"1817\" data-end=\"1855\">combinare l'arte con la produttivit\u00e0<\/strong> nella decorazione dei dolci.<\/p>","protected":false},"excerpt":{"rendered":"<p>Professional Confectionery Plotter for Maximum Versatility The VULPES food printer by IMAGO is a professional-grade solution that combines high-quality printing, ease of use, and versatility for modern confectionery production. Designed with a large working area and intuitive operation, it enables confectioners to scale production efficiently while offering limitless creative possibilities. Key Features &amp; Benefits: High-Quality [&hellip;]<\/p>\n","protected":false},"featured_media":6989,"comment_status":"open","ping_status":"closed","template":"","meta":[],"product_brand":[],"product_cat":[38],"product_tag":[],"class_list":{"0":"post-6987","1":"product","2":"type-product","3":"status-publish","4":"has-post-thumbnail","6":"product_cat-imago-food-printers","8":"first","9":"instock","10":"shipping-taxable","11":"product-type-simple"},"_links":{"self":[{"href":"https:\/\/dersuessestopp.com\/it\/wp-json\/wp\/v2\/product\/6987","targetHints":{"allow":["GET"]}}],"collection":[{"href":"https:\/\/dersuessestopp.com\/it\/wp-json\/wp\/v2\/product"}],"about":[{"href":"https:\/\/dersuessestopp.com\/it\/wp-json\/wp\/v2\/types\/product"}],"replies":[{"embeddable":true,"href":"https:\/\/dersuessestopp.com\/it\/wp-json\/wp\/v2\/comments?post=6987"}],"version-history":[{"count":1,"href":"https:\/\/dersuessestopp.com\/it\/wp-json\/wp\/v2\/product\/6987\/revisions"}],"predecessor-version":[{"id":6990,"href":"https:\/\/dersuessestopp.com\/it\/wp-json\/wp\/v2\/product\/6987\/revisions\/6990"}],"wp:featuredmedia":[{"embeddable":true,"href":"https:\/\/dersuessestopp.com\/it\/wp-json\/wp\/v2\/media\/6989"}],"wp:attachment":[{"href":"https:\/\/dersuessestopp.com\/it\/wp-json\/wp\/v2\/media?parent=6987"}],"wp:term":[{"taxonomy":"product_brand","embeddable":true,"href":"https:\/\/dersuessestopp.com\/it\/wp-json\/wp\/v2\/product_brand?post=6987"},{"taxonomy":"product_cat","embeddable":true,"href":"https:\/\/dersuessestopp.com\/it\/wp-json\/wp\/v2\/product_cat?post=6987"},{"taxonomy":"product_tag","embeddable":true,"href":"https:\/\/dersuessestopp.com\/it\/wp-json\/wp\/v2\/product_tag?post=6987"}],"curies":[{"name":"wp","href":"https:\/\/api.w.org\/{rel}","templated":true}]}}