{"id":6979,"date":"2025-08-29T09:57:41","date_gmt":"2025-08-29T09:57:41","guid":{"rendered":"https:\/\/dersuessestopp.com\/?post_type=product&#038;p=6979"},"modified":"2025-08-29T09:59:55","modified_gmt":"2025-08-29T09:59:55","slug":"vipera-cs-33","status":"publish","type":"product","link":"https:\/\/dersuessestopp.com\/it\/product\/vipera-cs-33\/","title":{"rendered":"VIPERA CS-33"},"content":{"rendered":"<h3 data-start=\"68\" data-end=\"124\">La pi\u00f9 veloce stampante alimentare industriale<\/h3>\n<p data-start=\"126\" data-end=\"389\">Il <strong data-start=\"130\" data-end=\"146\">VIPERA CS-33<\/strong> \u00e8 un <strong data-start=\"153\" data-end=\"186\">stampante per pasticceria espressa<\/strong> progettato per la produzione di dolci su scala industriale. Con un sistema all'avanguardia <strong data-start=\"255\" data-end=\"290\">tecnologia di stampa a singolo passaggio<\/strong>, raggiunge una velocit\u00e0 e un'efficienza senza pari, stabilendo un nuovo standard nella decorazione dei dolciumi.<\/p>\n<h4 data-start=\"391\" data-end=\"422\">Caratteristiche e vantaggi principali:<\/h4>\n<ul data-start=\"423\" data-end=\"1065\">\n<li data-start=\"423\" data-end=\"540\">\n<p data-start=\"425\" data-end=\"540\"><strong data-start=\"425\" data-end=\"444\">Velocit\u00e0 impareggiabile<\/strong> - Stampa fino a <strong data-start=\"460\" data-end=\"487\">30.000 biscotti all'ora<\/strong>, che la rende la stampante per alimenti pi\u00f9 veloce sul mercato.<\/p>\n<\/li>\n<li data-start=\"541\" data-end=\"685\">\n<p data-start=\"543\" data-end=\"685\"><strong data-start=\"543\" data-end=\"575\">Prestazioni di livello industriale<\/strong> - Progettato per <strong data-start=\"591\" data-end=\"629\">produzione continua e su larga scala<\/strong> di biscotti, torte, cioccolatini e altri prodotti da forno.<\/p>\n<\/li>\n<li data-start=\"686\" data-end=\"832\">\n<p data-start=\"688\" data-end=\"832\"><strong data-start=\"688\" data-end=\"714\">Tecnologia a passaggio singolo<\/strong> - Consente di ottenere stampe nitide e di alta qualit\u00e0 con un unico movimento, riducendo i tempi di produzione e garantendo risultati uniformi.<\/p>\n<\/li>\n<li data-start=\"833\" data-end=\"939\">\n<p data-start=\"835\" data-end=\"939\"><strong data-start=\"835\" data-end=\"864\">Efficienza e risparmio<\/strong> - Massimizza la produzione riducendo al minimo i costi operativi, la manodopera e gli scarti.<\/p>\n<\/li>\n<li data-start=\"940\" data-end=\"1065\">\n<p data-start=\"942\" data-end=\"1065\"><strong data-start=\"942\" data-end=\"968\">Applicazioni versatili<\/strong> - Perfetto per decorare con precisione biscotti, torte, amaretti e altri dolci.<\/p>\n<\/li>\n<\/ul>\n<h4 data-start=\"1067\" data-end=\"1088\">Per chi \u00e8?<\/h4>\n<p data-start=\"1089\" data-end=\"1121\">VIPERA CS-33 \u00e8 ideale per:<\/p>\n<ul data-start=\"1122\" data-end=\"1367\">\n<li data-start=\"1122\" data-end=\"1178\">\n<p data-start=\"1124\" data-end=\"1178\"><strong data-start=\"1124\" data-end=\"1148\">Impianti di pasticceria<\/strong> produrre su larga scala.<\/p>\n<\/li>\n<li data-start=\"1179\" data-end=\"1271\">\n<p data-start=\"1181\" data-end=\"1271\"><strong data-start=\"1181\" data-end=\"1215\">Produttori di dolci industriali<\/strong> cercando di combinare velocit\u00e0 e qualit\u00e0 senza compromessi.<\/p>\n<\/li>\n<li data-start=\"1272\" data-end=\"1367\">\n<p data-start=\"1274\" data-end=\"1367\">Aziende che hanno bisogno di <strong data-start=\"1295\" data-end=\"1364\">soluzioni per la stampa di alimenti ad alto volume, affidabili e convenienti<\/strong>.<\/p>\n<\/li>\n<\/ul>\n<h4 data-start=\"1369\" data-end=\"1400\">Perch\u00e9 scegliere VIPERA CS-33?<\/h4>\n<p data-start=\"1401\" data-end=\"1691\">Se il vostro obiettivo \u00e8 quello di <strong data-start=\"1420\" data-end=\"1507\">incrementare l'efficienza, ridurre i costi e rimanere all'avanguardia nel competitivo mercato dolciario<\/strong>, VIPERA CS-33 \u00e8 la soluzione definitiva. La sua velocit\u00e0 e la sua precisione consentono ai produttori di scalare la produzione e di ottenere prodotti di alta qualit\u00e0 e di grande impatto visivo.<\/p>","protected":false},"excerpt":{"rendered":"<p>The Fastest Industrial Food Printer The VIPERA CS-33 is an express confectionery printer engineered for industrial-scale sweet production. With cutting-edge single-pass printing technology, it achieves unmatched speed and efficiency, setting a new standard in confectionery decoration. Key Features &amp; Benefits: Unrivaled Speed \u2013 Prints up to 30,000 cookies per hour, making it the fastest food [&hellip;]<\/p>\n","protected":false},"featured_media":6980,"comment_status":"open","ping_status":"closed","template":"","meta":[],"product_brand":[],"product_cat":[38],"product_tag":[],"class_list":{"0":"post-6979","1":"product","2":"type-product","3":"status-publish","4":"has-post-thumbnail","6":"product_cat-imago-food-printers","8":"first","9":"instock","10":"shipping-taxable","11":"product-type-simple"},"_links":{"self":[{"href":"https:\/\/dersuessestopp.com\/it\/wp-json\/wp\/v2\/product\/6979","targetHints":{"allow":["GET"]}}],"collection":[{"href":"https:\/\/dersuessestopp.com\/it\/wp-json\/wp\/v2\/product"}],"about":[{"href":"https:\/\/dersuessestopp.com\/it\/wp-json\/wp\/v2\/types\/product"}],"replies":[{"embeddable":true,"href":"https:\/\/dersuessestopp.com\/it\/wp-json\/wp\/v2\/comments?post=6979"}],"version-history":[{"count":1,"href":"https:\/\/dersuessestopp.com\/it\/wp-json\/wp\/v2\/product\/6979\/revisions"}],"predecessor-version":[{"id":6982,"href":"https:\/\/dersuessestopp.com\/it\/wp-json\/wp\/v2\/product\/6979\/revisions\/6982"}],"wp:featuredmedia":[{"embeddable":true,"href":"https:\/\/dersuessestopp.com\/it\/wp-json\/wp\/v2\/media\/6980"}],"wp:attachment":[{"href":"https:\/\/dersuessestopp.com\/it\/wp-json\/wp\/v2\/media?parent=6979"}],"wp:term":[{"taxonomy":"product_brand","embeddable":true,"href":"https:\/\/dersuessestopp.com\/it\/wp-json\/wp\/v2\/product_brand?post=6979"},{"taxonomy":"product_cat","embeddable":true,"href":"https:\/\/dersuessestopp.com\/it\/wp-json\/wp\/v2\/product_cat?post=6979"},{"taxonomy":"product_tag","embeddable":true,"href":"https:\/\/dersuessestopp.com\/it\/wp-json\/wp\/v2\/product_tag?post=6979"}],"curies":[{"name":"wp","href":"https:\/\/api.w.org\/{rel}","templated":true}]}}