{"id":6975,"date":"2025-08-29T09:53:17","date_gmt":"2025-08-29T09:53:17","guid":{"rendered":"https:\/\/dersuessestopp.com\/?post_type=product&#038;p=6975"},"modified":"2025-08-29T09:53:18","modified_gmt":"2025-08-29T09:53:18","slug":"ambra-cf-40-63","status":"publish","type":"product","link":"https:\/\/dersuessestopp.com\/it\/product\/amber-cf-40-63\/","title":{"rendered":"AMBRA CF-40.63"},"content":{"rendered":"<h3 data-start=\"86\" data-end=\"173\">Plotter per pasticceria industriale per una produzione ad alte prestazioni<\/h3>\n<p data-start=\"175\" data-end=\"529\">Il <strong data-start=\"179\" data-end=\"197\">AMBRA CF-40.63<\/strong> \u00e8 un plotter industriale per pasticceria all'avanguardia, costruito per offrire una qualit\u00e0 ineguagliabile. <strong data-start=\"280\" data-end=\"321\">efficienza, precisione e automazione<\/strong> per la produzione di dolci su larga scala. Progettato specificamente per <strong data-start=\"390\" data-end=\"442\">fabbriche di dolciumi e produttori industriali<\/strong>, offre una soluzione affidabile per la creazione di decorazioni di livello professionale su scala.<\/p>\n<h4 data-start=\"531\" data-end=\"562\">Caratteristiche e vantaggi principali:<\/h4>\n<ul data-start=\"563\" data-end=\"1286\">\n<li data-start=\"563\" data-end=\"708\">\n<p data-start=\"565\" data-end=\"708\"><strong data-start=\"565\" data-end=\"591\">Prestazioni ad alta velocit\u00e0<\/strong> - Stampa fino a <strong data-start=\"606\" data-end=\"650\">4.800 amaretti (5 cm di diametro) all'ora<\/strong>, garantendo una produzione rapida senza compromettere la qualit\u00e0.<\/p>\n<\/li>\n<li data-start=\"709\" data-end=\"889\">\n<p data-start=\"711\" data-end=\"889\"><strong data-start=\"711\" data-end=\"745\">Tecnologia avanzata delle testine di stampa<\/strong> - Dotata della pi\u00f9 recente testina di stampa industriale per <strong data-start=\"799\" data-end=\"841\">eccezionale precisione e nitidezza dei dettagli<\/strong> su torte, biscotti, amaretti e cioccolatini.<\/p>\n<\/li>\n<li data-start=\"890\" data-end=\"1019\">\n<p data-start=\"892\" data-end=\"1019\"><strong data-start=\"892\" data-end=\"914\">Risultati coerenti<\/strong> - Garantisce una stampa uniforme con allineamento perfetto, precisione dei colori ed elevata durata dei disegni.<\/p>\n<\/li>\n<li data-start=\"1020\" data-end=\"1169\">\n<p data-start=\"1022\" data-end=\"1169\"><strong data-start=\"1022\" data-end=\"1049\">Automazione ed efficienza<\/strong> - Riduce il lavoro manuale mantenendo un'elevata produttivit\u00e0, aiutando i produttori di dolciumi a scalare le loro attivit\u00e0.<\/p>\n<\/li>\n<li data-start=\"1170\" data-end=\"1286\">\n<p data-start=\"1172\" data-end=\"1286\"><strong data-start=\"1172\" data-end=\"1202\">Ampia gamma di applicazioni<\/strong> - Ideale per decorare torte, cupcake, biscotti, cioccolatini, macaron e altro ancora.<\/p>\n<\/li>\n<\/ul>\n<h4 data-start=\"1288\" data-end=\"1309\">Per chi \u00e8?<\/h4>\n<p data-start=\"1310\" data-end=\"1347\">L'AMBER CF-40.63 \u00e8 progettato per:<\/p>\n<ul data-start=\"1348\" data-end=\"1604\">\n<li data-start=\"1348\" data-end=\"1419\">\n<p data-start=\"1350\" data-end=\"1419\"><strong data-start=\"1350\" data-end=\"1377\">Fabbriche di dolciumi<\/strong> che cercano di aumentare l'efficienza della produzione.<\/p>\n<\/li>\n<li data-start=\"1420\" data-end=\"1517\">\n<p data-start=\"1422\" data-end=\"1517\"><strong data-start=\"1422\" data-end=\"1460\">Produttori industriali di dolciumi<\/strong> per ottenere una produzione decorativa costante e di alta qualit\u00e0.<\/p>\n<\/li>\n<li data-start=\"1518\" data-end=\"1604\">\n<p data-start=\"1520\" data-end=\"1604\">Le aziende che vogliono combinare <strong data-start=\"1552\" data-end=\"1601\">creativit\u00e0 con produttivit\u00e0 su scala industriale<\/strong>.<\/p>\n<\/li>\n<\/ul>\n<h4 data-start=\"1606\" data-end=\"1643\">Perch\u00e9 scegliere AMBER CF-40.63?<\/h4>\n<p data-start=\"1644\" data-end=\"1934\">Grazie alla combinazione di velocit\u00e0, precisione e automazione, AMBER CF-40.63 \u00e8 lo strumento pi\u00f9 avanzato per la decorazione industriale dei dolciumi. Consente ai produttori di soddisfare l'elevata domanda del mercato e di fornire prodotti che si distinguono per la loro qualit\u00e0. <strong data-start=\"1887\" data-end=\"1931\">estetica e coerenza qualitativa<\/strong>.<\/p>","protected":false},"excerpt":{"rendered":"<p>Industrial Confectionery Plotter for High-Performance Production The AMBER CF-40.63 is a state-of-the-art industrial confectionery plotter built to deliver unmatched efficiency, precision, and automation for large-scale confectionery production. Designed specifically for confectionery factories and industrial producers, it offers a reliable solution for creating professional-grade decorations at scale. Key Features &amp; Benefits: High-Speed Performance \u2013 Print up [&hellip;]<\/p>\n","protected":false},"featured_media":6976,"comment_status":"open","ping_status":"closed","template":"","meta":[],"product_brand":[],"product_cat":[38],"product_tag":[],"class_list":{"0":"post-6975","1":"product","2":"type-product","3":"status-publish","4":"has-post-thumbnail","6":"product_cat-imago-food-printers","8":"first","9":"instock","10":"shipping-taxable","11":"product-type-simple"},"_links":{"self":[{"href":"https:\/\/dersuessestopp.com\/it\/wp-json\/wp\/v2\/product\/6975","targetHints":{"allow":["GET"]}}],"collection":[{"href":"https:\/\/dersuessestopp.com\/it\/wp-json\/wp\/v2\/product"}],"about":[{"href":"https:\/\/dersuessestopp.com\/it\/wp-json\/wp\/v2\/types\/product"}],"replies":[{"embeddable":true,"href":"https:\/\/dersuessestopp.com\/it\/wp-json\/wp\/v2\/comments?post=6975"}],"version-history":[{"count":1,"href":"https:\/\/dersuessestopp.com\/it\/wp-json\/wp\/v2\/product\/6975\/revisions"}],"predecessor-version":[{"id":6978,"href":"https:\/\/dersuessestopp.com\/it\/wp-json\/wp\/v2\/product\/6975\/revisions\/6978"}],"wp:featuredmedia":[{"embeddable":true,"href":"https:\/\/dersuessestopp.com\/it\/wp-json\/wp\/v2\/media\/6976"}],"wp:attachment":[{"href":"https:\/\/dersuessestopp.com\/it\/wp-json\/wp\/v2\/media?parent=6975"}],"wp:term":[{"taxonomy":"product_brand","embeddable":true,"href":"https:\/\/dersuessestopp.com\/it\/wp-json\/wp\/v2\/product_brand?post=6975"},{"taxonomy":"product_cat","embeddable":true,"href":"https:\/\/dersuessestopp.com\/it\/wp-json\/wp\/v2\/product_cat?post=6975"},{"taxonomy":"product_tag","embeddable":true,"href":"https:\/\/dersuessestopp.com\/it\/wp-json\/wp\/v2\/product_tag?post=6975"}],"curies":[{"name":"wp","href":"https:\/\/api.w.org\/{rel}","templated":true}]}}