{"id":6950,"date":"2025-08-29T07:54:12","date_gmt":"2025-08-29T07:54:12","guid":{"rendered":"https:\/\/dersuessestopp.com\/?post_type=product&#038;p=6950"},"modified":"2025-09-24T19:59:28","modified_gmt":"2025-09-24T19:59:28","slug":"serie-gigante-nissei-centrali-elettriche-compatte","status":"publish","type":"product","link":"https:\/\/dersuessestopp.com\/it\/product\/nissei-giant-series-compact-powerhouses\/","title":{"rendered":"Serie Giant di Nissei - Potenze compatte"},"content":{"rendered":"<div data-breakout=\"normal\">\n<p id=\"viewer-suhlf2732\" class=\"LThh9 tL1tz t3L08 qufKF\" dir=\"auto\"><span class=\"AAYkC\">La serie Giant di Nissei combina un'elevata capacit\u00e0 con un ingombro ridotto, rendendola ideale per i locali con spazio limitato ma con una domanda elevata. Con modelli come il modello NA 3348, queste macchine erogano fino a 75 litri all'ora, garantendo qualit\u00e0 ed efficienza costanti. Il design ad alta efficienza energetica e i comandi intelligenti a pedale migliorano l'usabilit\u00e0 e riducono i costi operativi.<\/span><\/p>\n<\/div>\n<div data-breakout=\"normal\">\n<div id=\"viewer-ni27p774\" class=\"C-UfD\">\n<div class=\"rDaES\">\n<div class=\"e35S- au0qn\" data-hook=\"collapsible-list-component\">\n<div>\n<div class=\"V7Yu5 tJLLb\" data-hook=\"collapsible-list-item expanded\">\n<div class=\"Qd-Py\">\n<div class=\"UfDyV _1n3i3 FXHR4 FMcOw\" data-hook=\"collapsible-list-item-title\">\n<div>\n<p id=\"viewer-2qu78778\" class=\"LThh9 tL1tz qufKF\" dir=\"auto\"><span class=\"AAYkC\"><strong>Descrizione<\/strong><\/span><\/p>\n<\/div>\n<\/div>\n<div>\n<div class=\"UfDyV _1n3i3 FXHR4 FMcOw\" data-hook=\"collapsible-list-item-title\">\n<div>\n<p id=\"viewer-1q3ss2945\" class=\"LThh9 tL1tz qufKF\" dir=\"auto\"><span class=\"AAYkC\">La Giant \u00e8 una delle macchine NISSEI pi\u00f9 popolari nei Paesi Bassi. E, ovviamente, non \u00e8 una coincidenza. Questa macchina per soft serve offre un'elevata capacit\u00e0 anche se le sue dimensioni sono limitate.<\/span><\/p>\n<p id=\"viewer-a1zje2948\" class=\"LThh9 tL1tz qufKF\" dir=\"auto\"><span class=\"AAYkC\">Il Giant \u00e8 efficiente dal punto di vista energetico ed \u00e8 adatto alla maggior parte delle attivit\u00e0 commerciali che desiderano vendere soft serve e frapp\u00e8. Grazie alla tecnologia RAPP, questa macchina \u00e8 in grado di offrire costantemente soft serve e frapp\u00e9 di alta qualit\u00e0. Inoltre, possiede un innovativo touchscreen.<\/span><\/p>\n<\/div>\n<\/div>\n<\/div>\n<\/div>\n<\/div>\n<\/div>\n<div>\n<div class=\"V7Yu5 tJLLb\" data-hook=\"collapsible-list-item expanded\">\n<div class=\"Qd-Py\">\n<div class=\"UfDyV _1n3i3 FXHR4 FMcOw\" data-hook=\"collapsible-list-item-title\">\n<div>\n<p id=\"viewer-gjjw8833\" class=\"LThh9 tL1tz qufKF\" dir=\"auto\"><span class=\"AAYkC\"><strong>Caratteristiche<\/strong><\/span><\/p>\n<\/div>\n<\/div>\n<div>\n<div class=\"UfDyV _1n3i3 FXHR4 FMcOw\" data-hook=\"collapsible-list-item-title\">\n<div>\n<ul class=\"Ior1H\">\n<li class=\"w4rN-\" dir=\"auto\">\n<p id=\"viewer-5v8ko3209\" class=\"LThh9 tL1tz qufKF\" dir=\"\"><span class=\"AAYkC\">Tecnologia RAPP<\/span><\/p>\n<\/li>\n<li class=\"w4rN-\" dir=\"auto\">\n<p id=\"viewer-2q18f3212\" class=\"LThh9 tL1tz qufKF\" dir=\"\"><span class=\"AAYkC\">Touchscreen intuitivo<\/span><\/p>\n<\/li>\n<li class=\"w4rN-\" dir=\"auto\">\n<p id=\"viewer-w08om3215\" class=\"LThh9 tL1tz qufKF\" dir=\"\"><span class=\"AAYkC\">1 gusto di soft serve<\/span><\/p>\n<\/li>\n<li class=\"w4rN-\" dir=\"auto\">\n<p id=\"viewer-9q42c3218\" class=\"LThh9 tL1tz qufKF\" dir=\"\"><span class=\"AAYkC\">Scomparto di congelamento a 3 camere<\/span><\/p>\n<\/li>\n<li class=\"w4rN-\" dir=\"auto\">\n<p id=\"viewer-ecoq83221\" class=\"LThh9 tL1tz qufKF\" dir=\"\"><span class=\"AAYkC\">Smontaggio e pulizia solo 1 volta ogni 6 settimane<\/span><\/p>\n<\/li>\n<li class=\"w4rN-\" dir=\"auto\">\n<p id=\"viewer-tngvv3224\" class=\"LThh9 tL1tz qufKF\" dir=\"\"><span class=\"AAYkC\">Pastorizzazione<\/span><\/p>\n<\/li>\n<li class=\"w4rN-\" dir=\"auto\">\n<p id=\"viewer-lcmtx3227\" class=\"LThh9 tL1tz qufKF\" dir=\"\"><span class=\"AAYkC\">Controllo a pedale<\/span><\/p>\n<\/li>\n<li class=\"w4rN-\" dir=\"auto\">\n<p id=\"viewer-2r7d43230\" class=\"LThh9 tL1tz qufKF\" dir=\"\"><span class=\"AAYkC\">Garanzia unica di 5 anni<\/span><\/p>\n<\/li>\n<\/ul>\n<div>\n<div class=\"V7Yu5 tJLLb\" data-hook=\"collapsible-list-item collapsed\">\n<div class=\"Qd-Py\">\n<div class=\"UfDyV _1n3i3 FXHR4 FMcOw\" data-hook=\"collapsible-list-item-title\">\n<div>\n<p id=\"viewer-jg36w923\" class=\"LThh9 tL1tz qufKF\" dir=\"auto\"><span class=\"AAYkC\"><strong>Specifiche tecniche<\/strong><\/span><\/p>\n<\/div>\n<\/div>\n<\/div>\n<\/div>\n<\/div>\n<div>\n<div class=\"V7Yu5 tJLLb\" data-hook=\"collapsible-list-item collapsed\">\n<div class=\"_0--Hh\">\n<div class=\"lZBgD has-custom-focus\" role=\"button\" data-hook=\"collapsible-list-expand-button\" aria-label=\"L&#039;articolo \u00e8 collassato\">\n<table>\n<thead>\n<tr>\n<th>Specifiche<\/th>\n<th>Dettagli<\/th>\n<\/tr>\n<\/thead>\n<tbody>\n<tr>\n<td><strong>Capacit\u00e0<\/strong><\/td>\n<td>75 litri all'ora<\/td>\n<\/tr>\n<tr>\n<td><strong>Volume<\/strong><\/td>\n<td>Cilindro congelatore da 3,4 litri<\/td>\n<\/tr>\n<tr>\n<td><strong>Pompa<\/strong><\/td>\n<td>Tecnologia innovativa RAPP<\/td>\n<\/tr>\n<tr>\n<td><strong>Raffreddato ad acqua<\/strong><\/td>\n<td>Ca. 50m\u00b3 di consumo di acqua di raffreddamento all'anno<\/td>\n<\/tr>\n<tr>\n<td><strong>Peso<\/strong><\/td>\n<td>170 kg<\/td>\n<\/tr>\n<tr>\n<td><strong>Dimensioni<\/strong><\/td>\n<td>H 150 \u00d7 L 46 \u00d7 P 84 cm<\/td>\n<\/tr>\n<tr>\n<td><strong>Connessione<\/strong><\/td>\n<td>400 Volt + 0 + A, 3,5 kWh<\/td>\n<\/tr>\n<\/tbody>\n<\/table>\n<div class=\"UfDyV _1n3i3 FXHR4 FMcOw\" data-hook=\"collapsible-list-item-title\">\n<div>\n<p id=\"viewer-8kyip1452\" class=\"LThh9 tL1tz qufKF\" dir=\"auto\"><span class=\"AAYkC\"><strong>Opzioni extra<\/strong><\/span><\/p>\n<\/div>\n<\/div>\n<div>\n<div class=\"UfDyV _1n3i3 FXHR4 FMcOw\" data-hook=\"collapsible-list-item-title\">\n<div>\n<ul class=\"Ior1H\">\n<li class=\"w4rN-\" dir=\"auto\">\n<p id=\"viewer-x5f844322\" class=\"LThh9 tL1tz qufKF\" dir=\"\"><span class=\"AAYkC\">Sistema di riempimento a secco per miscele in polvere<\/span><\/p>\n<\/li>\n<li class=\"w4rN-\" dir=\"auto\">\n<p id=\"viewer-1x7rj4325\" class=\"LThh9 tL1tz qufKF\" dir=\"\"><span class=\"AAYkC\">Ghiaccio Twister<\/span><\/p>\n<\/li>\n<li class=\"w4rN-\" dir=\"auto\">\n<p id=\"viewer-h9gu34328\" class=\"LThh9 tL1tz qufKF\" dir=\"\"><span class=\"AAYkC\">Filtro dell'acqua<\/span><\/p>\n<\/li>\n<\/ul>\n<\/div>\n<\/div>\n<\/div>\n<\/div>\n<\/div>\n<\/div>\n<\/div>\n<\/div>\n<\/div>\n<\/div>\n<\/div>\n<\/div>\n<\/div>\n<\/div>\n<\/div>\n<\/div>\n<\/div>","protected":false},"excerpt":{"rendered":"<p>The Nissei Giant series combines high capacity with a compact footprint, making it ideal for establishments with limited space but high demand. With models like the NA 3348, these machines deliver up to 75 liters per hour, ensuring consistent quality and efficiency. Their energy-efficient design and smart foot controls enhance usability and reduce operational costs. [&hellip;]<\/p>\n","protected":false},"featured_media":6953,"comment_status":"open","ping_status":"closed","template":"","meta":[],"product_brand":[],"product_cat":[61],"product_tag":[],"class_list":{"0":"post-6950","1":"product","2":"type-product","3":"status-publish","4":"has-post-thumbnail","6":"product_cat-soft-serve-ice-cream","8":"first","9":"instock","10":"shipping-taxable","11":"product-type-simple"},"_links":{"self":[{"href":"https:\/\/dersuessestopp.com\/it\/wp-json\/wp\/v2\/product\/6950","targetHints":{"allow":["GET"]}}],"collection":[{"href":"https:\/\/dersuessestopp.com\/it\/wp-json\/wp\/v2\/product"}],"about":[{"href":"https:\/\/dersuessestopp.com\/it\/wp-json\/wp\/v2\/types\/product"}],"replies":[{"embeddable":true,"href":"https:\/\/dersuessestopp.com\/it\/wp-json\/wp\/v2\/comments?post=6950"}],"version-history":[{"count":2,"href":"https:\/\/dersuessestopp.com\/it\/wp-json\/wp\/v2\/product\/6950\/revisions"}],"predecessor-version":[{"id":6952,"href":"https:\/\/dersuessestopp.com\/it\/wp-json\/wp\/v2\/product\/6950\/revisions\/6952"}],"wp:featuredmedia":[{"embeddable":true,"href":"https:\/\/dersuessestopp.com\/it\/wp-json\/wp\/v2\/media\/6953"}],"wp:attachment":[{"href":"https:\/\/dersuessestopp.com\/it\/wp-json\/wp\/v2\/media?parent=6950"}],"wp:term":[{"taxonomy":"product_brand","embeddable":true,"href":"https:\/\/dersuessestopp.com\/it\/wp-json\/wp\/v2\/product_brand?post=6950"},{"taxonomy":"product_cat","embeddable":true,"href":"https:\/\/dersuessestopp.com\/it\/wp-json\/wp\/v2\/product_cat?post=6950"},{"taxonomy":"product_tag","embeddable":true,"href":"https:\/\/dersuessestopp.com\/it\/wp-json\/wp\/v2\/product_tag?post=6950"}],"curies":[{"name":"wp","href":"https:\/\/api.w.org\/{rel}","templated":true}]}}