{"id":6943,"date":"2025-08-29T07:29:19","date_gmt":"2025-08-29T07:29:19","guid":{"rendered":"https:\/\/dersuessestopp.com\/?post_type=product&#038;p=6943"},"modified":"2025-08-29T07:32:44","modified_gmt":"2025-08-29T07:32:44","slug":"nissei-titan-duo-frozen-yogurt-capacita-ineguagliabile","status":"publish","type":"product","link":"https:\/\/dersuessestopp.com\/it\/product\/nissei-titan-duo-frozen-yogurt-unmatched-capacity\/","title":{"rendered":"Nissei Titan Duo Frozen Yogurt - Capacit\u00e0 ineguagliabile"},"content":{"rendered":"<div data-breakout=\"normal\">\n<p id=\"viewer-or78p14259\" class=\"LThh9 tL1tz t3L08 qufKF\" dir=\"auto\"><span class=\"AAYkC\">La macchina Titan Duo Frozen Yogurt \u00e8 il modello a pi\u00f9 alta capacit\u00e0 di Nissei, progettato per soddisfare le esigenze dei locali ad alto traffico. Il suo design robusto assicura una produzione rapida, rendendola ideale per gelaterie, parchi di divertimento e punti di ristoro molto frequentati. Con la possibilit\u00e0 di servire due gusti contemporaneamente, offre versatilit\u00e0 ed efficienza, garantendo un flusso costante di deliziosi frozen yogurt per i vostri clienti.<\/span><\/p>\n<\/div>\n<div data-breakout=\"normal\">\n<h3 id=\"viewer-5wnel4422\" class=\"RsvCW _3Z2KS t3L08 qufKF\" dir=\"auto\"><span class=\"qnKJ9\"><strong>NISSEI - Fiducia nei professionisti alla ricerca della perfezione<\/strong><\/span><\/h3>\n<\/div>\n<div data-breakout=\"normal\">\n<p id=\"viewer-big1i4951\" class=\"LThh9 tL1tz t3L08 qufKF\" dir=\"auto\"><span class=\"AAYkC\">Con oltre 35 anni di continue innovazioni, NISSEI NL \u00e8 all'avanguardia nella tecnologia del soft serve e del frozen yogurt. Le nostre macchine sono realizzate a mano con precisione e costruite per durare nel tempo, per garantire un funzionamento regolare ed efficiente della vostra attivit\u00e0.<\/span><\/p>\n<\/div>\n<div data-breakout=\"normal\">\n<p id=\"viewer-pmx2c352\" class=\"LThh9 tL1tz t3L08 qufKF\" dir=\"auto\"><span class=\"AAYkC\"><strong>Con un curriculum impressionante negli ultimi 30 anni in Europa.<\/strong><\/span><\/p>\n<\/div>\n<div data-breakout=\"normal\">\n<ul class=\"Ior1H t3L08\">\n<li class=\"w4rN-\" dir=\"auto\">\n<p id=\"viewer-hd7ob265\" class=\"LThh9 tL1tz t3L08 qufKF\" dir=\"\"><span class=\"AAYkC\"><strong>Oltre 7.000 macchine<\/strong>\u00a0lavorati con precisione e venduti in tutta Europa<\/span><\/p>\n<\/li>\n<li class=\"w4rN-\" dir=\"auto\">\n<p id=\"viewer-0ddhr269\" class=\"LThh9 tL1tz t3L08 qufKF\" dir=\"\"><span class=\"AAYkC\"><strong>Oltre 4.500 unit\u00e0<\/strong>\u00a0ancora oggi in funzione<\/span><\/p>\n<\/li>\n<li class=\"w4rN-\" dir=\"auto\">\n<p id=\"viewer-8mxss273\" class=\"LThh9 tL1tz t3L08 qufKF\" dir=\"\"><span class=\"AAYkC\"><strong>Fiducia da parte di aziende leader<\/strong><\/span><\/p>\n<\/li>\n<\/ul>\n<\/div>\n<div data-breakout=\"normal\">\n<div id=\"viewer-5sjny32790\" class=\"C-UfD\">\n<div class=\"rDaES\">\n<div class=\"e35S- au0qn\" data-hook=\"collapsible-list-component\">\n<div>\n<div class=\"V7Yu5 tJLLb\" data-hook=\"collapsible-list-item expanded\">\n<div class=\"Qd-Py\">\n<div class=\"UfDyV _1n3i3 FXHR4 FMcOw\" data-hook=\"collapsible-list-item-title\">\n<div>\n<p id=\"viewer-967sm32800\" class=\"LThh9 tL1tz qufKF\" dir=\"auto\"><span class=\"AAYkC\"><strong>Descrizione<\/strong><\/span><\/p>\n<\/div>\n<\/div>\n<div>\n<div class=\"UfDyV _1n3i3 FXHR4 FMcOw\" data-hook=\"collapsible-list-item-title\">\n<div>\n<p id=\"viewer-9xfvs14893\" class=\"LThh9 tL1tz qufKF\" dir=\"auto\"><span class=\"AAYkC\">Titan Duo Frozen Yoghurt consente di servire rapidamente deliziosi gelati Frozen Yoghurt. Questa macchina per Frozen Yogurt offre la massima capacit\u00e0 possibile. Di conseguenza, sarete in grado di soddisfare facilmente la domanda di questo popolare prodotto. I due cilindri possono essere attivati e disattivati indipendentemente l'uno dall'altro. Ci\u00f2 significa che \u00e8 possibile servire da un solo cilindro durante la bassa stagione.<\/span><\/p>\n<div class=\"UfDyV _1n3i3 FXHR4 FMcOw\" data-hook=\"collapsible-list-item-title\">\n<div>\n<p id=\"viewer-bxfxm15292\" class=\"LThh9 tL1tz qufKF\" dir=\"auto\"><span class=\"AAYkC\"><strong>Caratteristiche<\/strong><\/span><\/p>\n<\/div>\n<\/div>\n<div>\n<div class=\"UfDyV _1n3i3 FXHR4 FMcOw\" data-hook=\"collapsible-list-item-title\">\n<div>\n<ul class=\"Ior1H\">\n<li class=\"w4rN-\" dir=\"auto\">\n<p id=\"viewer-ip90g15002\" class=\"LThh9 tL1tz qufKF\" dir=\"\"><span class=\"AAYkC\">Sistema a gravit\u00e0<\/span><\/p>\n<\/li>\n<li class=\"w4rN-\" dir=\"auto\">\n<p id=\"viewer-otolf15004\" class=\"LThh9 tL1tz qufKF\" dir=\"\"><span class=\"AAYkC\">Touchscreen intuitivo<\/span><\/p>\n<\/li>\n<li class=\"w4rN-\" dir=\"auto\">\n<p id=\"viewer-4kc5q15006\" class=\"LThh9 tL1tz qufKF\" dir=\"\"><span class=\"AAYkC\">2 gusti di Frozen Yogurt e un gusto misto<\/span><\/p>\n<\/li>\n<li class=\"w4rN-\" dir=\"auto\">\n<p id=\"viewer-4ebzx15008\" class=\"LThh9 tL1tz qufKF\" dir=\"\"><span class=\"AAYkC\">Scomparto di congelamento a 3 camere<\/span><\/p>\n<\/li>\n<li class=\"w4rN-\" dir=\"auto\">\n<p id=\"viewer-5uiw015010\" class=\"LThh9 tL1tz qufKF\" dir=\"\"><span class=\"AAYkC\">Smontaggio e pulizia solo 1 volta ogni 6 settimane<\/span><\/p>\n<\/li>\n<li class=\"w4rN-\" dir=\"auto\">\n<p id=\"viewer-xmotp15012\" class=\"LThh9 tL1tz qufKF\" dir=\"\"><span class=\"AAYkC\">Pastorizzazione<\/span><\/p>\n<\/li>\n<li class=\"w4rN-\" dir=\"auto\">\n<p id=\"viewer-vc2vq15014\" class=\"LThh9 tL1tz qufKF\" dir=\"\"><span class=\"AAYkC\">Garanzia unica di 5 anni<\/span><\/p>\n<\/li>\n<\/ul>\n<p><span class=\"AAYkC\"><strong>Specifiche<\/strong><\/span><\/p>\n<table>\n<thead>\n<tr>\n<th>Specifiche<\/th>\n<th>Dettagli<\/th>\n<\/tr>\n<\/thead>\n<tbody>\n<tr>\n<td><strong>Capacit\u00e0<\/strong><\/td>\n<td>55 + 65 litri all'ora<\/td>\n<\/tr>\n<tr>\n<td><strong>Volume<\/strong><\/td>\n<td>2,5 + 3,4 litri a cilindri liberi<\/td>\n<\/tr>\n<tr>\n<td><strong>Pompa<\/strong><\/td>\n<td>n\/a<\/td>\n<\/tr>\n<tr>\n<td><strong>Raffreddato ad acqua<\/strong><\/td>\n<td>Ca. 90m\u00b3 di consumo di acqua di raffreddamento all'anno<\/td>\n<\/tr>\n<tr>\n<td><strong>Peso<\/strong><\/td>\n<td>290 kg<\/td>\n<\/tr>\n<tr>\n<td><strong>Dimensioni<\/strong><\/td>\n<td>H 150 \u00d7 L 65 \u00d7 P 90 cm<\/td>\n<\/tr>\n<tr>\n<td><strong>Connessione<\/strong><\/td>\n<td>400 Volt + 0 + A, 4,5 kWh<\/td>\n<\/tr>\n<\/tbody>\n<\/table>\n<div class=\"UfDyV _1n3i3 FXHR4 FMcOw\" data-hook=\"collapsible-list-item-title\">\n<div>\n<p id=\"viewer-eqks433049\" class=\"LThh9 tL1tz qufKF\" dir=\"auto\"><span class=\"AAYkC\"><strong>Opzioni extra<\/strong><\/span><\/p>\n<\/div>\n<\/div>\n<div>\n<div class=\"UfDyV _1n3i3 FXHR4 FMcOw\" data-hook=\"collapsible-list-item-title\">\n<div>\n<ul class=\"Ior1H\">\n<li class=\"w4rN-\" dir=\"auto\">\n<p id=\"viewer-w4iyi15970\" class=\"LThh9 tL1tz qufKF\" dir=\"\"><span class=\"AAYkC\">Sistema di riempimento a secco per miscele in polvere<\/span><\/p>\n<\/li>\n<li class=\"w4rN-\" dir=\"auto\">\n<p id=\"viewer-mpelz15972\" class=\"LThh9 tL1tz qufKF\" dir=\"\"><span class=\"AAYkC\">Filtro dell'acqua<\/span><\/p>\n<\/li>\n<li class=\"w4rN-\" dir=\"auto\">\n<p id=\"viewer-61kqf15974\" class=\"LThh9 tL1tz qufKF\" dir=\"\"><span class=\"AAYkC\">Ghiaccio Twister<\/span><\/p>\n<\/li>\n<li class=\"w4rN-\" dir=\"auto\">\n<p id=\"viewer-au25a15976\" class=\"LThh9 tL1tz qufKF\" dir=\"\"><span class=\"AAYkC\">Adesivi<\/span><\/p>\n<\/li>\n<li class=\"w4rN-\" dir=\"auto\">\n<p id=\"viewer-2a10715978\" class=\"LThh9 tL1tz qufKF\" dir=\"\"><span class=\"AAYkC\">Blocco dei pistoni invernali<\/span><\/p>\n<\/li>\n<li class=\"w4rN-\" dir=\"auto\">\n<p id=\"viewer-grev115980\" class=\"LThh9 tL1tz qufKF\" dir=\"\"><span class=\"AAYkC\">Pistone self-service<\/span><\/p>\n<\/li>\n<\/ul>\n<\/div>\n<\/div>\n<\/div>\n<\/div>\n<\/div>\n<\/div>\n<\/div>\n<\/div>\n<\/div>\n<\/div>\n<\/div>\n<\/div>\n<\/div>\n<\/div>\n<\/div>\n<\/div>","protected":false},"excerpt":{"rendered":"<p>The Titan Duo Frozen Yogurt machine stands as Nissei&#8217;s highest capacity model, engineered to meet the demands of high-traffic establishments. Its robust design ensures rapid production, making it ideal for busy ice cream parlors, amusement parks, and food courts. With the ability to serve two flavors simultaneously, it offers versatility and efficiency, ensuring a steady [&hellip;]<\/p>\n","protected":false},"featured_media":6944,"comment_status":"open","ping_status":"closed","template":"","meta":[],"product_brand":[],"product_cat":[36],"product_tag":[],"class_list":{"0":"post-6943","1":"product","2":"type-product","3":"status-publish","4":"has-post-thumbnail","6":"product_cat-frozen-yoghurt","8":"first","9":"instock","10":"shipping-taxable","11":"product-type-simple"},"_links":{"self":[{"href":"https:\/\/dersuessestopp.com\/it\/wp-json\/wp\/v2\/product\/6943","targetHints":{"allow":["GET"]}}],"collection":[{"href":"https:\/\/dersuessestopp.com\/it\/wp-json\/wp\/v2\/product"}],"about":[{"href":"https:\/\/dersuessestopp.com\/it\/wp-json\/wp\/v2\/types\/product"}],"replies":[{"embeddable":true,"href":"https:\/\/dersuessestopp.com\/it\/wp-json\/wp\/v2\/comments?post=6943"}],"version-history":[{"count":4,"href":"https:\/\/dersuessestopp.com\/it\/wp-json\/wp\/v2\/product\/6943\/revisions"}],"predecessor-version":[{"id":6949,"href":"https:\/\/dersuessestopp.com\/it\/wp-json\/wp\/v2\/product\/6943\/revisions\/6949"}],"wp:featuredmedia":[{"embeddable":true,"href":"https:\/\/dersuessestopp.com\/it\/wp-json\/wp\/v2\/media\/6944"}],"wp:attachment":[{"href":"https:\/\/dersuessestopp.com\/it\/wp-json\/wp\/v2\/media?parent=6943"}],"wp:term":[{"taxonomy":"product_brand","embeddable":true,"href":"https:\/\/dersuessestopp.com\/it\/wp-json\/wp\/v2\/product_brand?post=6943"},{"taxonomy":"product_cat","embeddable":true,"href":"https:\/\/dersuessestopp.com\/it\/wp-json\/wp\/v2\/product_cat?post=6943"},{"taxonomy":"product_tag","embeddable":true,"href":"https:\/\/dersuessestopp.com\/it\/wp-json\/wp\/v2\/product_tag?post=6943"}],"curies":[{"name":"wp","href":"https:\/\/api.w.org\/{rel}","templated":true}]}}