{"id":6926,"date":"2025-08-29T06:53:29","date_gmt":"2025-08-29T06:53:29","guid":{"rendered":"https:\/\/dersuessestopp.com\/?post_type=product&#038;p=6926"},"modified":"2025-09-24T20:00:15","modified_gmt":"2025-09-24T20:00:15","slug":"nissei-giant-combi-la-centrale-elettrica-per-eccellenza","status":"publish","type":"product","link":"https:\/\/dersuessestopp.com\/it\/product\/nissei-giant-combi-the-ultimate-powerhouse\/","title":{"rendered":"Nissei Giant Combi: La centrale elettrica definitiva"},"content":{"rendered":"<div data-breakout=\"normal\">\n<p id=\"viewer-14dx827976\" class=\"LThh9 tL1tz t3L08 qufKF\" dir=\"auto\"><span class=\"AAYkC\">Progettato per ambienti ad alta richiesta, il Giant Combi di Nissei offre una qualit\u00e0 ineguagliabile.<\/span><\/p>\n<\/div>\n<div data-breakout=\"normal\">\n<p id=\"viewer-57ddc480\" class=\"LThh9 tL1tz t3L08 qufKF\" dir=\"auto\"><span class=\"AAYkC\">prestazioni con una capacit\u00e0 di 75 litri all'ora. Il suo cilindro congelatore da 3,4 litri assicura una rapida<\/span><\/p>\n<\/div>\n<div data-breakout=\"normal\">\n<p id=\"viewer-xptjf482\" class=\"LThh9 tL1tz t3L08 qufKF\" dir=\"auto\"><span class=\"AAYkC\">che lo rende perfetto per le gelaterie, i parchi di divertimento e i punti di ristoro pi\u00f9 frequentati.<\/span><\/p>\n<\/div>\n<div data-breakout=\"normal\">\n<p id=\"viewer-al6cz484\" class=\"LThh9 tL1tz t3L08 qufKF\" dir=\"auto\"><span class=\"AAYkC\">La funzione di autopastorizzazione riduce la manutenzione a una volta ogni 6 settimane, mentre l'intuitiva funzione di<\/span><\/p>\n<\/div>\n<div data-breakout=\"normal\">\n<p id=\"viewer-rk0ro486\" class=\"LThh9 tL1tz t3L08 qufKF\" dir=\"auto\"><span class=\"AAYkC\">I comandi touchscreen migliorano l'esperienza dell'utente. Con la possibilit\u00e0 di servire un gusto soft serve<\/span><\/p>\n<\/div>\n<div data-breakout=\"normal\">\n<p id=\"viewer-jsrrj488\" class=\"LThh9 tL1tz t3L08 qufKF\" dir=\"auto\"><span class=\"AAYkC\">e quattro variet\u00e0 di frullati, offre la versatilit\u00e0 necessaria per soddisfare le diverse preferenze dei clienti.<\/span><\/p>\n<\/div>\n<div data-breakout=\"normal\">\n<h3 id=\"viewer-5wnel4422\" class=\"RsvCW _3Z2KS t3L08 qufKF\" dir=\"auto\"><span class=\"qnKJ9\"><strong>NISSEI - Fiducia nei professionisti alla ricerca della perfezione<\/strong><\/span><\/h3>\n<\/div>\n<div data-hook=\"rcv-block11\">Con oltre 35 anni di continue innovazioni, NISSEI NL \u00e8 all'avanguardia nella tecnologia del soft serve e del frozen yogurt. Le nostre macchine sono realizzate a mano con precisione e costruite per durare nel tempo, per garantire un funzionamento regolare ed efficiente della vostra attivit\u00e0.<\/div>\n<div data-breakout=\"normal\">\n<p id=\"viewer-pmx2c352\" class=\"LThh9 tL1tz t3L08 qufKF\" dir=\"auto\"><span class=\"AAYkC\"><strong>Con un curriculum impressionante negli ultimi 30 anni in Europa.<\/strong><\/span><\/p>\n<\/div>\n<div data-breakout=\"normal\">\n<ul class=\"Ior1H t3L08\">\n<li class=\"w4rN-\" dir=\"auto\">\n<p id=\"viewer-467rb2300\" class=\"LThh9 tL1tz t3L08 qufKF\" dir=\"\"><span class=\"AAYkC\"><strong>Oltre 7.000 macchine<\/strong>\u00a0lavorati con precisione e venduti in tutta Europa<\/span><\/p>\n<\/li>\n<li class=\"w4rN-\" dir=\"auto\">\n<p id=\"viewer-0ddhr269\" class=\"LThh9 tL1tz t3L08 qufKF\" dir=\"\"><span class=\"AAYkC\"><strong>Oltre 4.500 unit\u00e0<\/strong>\u00a0ancora oggi in funzione<\/span><\/p>\n<\/li>\n<li class=\"w4rN-\" dir=\"auto\">\n<p id=\"viewer-8mxss273\" class=\"LThh9 tL1tz t3L08 qufKF\" dir=\"\"><span class=\"AAYkC\"><strong>Fiducia da parte di aziende leader<\/strong> <\/span><\/p>\n<\/li>\n<\/ul>\n<div class=\"UfDyV _1n3i3 FXHR4 FMcOw\" data-hook=\"collapsible-list-item-title\">\n<div>\n<p id=\"viewer-4lydl3983\" class=\"LThh9 tL1tz qufKF\" dir=\"auto\"><span class=\"AAYkC\"><strong>Descrizione<\/strong><\/span><\/p>\n<\/div>\n<\/div>\n<div>\n<div class=\"UfDyV _1n3i3 FXHR4 FMcOw\" data-hook=\"collapsible-list-item-title\">\n<div>\n<p id=\"viewer-3bift2583\" class=\"LThh9 tL1tz qufKF\" dir=\"auto\"><span class=\"AAYkC\">Il Giant Combi \u00e8 una delle macchine NISSEI pi\u00f9 popolari nei Paesi Bassi. E, naturalmente, non \u00e8 una coincidenza. Questa macchina combinata offre un'elevata capacit\u00e0 anche se le sue dimensioni sono limitate. La Giant Combi \u00e8 efficiente dal punto di vista energetico ed \u00e8 adatta alla maggior parte delle aziende che desiderano vendere soft serve e frapp\u00e8. Grazie alla tecnologia RAPP, questa macchina \u00e8 in grado di offrire costantemente soft serve e frapp\u00e9 di alta qualit\u00e0. Inoltre, possiede un innovativo touchscreen.<\/span><\/p>\n<div class=\"UfDyV _1n3i3 FXHR4 FMcOw\" data-hook=\"collapsible-list-item-title\">\n<div>\n<p id=\"viewer-vfpnb4213\" class=\"LThh9 tL1tz qufKF\" dir=\"auto\"><span class=\"AAYkC\"><strong>Caratteristiche<\/strong><\/span><\/p>\n<\/div>\n<\/div>\n<div>\n<div class=\"UfDyV _1n3i3 FXHR4 FMcOw\" data-hook=\"collapsible-list-item-title\">\n<div>\n<ul class=\"Ior1H\">\n<li class=\"w4rN-\" dir=\"auto\">\n<p id=\"viewer-yyxca2835\" class=\"LThh9 tL1tz qufKF\" dir=\"\"><span class=\"AAYkC\">Tecnologia RAPP<\/span><\/p>\n<\/li>\n<li class=\"w4rN-\" dir=\"auto\">\n<p id=\"viewer-yox9w2882\" class=\"LThh9 tL1tz qufKF\" dir=\"\"><span class=\"AAYkC\">Touchscreen intuitivo<\/span><\/p>\n<\/li>\n<li class=\"w4rN-\" dir=\"auto\">\n<p id=\"viewer-ctwnv3330\" class=\"LThh9 tL1tz qufKF\" dir=\"\"><span class=\"AAYkC\">1 gusto di soft serve, 4 gusti di frullato<\/span><\/p>\n<\/li>\n<li class=\"w4rN-\" dir=\"auto\">\n<p id=\"viewer-07xep3380\" class=\"LThh9 tL1tz qufKF\" dir=\"\"><span class=\"AAYkC\">Scomparto di congelamento a 3 camere<\/span><\/p>\n<\/li>\n<li class=\"w4rN-\" dir=\"auto\">\n<p id=\"viewer-1mg1p3560\" class=\"LThh9 tL1tz qufKF\" dir=\"\"><span class=\"AAYkC\">Frullato autoporzionato (APM)<\/span><\/p>\n<\/li>\n<li class=\"w4rN-\" dir=\"auto\">\n<p id=\"viewer-2z4kn3747\" class=\"LThh9 tL1tz qufKF\" dir=\"\"><span class=\"AAYkC\">Smontare e pulire solo una volta ogni 6 settimane.<\/span><\/p>\n<\/li>\n<li class=\"w4rN-\" dir=\"auto\">\n<p id=\"viewer-saqnf3803\" class=\"LThh9 tL1tz qufKF\" dir=\"\"><span class=\"AAYkC\">Pastorizzazione<\/span><\/p>\n<\/li>\n<li class=\"w4rN-\" dir=\"auto\">\n<p id=\"viewer-kahy03861\" class=\"LThh9 tL1tz qufKF\" dir=\"\"><span class=\"AAYkC\">Controllo a pedale<\/span><\/p>\n<\/li>\n<li class=\"w4rN-\" dir=\"auto\">\n<p id=\"viewer-cn1g84069\" class=\"LThh9 tL1tz qufKF\" dir=\"\"><span class=\"AAYkC\">Garanzia unica di 5 anni<\/span><\/p>\n<\/li>\n<\/ul>\n<div class=\"UfDyV _1n3i3 FXHR4 FMcOw\" data-hook=\"collapsible-list-item-title\">\n<div>\n<p id=\"viewer-27blo5891\" class=\"LThh9 tL1tz qufKF\" dir=\"auto\"><span class=\"AAYkC\"><strong>Specifiche tecniche<\/strong><\/span><\/p>\n<\/div>\n<\/div>\n<div>\n<div class=\"UfDyV _1n3i3 FXHR4 FMcOw\" data-hook=\"collapsible-list-item-title\">\n<div>\n<table>\n<thead>\n<tr>\n<th>Specifiche<\/th>\n<th>Dettagli<\/th>\n<\/tr>\n<\/thead>\n<tbody>\n<tr>\n<td><strong>Capacit\u00e0<\/strong><\/td>\n<td>75 litri all'ora<\/td>\n<\/tr>\n<tr>\n<td><strong>Volume<\/strong><\/td>\n<td>Cilindro congelatore da 3,4 litri<\/td>\n<\/tr>\n<tr>\n<td><strong>Pompa<\/strong><\/td>\n<td>Tecnologia innovativa RAPP<\/td>\n<\/tr>\n<tr>\n<td><strong>Raffreddato ad acqua<\/strong><\/td>\n<td>Ca. 50m\u00b3 di consumo di acqua di raffreddamento all'anno<\/td>\n<\/tr>\n<tr>\n<td><strong>Peso<\/strong><\/td>\n<td>170 kg<\/td>\n<\/tr>\n<tr>\n<td><strong>Dimensioni<\/strong><\/td>\n<td>H 150 \u00d7 L 46 \u00d7 P 84 cm<\/td>\n<\/tr>\n<tr>\n<td><strong>Connessione<\/strong><\/td>\n<td>400 Volt + 0 + A, 3,5 kWh<\/td>\n<\/tr>\n<\/tbody>\n<\/table>\n<div class=\"UfDyV _1n3i3 FXHR4 FMcOw\" data-hook=\"collapsible-list-item-title\">\n<div>\n<p id=\"viewer-h1due9344\" class=\"LThh9 tL1tz qufKF\" dir=\"auto\"><span class=\"AAYkC\"><strong>Opzioni extra<\/strong><\/span><\/p>\n<\/div>\n<\/div>\n<div>\n<div class=\"UfDyV _1n3i3 FXHR4 FMcOw\" data-hook=\"collapsible-list-item-title\">\n<div>\n<ul class=\"Ior1H\">\n<li class=\"w4rN-\" dir=\"auto\">\n<p id=\"viewer-0vl8f6682\" class=\"LThh9 tL1tz qufKF\" dir=\"\"><span class=\"AAYkC\">Sistema di riempimento a secco per miscele in polvere<\/span><\/p>\n<\/li>\n<li class=\"w4rN-\" dir=\"auto\">\n<p id=\"viewer-4clpv7102\" class=\"LThh9 tL1tz qufKF\" dir=\"\"><span class=\"AAYkC\">Funzione Thickshake<\/span><\/p>\n<\/li>\n<li class=\"w4rN-\" dir=\"auto\">\n<p id=\"viewer-db90k7200\" class=\"LThh9 tL1tz qufKF\" dir=\"\"><span class=\"AAYkC\">Ghiaccio Twister<\/span><\/p>\n<\/li>\n<li class=\"w4rN-\" dir=\"auto\">\n<p id=\"viewer-xcv0p7300\" class=\"LThh9 tL1tz qufKF\" dir=\"\"><span class=\"AAYkC\">Filtro dell'acqua<\/span><\/p>\n<\/li>\n<\/ul>\n<\/div>\n<\/div>\n<\/div>\n<\/div>\n<\/div>\n<\/div>\n<\/div>\n<\/div>\n<\/div>\n<\/div>\n<\/div>\n<\/div>\n<\/div>","protected":false},"excerpt":{"rendered":"<p>Designed for high-demand environments, the Nissei Giant Combi delivers unparalleled performance with a capacity of 75 liters per hour. Its 3.4-liter freezer cylinder ensures rapid freezing, making it perfect for bustling ice cream shops, amusement parks, and food courts. The self-pasteurizing feature reduces maintenance to once every 6 weeks, and the intuitive touchscreen controls enhance [&hellip;]<\/p>\n","protected":false},"featured_media":6927,"comment_status":"open","ping_status":"closed","template":"","meta":[],"product_brand":[],"product_cat":[62],"product_tag":[],"class_list":{"0":"post-6926","1":"product","2":"type-product","3":"status-publish","4":"has-post-thumbnail","6":"product_cat-combi-ice-cream-milkshake","8":"first","9":"instock","10":"shipping-taxable","11":"product-type-simple"},"_links":{"self":[{"href":"https:\/\/dersuessestopp.com\/it\/wp-json\/wp\/v2\/product\/6926","targetHints":{"allow":["GET"]}}],"collection":[{"href":"https:\/\/dersuessestopp.com\/it\/wp-json\/wp\/v2\/product"}],"about":[{"href":"https:\/\/dersuessestopp.com\/it\/wp-json\/wp\/v2\/types\/product"}],"replies":[{"embeddable":true,"href":"https:\/\/dersuessestopp.com\/it\/wp-json\/wp\/v2\/comments?post=6926"}],"version-history":[{"count":1,"href":"https:\/\/dersuessestopp.com\/it\/wp-json\/wp\/v2\/product\/6926\/revisions"}],"predecessor-version":[{"id":6929,"href":"https:\/\/dersuessestopp.com\/it\/wp-json\/wp\/v2\/product\/6926\/revisions\/6929"}],"wp:featuredmedia":[{"embeddable":true,"href":"https:\/\/dersuessestopp.com\/it\/wp-json\/wp\/v2\/media\/6927"}],"wp:attachment":[{"href":"https:\/\/dersuessestopp.com\/it\/wp-json\/wp\/v2\/media?parent=6926"}],"wp:term":[{"taxonomy":"product_brand","embeddable":true,"href":"https:\/\/dersuessestopp.com\/it\/wp-json\/wp\/v2\/product_brand?post=6926"},{"taxonomy":"product_cat","embeddable":true,"href":"https:\/\/dersuessestopp.com\/it\/wp-json\/wp\/v2\/product_cat?post=6926"},{"taxonomy":"product_tag","embeddable":true,"href":"https:\/\/dersuessestopp.com\/it\/wp-json\/wp\/v2\/product_tag?post=6926"}],"curies":[{"name":"wp","href":"https:\/\/api.w.org\/{rel}","templated":true}]}}