{"id":6921,"date":"2025-08-29T06:37:43","date_gmt":"2025-08-29T06:37:43","guid":{"rendered":"https:\/\/dersuessestopp.com\/?post_type=product&#038;p=6921"},"modified":"2025-09-24T20:00:50","modified_gmt":"2025-09-24T20:00:50","slug":"nissei-titan-duo-combi-la-versatilita-al-suo-meglio","status":"publish","type":"product","link":"https:\/\/dersuessestopp.com\/it\/product\/nissei-titan-duo-combi-versatility-at-its-best\/","title":{"rendered":"Nissei Titan Duo Combi - La versatilit\u00e0 al suo meglio"},"content":{"rendered":"<div data-breakout=\"normal\">\n<p id=\"viewer-nam8a228\" class=\"LThh9 tL1tz t3L08 qufKF\" dir=\"auto\"><span class=\"AAYkC\">Il Nissei Titan Duo Combi si distingue per la doppia capacit\u00e0 di servizio soft e per i cinque gusti di frullato. Con una capacit\u00e0 di 75 e 55 litri all'ora per cilindro per il soft serve, \u00e8 ideale per locali come bar, gelaterie e catene di fast-food che vogliono offrire un'ampia gamma di opzioni. Il suo design compatto non compromette le prestazioni e il sistema di autopastorizzazione garantisce l'igiene con il minimo sforzo.<\/span><\/p>\n<\/div>\n<div data-breakout=\"normal\">\n<h3 id=\"viewer-5wnel4422\" class=\"RsvCW _3Z2KS t3L08 qufKF\" dir=\"auto\"><span class=\"qnKJ9\"><strong>NISSEI - Fiducia nei professionisti alla ricerca della perfezione<\/strong><\/span><\/h3>\n<\/div>\n<div data-breakout=\"normal\">\n<p id=\"viewer-big1i4951\" class=\"LThh9 tL1tz t3L08 qufKF\" dir=\"auto\"><span class=\"AAYkC\">Con oltre 35 anni di continue innovazioni, NISSEI NL \u00e8 all'avanguardia nella tecnologia del soft serve e del frozen yogurt. Le nostre macchine sono realizzate a mano con precisione e costruite per durare nel tempo, per garantire un funzionamento regolare ed efficiente della vostra attivit\u00e0.<\/span><\/p>\n<\/div>\n<div data-breakout=\"normal\">\n<p id=\"viewer-pmx2c352\" class=\"LThh9 tL1tz t3L08 qufKF\" dir=\"auto\"><span class=\"AAYkC\"><strong>Con un curriculum impressionante negli ultimi 30 anni in Europa.<\/strong><\/span><\/p>\n<\/div>\n<div data-breakout=\"normal\">\n<ul class=\"Ior1H t3L08\">\n<li class=\"w4rN-\" dir=\"auto\">\n<p id=\"viewer-hd7ob265\" class=\"LThh9 tL1tz t3L08 qufKF\" dir=\"\"><span class=\"AAYkC\"><strong>Oltre 7.000 macchine<\/strong>\u00a0lavorati con precisione e venduti in tutta Europa<\/span><\/p>\n<\/li>\n<li class=\"w4rN-\" dir=\"auto\">\n<p id=\"viewer-0ddhr269\" class=\"LThh9 tL1tz t3L08 qufKF\" dir=\"\"><span class=\"AAYkC\"><strong>Oltre 4.500 unit\u00e0<\/strong>\u00a0ancora oggi in funzione<\/span><\/p>\n<\/li>\n<li class=\"w4rN-\" dir=\"auto\">\n<p id=\"viewer-8mxss273\" class=\"LThh9 tL1tz t3L08 qufKF\" dir=\"\"><span class=\"AAYkC\"><strong>Fiducia da parte di aziende leader<\/strong><\/span><\/p>\n<\/li>\n<\/ul>\n<div class=\"UfDyV _1n3i3 FXHR4 FMcOw\" data-hook=\"collapsible-list-item-title\">\n<div>\n<p id=\"viewer-do3bs1086\" class=\"LThh9 tL1tz qufKF\" dir=\"auto\"><span class=\"AAYkC\"><strong>Descrizione<\/strong><\/span><\/p>\n<\/div>\n<\/div>\n<div>\n<div class=\"UfDyV _1n3i3 FXHR4 FMcOw\" data-hook=\"collapsible-list-item-title\">\n<div>\n<p id=\"viewer-2yyli9417\" class=\"LThh9 tL1tz qufKF\" dir=\"auto\"><span class=\"AAYkC\">Titan Duo Combi \u00e8 la pi\u00f9 versatile delle macchine NISSEI. Consente di preparare facilmente due gusti di soft serve, un gusto misto e cinque gusti di milkshake. Sorprendete i vostri ospiti con gusti unici adatti alla stagione. Grazie alla tecnologia RAPP, questa macchina \u00e8 in grado di offrire costantemente soft serve e frapp\u00e9 di alta qualit\u00e0. I due cilindri possono essere attivati e disattivati indipendentemente l'uno dall'altro. In questo modo \u00e8 possibile servire da un solo cilindro durante la bassa stagione.<\/span><\/p>\n<div class=\"UfDyV _1n3i3 FXHR4 FMcOw\" data-hook=\"collapsible-list-item-title\">\n<div>\n<p id=\"viewer-imzgd1311\" class=\"LThh9 tL1tz qufKF\" dir=\"auto\"><span class=\"AAYkC\"><strong>Caratteristiche<\/strong><\/span><\/p>\n<\/div>\n<\/div>\n<div>\n<div class=\"UfDyV _1n3i3 FXHR4 FMcOw\" data-hook=\"collapsible-list-item-title\">\n<div>\n<ul class=\"Ior1H\">\n<li class=\"w4rN-\" dir=\"auto\">\n<p id=\"viewer-x37di9497\" class=\"LThh9 tL1tz qufKF\" dir=\"\"><span class=\"AAYkC\">Tecnologia RAPP<\/span><\/p>\n<\/li>\n<li class=\"w4rN-\" dir=\"auto\">\n<p id=\"viewer-vlfyo9551\" class=\"LThh9 tL1tz qufKF\" dir=\"\"><span class=\"AAYkC\">Touchscreen intuitivo<\/span><\/p>\n<\/li>\n<li class=\"w4rN-\" dir=\"auto\">\n<p id=\"viewer-hr7o49589\" class=\"LThh9 tL1tz qufKF\" dir=\"\"><span class=\"AAYkC\">2 gusti di soft serve e un gusto misto<\/span><\/p>\n<\/li>\n<li class=\"w4rN-\" dir=\"auto\">\n<p id=\"viewer-yxuzo9629\" class=\"LThh9 tL1tz qufKF\" dir=\"\"><span class=\"AAYkC\">Frullato a 5 gusti<\/span><\/p>\n<\/li>\n<li class=\"w4rN-\" dir=\"auto\">\n<p id=\"viewer-6utru9671\" class=\"LThh9 tL1tz qufKF\" dir=\"\"><span class=\"AAYkC\">Frullato autoporzionato (APM)<\/span><\/p>\n<\/li>\n<li class=\"w4rN-\" dir=\"auto\">\n<p id=\"viewer-q8d4w9715\" class=\"LThh9 tL1tz qufKF\" dir=\"\"><span class=\"AAYkC\">Scomparto di congelamento a 3 camere<\/span><\/p>\n<\/li>\n<li class=\"w4rN-\" dir=\"auto\">\n<p id=\"viewer-fmvw29761\" class=\"LThh9 tL1tz qufKF\" dir=\"\"><span class=\"AAYkC\">Smontaggio e pulizia solo 1 volta ogni 6 settimane<\/span><\/p>\n<\/li>\n<li class=\"w4rN-\" dir=\"auto\">\n<p id=\"viewer-tle7t9809\" class=\"LThh9 tL1tz qufKF\" dir=\"\"><span class=\"AAYkC\">Pastorizzazione<\/span><\/p>\n<\/li>\n<li class=\"w4rN-\" dir=\"auto\">\n<p id=\"viewer-3xsaw9859\" class=\"LThh9 tL1tz qufKF\" dir=\"\"><span class=\"AAYkC\">Garanzia unica di 5 anni<\/span><\/p>\n<\/li>\n<\/ul>\n<p><span class=\"AAYkC\"><strong>Specifiche<\/strong><\/span><\/p>\n<table>\n<thead>\n<tr>\n<th>Specifiche<\/th>\n<th>Dettagli<\/th>\n<\/tr>\n<\/thead>\n<tbody>\n<tr>\n<td><strong>Capacit\u00e0<\/strong><\/td>\n<td>75 + 55 litri all'ora<\/td>\n<\/tr>\n<tr>\n<td><strong>Volume<\/strong><\/td>\n<td>2,5 + 3,4 litri a cilindri liberi<\/td>\n<\/tr>\n<tr>\n<td><strong>Pompa<\/strong><\/td>\n<td>Tecnologia innovativa RAPP<\/td>\n<\/tr>\n<tr>\n<td><strong>Raffreddato ad acqua<\/strong><\/td>\n<td>Ca. 90m\u00b3 di consumo di acqua di raffreddamento all'anno<\/td>\n<\/tr>\n<tr>\n<td><strong>Peso<\/strong><\/td>\n<td>290 kg<\/td>\n<\/tr>\n<tr>\n<td><strong>Dimensioni<\/strong><\/td>\n<td>H 150 \u00d7 L 65 \u00d7 P 90 cm<\/td>\n<\/tr>\n<tr>\n<td><strong>Connessione<\/strong><\/td>\n<td>400 Volt + 0 + A, 4,5 kWh<\/td>\n<\/tr>\n<\/tbody>\n<\/table>\n<div class=\"UfDyV _1n3i3 FXHR4 FMcOw\" data-hook=\"collapsible-list-item-title\">\n<div>\n<p id=\"viewer-6ib6s4235\" class=\"LThh9 tL1tz qufKF\" dir=\"auto\"><span class=\"AAYkC\"><strong>Opzioni extra<\/strong><\/span><\/p>\n<\/div>\n<\/div>\n<div>\n<div class=\"UfDyV _1n3i3 FXHR4 FMcOw\" data-hook=\"collapsible-list-item-title\">\n<div>\n<ul class=\"Ior1H\">\n<li class=\"w4rN-\" dir=\"auto\">\n<p id=\"viewer-1rbue12278\" class=\"LThh9 tL1tz qufKF\" dir=\"\"><span class=\"AAYkC\">Sistema di riempimento a secco per miscele in polvere<\/span><\/p>\n<\/li>\n<li class=\"w4rN-\" dir=\"auto\">\n<p id=\"viewer-p9xxm12364\" class=\"LThh9 tL1tz qufKF\" dir=\"\"><span class=\"AAYkC\">Funzione Thickshake<\/span><\/p>\n<\/li>\n<li class=\"w4rN-\" dir=\"auto\">\n<p id=\"viewer-1dq5412452\" class=\"LThh9 tL1tz qufKF\" dir=\"\"><span class=\"AAYkC\">Ghiaccio Twister<\/span><\/p>\n<\/li>\n<li class=\"w4rN-\" dir=\"auto\">\n<p id=\"viewer-sb8d212542\" class=\"LThh9 tL1tz qufKF\" dir=\"\"><span class=\"AAYkC\">Filtro dell'acqua<\/span><\/p>\n<\/li>\n<li class=\"w4rN-\" dir=\"auto\">\n<p id=\"viewer-4lbuv13181\" class=\"LThh9 tL1tz qufKF\" dir=\"\"><span class=\"AAYkC\">Blocco dei pistoni invernali<\/span><\/p>\n<\/li>\n<\/ul>\n<\/div>\n<\/div>\n<\/div>\n<\/div>\n<\/div>\n<\/div>\n<\/div>\n<\/div>\n<\/div>\n<\/div>","protected":false},"excerpt":{"rendered":"<p>The Nissei Titan Duo Combi stands out with its dual soft serve capabilities and five milkshake flavors. Operating at a capacity of 75 and 55 liters per hour per zylinder for soft serve, it&#8217;s ideal for establishments like cafes, ice cream parlors, and fast-food chains that aim to offer a wide range of options. Its [&hellip;]<\/p>\n","protected":false},"featured_media":6922,"comment_status":"open","ping_status":"closed","template":"","meta":[],"product_brand":[],"product_cat":[62],"product_tag":[],"class_list":{"0":"post-6921","1":"product","2":"type-product","3":"status-publish","4":"has-post-thumbnail","6":"product_cat-combi-ice-cream-milkshake","8":"first","9":"instock","10":"shipping-taxable","11":"product-type-simple"},"_links":{"self":[{"href":"https:\/\/dersuessestopp.com\/it\/wp-json\/wp\/v2\/product\/6921","targetHints":{"allow":["GET"]}}],"collection":[{"href":"https:\/\/dersuessestopp.com\/it\/wp-json\/wp\/v2\/product"}],"about":[{"href":"https:\/\/dersuessestopp.com\/it\/wp-json\/wp\/v2\/types\/product"}],"replies":[{"embeddable":true,"href":"https:\/\/dersuessestopp.com\/it\/wp-json\/wp\/v2\/comments?post=6921"}],"version-history":[{"count":2,"href":"https:\/\/dersuessestopp.com\/it\/wp-json\/wp\/v2\/product\/6921\/revisions"}],"predecessor-version":[{"id":6925,"href":"https:\/\/dersuessestopp.com\/it\/wp-json\/wp\/v2\/product\/6921\/revisions\/6925"}],"wp:featuredmedia":[{"embeddable":true,"href":"https:\/\/dersuessestopp.com\/it\/wp-json\/wp\/v2\/media\/6922"}],"wp:attachment":[{"href":"https:\/\/dersuessestopp.com\/it\/wp-json\/wp\/v2\/media?parent=6921"}],"wp:term":[{"taxonomy":"product_brand","embeddable":true,"href":"https:\/\/dersuessestopp.com\/it\/wp-json\/wp\/v2\/product_brand?post=6921"},{"taxonomy":"product_cat","embeddable":true,"href":"https:\/\/dersuessestopp.com\/it\/wp-json\/wp\/v2\/product_cat?post=6921"},{"taxonomy":"product_tag","embeddable":true,"href":"https:\/\/dersuessestopp.com\/it\/wp-json\/wp\/v2\/product_tag?post=6921"}],"curies":[{"name":"wp","href":"https:\/\/api.w.org\/{rel}","templated":true}]}}